{"id":2239,"date":"2024-02-15T13:13:12","date_gmt":"2024-02-15T13:13:12","guid":{"rendered":"https:\/\/planecashback.com\/vertrag\/"},"modified":"2024-09-17T13:11:06","modified_gmt":"2024-09-17T13:11:06","slug":"vertrag","status":"publish","type":"page","link":"https:\/\/planecashback.com\/de\/vertrag\/","title":{"rendered":"Vertrag"},"content":{"rendered":"\t\t<div data-elementor-type=\"wp-page\" data-elementor-id=\"2239\" class=\"elementor elementor-2239 elementor-1705\">\n\t\t\t\t<div class=\"elementor-element elementor-element-7d1bfd2 e-flex e-con-boxed e-con e-parent\" data-id=\"7d1bfd2\" data-element_type=\"container\" data-e-type=\"container\" data-settings=\"{&quot;background_background&quot;:&quot;classic&quot;}\">\n\t\t\t\t\t<div class=\"e-con-inner\">\n\t\t<div class=\"elementor-element elementor-element-4b324f19 e-con-full e-flex e-con e-child\" data-id=\"4b324f19\" data-element_type=\"container\" data-e-type=\"container\">\n\t\t\t\t<div class=\"elementor-element elementor-element-c4c1f1e elementor-widget elementor-widget-heading\" data-id=\"c4c1f1e\" data-element_type=\"widget\" data-e-type=\"widget\" data-widget_type=\"heading.default\">\n\t\t\t\t<div class=\"elementor-widget-container\">\n\t\t\t\t\t<h2 class=\"elementor-heading-title elementor-size-default\">Vertretungsvertrag<\/h2>\t\t\t\t<\/div>\n\t\t\t\t<\/div>\n\t\t\t\t<\/div>\n\t\t\t\t\t<\/div>\n\t\t\t\t<\/div>\n\t\t<div class=\"elementor-element elementor-element-2d3a99d9 e-flex e-con-boxed e-con e-parent\" data-id=\"2d3a99d9\" data-element_type=\"container\" data-e-type=\"container\">\n\t\t\t\t\t<div class=\"e-con-inner\">\n\t\t<div class=\"elementor-element elementor-element-27c1a978 e-con-full e-flex e-con e-child\" data-id=\"27c1a978\" data-element_type=\"container\" data-e-type=\"container\">\n\t\t\t\t<div class=\"elementor-element elementor-element-14d4ee0f elementor-widget elementor-widget-text-editor\" data-id=\"14d4ee0f\" data-element_type=\"widget\" data-e-type=\"widget\" data-widget_type=\"text-editor.default\">\n\t\t\t\t<div class=\"elementor-widget-container\">\n\t\t\t\t\t\t\t\t\t<p>Das nach rum\u00e4nischem Recht gegr\u00fcndete und nach rum\u00e4nischem Recht t\u00e4tige Unternehmen WEBSOLL E-COMMERCE SRL ist im Handelsregister neben dem Gericht von Mures unter der Nummer eingetragen eingetragen. J26\/1939\/2017, mit der Steuernummer RO 38432804 und eingetragenem Sitz in Targu Mures, als gesetzlicher Vertreter &#8211; im Folgenden &#8220;PLANE CASHBACK&#8221; genannt.<\/p>\n<p>Vor- und Nachname, nat\u00fcrliche Person mit Wohnsitz in Rum\u00e4nien als Vertreter \u2013 im Folgenden \u201evertretener Kunde\u201c genannt. Der Unterzeichnete,<\/p>\n<p>Der vertretene Kunde erkl\u00e4rt, dass ihm aufgrund der Versp\u00e4tung\/Annullierung des Fluges ein Anspruch gegen die Fluggesellschaft zusteht. Hiermit stelle ich diesen Antrag (im Folgenden &#8220;Antrag&#8221; genannt) und diesen Mandats-\/Vertretungsvertrag zugunsten von PLANE CASHBACK.<br \/>\nMit diesem Vertrag erkl\u00e4re ich, der Unterzeichnende, der Vertretene Kunde, Inhaber einer kraft Gesetzes erworbenen Forderung aufgrund der Versp\u00e4tung\/Stornierung des Fluges, dass ich PLANE CASHBACK erm\u00e4chtige: <\/p>\n<ul>\n<li>um mich vor allen Beh\u00f6rden und juristischen Personen zu vertreten (zum Beispiel, aber nicht beschr\u00e4nkt auf Luftfahrtunternehmen und Transportunternehmen); und ich beauftrage auch WEBSOLL E-COMMERCE SRL. alle Verfahren (einschlie\u00dflich, aber nicht beschr\u00e4nkt auf vorl\u00e4ufige Verfahren) in meinem Namen und\/oder in meinem Auftrag durchzuf\u00fchren, um mein Anspruchsrecht gegen\u00fcber einer Person nach dem Gesetz zu erlangen (einfordern) (z. B., aber nicht beschr\u00e4nkt auf: Gem\u00e4\u00df (gem\u00e4\u00df CE-Verordnung 261\/2004, US DOT (Department of Transportation) Flight Rights, Passenger Shy Regulation und Montreal Convention 1999) im Zusammenhang mit dem Flug.<\/li>\n<\/ul>\n<p><strong>ART. 1 Datenverarbeitung.<\/strong>  Ich, der Unterzeichnende, der Vertretene Kunde, erkl\u00e4re hiermit, dass ich Plane CashBack erm\u00e4chtige, von der Fluggesellschaft oder einer anderen an diesem Verfahren beteiligten Person zu verlangen, meine personenbezogenen Daten im Zusammenhang mit der Forderung gem\u00e4\u00df den geltenden Datenschutzgesetzen nicht zu verarbeiten, es sei denn, dies ist f\u00fcr die Erlangung der Entsch\u00e4digung erforderlich, und zwar unter den Bedingungen und f\u00fcr den Zeitraum, die gesetzlich vorgeschrieben sind.<\/p>\n<p><strong>ART. 2 Verweigerung des Kontakts mit dem Luftfahrtunternehmen.<\/strong>  Ich, der Unterzeichnende, der Vertretene Kunde, erkl\u00e4re hiermit, dass ich ab dem Datum der Einreichung des Anspruchs auf der Website www.planecashback.com und der Best\u00e4tigung durch Annahme dieser Vereinbarung durch Unterzeichnung des Online-Vertretungs-\/Erm\u00e4chtigungsformulars und bis zur Beendigung dieser Vereinbarung keinen direkten\/indirekten Kontakt mit dem Luftfahrtunternehmen in Bezug auf den Flug aufnehmen und\/oder akzeptieren werde und PLANE CASHBACK innerhalb von 48 Stunden nach dem Versuch der Kontaktaufnahme mit dem Luftfahrtunternehmen davon in Kenntnis setzen werde.<\/p>\n<p><strong>ART. 3 Ausschlie\u00dfliche Vertretung.<\/strong>  Ich, der Unterzeichner, der Vertretene Kunde, erkl\u00e4re, dass ich keine andere Person beauftragen werde, die nach dem Fluggesetz geschuldete Entsch\u00e4digung zu erhalten, bevor ich PLANE CASHBACK davon in Kenntnis gesetzt habe. contact@planecashback.com www.planecashback.com\/de<\/p>\n<p><strong>ART. 4 Sie schulden PLANE CASHBACK die Provision (Preis), wenn Sie eine Entsch\u00e4digung f\u00fcr den Flug erhalten.<\/strong><\/p>\n<ol>\n<li>Ich, der Unterzeichnende, der Vertretene Kunde, erkl\u00e4re, dass mir bewusst ist, dass ich, wenn ich nach dem Datum der Anspruchseinreichung auf www.planecashback.com einreichen und die Annahme dieser Vereinbarung durch Unterzeichnung des Online-Vertretungs-\/Bevollm\u00e4chtigungsformulars best\u00e4tigen, die nach dem FLIGHT-Gesetz geschuldete Entsch\u00e4digung \u00fcber PLANE CASHBACK oder auf andere Weise erhalte (z. B. durch Beauftragung einer anderen Person, die mich vertritt, durch Annahme des Angebots direkt von der Fluggesellschaft oder durch direkte Kontaktaufnahme und Abrechnung mit der Fluggesellschaft), dass ich PLANE CASHBACK die volle Provision schulde, die hier festgelegt ist.<br \/>\nMit anderen Worten: Ich erkl\u00e4re mich damit einverstanden, dass ich PLANE CASHBACK die f\u00e4llige Provision schulde, unabh\u00e4ngig von der Art und Weise, in der ich meine Forderung in Bezug auf den Flug erf\u00fcllt habe. <\/li>\n<\/ol>\n<ol start=\"2\">\n<li>Ich, der Unterzeichnende, der Vertretene Kunde, erkl\u00e4re, dass ich Plane CashBack die entsprechende Provision schulde, wenn ich den Geldbetrag als Entsch\u00e4digung f\u00fcr den Flug direkt von der Fluggesellschaft oder von einer anderen Partei einziehe, und dass ich verpflichtet bin, PLANE CASHBACK innerhalb von 30 Tagen \u00fcber eine solche Einziehung zu informieren und die Provision innerhalb von 30 Tagen an PLANE CASHBACK zu \u00fcberweisen.<br \/>\nMir ist bekannt und ich erkl\u00e4re mich damit einverstanden, dass PLANE CASHBACK alle rechtlichen Schritte einleiten kann, um die Provision gem\u00e4\u00df den Bestimmungen dieser Vereinbarung sowie gegebenenfalls Zinsen, Strafen und Anwaltskosten einzufordern. <\/li>\n<\/ol>\n<ol start=\"3\">\n<li>Beispielhaft, aber nicht beschr\u00e4nkt auf dieses Beispiel, gem\u00e4\u00df den oben genannten Bestimmungen in Abs. 1) und Abs. 2), verstehe ich, der Unterzeichnende, der Vertretene Kunde, dass ich, wenn ich nach dem Datum der Einreichung des Antrags auf der Website www.planecashback.com und der Best\u00e4tigung der Annahme dieses Vertrags durch Unterzeichnung des Online-Vertretungs-\/Erm\u00e4chtigungsformulars die f\u00fcr den Flug f\u00e4llige Entsch\u00e4digung entweder direkt von der Fluggesellschaft (z.B.RyanAir, AirBucharest) oder auf eine andere Art und Weise erhalte, schulde ich PLANE CASHBACK die gem\u00e4\u00df der Preistabelle in diesem Vertrag festgelegte Provision.<\/li>\n<\/ol>\n<p><strong>ART. 5 Vertretungs- und Vertretungsrecht.<\/strong>  Ich, der Unterzeichnende, der Vertretene Kunde, erkl\u00e4re, dass ich PLANE CASHBACK das uneingeschr\u00e4nkte Recht zur Substitution einr\u00e4ume, unter anderem, aber nicht ausschlie\u00dflich, f\u00fcr:<\/p>\n<ul>\n<li>den Unterzeichner, den vertretenen Kunden, gegen\u00fcber Dritten in Bezug auf die Entsch\u00e4digungen im Zusammenhang mit dem Flug rechtlich zu vertreten;<\/li>\n<li>Im Namen des Kunden alle erforderlichen Informationen einholen, Informationsanfragen zu zivil- oder verwaltungsrechtlichen Ma\u00dfnahmen einleiten und Beschwerden bei den jeweiligen Gerichten oder Verwaltungsbeh\u00f6rden einreichen, die f\u00fcr die Umsetzung der Verordnung \u00fcber die Rechte von Flugg\u00e4sten zust\u00e4ndig sind ;<\/li>\n<\/ul>\n<ul>\n<li>initiiert, leitet und unternimmt jede Art von Verhandlung sowie rechtliche Ma\u00dfnahmen \u2013 gerichtlich und au\u00dfergerichtlich \u2013, um die Forderungen des vertretenen Kunden beim Transportunternehmen einzutreiben;<\/li>\n<li>fordert den Transportunternehmer auf, die personenbezogenen Daten des Unterzeichners nicht zu verarbeiten, es sei denn, dies ist zum Zweck der Erlangung einer Entsch\u00e4digung erforderlich, und zwar unter den gesetzlich vorgesehenen Bedingungen und f\u00fcr den gesetzlich vorgesehenen Zeitraum;<\/li>\n<li>Zahlungen im Zusammenhang mit der Forderung im Namen des Kunden einziehen und entgegennehmen.<\/li>\n<\/ul>\n<p><strong>ART. 6 Vom Luftfahrtunternehmen einbehaltene Geb\u00fchren und Steuern.<\/strong> Der Unterzeichner, der vertretene Kunde, erkl\u00e4rt, dass ich verstehe, dass bestimmte Fluggesellschaften bei der Gutschrift der f\u00e4lligen Entsch\u00e4digung bestimmte Steuern und\/oder Steuern einbehalten k\u00f6nnen (z. B., aber nicht beschr\u00e4nkt auf: Steuern, Steuern, Bearbeitungsgeb\u00fchren usw.).<\/p>\n<p>Beispielsweise, aber nicht beschr\u00e4nkt auf dieses Beispiel, nimmt der unterzeichnende, vertretene Kunde zur Kenntnis, dass f\u00fcr jede Entsch\u00e4digung, die vom Fluglinienbetreiber WIZZ AIR \u00fcber eines seiner verbundenen Unternehmen abgewickelt wird, eine feste Geb\u00fchr von 50 EUR vom Entsch\u00e4digungsbetrag einbehalten wird Quelle, in \u00dcbereinstimmung mit den in ihrem Vertrag festgelegten Bedingungen und in \u00dcbereinstimmung mit den Bestimmungen der Kunst. 6:200 des ungarischen B\u00fcrgerlichen Gesetzbuches. Ich nehme zur Kenntnis, dass PLANE CASHBACK dem Unterzeichner den tats\u00e4chlich von der Fluggesellschaft eingezogenen Betrag abz\u00fcglich des Preises (Provision) wie unten angegeben gutschreibt.<\/p>\n<p><strong>ART. 7<\/strong> <strong>Vertragspreis (\u201ePreis\u201c)<\/strong> Der Unterzeichner, der vertretene Kunde, erkl\u00e4rt, dass ich die folgende Preistabelle dieses Vertrags verstanden und akzeptiert habe:<\/p>\n<p><img fetchpriority=\"high\" decoding=\"async\" class=\"wp-image-1798 size-full aligncenter\" src=\"https:\/\/planecashback.com\/wp-content\/uploads\/2024\/02\/Add-a-little-bit-of-body-text-1.png\" alt=\"\" width=\"600\" height=\"280\" srcset=\"https:\/\/planecashback.com\/wp-content\/uploads\/2024\/02\/Add-a-little-bit-of-body-text-1.png 600w, https:\/\/planecashback.com\/wp-content\/uploads\/2024\/02\/Add-a-little-bit-of-body-text-1-300x140.png 300w\" sizes=\"(max-width: 600px) 100vw, 600px\" \/><\/p>\n<p><strong>ART. 8<\/strong> <strong>Bedingungen und Fristen f\u00fcr die Auszahlung der Entsch\u00e4digung.<\/strong> Der Unterzeichner, PLANE CASHBACK, nimmt das Folgende zur Kenntnis, und der Unterzeichner, der Vertretene Kunde, erkl\u00e4rt, dass er das Folgende versteht und damit einverstanden ist:<\/p>\n<ul>\n<li>Sp\u00e4testens 60 Tage nach Erhalt der Entsch\u00e4digung an den Vertretenen Kunden f\u00fcr den Flug werden wir den Vertretenen Kunden benachrichtigen, um ihm die Bankverbindung f\u00fcr die \u00dcberweisung zukommen zu lassen.<\/li>\n<li>Der in Abs. 1 erw\u00e4hnter Begriff. 1 beginnt ab dem Zeitpunkt zu laufen, an dem der Unterzeichner, PLANE CASHBACK, wei\u00df, dass der von der Fluggesellschaft erhaltene Betrag die dem Vertretenen Kunden zustehende Entsch\u00e4digung f\u00fcr den Flug ist.<br \/>\nWenn also die Fluggesellschaft bei der \u00dcberweisung keine Angaben zu den Belegen f\u00fcr die Zahlung macht, setzt sich die unterzeichnende PLANE CASHBACK innerhalb von 5 Tagen nach Erhalt der Zahlung mit der Fluggesellschaft in Verbindung, um eine Kl\u00e4rung herbeizuf\u00fchren. <\/li>\n<li>Sp\u00e4testens 30 Tage nach dem Zeitpunkt, an dem der Vertretene Kunde dem Unterzeichner die vollst\u00e4ndige und korrekte Bankverbindung (Name, IBAN usw.) mitgeteilt hat, \u00fcberweist PLANE CASHBACK dem Vertretenen Kunden die Entsch\u00e4digung aus der Flugforderung, wobei der Preis einbehalten wird. Der vertretene Kunde darf die Bankdaten einer anderen Person nicht weitergeben, da der Abonnent aufgrund der Geldw\u00e4schegesetzgebung nicht in der Lage ist, diese Zahlung zu leisten. Der Unterzeichner wird den vertretenen Kunden innerhalb von 30 Tagen nach der \u00dcbermittlung falscher Bankdaten (unvollst\u00e4ndige\/falsche IBAN usw.) benachrichtigen.<\/li>\n<\/ul>\n<ul>\n<li>Die oben genannte Zahlung wird in RON geleistet.<br \/>\nWenn der Unterzeichner also die Entsch\u00e4digung in EUR erhalten hat, wird er die Zahlung an den Passagier in RON vornehmen.  Wenn der Passagier erkl\u00e4rt, dass er kein Bankkonto in der entsprechenden W\u00e4hrung hat, f\u00fchrt der Abonnent die Bank\u00fcberweisung an den vertretenen Kunden in der von ihm angegebenen W\u00e4hrung zum B.N.R.-Kurs durch. an diesem Tag (oder am Vortag bei Zahlungen, die vor der Mitteilung des Wechselkurses durch die B.N.R. erfolgen) festgelegt wurde.<\/li>\n<li>Wenn PLANE CASHBACK vom Vertretenen Kunden nicht innerhalb von 3 Monaten nach der Benachrichtigung des Fluggastes \u00fcber die Aufforderung zur \u00dcbermittlung der Bankdaten f\u00fcr die \u00dcberweisung (die in Art. 8.1. genannte Benachrichtigung) die korrekten und vollst\u00e4ndigen Bankdaten erh\u00e4lt, haftet PLANE CASHBACK nicht f\u00fcr die Nichterf\u00fcllung der in Art. 8.1. genannten Verpflichtungen durch den Vertretenen Kunden.<br \/>\noben genannten Verpflichtungen und\/oder die versp\u00e4tete \u00dcbermittlung der Daten, und der Betrag der gesamten Entsch\u00e4digung (erhaltene Entsch\u00e4digung) wird von PLANE CASHBACK am Ende der 3-Monats-Frist einbehalten. <\/li>\n<li>Zur Klarstellung und um Unklarheiten zu vermeiden, wird darauf hingewiesen, dass PLANE CASHBACK den Vertretenen Kunden gem\u00e4\u00df Artikel 8.1 auffordern wird, seine Bankverbindung mitzuteilen, um die \u00dcberweisung der erhaltenen Entsch\u00e4digung in seinem Namen vornehmen zu k\u00f6nnen.<br \/>\nDer Kunde nimmt zur Kenntnis und erkl\u00e4rt sich damit einverstanden, dass PLANE CASHBACK die gesamte Entsch\u00e4digung (erhaltene Entsch\u00e4digung) einbeh\u00e4lt, wenn er PLANE CASHBACK nicht innerhalb von 3 Monaten nach Erhalt der genannten Mitteilung (Aufforderung) seine korrekte und vollst\u00e4ndige Bankverbindung \u00fcbermittelt.  Damit ist der Gegenstand des Vertretungsvertrages erf\u00fcllt und erlischt.<\/li>\n<\/ul>\n<p><strong>ART. 9 Der Preis wird nicht an PLANE CASHBACK gezahlt, wenn der Vertretene Kunde die Entsch\u00e4digung nicht erh\u00e4lt.<\/strong><\/p>\n<p>Ich, der Unterzeichnende, der Vertretene Kunde, erkl\u00e4re, dass PLANE CASHBACK mich davon in Kenntnis gesetzt hat, dass ich PLANE CASHBACK den Preis und alle anderen Betr\u00e4ge nicht schulde, falls PLANE CASHBACK keine Entsch\u00e4digung f\u00fcr den Unterzeichnenden erwirken kann (z. B. weil der Anspruch nicht berechtigt ist, weil die Fluggesellschaft eine au\u00dfergerichtliche Einigung ablehnt usw.).<\/p>\n\t\t\t\t\t\t\t\t<\/div>\n\t\t\t\t<\/div>\n\t\t\t\t<\/div>\n\t\t\t\t\t<\/div>\n\t\t\t\t<\/div>\n\t\t\t\t<\/div>\n\t\t","protected":false},"excerpt":{"rendered":"<p>Vertretungsvertrag Das nach rum\u00e4nischem Recht gegr\u00fcndete und nach rum\u00e4nischem Recht t\u00e4tige Unternehmen WEBSOLL E-COMMERCE SRL ist im Handelsregister neben dem Gericht von Mures unter der Nummer eingetragen eingetragen. J26\/1939\/2017, mit der Steuernummer RO 38432804 und eingetragenem Sitz in Targu Mures, als gesetzlicher Vertreter &#8211; im Folgenden &#8220;PLANE CASHBACK&#8221; genannt. Vor- und Nachname, nat\u00fcrliche Person mit [&hellip;]<\/p>\n","protected":false},"author":1,"featured_media":0,"parent":0,"menu_order":0,"comment_status":"closed","ping_status":"closed","template":"","meta":{"om_disable_all_campaigns":false,"site-sidebar-layout":"no-sidebar","site-content-layout":"page-builder","ast-site-content-layout":"full-width-container","site-content-style":"default","site-sidebar-style":"default","ast-global-header-display":"","ast-banner-title-visibility":"","ast-main-header-display":"","ast-hfb-above-header-display":"","ast-hfb-below-header-display":"","ast-hfb-mobile-header-display":"","site-post-title":"disabled","ast-breadcrumbs-content":"","ast-featured-img":"disabled","footer-sml-layout":"","ast-disable-related-posts":"","theme-transparent-header-meta":"","adv-header-id-meta":"","stick-header-meta":"","header-above-stick-meta":"","header-main-stick-meta":"","header-below-stick-meta":"","astra-migrate-meta-layouts":"default","ast-page-background-enabled":"default","ast-page-background-meta":{"desktop":{"background-color":"var(--ast-global-color-4)","background-image":"","background-repeat":"repeat","background-position":"center center","background-size":"auto","background-attachment":"scroll","background-type":"","background-media":"","overlay-type":"","overlay-color":"","overlay-opacity":"","overlay-gradient":""},"tablet":{"background-color":"","background-image":"","background-repeat":"repeat","background-position":"center center","background-size":"auto","background-attachment":"scroll","background-type":"","background-media":"","overlay-type":"","overlay-color":"","overlay-opacity":"","overlay-gradient":""},"mobile":{"background-color":"","background-image":"","background-repeat":"repeat","background-position":"center center","background-size":"auto","background-attachment":"scroll","background-type":"","background-media":"","overlay-type":"","overlay-color":"","overlay-opacity":"","overlay-gradient":""}},"ast-content-background-meta":{"desktop":{"background-color":"var(--ast-global-color-5)","background-image":"","background-repeat":"repeat","background-position":"center center","background-size":"auto","background-attachment":"scroll","background-type":"","background-media":"","overlay-type":"","overlay-color":"","overlay-opacity":"","overlay-gradient":""},"tablet":{"background-color":"var(--ast-global-color-5)","background-image":"","background-repeat":"repeat","background-position":"center center","background-size":"auto","background-attachment":"scroll","background-type":"","background-media":"","overlay-type":"","overlay-color":"","overlay-opacity":"","overlay-gradient":""},"mobile":{"background-color":"var(--ast-global-color-5)","background-image":"","background-repeat":"repeat","background-position":"center center","background-size":"auto","background-attachment":"scroll","background-type":"","background-media":"","overlay-type":"","overlay-color":"","overlay-opacity":"","overlay-gradient":""}},"footnotes":""},"class_list":["post-2239","page","type-page","status-publish","hentry"],"aioseo_notices":[],"_links":{"self":[{"href":"https:\/\/planecashback.com\/de\/wp-json\/wp\/v2\/pages\/2239","targetHints":{"allow":["GET"]}}],"collection":[{"href":"https:\/\/planecashback.com\/de\/wp-json\/wp\/v2\/pages"}],"about":[{"href":"https:\/\/planecashback.com\/de\/wp-json\/wp\/v2\/types\/page"}],"author":[{"embeddable":true,"href":"https:\/\/planecashback.com\/de\/wp-json\/wp\/v2\/users\/1"}],"replies":[{"embeddable":true,"href":"https:\/\/planecashback.com\/de\/wp-json\/wp\/v2\/comments?post=2239"}],"version-history":[{"count":10,"href":"https:\/\/planecashback.com\/de\/wp-json\/wp\/v2\/pages\/2239\/revisions"}],"predecessor-version":[{"id":3346,"href":"https:\/\/planecashback.com\/de\/wp-json\/wp\/v2\/pages\/2239\/revisions\/3346"}],"wp:attachment":[{"href":"https:\/\/planecashback.com\/de\/wp-json\/wp\/v2\/media?parent=2239"}],"curies":[{"name":"wp","href":"https:\/\/api.w.org\/{rel}","templated":true}]}}