{"id":2241,"date":"2024-02-15T09:42:45","date_gmt":"2024-02-15T06:42:45","guid":{"rendered":"https:\/\/planecashback.com\/datenschutz\/"},"modified":"2024-07-04T10:02:46","modified_gmt":"2024-07-04T10:02:46","slug":"datenschutz","status":"publish","type":"page","link":"https:\/\/planecashback.com\/de\/datenschutz\/","title":{"rendered":"Datenschutz"},"content":{"rendered":"\t\t<div data-elementor-type=\"wp-page\" data-elementor-id=\"2241\" class=\"elementor elementor-2241 elementor-1654\">\n\t\t\t\t<div class=\"elementor-element elementor-element-3ccd1852 e-flex e-con-boxed e-con e-parent\" data-id=\"3ccd1852\" data-element_type=\"container\" data-e-type=\"container\" data-settings=\"{&quot;background_background&quot;:&quot;classic&quot;}\">\n\t\t\t\t\t<div class=\"e-con-inner\">\n\t\t<div class=\"elementor-element elementor-element-26100c71 e-con-full e-flex e-con e-child\" data-id=\"26100c71\" data-element_type=\"container\" data-e-type=\"container\">\n\t\t\t\t<div class=\"elementor-element elementor-element-36fed1cd elementor-widget elementor-widget-heading\" data-id=\"36fed1cd\" data-element_type=\"widget\" data-e-type=\"widget\" data-widget_type=\"heading.default\">\n\t\t\t\t<div class=\"elementor-widget-container\">\n\t\t\t\t\t<h2 class=\"elementor-heading-title elementor-size-default\">Datenschutz<\/h2>\t\t\t\t<\/div>\n\t\t\t\t<\/div>\n\t\t\t\t<\/div>\n\t\t\t\t\t<\/div>\n\t\t\t\t<\/div>\n\t\t<div class=\"elementor-element elementor-element-1f01cb9e e-flex e-con-boxed e-con e-parent\" data-id=\"1f01cb9e\" data-element_type=\"container\" data-e-type=\"container\">\n\t\t\t\t\t<div class=\"e-con-inner\">\n\t\t<div class=\"elementor-element elementor-element-684128f8 e-con-full e-flex e-con e-child\" data-id=\"684128f8\" data-element_type=\"container\" data-e-type=\"container\">\n\t\t\t\t<div class=\"elementor-element elementor-element-677790e0 elementor-widget elementor-widget-text-editor\" data-id=\"677790e0\" data-element_type=\"widget\" data-e-type=\"widget\" data-widget_type=\"text-editor.default\">\n\t\t\t\t<div class=\"elementor-widget-container\">\n\t\t\t\t\t\t\t\t\t<p><strong>Datenschutzerkl\u00e4rung Websoll E-Commerce SRL<\/strong><\/p>\n<p>als gesetzlicher Vertreter von WEBSOLL E-COMMERCE SRL, einem nach rum\u00e4nischem Recht gegr\u00fcndeten und t\u00e4tigen Unternehmen, eingetragen im B\u00fcro des Handelsregisters neben dem Gericht Mures unter der Nr. J26\/1939\/2017, mit Steuernummer RO 38432804 und Sitz in Targu Mures,&nbsp; \u2013 f\u00fcr das sogenannte \u201ePlaneCashBack\u201c.<\/p>\n<p>Datenschutz ist uns sehr wichtig. Wenn wir \u00fcber Datenschutz sprechen, werden alle anderen Richtlinien oder Erkl\u00e4rungen, die wir m\u00f6glicherweise haben, nur mit der angemessenen und professionellen Aufbewahrung und Offenlegung Ihrer personenbezogenen Daten koordiniert. Dies geschieht unter Wahrung Ihrer Privatsph\u00e4re.<\/p>\n<p>Der gesamte Inhalt dieser Datenschutzerkl\u00e4rung bezieht sich auf Websoll E-Commerce SRL.<\/p>\n<p>Websoll E-Commerce SRL mit Sitz innerhalb der Grenzen der Europ\u00e4ischen Union wird Ihre Daten verarbeiten. personenbezogene Daten gem\u00e4\u00df den EU-Vorschriften und -Gesetzen. Der gesamte Zweck unseres Unternehmens steht im Einklang mit einem solchen gesetzlichen Umfeld.<\/p>\n<p>Alle unsere Aktivit\u00e4ten im Zusammenhang mit der Verwaltung Ihrer pers\u00f6nlichen Daten werden in dieser Erkl\u00e4rung erl\u00e4utert. Von den Arten der Informationen, die wir sammeln, bis hin zur Art und Weise, wie wir die Nutzung dieser Daten verwalten.<\/p>\n<p>Wir haben unsere Richtlinien in \u00dcbereinstimmung mit den Vorschriften der Europ\u00e4ischen Union ab Nummer 679 von 2016 erstellt. Dies wird als Datenschutz-Grundverordnung bezeichnet. Dies hilft den Menschen, indem es ihnen Rechte gibt, ihre Privatsph\u00e4re zu verbessern.<\/p>\n<p>Websoll E-Commerce SRL ist verpflichtet, daf\u00fcr zu sorgen, dass diese Richtlinie genau befolgt wird und dass alle Beteiligten alles hier Genannte einhalten.<\/p>\n<p>Websoll E-Commerce SRL \u00fcberwacht alle relevanten Daten und deren Vertraulichkeit. Alle Methoden zur Verarbeitung und Handhabung dieser Informationen werden von Websoll E-Commerce SRL ordnungsgem\u00e4\u00df \u00fcberwacht und kontrolliert.<\/p>\n<p><strong>GRUNDS\u00c4TZE<\/strong><\/p>\n<p>Alle Richtlinien von Websoll E-Commerce SRL orientieren sich an den folgenden Grunds\u00e4tzen, um eine angemessene Verwaltung personenbezogener Daten sicherzustellen:<\/p>\n<ul>\n<li>Die Erhebung privater Daten und deren Verwaltung erfolgen auf transparente, rechtm\u00e4\u00dfige und ehrliche Weise.<\/li>\n<li>Wann immer wir Ihre Daten anfordern Wenn wir personenbezogene Daten verarbeiten, tun wir dies nur auf rechtm\u00e4\u00dfige und angemessene Weise.<\/li>\n<li>Wenn wir Ihre Daten anfordern Personenbezogene Daten verarbeiten wir nur aus Gr\u00fcnden, die f\u00fcr die Bearbeitung Ihres Anliegens relevant sind. der Entsch\u00e4digung.<\/li>\n<li>Wir k\u00fcmmern uns um Ihre Informationen. personenbezogene Daten auf eine Art und Weise verarbeiten, die deren Richtigkeit gew\u00e4hrleistet.<\/li>\n<li>Wenn bestimmte Daten an uns \u00fcbermittelt werden und nicht dem Zweck dieses Anspruchs dienen, stellen wir sicher, dass wir diese im Rahmen unserer M\u00f6glichkeiten und angemessenen Grenzen l\u00f6schen, um Ihre Privatsph\u00e4re zu sch\u00fctzen. Die Berichtigung erfolgt schnellstm\u00f6glich.<\/li>\n<li>Das System, das Ihre Daten speichert, wird innerhalb einer angemessenen Zeit diejenigen Teile identifizieren, die f\u00fcr den Zweck des Anspruchs nicht mehr n\u00fctzlich sind, und sorgt daf\u00fcr, dass sie aus unserem Speicher entfernt werden, um die Vertraulichkeit Ihrer Daten zu gew\u00e4hrleisten.<\/li>\n<li>Ihre pers\u00f6nlichen Daten werden in einem System gespeichert, das eine ordnungsgem\u00e4\u00dfe Sicherheit gew\u00e4hrleistet.<\/li>\n<li>Ihre Informationen Pers\u00f6nliche Daten werden nur an Dritte weitergegeben, um von Ihrer Anfrage profitieren zu k\u00f6nnen. Anspruch auf Entsch\u00e4digung und nur dann, wenn festgestellt wird, dass diese Ma\u00dfnahme f\u00fcr Ihren Fall relevant ist.<\/li>\n<li>Wenn Sie Ihre Daten \u00fcbermitteln Wenn Sie personenbezogene Daten an Websoll E-Commerce SRL \u00fcbermitteln, k\u00f6nnen Sie diese jederzeit zur\u00fcckziehen, l\u00f6schen, \u00e4ndern oder auf die von Ihnen f\u00fcr notwendig erachtete Weise einschr\u00e4nken. Websoll E-Commerce SRL wird den W\u00fcnschen seiner Kunden zu diesem Thema in jeder Hinsicht nachkommen.<\/li>\n<\/ul>\n<p><strong>pers\u00f6nliche Daten<\/strong><\/p>\n<p>Als personenbezogene Daten gelten alle Informationen \u00fcber eine Person, die zu ihrer Identifizierung f\u00fchren k\u00f6nnen und pers\u00f6nliche Daten \u00fcber diese Person enthalten. Namen, Adressen, Telefonnummern, Geburtsdatum und andere sind einige Beispiele f\u00fcr personenbezogene Daten.<\/p>\n<p><strong>Erhebung personenbezogener Daten<\/strong><\/p>\n<p>Aufgrund der Art unserer Dienstleistungen bitten wir Menschen, uns einige ihrer pers\u00f6nlichen Daten mitzuteilen, um ihnen dabei zu helfen, ihren Anspruch auf Flugentsch\u00e4digung geltend zu machen. Um eine L\u00f6sung f\u00fcr ihr Problem zu finden, m\u00fcssen wir es zun\u00e4chst bewerten und dazu alle Variablen identifizieren, die sich auf ihre Situation beziehen.<\/p>\n<p>Um zu pr\u00fcfen, ob ein Anspruch unter die EG-Verordnung 261 f\u00e4llt, m\u00fcssen uns Namen, Adressen, Telefonnummern, Flugdaten und alle anderen pers\u00f6nlichen Informationen \u00fcbermittelt werden, die f\u00fcr die Feststellung, ob ein Flug versp\u00e4tet, \u00fcberbucht oder annulliert wurde, relevant sind.<\/p>\n<p>Durch die Erfassung dieser personenbezogenen Daten k\u00f6nnen wir den Passagieren auch relevante Details mitteilen, die sie \u00fcber ihre Situation wissen m\u00fcssen. Die gesamte T\u00e4tigkeit von Websoll E-Commerce SRL dreht sich um diese Grunds\u00e4tze. Der gesamte Prozess, der dazu f\u00fchrt, dass der Passagier eine Entsch\u00e4digung erh\u00e4lt, beginnt mit der Erhebung der f\u00fcr seinen Fall relevanten personenbezogenen Daten.<\/p>\n<p><strong>Verwendung personenbezogener Daten<\/strong><\/p>\n<p>Die erhobenen Daten werden zur Nachverfolgung der Reklamation des Kunden verwendet. Websoll E-Commerce SRL speichert diese Daten nur f\u00fcr den Zeitraum, der erforderlich ist, um f\u00fcr den Kunden die Entsch\u00e4digung zu erhalten, auf die er gem\u00e4\u00df CE 261 Anspruch hat.<\/p>\n<p>Nur die daf\u00fcr vorgesehenen Mitarbeiter von Websoll E-Commerce SRL haben Zugriff auf diese personenbezogenen Daten. Sie werden es nur bestimmungsgem\u00e4\u00df und mit entsprechender Genehmigung verwenden.<\/p>\n<p><strong>Verwendung von Cookies<\/strong><\/p>\n<p>Wie jede andere Website verwendet Websoll E-Commerce SRL Cookies, die unserem Unternehmen dabei helfen, zu lernen, wie wir die Kunden, denen wir unsere Dienste anbieten, besser bedienen k\u00f6nnen. Dabei wird das Verhalten unserer Nutzer auf unserer Website insgesamt analysiert. Die unseren Administratoren vorgelegten Daten werden in Statistiken klassifiziert, die keine Informationen \u00fcber Einzelpersonen liefern.<\/p>\n<p>Alles rund um Cookies und deren gesamte Technologie ist auf dieser Website vollst\u00e4ndig umgesetzt. Wenn Sie dieser Form der Zusammenarbeit zwischen Ihnen und der Website von Websoll E-Commerce SRL nicht zustimmen, ist der Abschluss einer Vereinbarung unm\u00f6glich und Sie m\u00fcssen daher diese Website verlassen und d\u00fcrfen unsere Dienste zur Begleichung Ihrer Forderung nicht weiter in Anspruch nehmen .<\/p>\n<p>Weitere Informationen hierzu haben wir im Abschnitt Verwendung von Cookies bereitgehalten. Bitte lesen Sie es f\u00fcr weitere Details und Erl\u00e4uterungen.<\/p>\n<p><strong>Weitergabe personenbezogener Daten<\/strong><\/p>\n<p>Die einzigen Parteien, an die wir Ihre personenbezogenen Daten weitergeben, sind diejenigen, die Gegenstand der Vereinbarung sind. Aus diesem Grund k\u00f6nnen wir Sie gerichtlich belangen, um f\u00fcr Sie die Ihnen gem\u00e4\u00df EC 261 zustehende Entsch\u00e4digung zu erhalten. Wir geben nur Daten weiter, die f\u00fcr die von ihnen ergriffenen Ma\u00dfnahmen zur Weiterentwicklung und L\u00f6sung Ihres Falles relevant sind. Bei diesbez\u00fcglichen Problemen k\u00f6nnen Sie sich an einen der Administratoren von Websoll E-Commerce SRL wenden, wo Sie Ihre diesbez\u00fcglichen Pr\u00e4ferenzen besprechen k\u00f6nnen. Die Kontaktdaten f\u00fcr diese Aktion finden Sie auf dieser Website.<\/p>\n<p><strong>Sicherheit der Verarbeitung<\/strong><\/p>\n<p>Der Umgang mit all Ihren personenbezogenen Daten erfolgt auf die sicherste Art und Weise, die m\u00f6glich ist. Sowohl aus der Sicht unserer Mitarbeiter, die diese Daten verarbeiten, als auch durch deren \u00dcbermittlung an die entsprechenden Parteien \u00fcber Netzwerke und Kommunikationsplattformen. Wir stellen sicher, dass Sie keinen Unf\u00e4llen oder Missbrauch Ihrer Daten ausgesetzt sind. private garantiert eine sichere Umgebung f\u00fcr Ihre Bewerbung Die R\u00fcckerstattung kann bestm\u00f6glich gel\u00f6st werden.<\/p>\n<p><strong>Zugriff, \u00c4nderung und L\u00f6schung Ihrer personenbezogenen Daten<\/strong><\/p>\n<p>Der Kunde hat jederzeit die M\u00f6glichkeit, auf seine pers\u00f6nlichen Daten zuzugreifen und dar\u00fcber hinaus deren L\u00f6schung oder Neubearbeitung zu verlangen. Um sicherzustellen, dass alles so l\u00e4uft, wie wir es urspr\u00fcnglich beabsichtigt hatten, m\u00fcssen wir sicherstellen, dass eine ordnungsgem\u00e4\u00dfe Kommunikation zwischen uns und dem Kunden zustande kommt, insbesondere bei der Aktualisierung von Daten. Wenn Zweifel am Umgang mit Ihren Daten bestehen. Wenn Sie personenbezogene Daten verarbeiten oder eine Meinung zu deren Weitergabe an Dritte haben, k\u00f6nnen Sie unsere Kontaktdaten nutzen und mit uns in Kontakt treten, um gemeinsam zu entscheiden, was mit den Daten auf eine f\u00fcr Sie zufriedenstellende Weise geschehen soll.<\/p>\n<p><strong>Verantwortung<\/strong><\/p>\n<p>Im Hinblick auf die Datenschutz-Grundverordnung kann Websoll E-Commerce SRL jederzeit die Einhaltung aller in der DSGVO enthaltenen Artikel best\u00e4tigen. Daher \u00fcbernehmen wir die volle Verantwortung f\u00fcr alles, was damit zusammenh\u00e4ngt. Um dies zu gew\u00e4hrleisten, werden die Berichte mit allen f\u00fcr den jeweiligen Sachverhalt relevanten Daten gut dokumentiert und wir k\u00f6nnen unser Bekenntnis zu diesen Grunds\u00e4tzen sowohl gegen\u00fcber den Beh\u00f6rden als auch gegen\u00fcber unseren Kunden jederzeit nachweisen. Weitere Einzelheiten hierzu erfahren Sie, indem Sie uns auf der Grundlage der auf unserer Website ver\u00f6ffentlichten Angaben kontaktieren.<\/p>\n<p><strong>Beschwerde<\/strong><\/p>\n<p>Kunden k\u00f6nnen jederzeit eine Beschwerde \u00fcber jeden Aspekt unseres Umgangs mit ihren pers\u00f6nlichen Daten einreichen. Entsprechend benannte Mitarbeiter sorgen daf\u00fcr, dass solche Beschwerden ordnungsgem\u00e4\u00df bearbeitet werden und der Kunde das letzte Wort bei der Entscheidung in dieser Angelegenheit hat. Solche Beschwerden k\u00f6nnen \u00fcber die auf unserer Website Websoll E-Commerce SRL angegebenen Kontaktdaten eingereicht werden.<\/p>\n<p><strong>Richtlinien\u00e4nderung<\/strong><\/p>\n<p>Alle unsere Richtlinienrichtlinien k\u00f6nnen aufgrund verschiedener Faktoren ge\u00e4ndert werden. Egal, ob es um die \u00c4nderung der Gesetzgebung oder einfach um die Anpassung des Managementsystems von Websoll E-Commerce SRL geht.<\/p>\n<p>Auch wenn solche \u00c4nderungen uns zustehen, betreffen sie nur Kunden, die mit uns noch keinen Vertrag geschlossen haben. In diesem Fall werden Sie wahrscheinlich von unserem zust\u00e4ndigen Personal entsprechend benachrichtigt. Durch das Lesen der Bedingungen und aller relevanten Informationen, die Ihnen auf unserer Website zur Verf\u00fcgung gestellt werden, stellen Sie sicher, dass Sie immer \u00fcber die notwendigen Daten verf\u00fcgen, um die bestm\u00f6gliche Entscheidung f\u00fcr Ihre Situation zu treffen.<\/p>\t\t\t\t\t\t\t\t<\/div>\n\t\t\t\t<\/div>\n\t\t\t\t<\/div>\n\t\t\t\t\t<\/div>\n\t\t\t\t<\/div>\n\t\t<div class=\"elementor-element elementor-element-662e2110 e-flex e-con-boxed e-con e-parent\" data-id=\"662e2110\" data-element_type=\"container\" data-e-type=\"container\" data-settings=\"{&quot;background_background&quot;:&quot;classic&quot;}\">\n\t\t\t\t\t<div class=\"e-con-inner\">\n\t\t<div class=\"elementor-element elementor-element-12547bc8 e-con-full e-flex e-con e-child\" data-id=\"12547bc8\" data-element_type=\"container\" data-e-type=\"container\">\n\t\t\t\t<div class=\"elementor-element elementor-element-19ba606 elementor-widget elementor-widget-heading\" data-id=\"19ba606\" data-element_type=\"widget\" data-e-type=\"widget\" data-widget_type=\"heading.default\">\n\t\t\t\t<div class=\"elementor-widget-container\">\n\t\t\t\t\t<h2 class=\"elementor-heading-title elementor-size-default\">Kennen Sie Ihre Rechte als Passagier und fordern Sie, was Ihnen zusteht.<\/h2>\t\t\t\t<\/div>\n\t\t\t\t<\/div>\n\t\t\t\t<div class=\"elementor-element elementor-element-29014e2 elementor-align-center elementor-widget elementor-widget-button\" data-id=\"29014e2\" data-element_type=\"widget\" data-e-type=\"widget\" data-widget_type=\"button.default\">\n\t\t\t\t<div class=\"elementor-widget-container\">\n\t\t\t\t\t\t\t\t\t<div class=\"elementor-button-wrapper\">\n\t\t\t\t\t<a class=\"elementor-button elementor-button-link elementor-size-sm\" href=\"https:\/\/planecashback.com\/de\/entschaedigungsformular\/\">\n\t\t\t\t\t\t<span class=\"elementor-button-content-wrapper\">\n\t\t\t\t\t\t\t\t\t<span class=\"elementor-button-text\">Ich m\u00f6chte jetzt eine Entsch\u00e4digung<\/span>\n\t\t\t\t\t<\/span>\n\t\t\t\t\t<\/a>\n\t\t\t\t<\/div>\n\t\t\t\t\t\t\t\t<\/div>\n\t\t\t\t<\/div>\n\t\t\t\t<\/div>\n\t\t\t\t\t<\/div>\n\t\t\t\t<\/div>\n\t\t\t\t<\/div>\n\t\t","protected":false},"excerpt":{"rendered":"<p>Datenschutz Datenschutzerkl\u00e4rung Websoll E-Commerce SRL als gesetzlicher Vertreter von WEBSOLL E-COMMERCE SRL, einem nach rum\u00e4nischem Recht gegr\u00fcndeten und t\u00e4tigen Unternehmen, eingetragen im B\u00fcro des Handelsregisters neben dem Gericht Mures unter der Nr. J26\/1939\/2017, mit Steuernummer RO 38432804 und Sitz in Targu Mures,&nbsp; \u2013 f\u00fcr das sogenannte \u201ePlaneCashBack\u201c. Datenschutz ist uns sehr wichtig. Wenn wir \u00fcber [&hellip;]<\/p>\n","protected":false},"author":1,"featured_media":0,"parent":0,"menu_order":0,"comment_status":"closed","ping_status":"closed","template":"","meta":{"om_disable_all_campaigns":false,"site-sidebar-layout":"no-sidebar","site-content-layout":"page-builder","ast-site-content-layout":"full-width-container","site-content-style":"default","site-sidebar-style":"default","ast-global-header-display":"","ast-banner-title-visibility":"","ast-main-header-display":"","ast-hfb-above-header-display":"","ast-hfb-below-header-display":"","ast-hfb-mobile-header-display":"","site-post-title":"disabled","ast-breadcrumbs-content":"","ast-featured-img":"disabled","footer-sml-layout":"","ast-disable-related-posts":"","theme-transparent-header-meta":"","adv-header-id-meta":"","stick-header-meta":"","header-above-stick-meta":"","header-main-stick-meta":"","header-below-stick-meta":"","astra-migrate-meta-layouts":"default","ast-page-background-enabled":"default","ast-page-background-meta":{"desktop":{"background-color":"var(--ast-global-color-4)","background-image":"","background-repeat":"repeat","background-position":"center center","background-size":"auto","background-attachment":"scroll","background-type":"","background-media":"","overlay-type":"","overlay-color":"","overlay-opacity":"","overlay-gradient":""},"tablet":{"background-color":"","background-image":"","background-repeat":"repeat","background-position":"center center","background-size":"auto","background-attachment":"scroll","background-type":"","background-media":"","overlay-type":"","overlay-color":"","overlay-opacity":"","overlay-gradient":""},"mobile":{"background-color":"","background-image":"","background-repeat":"repeat","background-position":"center center","background-size":"auto","background-attachment":"scroll","background-type":"","background-media":"","overlay-type":"","overlay-color":"","overlay-opacity":"","overlay-gradient":""}},"ast-content-background-meta":{"desktop":{"background-color":"var(--ast-global-color-5)","background-image":"","background-repeat":"repeat","background-position":"center center","background-size":"auto","background-attachment":"scroll","background-type":"","background-media":"","overlay-type":"","overlay-color":"","overlay-opacity":"","overlay-gradient":""},"tablet":{"background-color":"var(--ast-global-color-5)","background-image":"","background-repeat":"repeat","background-position":"center center","background-size":"auto","background-attachment":"scroll","background-type":"","background-media":"","overlay-type":"","overlay-color":"","overlay-opacity":"","overlay-gradient":""},"mobile":{"background-color":"var(--ast-global-color-5)","background-image":"","background-repeat":"repeat","background-position":"center center","background-size":"auto","background-attachment":"scroll","background-type":"","background-media":"","overlay-type":"","overlay-color":"","overlay-opacity":"","overlay-gradient":""}},"footnotes":""},"class_list":["post-2241","page","type-page","status-publish","hentry"],"aioseo_notices":[],"_links":{"self":[{"href":"https:\/\/planecashback.com\/de\/wp-json\/wp\/v2\/pages\/2241","targetHints":{"allow":["GET"]}}],"collection":[{"href":"https:\/\/planecashback.com\/de\/wp-json\/wp\/v2\/pages"}],"about":[{"href":"https:\/\/planecashback.com\/de\/wp-json\/wp\/v2\/types\/page"}],"author":[{"embeddable":true,"href":"https:\/\/planecashback.com\/de\/wp-json\/wp\/v2\/users\/1"}],"replies":[{"embeddable":true,"href":"https:\/\/planecashback.com\/de\/wp-json\/wp\/v2\/comments?post=2241"}],"version-history":[{"count":3,"href":"https:\/\/planecashback.com\/de\/wp-json\/wp\/v2\/pages\/2241\/revisions"}],"predecessor-version":[{"id":3032,"href":"https:\/\/planecashback.com\/de\/wp-json\/wp\/v2\/pages\/2241\/revisions\/3032"}],"wp:attachment":[{"href":"https:\/\/planecashback.com\/de\/wp-json\/wp\/v2\/media?parent=2241"}],"curies":[{"name":"wp","href":"https:\/\/api.w.org\/{rel}","templated":true}]}}