{"id":2243,"date":"2024-02-15T09:32:16","date_gmt":"2024-02-15T09:32:16","guid":{"rendered":"https:\/\/planecashback.com\/cookie-richtlinie\/"},"modified":"2024-07-04T10:02:52","modified_gmt":"2024-07-04T10:02:52","slug":"cookie-richtlinie","status":"publish","type":"page","link":"https:\/\/planecashback.com\/de\/cookie-richtlinie\/","title":{"rendered":"Cookie-Richtlinie"},"content":{"rendered":"\t\t<div data-elementor-type=\"wp-page\" data-elementor-id=\"2243\" class=\"elementor elementor-2243 elementor-1642\">\n\t\t\t\t<div class=\"elementor-element elementor-element-d234e7a e-flex e-con-boxed e-con e-parent\" data-id=\"d234e7a\" data-element_type=\"container\" data-e-type=\"container\" data-settings=\"{&quot;background_background&quot;:&quot;classic&quot;}\">\n\t\t\t\t\t<div class=\"e-con-inner\">\n\t\t<div class=\"elementor-element elementor-element-6bfd90b3 e-con-full e-flex e-con e-child\" data-id=\"6bfd90b3\" data-element_type=\"container\" data-e-type=\"container\">\n\t\t\t\t<div class=\"elementor-element elementor-element-198cbc5e elementor-widget elementor-widget-heading\" data-id=\"198cbc5e\" data-element_type=\"widget\" data-e-type=\"widget\" data-widget_type=\"heading.default\">\n\t\t\t\t<div class=\"elementor-widget-container\">\n\t\t\t\t\t<h2 class=\"elementor-heading-title elementor-size-default\">Cookie-Richtlinie<\/h2>\t\t\t\t<\/div>\n\t\t\t\t<\/div>\n\t\t\t\t<\/div>\n\t\t\t\t\t<\/div>\n\t\t\t\t<\/div>\n\t\t<div class=\"elementor-element elementor-element-52a02d49 e-flex e-con-boxed e-con e-parent\" data-id=\"52a02d49\" data-element_type=\"container\" data-e-type=\"container\">\n\t\t\t\t\t<div class=\"e-con-inner\">\n\t\t<div class=\"elementor-element elementor-element-2c0ae9b2 e-con-full e-flex e-con e-child\" data-id=\"2c0ae9b2\" data-element_type=\"container\" data-e-type=\"container\">\n\t\t\t\t<div class=\"elementor-element elementor-element-56786258 elementor-widget elementor-widget-text-editor\" data-id=\"56786258\" data-element_type=\"widget\" data-e-type=\"widget\" data-widget_type=\"text-editor.default\">\n\t\t\t\t<div class=\"elementor-widget-container\">\n\t\t\t\t\t\t\t\t\t<p>Plane CashBack respektiert die Vertraulichkeit und sch\u00fctzt Ihre pers\u00f6nlichen Daten, indem es sie \u00fcber unsere Website schickt. Die oben genannten Informationen sind so konzipiert, dass sie Ihnen helfen, diese Informationen \u00fcber PlaneCashBack auf Ihrer Site und in Ihrem Modul zu sammeln, damit Sie diese Informationen verwalten k\u00f6nnen. Wir bitten Sie unsere Vertraulichkeitserkl\u00e4rung zu lesen.<\/p>\n<p>Damit die Website richtig funktioniert, m\u00fcssen einige Cookies auf Ihrem Ger\u00e4t gespeichert werden. Die meisten gro\u00dfen Websites tun dies. Indem Sie auf unsere Website zugreifen, sie durchsuchen und\/oder nutzen, best\u00e4tigen Sie ohne Einschr\u00e4nkung oder Einschr\u00e4nkung, dass Sie die Bedingungen dieser Richtlinie gelesen und verstanden haben und damit einverstanden sind, an sie gebunden zu sein, und dass Sie daher der Verwendung von Cookies in \u00dcbereinstimmung mit diesen zustimmen Bedingungen.<\/p>\n<p>Was sind Cookies? Ein Cookie ist eine kleine Textdatei, die eine Website auf Ihrem Computer oder Mobilger\u00e4t speichert, wenn Sie eine Website besuchen. Dadurch kann sich die Website die Aktionen und Pr\u00e4ferenzen des Benutzers (z. B. Registrierungsdaten, Sprache, Schriftgr\u00f6\u00dfe und andere Anzeigeeinstellungen) \u00fcber einen bestimmten Zeitraum hinweg merken, sodass der Benutzer sie nicht jedes Mal erneut eingeben muss, wenn er auf die Website zur\u00fcckkehrt oder von einer Seite zur anderen navigieren.<\/p>\n<p>Welche verschiedenen Arten von Cookies gibt es? Ein Cookie kann nach seiner Lebensdauer und der Dom\u00e4ne, zu der es geh\u00f6rt, klassifiziert werden. Abh\u00e4ngig von der Lebensdauer ist ein Cookie:<\/p>\n<ul>\n<li>ein Sitzungscookie, das gel\u00f6scht wird, wenn Sie Ihren Browser schlie\u00dfen oder<\/li>\n<li>ein dauerhaftes Cookie, das f\u00fcr einen vordefinierten Zeitraum auf Ihrem Computer\/Ger\u00e4t verbleibt.<\/li>\n<\/ul>\n<p>Was den Bereich betrifft, zu dem sie geh\u00f6ren, sind sie:<\/p>\n<ul>\n<li>Prim\u00e4re Cookies, die von PlaneCashBack gesetzt werden oder<\/li>\n<li>Cookies von Drittanbietern, die von einer anderen Domain als der Domain der besuchten Seite gespeichert werden.<\/li>\n<\/ul>\n<p>Wie verwenden wir Cookies? Unsere Website verwendet Cookies, um die beste Benutzererfahrung zu gew\u00e4hrleisten. Wir verwenden auf unserer Website Sitzungs- und dauerhafte Cookies. Die Aktivierung von Erstanbieter- und Drittanbieter-Cookies ist nicht unbedingt erforderlich, damit die Website funktioniert, sorgt aber f\u00fcr ein besseres Surferlebnis. Diese Cookies k\u00f6nnen gel\u00f6scht oder blockiert werden. Wenn Sie dies jedoch tun, funktionieren bestimmte Funktionen dieser Website m\u00f6glicherweise nicht mehr wie vorgesehen.<\/p>\n<p>Cookie-Informationen werden nicht dazu verwendet, Sie pers\u00f6nlich zu identifizieren, und Analysedaten unterliegen vollst\u00e4ndig unserer Kontrolle. Unsere Cookies werden nicht f\u00fcr andere als die oben beschriebenen Zwecke verwendet.<\/p>\n<p>Welche Cookies verwenden wir? Wir verwenden unsere eigenen Cookies, um Aktionen und personalisierte Pr\u00e4ferenzen zu speichern. Wir verwenden unsere Erstanbieter-Cookies auch, um Ihnen dabei zu helfen, Aktionen durchzuf\u00fchren, ohne Informationen eingeben zu m\u00fcssen, wenn Sie von Seite zu Seite navigieren oder die Website sp\u00e4ter besuchen.<\/p>\n<p>Wir verwenden Cookies von Drittanbietern, um die Benutzererfahrung durch digitale Analysen und Echtzeit-Personalisierung zu verbessern. Wir verwenden Cookies von Drittanbietern auch f\u00fcr verhaltensbasierte Online-Werbung und um Anzeigen anzuzeigen, die f\u00fcr Artikel relevant sind, nach denen der Benutzer in der Vergangenheit gesucht hat.<\/p>\n<p>Wie k\u00f6nnen Cookies kontrolliert werden? Sie k\u00f6nnen Cookies nach Belieben steuern und\/oder l\u00f6schen \u2013 Einzelheiten finden Sie unter aboutcookies.org. Sie k\u00f6nnen alle Cookies, die sich bereits auf Ihrem Computer befinden, l\u00f6schen und die meisten Browser so einstellen, dass deren Platzierung verhindert wird. Wenn Sie sich daf\u00fcr entscheiden, unsere Cookies zu blockieren, m\u00fcssen Sie bei jedem Besuch unserer Website einige Einstellungen manuell \u00e4ndern und einige Dienste und Funktionen funktionieren m\u00f6glicherweise nicht.<\/p>\n<p>Diese Richtlinie kann von Zeit zu Zeit aktualisiert werden, beispielsweise aufgrund von \u00c4nderungen in der relevanten Gesetzgebung oder \u00c4nderungen an der Unternehmensstruktur von PlaneCashBack. Wir empfehlen Ihnen, diese Seite regelm\u00e4\u00dfig zu besuchen, um die neuesten Informationen zu unserer Cookie-Richtlinie zu erhalten.<\/p><\/p>\n\t\t\t\t\t\t\t\t<\/div>\n\t\t\t\t<\/div>\n\t\t\t\t<\/div>\n\t\t\t\t\t<\/div>\n\t\t\t\t<\/div>\n\t\t<div class=\"elementor-element elementor-element-4fffb53d e-flex e-con-boxed e-con e-parent\" data-id=\"4fffb53d\" data-element_type=\"container\" data-e-type=\"container\" data-settings=\"{&quot;background_background&quot;:&quot;classic&quot;}\">\n\t\t\t\t\t<div class=\"e-con-inner\">\n\t\t<div class=\"elementor-element elementor-element-53c59d70 e-con-full e-flex e-con e-child\" data-id=\"53c59d70\" data-element_type=\"container\" data-e-type=\"container\">\n\t\t\t\t<div class=\"elementor-element elementor-element-1f948769 elementor-widget elementor-widget-heading\" data-id=\"1f948769\" data-element_type=\"widget\" data-e-type=\"widget\" data-widget_type=\"heading.default\">\n\t\t\t\t<div class=\"elementor-widget-container\">\n\t\t\t\t\t<h2 class=\"elementor-heading-title elementor-size-default\">Kennen Sie Ihre Rechte als Passagier und fordern Sie, was Ihnen zusteht.<\/h2>\t\t\t\t<\/div>\n\t\t\t\t<\/div>\n\t\t\t\t<div class=\"elementor-element elementor-element-4f146e5 elementor-align-center elementor-widget elementor-widget-button\" data-id=\"4f146e5\" data-element_type=\"widget\" data-e-type=\"widget\" data-widget_type=\"button.default\">\n\t\t\t\t<div class=\"elementor-widget-container\">\n\t\t\t\t\t\t\t\t\t<div class=\"elementor-button-wrapper\">\n\t\t\t\t\t<a class=\"elementor-button elementor-button-link elementor-size-sm\" href=\"https:\/\/planecashback.com\/de\/entschaedigungsformular\/\">\n\t\t\t\t\t\t<span class=\"elementor-button-content-wrapper\">\n\t\t\t\t\t\t\t\t\t<span class=\"elementor-button-text\">Ich m\u00f6chte jetzt eine Entsch\u00e4digung<\/span>\n\t\t\t\t\t<\/span>\n\t\t\t\t\t<\/a>\n\t\t\t\t<\/div>\n\t\t\t\t\t\t\t\t<\/div>\n\t\t\t\t<\/div>\n\t\t\t\t<\/div>\n\t\t\t\t\t<\/div>\n\t\t\t\t<\/div>\n\t\t\t\t<\/div>\n\t\t","protected":false},"excerpt":{"rendered":"<p>Cookie-Richtlinie Plane CashBack respektiert die Vertraulichkeit und sch\u00fctzt Ihre pers\u00f6nlichen Daten, indem es sie \u00fcber unsere Website schickt. Die oben genannten Informationen sind so konzipiert, dass sie Ihnen helfen, diese Informationen \u00fcber PlaneCashBack auf Ihrer Site und in Ihrem Modul zu sammeln, damit Sie diese Informationen verwalten k\u00f6nnen. Wir bitten Sie unsere Vertraulichkeitserkl\u00e4rung zu lesen. [&hellip;]<\/p>\n","protected":false},"author":1,"featured_media":0,"parent":0,"menu_order":0,"comment_status":"closed","ping_status":"closed","template":"","meta":{"om_disable_all_campaigns":false,"site-sidebar-layout":"no-sidebar","site-content-layout":"page-builder","ast-site-content-layout":"full-width-container","site-content-style":"default","site-sidebar-style":"default","ast-global-header-display":"","ast-banner-title-visibility":"","ast-main-header-display":"","ast-hfb-above-header-display":"","ast-hfb-below-header-display":"","ast-hfb-mobile-header-display":"","site-post-title":"disabled","ast-breadcrumbs-content":"","ast-featured-img":"disabled","footer-sml-layout":"","ast-disable-related-posts":"","theme-transparent-header-meta":"","adv-header-id-meta":"","stick-header-meta":"","header-above-stick-meta":"","header-main-stick-meta":"","header-below-stick-meta":"","astra-migrate-meta-layouts":"default","ast-page-background-enabled":"default","ast-page-background-meta":{"desktop":{"background-color":"var(--ast-global-color-4)","background-image":"","background-repeat":"repeat","background-position":"center center","background-size":"auto","background-attachment":"scroll","background-type":"","background-media":"","overlay-type":"","overlay-color":"","overlay-opacity":"","overlay-gradient":""},"tablet":{"background-color":"","background-image":"","background-repeat":"repeat","background-position":"center center","background-size":"auto","background-attachment":"scroll","background-type":"","background-media":"","overlay-type":"","overlay-color":"","overlay-opacity":"","overlay-gradient":""},"mobile":{"background-color":"","background-image":"","background-repeat":"repeat","background-position":"center center","background-size":"auto","background-attachment":"scroll","background-type":"","background-media":"","overlay-type":"","overlay-color":"","overlay-opacity":"","overlay-gradient":""}},"ast-content-background-meta":{"desktop":{"background-color":"var(--ast-global-color-5)","background-image":"","background-repeat":"repeat","background-position":"center center","background-size":"auto","background-attachment":"scroll","background-type":"","background-media":"","overlay-type":"","overlay-color":"","overlay-opacity":"","overlay-gradient":""},"tablet":{"background-color":"var(--ast-global-color-5)","background-image":"","background-repeat":"repeat","background-position":"center center","background-size":"auto","background-attachment":"scroll","background-type":"","background-media":"","overlay-type":"","overlay-color":"","overlay-opacity":"","overlay-gradient":""},"mobile":{"background-color":"var(--ast-global-color-5)","background-image":"","background-repeat":"repeat","background-position":"center center","background-size":"auto","background-attachment":"scroll","background-type":"","background-media":"","overlay-type":"","overlay-color":"","overlay-opacity":"","overlay-gradient":""}},"footnotes":""},"class_list":["post-2243","page","type-page","status-publish","hentry"],"aioseo_notices":[],"_links":{"self":[{"href":"https:\/\/planecashback.com\/de\/wp-json\/wp\/v2\/pages\/2243","targetHints":{"allow":["GET"]}}],"collection":[{"href":"https:\/\/planecashback.com\/de\/wp-json\/wp\/v2\/pages"}],"about":[{"href":"https:\/\/planecashback.com\/de\/wp-json\/wp\/v2\/types\/page"}],"author":[{"embeddable":true,"href":"https:\/\/planecashback.com\/de\/wp-json\/wp\/v2\/users\/1"}],"replies":[{"embeddable":true,"href":"https:\/\/planecashback.com\/de\/wp-json\/wp\/v2\/comments?post=2243"}],"version-history":[{"count":3,"href":"https:\/\/planecashback.com\/de\/wp-json\/wp\/v2\/pages\/2243\/revisions"}],"predecessor-version":[{"id":3045,"href":"https:\/\/planecashback.com\/de\/wp-json\/wp\/v2\/pages\/2243\/revisions\/3045"}],"wp:attachment":[{"href":"https:\/\/planecashback.com\/de\/wp-json\/wp\/v2\/media?parent=2243"}],"curies":[{"name":"wp","href":"https:\/\/api.w.org\/{rel}","templated":true}]}}