{"id":2247,"date":"2024-02-15T08:15:20","date_gmt":"2024-02-15T08:15:20","guid":{"rendered":"https:\/\/planecashback.com\/tarife\/"},"modified":"2024-07-04T10:03:11","modified_gmt":"2024-07-04T10:03:11","slug":"tarife","status":"publish","type":"page","link":"https:\/\/planecashback.com\/de\/tarife\/","title":{"rendered":"Tarife"},"content":{"rendered":"\t\t<div data-elementor-type=\"wp-page\" data-elementor-id=\"2247\" class=\"elementor elementor-2247 elementor-1607\">\n\t\t\t\t<div class=\"elementor-element elementor-element-6638e19e e-flex e-con-boxed e-con e-parent\" data-id=\"6638e19e\" data-element_type=\"container\" data-e-type=\"container\" data-settings=\"{&quot;background_background&quot;:&quot;classic&quot;}\">\n\t\t\t\t\t<div class=\"e-con-inner\">\n\t\t<div class=\"elementor-element elementor-element-3662daea e-con-full e-flex e-con e-child\" data-id=\"3662daea\" data-element_type=\"container\" data-e-type=\"container\">\n\t\t\t\t<div class=\"elementor-element elementor-element-2d0373cb elementor-widget elementor-widget-heading\" data-id=\"2d0373cb\" data-element_type=\"widget\" data-e-type=\"widget\" data-widget_type=\"heading.default\">\n\t\t\t\t<div class=\"elementor-widget-container\">\n\t\t\t\t\t<h2 class=\"elementor-heading-title elementor-size-default\">Tarife<\/h2>\t\t\t\t<\/div>\n\t\t\t\t<\/div>\n\t\t\t\t<\/div>\n\t\t\t\t\t<\/div>\n\t\t\t\t<\/div>\n\t\t<div class=\"elementor-element elementor-element-24ec2aa8 e-flex e-con-boxed e-con e-parent\" data-id=\"24ec2aa8\" data-element_type=\"container\" data-e-type=\"container\">\n\t\t\t\t\t<div class=\"e-con-inner\">\n\t\t<div class=\"elementor-element elementor-element-399db96b e-con-full e-flex e-con e-child\" data-id=\"399db96b\" data-element_type=\"container\" data-e-type=\"container\">\n\t\t\t\t<div class=\"elementor-element elementor-element-65bf03dc elementor-widget elementor-widget-text-editor\" data-id=\"65bf03dc\" data-element_type=\"widget\" data-e-type=\"widget\" data-widget_type=\"text-editor.default\">\n\t\t\t\t<div class=\"elementor-widget-container\">\n\t\t\t\t\t\t\t\t\t<p>Zusammenarbeit mit PlaneCashBack <strong>sie ist nicht von der Zahlung etwaiger vorheriger Geb\u00fchren abh\u00e4ngig.<\/strong><\/p>\n<p>Unser Motto ist: <strong>&#8220;NULL Kommission, wenn Sie nicht entsch\u00e4digt werden.&#8221;<\/strong><\/p>\n<p>Wenn Sie eine Entsch\u00e4digung erhalten, betr\u00e4gt die von uns berechnete Provision <strong>25 % + MwSt.<\/strong> des Entsch\u00e4digungsbetrags.(<strong>Sie wird bei Erhalt von Ihrem Entsch\u00e4digungsbetrag abgezogen.<\/strong>)<\/p>\n<p>F\u00fcr Anspr\u00fcche im Zusammenhang mit CE 261 gilt f\u00fcr die Servicegeb\u00fchr Folgendes:<\/p>\n<p>Bei Fl\u00fcgen von 1500 km oder weniger erh\u00e4lt der Kunde eine Entsch\u00e4digung von 250 \u20ac und muss eine Servicegeb\u00fchr in H\u00f6he von 25 % + MwSt. zahlen.<\/p>\n<p>F\u00fcr sogenannte innergemeinschaftliche Fl\u00fcge \u00fcber 1.500 km sowie f\u00fcr Fl\u00fcge zwischen 1.500 km und 3.500 km erh\u00e4lt der Kunde eine Entsch\u00e4digung in H\u00f6he von 400 Euro. Daher muss der Kunde nur eine Servicegeb\u00fchr von 25 % zzgl. MwSt. zahlen. F\u00fcr die \u00fcbrigen oben nicht aufgef\u00fchrten Fl\u00fcge betr\u00e4gt die Servicegeb\u00fchr 25 % + MwSt. der Entsch\u00e4digung, wenn der Kunde Anspruch auf 600 \u20ac erh\u00e4lt.<\/p>\n<p>F\u00fcr die oben beschriebenen Fl\u00fcge, f\u00fcr die der Kunde keinen Anspruch auf einen der Betr\u00e4ge von 250 \u20ac, 400 \u20ac oder 600 \u20ac hat, muss der Kunde den Betrag von 25 % + MwSt. NICHT als Servicegeb\u00fchr f\u00fcr seine Flugentsch\u00e4digung zahlen.<\/p>\n<p>F\u00fcr andere Arten von Anspr\u00fcchen, die nicht in den CE 261-Antr\u00e4gen vorgesehen sind, wird die Servicegeb\u00fchr wie folgt abgezogen:<\/p>\n<p>Erh\u00e4lt der Kunde eine Flugentsch\u00e4digung in H\u00f6he von 201-300 EUR, muss der Kunde eine Servicegeb\u00fchr von 25 % zzgl. MwSt. zahlen. Erh\u00e4lt der Kunde eine Flugentsch\u00e4digung in H\u00f6he von 301-400 Euro, zahlt der Kunde eine Provision von 25 % zzgl. MwSt.<\/p>\n<p>Erh\u00e4lt der Kunde eine Entsch\u00e4digung f\u00fcr einen Flug von 401-500 EUR, muss der Kunde eine Servicegeb\u00fchr von 25 % zzgl. MwSt. zahlen. Erh\u00e4lt der Kunde eine Flugentsch\u00e4digung in H\u00f6he von 501-600 EUR, schuldet der Kunde eine Servicegeb\u00fchr in H\u00f6he von 25 % zzgl. MwSt.<\/p>\n<p>Erh\u00e4lt der Kunde eine Flugentsch\u00e4digung in H\u00f6he von 601-800 EUR, muss der Kunde eine Servicegeb\u00fchr von 25 % zzgl. MwSt. zahlen. Erh\u00e4lt der Kunde eine Flugentsch\u00e4digung in H\u00f6he von 801-1.000 EUR, zahlt der Kunde eine Servicegeb\u00fchr von 25 % zzgl. MwSt.<\/p>\n<p>Das nach rum\u00e4nischem Recht gegr\u00fcndete und nach rum\u00e4nischem Recht t\u00e4tige Unternehmen WEBSOLL E-COMMERCE SRL ist im Handelsregister neben dem Gericht von Mures unter der Nummer eingetragen eingetragen. J26\/1939\/2017, mit Steuernummer RO 38432804 und Sitz in Targu Mures, als gesetzlicher Vertreter \u2013 \u201ePLAIN CASH BACK\u201c.<\/p>\n<p>Garantie des Wertes der Entsch\u00e4digung f\u00fcr den Flug Der Kunde hat jederzeit die Gewissheit, dass Websoll E-Commerce SRL die Richtigkeit und Genauigkeit des Wertes der Entsch\u00e4digung, die er erhalten soll, garantiert.<\/p>\n<p>Wenn alle Kriterien in der Anfrage gem\u00e4\u00df EC261 erf\u00fcllt sind, hat der Kunde Anspruch darauf, von Websoll E-Commerce SRL den korrekten Betrag in EUR zu erhalten.<\/p>\n<p>Zur weiteren Klarstellung wird au\u00dferdem darauf hingewiesen, dass jegliche Entsch\u00e4digung, die sich aus einem EC261-Anspruch ergibt, in EUR gezahlt wird.<\/p>\n<p>Daher wird die als Ergebnis der Bem\u00fchungen von Websoll E-Commerce SRL erhaltene Verg\u00fctung auf v\u00f6llig transparente Weise verarbeitet. Aus diesem Grund kann der Kunde zufriedenstellend \u00fcberpr\u00fcfen, ob Websoll E-Commerce SRL seinen Verpflichtungen gem\u00e4\u00df EC261 nachgekommen ist.<\/p>\n<p>Geb\u00fchr f\u00fcr internationale Bank\u00fcberweisungen Zus\u00e4tzliche Kosten und Ausgaben im Zusammenhang mit Bank\u00fcberweisungen liegen nicht in der Verantwortung von Websoll E-Commerce SRL. Auch wenn die H\u00f6he dieser Ausgaben in den meisten F\u00e4llen voraussichtlich uneinheitlich oder relevant ist, behalten wir uns das Recht vor, aufgrund unterschiedlicher Bankrichtlinien nicht f\u00fcr sie verantwortlich zu sein.<\/p>\n<p>Sonstige Geb\u00fchren Alle in der Preisliste von Websoll E-Commerce SRL aufgef\u00fchrten Preise und Geb\u00fchren beinhalten keine zus\u00e4tzlichen Geb\u00fchren oder andere Steuern oder Steuerformen unsererseits. Die aufgef\u00fchrten Betr\u00e4ge sind die einzigen Betr\u00e4ge, die Sie zahlen m\u00fcssen, und werden bei Ihrer Ankunft von Ihrem Taschengeld abgezogen.<\/p>\n\t\t\t\t\t\t\t\t<\/div>\n\t\t\t\t<\/div>\n\t\t\t\t<\/div>\n\t\t\t\t\t<\/div>\n\t\t\t\t<\/div>\n\t\t<div class=\"elementor-element elementor-element-525a35c4 e-flex e-con-boxed e-con e-parent\" data-id=\"525a35c4\" data-element_type=\"container\" data-e-type=\"container\" data-settings=\"{&quot;background_background&quot;:&quot;classic&quot;}\">\n\t\t\t\t\t<div class=\"e-con-inner\">\n\t\t<div class=\"elementor-element elementor-element-4b921055 e-con-full e-flex e-con e-child\" data-id=\"4b921055\" data-element_type=\"container\" data-e-type=\"container\">\n\t\t\t\t<div class=\"elementor-element elementor-element-73f42dd6 elementor-widget elementor-widget-heading\" data-id=\"73f42dd6\" data-element_type=\"widget\" data-e-type=\"widget\" data-widget_type=\"heading.default\">\n\t\t\t\t<div class=\"elementor-widget-container\">\n\t\t\t\t\t<h2 class=\"elementor-heading-title elementor-size-default\">Kennen Sie Ihre Rechte als Passagier und fordern Sie, was Ihnen zusteht.<\/h2>\t\t\t\t<\/div>\n\t\t\t\t<\/div>\n\t\t\t\t<div class=\"elementor-element elementor-element-40f56ea elementor-align-center elementor-widget elementor-widget-button\" data-id=\"40f56ea\" data-element_type=\"widget\" data-e-type=\"widget\" data-widget_type=\"button.default\">\n\t\t\t\t<div class=\"elementor-widget-container\">\n\t\t\t\t\t\t\t\t\t<div class=\"elementor-button-wrapper\">\n\t\t\t\t\t<a class=\"elementor-button elementor-button-link elementor-size-sm\" href=\"https:\/\/planecashback.com\/de\/entschaedigungsformular\/\">\n\t\t\t\t\t\t<span class=\"elementor-button-content-wrapper\">\n\t\t\t\t\t\t\t\t\t<span class=\"elementor-button-text\">Ich m\u00f6chte jetzt eine Entsch\u00e4digung<\/span>\n\t\t\t\t\t<\/span>\n\t\t\t\t\t<\/a>\n\t\t\t\t<\/div>\n\t\t\t\t\t\t\t\t<\/div>\n\t\t\t\t<\/div>\n\t\t\t\t<\/div>\n\t\t\t\t\t<\/div>\n\t\t\t\t<\/div>\n\t\t\t\t<\/div>\n\t\t","protected":false},"excerpt":{"rendered":"<p>Tarife Zusammenarbeit mit PlaneCashBack sie ist nicht von der Zahlung etwaiger vorheriger Geb\u00fchren abh\u00e4ngig. Unser Motto ist: &#8220;NULL Kommission, wenn Sie nicht entsch\u00e4digt werden.&#8221; Wenn Sie eine Entsch\u00e4digung erhalten, betr\u00e4gt die von uns berechnete Provision 25 % + MwSt. des Entsch\u00e4digungsbetrags.(Sie wird bei Erhalt von Ihrem Entsch\u00e4digungsbetrag abgezogen.) F\u00fcr Anspr\u00fcche im Zusammenhang mit CE 261 [&hellip;]<\/p>\n","protected":false},"author":1,"featured_media":0,"parent":0,"menu_order":0,"comment_status":"closed","ping_status":"closed","template":"","meta":{"om_disable_all_campaigns":false,"site-sidebar-layout":"no-sidebar","site-content-layout":"page-builder","ast-site-content-layout":"full-width-container","site-content-style":"default","site-sidebar-style":"default","ast-global-header-display":"","ast-banner-title-visibility":"","ast-main-header-display":"","ast-hfb-above-header-display":"","ast-hfb-below-header-display":"","ast-hfb-mobile-header-display":"","site-post-title":"disabled","ast-breadcrumbs-content":"","ast-featured-img":"disabled","footer-sml-layout":"","ast-disable-related-posts":"","theme-transparent-header-meta":"","adv-header-id-meta":"","stick-header-meta":"","header-above-stick-meta":"","header-main-stick-meta":"","header-below-stick-meta":"","astra-migrate-meta-layouts":"default","ast-page-background-enabled":"default","ast-page-background-meta":{"desktop":{"background-color":"var(--ast-global-color-4)","background-image":"","background-repeat":"repeat","background-position":"center center","background-size":"auto","background-attachment":"scroll","background-type":"","background-media":"","overlay-type":"","overlay-color":"","overlay-opacity":"","overlay-gradient":""},"tablet":{"background-color":"","background-image":"","background-repeat":"repeat","background-position":"center center","background-size":"auto","background-attachment":"scroll","background-type":"","background-media":"","overlay-type":"","overlay-color":"","overlay-opacity":"","overlay-gradient":""},"mobile":{"background-color":"","background-image":"","background-repeat":"repeat","background-position":"center center","background-size":"auto","background-attachment":"scroll","background-type":"","background-media":"","overlay-type":"","overlay-color":"","overlay-opacity":"","overlay-gradient":""}},"ast-content-background-meta":{"desktop":{"background-color":"var(--ast-global-color-5)","background-image":"","background-repeat":"repeat","background-position":"center center","background-size":"auto","background-attachment":"scroll","background-type":"","background-media":"","overlay-type":"","overlay-color":"","overlay-opacity":"","overlay-gradient":""},"tablet":{"background-color":"var(--ast-global-color-5)","background-image":"","background-repeat":"repeat","background-position":"center center","background-size":"auto","background-attachment":"scroll","background-type":"","background-media":"","overlay-type":"","overlay-color":"","overlay-opacity":"","overlay-gradient":""},"mobile":{"background-color":"var(--ast-global-color-5)","background-image":"","background-repeat":"repeat","background-position":"center center","background-size":"auto","background-attachment":"scroll","background-type":"","background-media":"","overlay-type":"","overlay-color":"","overlay-opacity":"","overlay-gradient":""}},"footnotes":""},"class_list":["post-2247","page","type-page","status-publish","hentry"],"aioseo_notices":[],"_links":{"self":[{"href":"https:\/\/planecashback.com\/de\/wp-json\/wp\/v2\/pages\/2247","targetHints":{"allow":["GET"]}}],"collection":[{"href":"https:\/\/planecashback.com\/de\/wp-json\/wp\/v2\/pages"}],"about":[{"href":"https:\/\/planecashback.com\/de\/wp-json\/wp\/v2\/types\/page"}],"author":[{"embeddable":true,"href":"https:\/\/planecashback.com\/de\/wp-json\/wp\/v2\/users\/1"}],"replies":[{"embeddable":true,"href":"https:\/\/planecashback.com\/de\/wp-json\/wp\/v2\/comments?post=2247"}],"version-history":[{"count":3,"href":"https:\/\/planecashback.com\/de\/wp-json\/wp\/v2\/pages\/2247\/revisions"}],"predecessor-version":[{"id":3072,"href":"https:\/\/planecashback.com\/de\/wp-json\/wp\/v2\/pages\/2247\/revisions\/3072"}],"wp:attachment":[{"href":"https:\/\/planecashback.com\/de\/wp-json\/wp\/v2\/media?parent=2247"}],"curies":[{"name":"wp","href":"https:\/\/api.w.org\/{rel}","templated":true}]}}