{"id":2261,"date":"2022-04-13T12:50:35","date_gmt":"2022-04-13T12:50:35","guid":{"rendered":"https:\/\/planecashback.com\/ueber-uns\/"},"modified":"2024-09-16T09:42:03","modified_gmt":"2024-09-16T09:42:03","slug":"ueber-uns","status":"publish","type":"page","link":"https:\/\/planecashback.com\/de\/ueber-uns\/","title":{"rendered":"\u00dcber uns"},"content":{"rendered":"\t\t<div data-elementor-type=\"wp-page\" data-elementor-id=\"2261\" class=\"elementor elementor-2261 elementor-550\">\n\t\t\t\t<div class=\"elementor-element elementor-element-a69996c e-flex e-con-boxed e-con e-parent\" data-id=\"a69996c\" data-element_type=\"container\" data-e-type=\"container\" data-settings=\"{&quot;background_background&quot;:&quot;classic&quot;}\">\n\t\t\t\t\t<div class=\"e-con-inner\">\n\t\t<div class=\"elementor-element elementor-element-32a05e7 e-con-full e-flex e-con e-child\" data-id=\"32a05e7\" data-element_type=\"container\" data-e-type=\"container\">\n\t\t<div class=\"elementor-element elementor-element-8d02f63 e-con-full e-flex e-con e-child\" data-id=\"8d02f63\" data-element_type=\"container\" data-e-type=\"container\">\n\t\t<div class=\"elementor-element elementor-element-caa2c6e e-con-full e-flex e-con e-child\" data-id=\"caa2c6e\" data-element_type=\"container\" data-e-type=\"container\">\n\t\t\t\t<div class=\"elementor-element elementor-element-0e26009 elementor-widget elementor-widget-heading\" data-id=\"0e26009\" data-element_type=\"widget\" data-e-type=\"widget\" data-widget_type=\"heading.default\">\n\t\t\t\t<div class=\"elementor-widget-container\">\n\t\t\t\t\t<h6 class=\"elementor-heading-title elementor-size-default\">\u00dcber uns<\/h6>\t\t\t\t<\/div>\n\t\t\t\t<\/div>\n\t\t\t\t<div class=\"elementor-element elementor-element-b357c8e elementor-widget elementor-widget-heading\" data-id=\"b357c8e\" data-element_type=\"widget\" data-e-type=\"widget\" data-widget_type=\"heading.default\">\n\t\t\t\t<div class=\"elementor-widget-container\">\n\t\t\t\t\t<h1 class=\"elementor-heading-title elementor-size-default\">Reklamationsdienste f\u00fcr Produkte auf Basis EU261<\/h1>\t\t\t\t<\/div>\n\t\t\t\t<\/div>\n\t\t\t\t<\/div>\n\t\t\t\t<\/div>\n\t\t\t\t<\/div>\n\t\t\t\t\t<\/div>\n\t\t\t\t<\/div>\n\t\t<div class=\"elementor-element elementor-element-2b78fbc e-flex e-con-boxed e-con e-parent\" data-id=\"2b78fbc\" data-element_type=\"container\" data-e-type=\"container\">\n\t\t\t\t\t<div class=\"e-con-inner\">\n\t\t<div class=\"elementor-element elementor-element-d219765 e-con-full e-flex e-con e-child\" data-id=\"d219765\" data-element_type=\"container\" data-e-type=\"container\">\n\t\t\t\t<div class=\"elementor-element elementor-element-ab2aaea elementor-widget elementor-widget-heading\" data-id=\"ab2aaea\" data-element_type=\"widget\" data-e-type=\"widget\" data-widget_type=\"heading.default\">\n\t\t\t\t<div class=\"elementor-widget-container\">\n\t\t\t\t\t<h6 class=\"elementor-heading-title elementor-size-default\">Was machen wir?<\/h6>\t\t\t\t<\/div>\n\t\t\t\t<\/div>\n\t\t\t\t<div class=\"elementor-element elementor-element-c838e96 elementor-widget elementor-widget-heading\" data-id=\"c838e96\" data-element_type=\"widget\" data-e-type=\"widget\" data-widget_type=\"heading.default\">\n\t\t\t\t<div class=\"elementor-widget-container\">\n\t\t\t\t\t<h2 class=\"elementor-heading-title elementor-size-default\">Wir sorgen daf\u00fcr, dass Ihre Rechte in den richtigen H\u00e4nden sind.<\/h2>\t\t\t\t<\/div>\n\t\t\t\t<\/div>\n\t\t\t\t<\/div>\n\t\t<div class=\"elementor-element elementor-element-3588e6a e-con-full e-flex e-con e-child\" data-id=\"3588e6a\" data-element_type=\"container\" data-e-type=\"container\">\n\t\t\t\t<div class=\"elementor-element elementor-element-aa8ff6a elementor-widget elementor-widget-text-editor\" data-id=\"aa8ff6a\" data-element_type=\"widget\" data-e-type=\"widget\" data-widget_type=\"text-editor.default\">\n\t\t\t\t<div class=\"elementor-widget-container\">\n\t\t\t\t\t\t\t\t\t<p>Bei PlaneCashBack.com ist es uns ein Anliegen, Passagieren dabei zu helfen, ihre Rechte zu verstehen und die ihnen zustehende Entsch\u00e4digung einzufordern. Wir navigieren durch den komplexen Prozess, verhandeln mit den Fluggesellschaften und stellen sicher, dass Ihre Rechte gem\u00e4\u00df der EU-Verordnung EG261\/2004 respektiert werden. Lassen Sie sich Ihr Erlebnis nicht durch die Komplexit\u00e4t des Flugverkehrs verderben. Informieren Sie sich \u00fcber Ihre Rechte, fordern Sie eine Entsch\u00e4digung und lassen Sie uns Ihnen dabei helfen, Ihre Reise so reibungslos wie m\u00f6glich zu gestalten.<\/p>\n\t\t\t\t\t\t\t\t<\/div>\n\t\t\t\t<\/div>\n\t\t\t\t<\/div>\n\t\t\t\t\t<\/div>\n\t\t\t\t<\/div>\n\t\t<div class=\"elementor-element elementor-element-ada0da7 e-flex e-con-boxed e-con e-parent\" data-id=\"ada0da7\" data-element_type=\"container\" data-e-type=\"container\" data-settings=\"{&quot;background_background&quot;:&quot;classic&quot;}\">\n\t\t\t\t\t<div class=\"e-con-inner\">\n\t\t<div class=\"elementor-element elementor-element-7c60576 e-con-full e-flex e-con e-child\" data-id=\"7c60576\" data-element_type=\"container\" data-e-type=\"container\">\n\t\t\t\t<div class=\"elementor-element elementor-element-d88b4c1 elementor-widget elementor-widget-heading\" data-id=\"d88b4c1\" data-element_type=\"widget\" data-e-type=\"widget\" data-widget_type=\"heading.default\">\n\t\t\t\t<div class=\"elementor-widget-container\">\n\t\t\t\t\t<h3 class=\"elementor-heading-title elementor-size-default\">Bewerben Sie sich jetzt und erhalten Sie bis zu 600 \u20ac Entsch\u00e4digung pro Passagier! Es kommt nicht auf den Preis des Tickets an. Die Anwendung ist v\u00f6llig kostenlos. NULL Kommission, wenn Sie nicht entsch\u00e4digt werden!<\/h3>\t\t\t\t<\/div>\n\t\t\t\t<\/div>\n\t\t\t\t<div class=\"elementor-element elementor-element-93594fa elementor-align-center elementor-widget elementor-widget-button\" data-id=\"93594fa\" data-element_type=\"widget\" data-e-type=\"widget\" data-widget_type=\"button.default\">\n\t\t\t\t<div class=\"elementor-widget-container\">\n\t\t\t\t\t\t\t\t\t<div class=\"elementor-button-wrapper\">\n\t\t\t\t\t<a class=\"elementor-button elementor-button-link elementor-size-sm\" href=\"https:\/\/planecashback.com\/de\/entschaedigungsformular\/\">\n\t\t\t\t\t\t<span class=\"elementor-button-content-wrapper\">\n\t\t\t\t\t\t\t\t\t<span class=\"elementor-button-text\">Bewerben<\/span>\n\t\t\t\t\t<\/span>\n\t\t\t\t\t<\/a>\n\t\t\t\t<\/div>\n\t\t\t\t\t\t\t\t<\/div>\n\t\t\t\t<\/div>\n\t\t\t\t<\/div>\n\t\t\t\t\t<\/div>\n\t\t\t\t<\/div>\n\t\t<div class=\"elementor-element elementor-element-3d6aea6 e-flex e-con-boxed e-con e-parent\" data-id=\"3d6aea6\" data-element_type=\"container\" data-e-type=\"container\" data-settings=\"{&quot;background_background&quot;:&quot;classic&quot;}\">\n\t\t\t\t\t<div class=\"e-con-inner\">\n\t\t<div class=\"elementor-element elementor-element-8e4b021 e-con-full e-flex e-con e-child\" data-id=\"8e4b021\" data-element_type=\"container\" data-e-type=\"container\">\n\t\t\t\t<div class=\"elementor-element elementor-element-5d47983 elementor-widget elementor-widget-heading\" data-id=\"5d47983\" data-element_type=\"widget\" data-e-type=\"widget\" data-widget_type=\"heading.default\">\n\t\t\t\t<div class=\"elementor-widget-container\">\n\t\t\t\t\t<h2 class=\"elementor-heading-title elementor-size-default\">Flugzeug CashBack Vorteile<\/h2>\t\t\t\t<\/div>\n\t\t\t\t<\/div>\n\t\t<div class=\"elementor-element elementor-element-d3bd83a e-flex e-con-boxed e-con e-child\" data-id=\"d3bd83a\" data-element_type=\"container\" data-e-type=\"container\">\n\t\t\t\t\t<div class=\"e-con-inner\">\n\t\t\t\t<div class=\"elementor-element elementor-element-c34f68a elementor-widget__width-initial elementor-position-top elementor-widget elementor-widget-image-box\" data-id=\"c34f68a\" data-element_type=\"widget\" data-e-type=\"widget\" data-widget_type=\"image-box.default\">\n\t\t\t\t<div class=\"elementor-widget-container\">\n\t\t\t\t\t<div class=\"elementor-image-box-wrapper\"><figure class=\"elementor-image-box-img\"><img fetchpriority=\"high\" decoding=\"async\" width=\"400\" height=\"560\" src=\"https:\/\/planecashback.com\/wp-content\/uploads\/2024\/09\/Plane_CashBack_Usor_si_fara_Probleme_despre_noi.png\" class=\"attachment-full size-full wp-image-3189\" alt=\"\" srcset=\"https:\/\/planecashback.com\/wp-content\/uploads\/2024\/09\/Plane_CashBack_Usor_si_fara_Probleme_despre_noi.png 400w, https:\/\/planecashback.com\/wp-content\/uploads\/2024\/09\/Plane_CashBack_Usor_si_fara_Probleme_despre_noi-214x300.png 214w\" sizes=\"(max-width: 400px) 100vw, 400px\" \/><\/figure><div class=\"elementor-image-box-content\"><h4 class=\"elementor-image-box-title\">Einfach und problemlos<\/h4><p class=\"elementor-image-box-description\">Wir k\u00fcmmern uns um Ihre Anfrage!<\/p><\/div><\/div>\t\t\t\t<\/div>\n\t\t\t\t<\/div>\n\t\t\t\t<div class=\"elementor-element elementor-element-99fffa0 elementor-widget__width-initial elementor-position-top elementor-widget elementor-widget-image-box\" data-id=\"99fffa0\" data-element_type=\"widget\" data-e-type=\"widget\" data-widget_type=\"image-box.default\">\n\t\t\t\t<div class=\"elementor-widget-container\">\n\t\t\t\t\t<div class=\"elementor-image-box-wrapper\"><figure class=\"elementor-image-box-img\"><img decoding=\"async\" width=\"400\" height=\"560\" src=\"https:\/\/planecashback.com\/wp-content\/uploads\/2024\/09\/Plane_CashBack_evita_greselile_depsre-noi.png\" class=\"attachment-full size-full wp-image-3196\" alt=\"\" srcset=\"https:\/\/planecashback.com\/wp-content\/uploads\/2024\/09\/Plane_CashBack_evita_greselile_depsre-noi.png 400w, https:\/\/planecashback.com\/wp-content\/uploads\/2024\/09\/Plane_CashBack_evita_greselile_depsre-noi-214x300.png 214w\" sizes=\"(max-width: 400px) 100vw, 400px\" \/><\/figure><div class=\"elementor-image-box-content\"><h4 class=\"elementor-image-box-title\">Vermeiden Sie Fehler und Stress<\/h4><p class=\"elementor-image-box-description\">Vergessen Sie den Papierkram!<\/p><\/div><\/div>\t\t\t\t<\/div>\n\t\t\t\t<\/div>\n\t\t\t\t<div class=\"elementor-element elementor-element-1390a49 elementor-widget__width-initial elementor-position-top elementor-widget elementor-widget-image-box\" data-id=\"1390a49\" data-element_type=\"widget\" data-e-type=\"widget\" data-widget_type=\"image-box.default\">\n\t\t\t\t<div class=\"elementor-widget-container\">\n\t\t\t\t\t<div class=\"elementor-image-box-wrapper\"><figure class=\"elementor-image-box-img\"><img decoding=\"async\" width=\"400\" height=\"560\" src=\"https:\/\/planecashback.com\/wp-content\/uploads\/2024\/09\/Plane_CashBack_formular_online_simplu_depsre-noi.png\" class=\"attachment-full size-full wp-image-3203\" alt=\"\" srcset=\"https:\/\/planecashback.com\/wp-content\/uploads\/2024\/09\/Plane_CashBack_formular_online_simplu_depsre-noi.png 400w, https:\/\/planecashback.com\/wp-content\/uploads\/2024\/09\/Plane_CashBack_formular_online_simplu_depsre-noi-214x300.png 214w\" sizes=\"(max-width: 400px) 100vw, 400px\" \/><\/figure><div class=\"elementor-image-box-content\"><h4 class=\"elementor-image-box-title\">Online geht alles einfacher<\/h4><p class=\"elementor-image-box-description\">  F\u00fcllen Sie das Formular auf der Website aus<\/p><\/div><\/div>\t\t\t\t<\/div>\n\t\t\t\t<\/div>\n\t\t\t\t<div class=\"elementor-element elementor-element-b83aba6 elementor-widget__width-initial elementor-position-top elementor-widget elementor-widget-image-box\" data-id=\"b83aba6\" data-element_type=\"widget\" data-e-type=\"widget\" data-widget_type=\"image-box.default\">\n\t\t\t\t<div class=\"elementor-widget-container\">\n\t\t\t\t\t<div class=\"elementor-image-box-wrapper\"><figure class=\"elementor-image-box-img\"><img loading=\"lazy\" decoding=\"async\" width=\"400\" height=\"560\" src=\"https:\/\/planecashback.com\/wp-content\/uploads\/2024\/09\/Plane_CashBack_actualizari_frecvente_depsre-noi.png\" class=\"attachment-full size-full wp-image-3210\" alt=\"\" srcset=\"https:\/\/planecashback.com\/wp-content\/uploads\/2024\/09\/Plane_CashBack_actualizari_frecvente_depsre-noi.png 400w, https:\/\/planecashback.com\/wp-content\/uploads\/2024\/09\/Plane_CashBack_actualizari_frecvente_depsre-noi-214x300.png 214w\" sizes=\"(max-width: 400px) 100vw, 400px\" \/><\/figure><div class=\"elementor-image-box-content\"><h4 class=\"elementor-image-box-title\">H\u00e4ufige Updates<\/h4><p class=\"elementor-image-box-description\">Regelm\u00e4\u00dfige E-Mail-Updates!<\/p><\/div><\/div>\t\t\t\t<\/div>\n\t\t\t\t<\/div>\n\t\t\t\t<div class=\"elementor-element elementor-element-727265b elementor-widget__width-initial elementor-position-top elementor-widget elementor-widget-image-box\" data-id=\"727265b\" data-element_type=\"widget\" data-e-type=\"widget\" data-widget_type=\"image-box.default\">\n\t\t\t\t<div class=\"elementor-widget-container\">\n\t\t\t\t\t<div class=\"elementor-image-box-wrapper\"><figure class=\"elementor-image-box-img\"><img loading=\"lazy\" decoding=\"async\" width=\"400\" height=\"560\" src=\"https:\/\/planecashback.com\/wp-content\/uploads\/2024\/09\/Plane_CashBack_no_problem_depsre-noi.png\" class=\"attachment-full size-full wp-image-3217\" alt=\"\" srcset=\"https:\/\/planecashback.com\/wp-content\/uploads\/2024\/09\/Plane_CashBack_no_problem_depsre-noi.png 400w, https:\/\/planecashback.com\/wp-content\/uploads\/2024\/09\/Plane_CashBack_no_problem_depsre-noi-214x300.png 214w\" sizes=\"(max-width: 400px) 100vw, 400px\" \/><\/figure><div class=\"elementor-image-box-content\"><h4 class=\"elementor-image-box-title\">Sie gewinnen nicht, 0 Kommission<\/h4><p class=\"elementor-image-box-description\">Das Bewerben ist kostenlos!<\/p><\/div><\/div>\t\t\t\t<\/div>\n\t\t\t\t<\/div>\n\t\t\t\t<div class=\"elementor-element elementor-element-a7cec2d elementor-widget__width-initial elementor-position-top elementor-widget elementor-widget-image-box\" data-id=\"a7cec2d\" data-element_type=\"widget\" data-e-type=\"widget\" data-widget_type=\"image-box.default\">\n\t\t\t\t<div class=\"elementor-widget-container\">\n\t\t\t\t\t<div class=\"elementor-image-box-wrapper\"><figure class=\"elementor-image-box-img\"><img loading=\"lazy\" decoding=\"async\" width=\"400\" height=\"560\" src=\"https:\/\/planecashback.com\/wp-content\/uploads\/2024\/09\/Plane-_cashBack_suport_clineti_depsre-noi.png\" class=\"attachment-full size-full wp-image-3224\" alt=\"\" srcset=\"https:\/\/planecashback.com\/wp-content\/uploads\/2024\/09\/Plane-_cashBack_suport_clineti_depsre-noi.png 400w, https:\/\/planecashback.com\/wp-content\/uploads\/2024\/09\/Plane-_cashBack_suport_clineti_depsre-noi-214x300.png 214w\" sizes=\"(max-width: 400px) 100vw, 400px\" \/><\/figure><div class=\"elementor-image-box-content\"><h4 class=\"elementor-image-box-title\">Kundendienst<\/h4><p class=\"elementor-image-box-description\">Unser Team ist f\u00fcr Sie da!<\/p><\/div><\/div>\t\t\t\t<\/div>\n\t\t\t\t<\/div>\n\t\t\t\t\t<\/div>\n\t\t\t\t<\/div>\n\t\t\t\t<\/div>\n\t\t\t\t\t<\/div>\n\t\t\t\t<\/div>\n\t\t\t\t<\/div>\n\t\t","protected":false},"excerpt":{"rendered":"<p>\u00dcber uns Reklamationsdienste f\u00fcr Produkte auf Basis EU261 Was machen wir? Wir sorgen daf\u00fcr, dass Ihre Rechte in den richtigen H\u00e4nden sind. Bei PlaneCashBack.com ist es uns ein Anliegen, Passagieren dabei zu helfen, ihre Rechte zu verstehen und die ihnen zustehende Entsch\u00e4digung einzufordern. Wir navigieren durch den komplexen Prozess, verhandeln mit den Fluggesellschaften und stellen [&hellip;]<\/p>\n","protected":false},"author":1,"featured_media":0,"parent":0,"menu_order":0,"comment_status":"closed","ping_status":"closed","template":"","meta":{"om_disable_all_campaigns":false,"site-sidebar-layout":"no-sidebar","site-content-layout":"page-builder","ast-site-content-layout":"full-width-container","site-content-style":"unboxed","site-sidebar-style":"unboxed","ast-global-header-display":"","ast-banner-title-visibility":"","ast-main-header-display":"","ast-hfb-above-header-display":"","ast-hfb-below-header-display":"","ast-hfb-mobile-header-display":"","site-post-title":"disabled","ast-breadcrumbs-content":"","ast-featured-img":"disabled","footer-sml-layout":"","ast-disable-related-posts":"","theme-transparent-header-meta":"enabled","adv-header-id-meta":"","stick-header-meta":"","header-above-stick-meta":"","header-main-stick-meta":"","header-below-stick-meta":"","astra-migrate-meta-layouts":"default","ast-page-background-enabled":"default","ast-page-background-meta":{"desktop":{"background-color":"var(--ast-global-color-4)","background-image":"","background-repeat":"repeat","background-position":"center center","background-size":"auto","background-attachment":"scroll","background-type":"","background-media":"","overlay-type":"","overlay-color":"","overlay-opacity":"","overlay-gradient":""},"tablet":{"background-color":"","background-image":"","background-repeat":"repeat","background-position":"center center","background-size":"auto","background-attachment":"scroll","background-type":"","background-media":"","overlay-type":"","overlay-color":"","overlay-opacity":"","overlay-gradient":""},"mobile":{"background-color":"","background-image":"","background-repeat":"repeat","background-position":"center center","background-size":"auto","background-attachment":"scroll","background-type":"","background-media":"","overlay-type":"","overlay-color":"","overlay-opacity":"","overlay-gradient":""}},"ast-content-background-meta":{"desktop":{"background-color":"var(--ast-global-color-5)","background-image":"","background-repeat":"repeat","background-position":"center center","background-size":"auto","background-attachment":"scroll","background-type":"","background-media":"","overlay-type":"","overlay-color":"","overlay-opacity":"","overlay-gradient":""},"tablet":{"background-color":"var(--ast-global-color-5)","background-image":"","background-repeat":"repeat","background-position":"center center","background-size":"auto","background-attachment":"scroll","background-type":"","background-media":"","overlay-type":"","overlay-color":"","overlay-opacity":"","overlay-gradient":""},"mobile":{"background-color":"var(--ast-global-color-5)","background-image":"","background-repeat":"repeat","background-position":"center center","background-size":"auto","background-attachment":"scroll","background-type":"","background-media":"","overlay-type":"","overlay-color":"","overlay-opacity":"","overlay-gradient":""}},"footnotes":""},"class_list":["post-2261","page","type-page","status-publish","hentry"],"aioseo_notices":[],"_links":{"self":[{"href":"https:\/\/planecashback.com\/de\/wp-json\/wp\/v2\/pages\/2261","targetHints":{"allow":["GET"]}}],"collection":[{"href":"https:\/\/planecashback.com\/de\/wp-json\/wp\/v2\/pages"}],"about":[{"href":"https:\/\/planecashback.com\/de\/wp-json\/wp\/v2\/types\/page"}],"author":[{"embeddable":true,"href":"https:\/\/planecashback.com\/de\/wp-json\/wp\/v2\/users\/1"}],"replies":[{"embeddable":true,"href":"https:\/\/planecashback.com\/de\/wp-json\/wp\/v2\/comments?post=2261"}],"version-history":[{"count":5,"href":"https:\/\/planecashback.com\/de\/wp-json\/wp\/v2\/pages\/2261\/revisions"}],"predecessor-version":[{"id":3236,"href":"https:\/\/planecashback.com\/de\/wp-json\/wp\/v2\/pages\/2261\/revisions\/3236"}],"wp:attachment":[{"href":"https:\/\/planecashback.com\/de\/wp-json\/wp\/v2\/media?parent=2261"}],"curies":[{"name":"wp","href":"https:\/\/api.w.org\/{rel}","templated":true}]}}