{"id":2500,"date":"2024-02-15T13:13:12","date_gmt":"2024-02-15T13:13:12","guid":{"rendered":"https:\/\/planecashback.com\/contrato\/"},"modified":"2024-09-17T13:11:06","modified_gmt":"2024-09-17T13:11:06","slug":"contrato","status":"publish","type":"page","link":"https:\/\/planecashback.com\/es\/contrato\/","title":{"rendered":"Contrato"},"content":{"rendered":"\t\t<div data-elementor-type=\"wp-page\" data-elementor-id=\"2500\" class=\"elementor elementor-2500 elementor-1705\">\n\t\t\t\t<div class=\"elementor-element elementor-element-7d1bfd2 e-flex e-con-boxed e-con e-parent\" data-id=\"7d1bfd2\" data-element_type=\"container\" data-e-type=\"container\" data-settings=\"{&quot;background_background&quot;:&quot;classic&quot;}\">\n\t\t\t\t\t<div class=\"e-con-inner\">\n\t\t<div class=\"elementor-element elementor-element-4b324f19 e-con-full e-flex e-con e-child\" data-id=\"4b324f19\" data-element_type=\"container\" data-e-type=\"container\">\n\t\t\t\t<div class=\"elementor-element elementor-element-c4c1f1e elementor-widget elementor-widget-heading\" data-id=\"c4c1f1e\" data-element_type=\"widget\" data-e-type=\"widget\" data-widget_type=\"heading.default\">\n\t\t\t\t<div class=\"elementor-widget-container\">\n\t\t\t\t\t<h2 class=\"elementor-heading-title elementor-size-default\">Contrato de representaci\u00f3n<\/h2>\t\t\t\t<\/div>\n\t\t\t\t<\/div>\n\t\t\t\t<\/div>\n\t\t\t\t\t<\/div>\n\t\t\t\t<\/div>\n\t\t<div class=\"elementor-element elementor-element-2d3a99d9 e-flex e-con-boxed e-con e-parent\" data-id=\"2d3a99d9\" data-element_type=\"container\" data-e-type=\"container\">\n\t\t\t\t\t<div class=\"e-con-inner\">\n\t\t<div class=\"elementor-element elementor-element-27c1a978 e-con-full e-flex e-con e-child\" data-id=\"27c1a978\" data-element_type=\"container\" data-e-type=\"container\">\n\t\t\t\t<div class=\"elementor-element elementor-element-14d4ee0f elementor-widget elementor-widget-text-editor\" data-id=\"14d4ee0f\" data-element_type=\"widget\" data-e-type=\"widget\" data-widget_type=\"text-editor.default\">\n\t\t\t\t<div class=\"elementor-widget-container\">\n\t\t\t\t\t\t\t\t\t<p>WEBSOLL E-COMMERCE SRL empresa constituida y operativa de conformidad con la legislaci\u00f3n rumana, inscrita en el Registro Mercantil junto con el Tribunal de Mures con el n. J26\/1939\/2017, con c\u00f3digo fiscal RO 38432804 y domicilio social en Targu Mures, en calidad de Representante Legal &#8211; en lo sucesivo &#8220;PLANE CASHBACK&#8221;.<\/p>\n<p>Nombre y apellido, persona f\u00edsica, domiciliada en Rumania como Representante &#8211; en adelante denominado &#8220;Cliente representado&#8221; El abajo firmante,<\/p>\n<p>El Cliente Representado declara que tiene derecho de reclamaci\u00f3n contra el operador a\u00e9reo como consecuencia del retraso\/cancelaci\u00f3n del Vuelo. Por la presente presento esta solicitud (en lo sucesivo, la &#8220;Solicitud&#8221;) y este mandato\/contrato de representaci\u00f3n a favor de PLANE CASHBACK.<br \/>\nPor el presente Contrato, yo, el abajo firmante, el Cliente Representado, titular de un cr\u00e9dito adquirido por ministerio de la ley como consecuencia del retraso\/cancelaci\u00f3n del Vuelo, declaro que autorizo a PLANE CASHBACK: <\/p>\n<ul>\n<li>representarme ante cualquier autoridad y entidad jur\u00eddica (por ejemplo, entre otros, operadores a\u00e9reos y operadores de transporte); y tambi\u00e9n mando a WEBSOLL E-COMMERCE SRL. llevar a cabo cualquier procedimiento (incluidos, entre otros, procedimientos preliminares) en mi nombre y\/o en mi representaci\u00f3n con el fin de obtener (reclamar) mi derecho a reclamar contra cualquier persona conforme a la ley (por ejemplo, entre otros: De conformidad con al Reglamento C.E. 261\/2004, Derechos de Vuelo del DOT (Departamento de Transporte) de EE. UU., Reglamento de Pasajeros T\u00edmidos y Convenio de Montreal de 1999) en relaci\u00f3n con el Vuelo.<\/li>\n<\/ul>\n<p><strong>ART.1 Tratamiento de datos.<\/strong>  Yo, el abajo firmante, el Cliente Representado, declaro que autorizo a Plane CashBack a exigir a la compa\u00f1\u00eda a\u00e9rea o a cualquier persona implicada en este procedimiento que no trate mis datos personales en relaci\u00f3n con la reclamaci\u00f3n de conformidad con la legislaci\u00f3n aplicable en materia de protecci\u00f3n de datos, salvo en la medida necesaria para obtener la indemnizaci\u00f3n, en las condiciones y durante el plazo exigidos por la ley.<\/p>\n<p><strong>ART. 2 Denegaci\u00f3n de contacto con el operador a\u00e9reo.<\/strong>  Yo, el abajo firmante, el Cliente Representado, declaro por la presente que a partir de la Fecha de presentaci\u00f3n de la Reclamaci\u00f3n en el sitio web www.planecashback.com y la confirmaci\u00f3n mediante la aceptaci\u00f3n del presente Acuerdo mediante la firma del formulario de representaci\u00f3n\/apoderamiento en l\u00ednea, adjunto y hasta la terminaci\u00f3n del mismo, no iniciar\u00e9 y\/o aceptar\u00e9 ning\u00fan contacto directo\/indirecto con el Transportista A\u00e9reo en relaci\u00f3n con el Vuelo, notificando a PLANE CASHBACK a tal efecto en un plazo de 48 horas desde que intente contactar con el Transportista A\u00e9reo.<\/p>\n<p><strong>ART.3 Representaci\u00f3n exclusiva.<\/strong>  Yo, el abajo firmante, Cliente Representado, declaro que no encargar\u00e9 a ninguna otra persona que obtenga la indemnizaci\u00f3n debida en virtud de la Ley de Vuelo antes de notificarlo a PLANE CASHBACK. contact@planecashback.com www.planecashback.com<\/p>\n<p><strong>ART. 4 Debiendo la comisi\u00f3n (Precio) a PLANE CASHBACK si se obtiene compensaci\u00f3n respecto al Vuelo.<\/strong><\/p>\n<ol>\n<li>Yo, el abajo firmante, el Cliente Representado, declaro que entiendo que si, con posterioridad a la Fecha de Presentaci\u00f3n de la Reclamaci\u00f3n en www.planecashback.com y confirmando la aceptaci\u00f3n del presente Acuerdo mediante la firma del Formulario de Representaci\u00f3n\/Autorizaci\u00f3n en l\u00ednea, obtengo la compensaci\u00f3n debida en virtud de la Ley de VUELOS a trav\u00e9s de PLANE CASHBACK o por cualquier otro m\u00e9todo (por ejemplo, pero sin limitarse a: designar a otra persona para que me represente, aceptar la oferta directamente de la compa\u00f1\u00eda a\u00e9rea, contactar y llegar a un acuerdo directamente con la compa\u00f1\u00eda a\u00e9rea), deber\u00e9 a PLANE CASHBACK la totalidad de la comisi\u00f3n establecida en el presente Acuerdo.<br \/>\nEn otras palabras, declaro que entiendo que, independientemente de la forma en que se me haya satisfecho la reclamaci\u00f3n debida con respecto al Vuelo, deber\u00e9 a PLANE CASHBACK la comisi\u00f3n debida. <\/li>\n<\/ol>\n<ol start=\"2\">\n<li>Yo, el abajo firmante, el Cliente Representado, declaro que si cobro directamente de la compa\u00f1\u00eda a\u00e9rea o de cualquier parte la cantidad de dinero en concepto de compensaci\u00f3n por el Vuelo, deber\u00e9 a PLANE CASHBACK la comisi\u00f3n debida y estoy obligado a notificar a PLANE CASHBACK dicho cobro en un plazo de 30 d\u00edas y a transferir la comisi\u00f3n a PLANE CASHBACK en un plazo de 30 d\u00edas.<br \/>\nEntiendo y acepto que PLANE CASHBACK podr\u00e1 emprender cualquier acci\u00f3n legal para recuperar la comisi\u00f3n de conformidad con las disposiciones del presente acuerdo, as\u00ed como, en su caso, los intereses, sanciones y honorarios de abogados. <\/li>\n<\/ol>\n<ol start=\"3\">\n<li>A modo de ejemplo, pero no limitado a este ejemplo, de conformidad con las disposiciones mencionadas anteriormente en el p\u00e1rr. 1) y p\u00e1rr. 2), Yo, el abajo firmante, el Cliente Representado, entiendo que si con posterioridad a la Fecha de presentaci\u00f3n de la reclamaci\u00f3n en el sitio web www.planecashback.com y la confirmaci\u00f3n de la aceptaci\u00f3n de este contrato mediante la firma del formulario de representaci\u00f3n\/apoderamiento en l\u00ednea, en la fecha de Yo recibo la compensaci\u00f3n debida con respecto al Vuelo, ya sea directamente de la compa\u00f1\u00eda a\u00e9rea (por ejemploRyanAir, AirBucharest), o por cualquier otro m\u00e9todo, independientemente del mecanismo por el que se haya llegado a ella, deber\u00e9 a PLANE CASHBACK la comisi\u00f3n fijada de acuerdo con la tabla de Precios del presente Contrato.<\/li>\n<\/ol>\n<p><strong>ART.5 El derecho de representaci\u00f3n y sustituci\u00f3n.<\/strong>  Yo, el abajo firmante, el Cliente Representado, declaro que concedo a PLANE CASHBACK el pleno derecho de sustituci\u00f3n, entre otros pero no limitado a:<\/p>\n<ul>\n<li>representar legalmente al suscrito, el Cliente Representado, ante terceros en relaci\u00f3n con las compensaciones relativas al Vuelo;<\/li>\n<li>obtener cualquier tipo de informaci\u00f3n necesaria, as\u00ed como iniciar solicitudes de informaci\u00f3n respecto de cualquier acci\u00f3n legal civil o administrativa e iniciar quejas ante los respectivos tribunales u \u00f3rganos administrativos responsables de la implementaci\u00f3n de la regulaci\u00f3n de los derechos de los pasajeros a\u00e9reos, en nombre del Cliente;<\/li>\n<\/ul>\n<ul>\n<li>inicia, dirige y emprende cualquier tipo de negociaci\u00f3n, as\u00ed como medidas legales \u2013 judiciales y extrajudiciales \u2013 para cobrar las reclamaciones del Cliente Representado al operador de transporte;<\/li>\n<li>solicita al operador de transporte que no procese los datos personales del abajo firmante, excepto los necesarios para obtener una compensaci\u00f3n, en las condiciones y durante el plazo previstos por la ley;<\/li>\n<li>cobrar y recibir pagos en relaci\u00f3n con el Reclamo en nombre del Cliente.<\/li>\n<\/ul>\n<p><strong>ART. 6 Tasas e impuestos retenidos por el operador a\u00e9reo.<\/strong> El abajo firmante, el Cliente Representado, declara que entiendo que ciertos operadores a\u00e9reos, al acreditar la compensaci\u00f3n debida, podr\u00e1n retener ciertos impuestos y\/o impuestos (por ejemplo, pero no limitado a: tasas, tasas, tasas de procesamiento, etc.).<\/p>\n<p>A modo de ejemplo, pero no limitado a este ejemplo, el abajo firmante, el Cliente Representado entiende que cualquier compensaci\u00f3n procesada por el operador a\u00e9reo WIZZ AIR a trav\u00e9s de cualquiera de sus compa\u00f1\u00edas afiliadas, retiene una tarifa fija de 50 EUR del monto de la compensaci\u00f3n en fuente, de acuerdo con las condiciones estipuladas en su contrato y de conformidad con lo dispuesto en el art. 6:200 del C\u00f3digo Civil de Hungr\u00eda. Por la presente entiendo que PLANE CASHBACK abonar\u00e1 al abajo firmante la cantidad realmente cobrada a la compa\u00f1\u00eda a\u00e9rea, menos el Precio (comisi\u00f3n) que se especifica a continuaci\u00f3n.<\/p>\n<p><strong>ART\u00cdCULO 7<\/strong> <strong>El precio del contrato.<\/strong> (&#8220;Precio&#8221;) El abajo firmante, el Cliente Representado, declara que entiendo y acepto el siguiente cuadro de precios del presente contrato:<\/p>\n<p><img fetchpriority=\"high\" decoding=\"async\" class=\"wp-image-1798 size-full aligncenter\" src=\"https:\/\/planecashback.com\/wp-content\/uploads\/2024\/02\/Add-a-little-bit-of-body-text-1.png\" alt=\"\" width=\"600\" height=\"280\" srcset=\"https:\/\/planecashback.com\/wp-content\/uploads\/2024\/02\/Add-a-little-bit-of-body-text-1.png 600w, https:\/\/planecashback.com\/wp-content\/uploads\/2024\/02\/Add-a-little-bit-of-body-text-1-300x140.png 300w\" sizes=\"(max-width: 600px) 100vw, 600px\" \/><\/p>\n<p><strong>ART. 8<\/strong> <strong>Condiciones y plazos relativos al pago de la indemnizaci\u00f3n.<\/strong> El abajo firmante, PLANE CASHBACK, reconoce lo siguiente, y el abajo firmante, el Cliente Representado, declara que comprende y acepta lo siguiente:<\/p>\n<ul>\n<li>En un plazo m\u00e1ximo de 60 d\u00edas desde la recepci\u00f3n de la indemnizaci\u00f3n al Cliente Representado en relaci\u00f3n con el Vuelo, lo notificaremos al Cliente Representado para que env\u00ede los datos bancarios de la transferencia.<\/li>\n<li>El t\u00e9rmino mencionado en el p\u00e1rr. 1 anterior comienza a correr desde el momento en que el abajo firmante, PLANE CASHBACK, tiene conocimiento de que la cantidad recibida de la compa\u00f1\u00eda a\u00e9rea es la compensaci\u00f3n por el Vuelo debida al Cliente Representado.<br \/>\nAs\u00ed, si la compa\u00f1\u00eda a\u00e9rea, al realizar la transferencia bancaria, no menciona los datos justificativos del pago, el abajo firmante PLANE CASHBACK se pondr\u00e1 en contacto con la compa\u00f1\u00eda a\u00e9rea en el plazo de 5 d\u00edas desde la recepci\u00f3n del pago para solicitar aclaraciones. <\/li>\n<li>En un plazo m\u00e1ximo de 30 d\u00edas desde que el Cliente Representado haya enviado al abajo firmante los datos bancarios completos y correctos (Nombre, IBAN, etc.), PLANE CASHBACK realizar\u00e1 una transferencia bancaria al Cliente Representado con la indemnizaci\u00f3n derivada de la Reclamaci\u00f3n de Vuelo, con el Precio retenido. El Cliente Representado no puede transmitir los datos bancarios de otra persona, ya que el suscriptor, seg\u00fan la legislaci\u00f3n sobre blanqueo de capitales, no podr\u00e1 realizar este pago. El abajo firmante notificar\u00e1 al Cliente representado dentro de los 30 d\u00edas siguientes a haber enviado datos bancarios incorrectos (IBAN incompleto\/incorrecto\/etc.)<\/li>\n<\/ul>\n<ul>\n<li>El pago anterior se realizar\u00e1 en RON.<br \/>\nAs\u00ed, si el abajo firmante ha recibido la indemnizaci\u00f3n en EUR, efectuar\u00e1 el pago al pasajero en RON.  Si el pasajero declara que no tiene cuenta bancaria en la moneda respectiva, el suscriptor realizar\u00e1 la transferencia bancaria al Cliente Representado en la moneda que \u00e9ste indique, al tipo de cambio B.N.R. establecido ese d\u00eda (o el d\u00eda anterior, para pagos realizados antes de la comunicaci\u00f3n por parte del B.N.R. del tipo de cambio).<\/li>\n<li>Si PLANE CASHBACK no recibe del Cliente Representado los datos bancarios correctos y completos en el plazo de 3 meses a partir de la notificaci\u00f3n enviada al pasajero de la solicitud de transmisi\u00f3n de los datos bancarios para la transferencia (la notificaci\u00f3n mencionada en el Art. 8.1), Plane CashBack no tendr\u00e1 ninguna responsabilidad por el incumplimiento por parte del Cliente Representado de las obligaciones mencionadas en el Art. 8.1.<br \/>\nanterior y\/o la transmisi\u00f3n tard\u00eda de los datos, y el importe de la compensaci\u00f3n total (compensaci\u00f3n obtenida) ser\u00e1 retenido por PLANE CASHBACK al final del periodo de 3 meses. <\/li>\n<li>Como aclaraci\u00f3n y para evitar cualquier confusi\u00f3n, se hace constar que, de conformidad con el Art\u00edculo 8.1 anterior, PLANE CASHBACK solicitar\u00e1 al Cliente Representado que le facilite sus datos bancarios para poder efectuar la transferencia bancaria de la compensaci\u00f3n obtenida en su nombre.<br \/>\nEl Cliente entiende y acepta que PLANE CASHBACK retendr\u00e1 la totalidad de la compensaci\u00f3n (indemnizaci\u00f3n obtenida) si no env\u00eda a PLANE CASHBACK sus datos bancarios correctos y completos en el plazo de 3 meses desde la recepci\u00f3n de dicha notificaci\u00f3n (solicitud).  As\u00ed, se cumplir\u00e1 el objeto del contrato de representaci\u00f3n y \u00e9ste cesar\u00e1.<\/li>\n<\/ul>\n<p><strong>ART. 9 El Precio no se pagar\u00e1 a PLANE CASHBACK si el Cliente Representado no recibe la compensaci\u00f3n.<\/strong><\/p>\n<p>Yo, el abajo firmante, el Cliente Representado, declaro que PLANE CASHBACK me ha notificado que en caso de que no consiga obtener una indemnizaci\u00f3n para el abajo firmante (por ejemplo, pero no limitado a: porque la Reclamaci\u00f3n no sea admisible; porque la compa\u00f1\u00eda a\u00e9rea se niegue a llegar a un acuerdo extrajudicial, etc.), no deber\u00e9 el Precio ni ninguna otra cantidad a PLANE CASHBACK.<\/p>\n\t\t\t\t\t\t\t\t<\/div>\n\t\t\t\t<\/div>\n\t\t\t\t<\/div>\n\t\t\t\t\t<\/div>\n\t\t\t\t<\/div>\n\t\t\t\t<\/div>\n\t\t","protected":false},"excerpt":{"rendered":"<p>Contrato de representaci\u00f3n WEBSOLL E-COMMERCE SRL empresa constituida y operativa de conformidad con la legislaci\u00f3n rumana, inscrita en el Registro Mercantil junto con el Tribunal de Mures con el n. J26\/1939\/2017, con c\u00f3digo fiscal RO 38432804 y domicilio social en Targu Mures, en calidad de Representante Legal &#8211; en lo sucesivo &#8220;PLANE CASHBACK&#8221;. Nombre y [&hellip;]<\/p>\n","protected":false},"author":1,"featured_media":0,"parent":0,"menu_order":0,"comment_status":"closed","ping_status":"closed","template":"","meta":{"om_disable_all_campaigns":false,"site-sidebar-layout":"no-sidebar","site-content-layout":"page-builder","ast-site-content-layout":"full-width-container","site-content-style":"default","site-sidebar-style":"default","ast-global-header-display":"","ast-banner-title-visibility":"","ast-main-header-display":"","ast-hfb-above-header-display":"","ast-hfb-below-header-display":"","ast-hfb-mobile-header-display":"","site-post-title":"disabled","ast-breadcrumbs-content":"","ast-featured-img":"disabled","footer-sml-layout":"","ast-disable-related-posts":"","theme-transparent-header-meta":"","adv-header-id-meta":"","stick-header-meta":"","header-above-stick-meta":"","header-main-stick-meta":"","header-below-stick-meta":"","astra-migrate-meta-layouts":"default","ast-page-background-enabled":"default","ast-page-background-meta":{"desktop":{"background-color":"var(--ast-global-color-4)","background-image":"","background-repeat":"repeat","background-position":"center center","background-size":"auto","background-attachment":"scroll","background-type":"","background-media":"","overlay-type":"","overlay-color":"","overlay-opacity":"","overlay-gradient":""},"tablet":{"background-color":"","background-image":"","background-repeat":"repeat","background-position":"center center","background-size":"auto","background-attachment":"scroll","background-type":"","background-media":"","overlay-type":"","overlay-color":"","overlay-opacity":"","overlay-gradient":""},"mobile":{"background-color":"","background-image":"","background-repeat":"repeat","background-position":"center center","background-size":"auto","background-attachment":"scroll","background-type":"","background-media":"","overlay-type":"","overlay-color":"","overlay-opacity":"","overlay-gradient":""}},"ast-content-background-meta":{"desktop":{"background-color":"var(--ast-global-color-5)","background-image":"","background-repeat":"repeat","background-position":"center center","background-size":"auto","background-attachment":"scroll","background-type":"","background-media":"","overlay-type":"","overlay-color":"","overlay-opacity":"","overlay-gradient":""},"tablet":{"background-color":"var(--ast-global-color-5)","background-image":"","background-repeat":"repeat","background-position":"center center","background-size":"auto","background-attachment":"scroll","background-type":"","background-media":"","overlay-type":"","overlay-color":"","overlay-opacity":"","overlay-gradient":""},"mobile":{"background-color":"var(--ast-global-color-5)","background-image":"","background-repeat":"repeat","background-position":"center center","background-size":"auto","background-attachment":"scroll","background-type":"","background-media":"","overlay-type":"","overlay-color":"","overlay-opacity":"","overlay-gradient":""}},"footnotes":""},"class_list":["post-2500","page","type-page","status-publish","hentry"],"aioseo_notices":[],"_links":{"self":[{"href":"https:\/\/planecashback.com\/es\/wp-json\/wp\/v2\/pages\/2500","targetHints":{"allow":["GET"]}}],"collection":[{"href":"https:\/\/planecashback.com\/es\/wp-json\/wp\/v2\/pages"}],"about":[{"href":"https:\/\/planecashback.com\/es\/wp-json\/wp\/v2\/types\/page"}],"author":[{"embeddable":true,"href":"https:\/\/planecashback.com\/es\/wp-json\/wp\/v2\/users\/1"}],"replies":[{"embeddable":true,"href":"https:\/\/planecashback.com\/es\/wp-json\/wp\/v2\/comments?post=2500"}],"version-history":[{"count":11,"href":"https:\/\/planecashback.com\/es\/wp-json\/wp\/v2\/pages\/2500\/revisions"}],"predecessor-version":[{"id":3349,"href":"https:\/\/planecashback.com\/es\/wp-json\/wp\/v2\/pages\/2500\/revisions\/3349"}],"wp:attachment":[{"href":"https:\/\/planecashback.com\/es\/wp-json\/wp\/v2\/media?parent=2500"}],"curies":[{"name":"wp","href":"https:\/\/api.w.org\/{rel}","templated":true}]}}