{"id":2502,"date":"2024-02-15T09:42:45","date_gmt":"2024-02-15T06:42:45","guid":{"rendered":"https:\/\/planecashback.com\/politica-de-privacidad\/"},"modified":"2024-07-04T10:02:45","modified_gmt":"2024-07-04T10:02:45","slug":"politica-de-privacidad","status":"publish","type":"page","link":"https:\/\/planecashback.com\/es\/politica-de-privacidad\/","title":{"rendered":"Pol\u00edtica de privacidad"},"content":{"rendered":"\t\t<div data-elementor-type=\"wp-page\" data-elementor-id=\"2502\" class=\"elementor elementor-2502 elementor-1654\">\n\t\t\t\t<div class=\"elementor-element elementor-element-3ccd1852 e-flex e-con-boxed e-con e-parent\" data-id=\"3ccd1852\" data-element_type=\"container\" data-e-type=\"container\" data-settings=\"{&quot;background_background&quot;:&quot;classic&quot;}\">\n\t\t\t\t\t<div class=\"e-con-inner\">\n\t\t<div class=\"elementor-element elementor-element-26100c71 e-con-full e-flex e-con e-child\" data-id=\"26100c71\" data-element_type=\"container\" data-e-type=\"container\">\n\t\t\t\t<div class=\"elementor-element elementor-element-36fed1cd elementor-widget elementor-widget-heading\" data-id=\"36fed1cd\" data-element_type=\"widget\" data-e-type=\"widget\" data-widget_type=\"heading.default\">\n\t\t\t\t<div class=\"elementor-widget-container\">\n\t\t\t\t\t<h2 class=\"elementor-heading-title elementor-size-default\">Pol\u00edtica de privacidad<\/h2>\t\t\t\t<\/div>\n\t\t\t\t<\/div>\n\t\t\t\t<\/div>\n\t\t\t\t\t<\/div>\n\t\t\t\t<\/div>\n\t\t<div class=\"elementor-element elementor-element-1f01cb9e e-flex e-con-boxed e-con e-parent\" data-id=\"1f01cb9e\" data-element_type=\"container\" data-e-type=\"container\">\n\t\t\t\t\t<div class=\"e-con-inner\">\n\t\t<div class=\"elementor-element elementor-element-684128f8 e-con-full e-flex e-con e-child\" data-id=\"684128f8\" data-element_type=\"container\" data-e-type=\"container\">\n\t\t\t\t<div class=\"elementor-element elementor-element-677790e0 elementor-widget elementor-widget-text-editor\" data-id=\"677790e0\" data-element_type=\"widget\" data-e-type=\"widget\" data-widget_type=\"text-editor.default\">\n\t\t\t\t<div class=\"elementor-widget-container\">\n\t\t\t\t\t\t\t\t\t<p><strong>Declaraci\u00f3n de Privacidad Websoll E-Commerce SRL<\/strong><\/p>\n<p>como Representante Legal de WEBSOLL E-COMMERCE SRL, una empresa constituida y que opera de conformidad con la legislaci\u00f3n rumana, inscrita en la Oficina del Registro Mercantil junto al Tribunal de Mures con el n. J26\/1939\/2017, con c\u00f3digo fiscal RO 38432804 y sede en Targu Mures,&nbsp; \u2013 para el llamado &#8220;PlaneCashBack&#8221;.<\/p>\n<p>La privacidad es extremadamente importante para nosotros. Cuando hablamos de protecci\u00f3n de datos, cualquier otra pol\u00edtica o declaraci\u00f3n que podamos tener s\u00f3lo estar\u00e1 coordinada con mantener y divulgar sus datos personales de manera adecuada y profesional. Esto se har\u00e1 respetando su privacidad.<\/p>\n<p>Todo lo contenido en esta declaraci\u00f3n de privacidad se referir\u00e1 a Websoll E-Commerce SRL.<\/p>\n<p>Websoll E-Commerce SRL, con domicilio dentro de las fronteras de la Uni\u00f3n Europea, procesar\u00e1 su informaci\u00f3n. datos personales de conformidad con las normas y la legislaci\u00f3n de la UE. Todo el prop\u00f3sito de nuestra empresa est\u00e1 de acuerdo con dicho entorno legislativo.<\/p>\n<p>Todas nuestras actividades relacionadas con la gesti\u00f3n de su informaci\u00f3n personal se explicar\u00e1n en esta declaraci\u00f3n. Desde los tipos de informaci\u00f3n que recopilamos hasta c\u00f3mo gestionaremos el uso de esos datos.<\/p>\n<p>Hemos construido nuestras pol\u00edticas de acuerdo con la normativa de la Uni\u00f3n Europea a partir del n\u00famero 679 de 2016. Esto se llama Reglamento General de Protecci\u00f3n de Datos. Esto ayuda a las personas d\u00e1ndoles derechos para mejorar su privacidad.<\/p>\n<p>Websoll E-Commerce SRL tiene la obligaci\u00f3n de garantizar que esta pol\u00edtica se siga exactamente y que todos los involucrados cumplir\u00e1n con todo lo aqu\u00ed mencionado.<\/p>\n<p>Websoll E-Commerce SRL controlar\u00e1 todos los datos relevantes y su confidencialidad. Todos los m\u00e9todos utilizados para el procesamiento y manipulaci\u00f3n de esta informaci\u00f3n ser\u00e1n debidamente supervisados \u200b\u200by controlados por Websoll E-Commerce SRL.<\/p>\n<p><strong>PRINCIPIOS<\/strong><\/p>\n<p>Todas las pol\u00edticas de Websoll E-Commerce SRL se guiar\u00e1n por los siguientes principios, para asegurar una adecuada gesti\u00f3n de la informaci\u00f3n personal:<\/p>\n<ul>\n<li>La recogida de datos privados y su gesti\u00f3n se realizar\u00e1 de forma transparente, legal y honesta.<\/li>\n<li>Siempre que solicitamos tus datos datos personales, s\u00f3lo lo haremos de forma l\u00edcita y adecuada.<\/li>\n<li>Cuando solicitamos tus datos datos personales, solo lo haremos por motivos relevantes para el seguimiento de su solicitud. de compensaci\u00f3n.<\/li>\n<li>Nos encargaremos de tu informaci\u00f3n. informaci\u00f3n personal de una manera que garantice su exactitud.<\/li>\n<li>Si se nos transmiten ciertos datos y no son para el prop\u00f3sito de este reclamo, entonces nos aseguraremos de que, dentro de nuestros recursos y l\u00edmites razonables, los eliminemos para proteger su privacidad. Dicha rectificaci\u00f3n se realizar\u00e1 a la mayor brevedad posible.<\/li>\n<li>El sistema que almacenar\u00e1 sus datos identificar\u00e1 en un tiempo razonable aquellas partes que ya no son \u00fatiles para el prop\u00f3sito del reclamo y se encargar\u00e1 de eliminarlas de nuestro almacenamiento para garantizar la confidencialidad de su informaci\u00f3n.<\/li>\n<li>Su informaci\u00f3n personal se mantendr\u00e1 en un sistema que garantizar\u00e1 que su seguridad se presentar\u00e1 adecuadamente.<\/li>\n<li>Tu informaci\u00f3n La informaci\u00f3n privada ser\u00e1 revelada a terceros \u00fanicamente con el fin de beneficiarse de su solicitud. de compensaci\u00f3n y s\u00f3lo si se determina que dicha acci\u00f3n es relevante para su caso.<\/li>\n<li>Cuando env\u00edas tus datos datos personales a Websoll E-Commerce SRL, usted podr\u00e1 en cualquier momento retirarlos, eliminarlos, modificarlos o restringirlos de la forma que considere necesaria. Websoll E-Commerce SRL cumplir\u00e1 con los deseos de sus clientes en cualquier aspecto sobre este tema.<\/li>\n<\/ul>\n<p><strong>Informaci\u00f3n personal<\/strong><\/p>\n<p>Se considera dato personal cualquier informaci\u00f3n sobre una persona que pueda conducir a su identificaci\u00f3n y que contenga datos personales sobre esa persona. Nombres, direcciones, n\u00fameros de tel\u00e9fono, fecha de nacimiento y otros son algunos ejemplos de datos personales.<\/p>\n<p><strong>Recopilaci\u00f3n de datos personales<\/strong><\/p>\n<p>Debido a la naturaleza de nuestros servicios, para ayudar a las personas a reclamar su derecho a una compensaci\u00f3n de vuelo, les pediremos que nos proporcionen parte de su informaci\u00f3n personal. Para encontrar una soluci\u00f3n a su problema, primero debemos evaluarlo y para ello identificar todas las variables relacionadas con su situaci\u00f3n.<\/p>\n<p>Para comprobar si una reclamaci\u00f3n se rige por el Reglamento CE 261, necesitaremos que nos proporcionen nombres, direcciones, n\u00fameros de tel\u00e9fono, detalles del vuelo y toda otra informaci\u00f3n personal relevante para establecer si un vuelo se ha retrasado, sobrevendido o cancelado.<\/p>\n<p>Al recopilar esta informaci\u00f3n personal, tambi\u00e9n podremos comunicar detalles relevantes que los pasajeros necesitar\u00e1n saber sobre su situaci\u00f3n. Toda la actividad de Websoll E-Commerce SRL gira en torno a estos principios. Todo el proceso que dar\u00e1 como resultado que el pasajero cobre la compensaci\u00f3n comienza con la recopilaci\u00f3n de los datos personales relevantes para su caso.<\/p>\n<p><strong>Uso de datos personales<\/strong><\/p>\n<p>Los datos recopilados se utilizar\u00e1n para realizar el seguimiento del reclamo del cliente. Websoll E-Commerce SRL conservar\u00e1 estos datos \u00fanicamente durante el per\u00edodo de tiempo necesario para obtener para el Cliente la compensaci\u00f3n a la que tiene derecho seg\u00fan CE 261.<\/p>\n<p>S\u00f3lo el personal designado de Websoll E-Commerce SRL tendr\u00e1 acceso a esta informaci\u00f3n personal. \u00danicamente lo utilizar\u00e1n para el fin para el que fue destinado y con la correspondiente autorizaci\u00f3n.<\/p>\n<p><strong>Uso de cookies<\/strong><\/p>\n<p>Como cualquier otro sitio web, Websoll E-Commerce SRL utilizar\u00e1 cookies que ayudar\u00e1n a nuestra empresa a aprender c\u00f3mo servir mejor a los clientes a quienes brindamos nuestros servicios. Analizar\u00e1 el comportamiento de nuestros usuarios en nuestro sitio web en su conjunto. Los datos presentados a nuestros administradores se clasifican en estad\u00edsticas que no proporcionan informaci\u00f3n sobre individuos.<\/p>\n<p>Todo lo relacionado con las cookies y toda su tecnolog\u00eda est\u00e1 \u00edntegramente implementado en este sitio web. Si no est\u00e1 de acuerdo con esta forma de cooperaci\u00f3n entre usted y el sitio Websoll E-Commerce SRL, entonces la celebraci\u00f3n de un acuerdo ser\u00e1 imposible y, por lo tanto, deber\u00e1 abandonar este sitio y no continuar utilizando nuestros servicios para ayudarlo a pagar su reclamo. .<\/p>\n<p>Hemos incluido m\u00e1s informaci\u00f3n al respecto en el apartado Uso de cookies. L\u00e9alo para obtener m\u00e1s detalles y aclaraciones.<\/p>\n<p><strong>Intercambio de datos personales<\/strong><\/p>\n<p>Las \u00fanicas partes con las que compartiremos sus datos personales ser\u00e1n aquellas que sean objeto del acuerdo. Por este motivo, podremos perseguirlo para obtener la compensaci\u00f3n que le corresponde seg\u00fan el art\u00edculo 261 del CE. Solo divulgaremos datos relevantes a las acciones tomadas por ellos para avanzar y resolver su caso. Cualquier problema al respecto puede dirigirse a uno de los administradores de Websoll E-Commerce SRL, donde podr\u00e1 comentar sus preferencias al respecto. Los datos de contacto para esta acci\u00f3n se pueden encontrar en este sitio web.<\/p>\n<p><strong>Seguridad del procesamiento<\/strong><\/p>\n<p>La forma en que manejaremos todos sus datos personales se realizar\u00e1 de la manera m\u00e1s segura posible. Tanto desde el punto de vista de nuestro personal que tratar\u00e1 estos datos, como cedi\u00e9ndolos a quienes corresponda a trav\u00e9s de redes y plataformas de comunicaci\u00f3n. Garantizando una exposici\u00f3n cero a accidentes o uso indebido de su informaci\u00f3n. privado garantizar\u00e1 un entorno seguro y protegido en el que su aplicaci\u00f3n El reembolso se puede resolver de la mejor manera posible.<\/p>\n<p><strong>Acceso, modificaci\u00f3n y eliminaci\u00f3n de sus datos personales<\/strong><\/p>\n<p>En cualquier momento, el cliente tiene la posibilidad de acceder a sus datos personales y, adem\u00e1s, puede solicitar su supresi\u00f3n o reedici\u00f3n. Para garantizar que todo salga como pretend\u00edamos originalmente, debemos asegurarnos de que se establezca una comunicaci\u00f3n adecuada entre nosotros y el cliente, especialmente al actualizar los datos. Si tiene dudas sobre el tratamiento de sus datos. datos personales o tener una opini\u00f3n sobre su presentaci\u00f3n a terceros, puede utilizar nuestros datos de contacto y establecer una l\u00ednea de comunicaci\u00f3n con nosotros para decidir juntos qu\u00e9 hacer con ellos de una manera que sea satisfactoria para usted.<\/p>\n<p><strong>Responsabilidad<\/strong><\/p>\n<p>En relaci\u00f3n con el Reglamento General de Protecci\u00f3n de Datos, Websoll E-Commerce SRL podr\u00e1 confirmar en cualquier momento el cumplimiento de todos los art\u00edculos incluidos en el RGPD. Como tal, asumimos toda la responsabilidad de todo lo que le concierne. Para garantizar esto, los informes que contengan todos los datos relevantes sobre el asunto que nos ocupa estar\u00e1n bien documentados y podremos demostrar en todo momento nuestro compromiso con estos principios, tanto a las autoridades como a nuestros clientes. Se proporcionar\u00e1n m\u00e1s detalles a este respecto comunic\u00e1ndose con nosotros en funci\u00f3n de los detalles publicados en nuestro sitio web.<\/p>\n<p><strong>Queja<\/strong><\/p>\n<p>Los clientes podr\u00e1n en cualquier momento registrar una queja sobre cualquier aspecto de c\u00f3mo manejamos su informaci\u00f3n personal privada. El personal debidamente designado se asegurar\u00e1 de que dichas quejas se gestionen adecuadamente y el cliente tendr\u00e1 la \u00faltima palabra en cualquier decisi\u00f3n al respecto. Dichas quejas pueden presentarse utilizando los datos de contacto presentados en nuestro sitio web Websoll E-Commerce SRL.<\/p>\n<p><strong>Cambio de pol\u00edtica<\/strong><\/p>\n<p>Todas nuestras pautas de pol\u00edtica est\u00e1n sujetas a cambios seg\u00fan varios factores. Ya sea para cambiar la legislaci\u00f3n o simplemente ajustar el sistema de gesti\u00f3n de Websoll E-Commerce SRL.<\/p>\n<p>Incluso si tenemos derecho a dichos cambios, solo afectar\u00e1n a los clientes que a\u00fan no hayan celebrado un acuerdo con nosotros. En este caso, es probable que nuestro personal designado le notifique en consecuencia. Leer los t\u00e9rminos y toda la informaci\u00f3n relevante puesta a su disposici\u00f3n en nuestro sitio web garantizar\u00e1 que siempre tenga los datos necesarios para ayudarle a tomar la mejor decisi\u00f3n posible para su situaci\u00f3n.<\/p>\t\t\t\t\t\t\t\t<\/div>\n\t\t\t\t<\/div>\n\t\t\t\t<\/div>\n\t\t\t\t\t<\/div>\n\t\t\t\t<\/div>\n\t\t<div class=\"elementor-element elementor-element-662e2110 e-flex e-con-boxed e-con e-parent\" data-id=\"662e2110\" data-element_type=\"container\" data-e-type=\"container\" data-settings=\"{&quot;background_background&quot;:&quot;classic&quot;}\">\n\t\t\t\t\t<div class=\"e-con-inner\">\n\t\t<div class=\"elementor-element elementor-element-12547bc8 e-con-full e-flex e-con e-child\" data-id=\"12547bc8\" data-element_type=\"container\" data-e-type=\"container\">\n\t\t\t\t<div class=\"elementor-element elementor-element-19ba606 elementor-widget elementor-widget-heading\" data-id=\"19ba606\" data-element_type=\"widget\" data-e-type=\"widget\" data-widget_type=\"heading.default\">\n\t\t\t\t<div class=\"elementor-widget-container\">\n\t\t\t\t\t<h2 class=\"elementor-heading-title elementor-size-default\">Conoce tus derechos como pasajero y reclama lo que te corresponde.<\/h2>\t\t\t\t<\/div>\n\t\t\t\t<\/div>\n\t\t\t\t<div class=\"elementor-element elementor-element-29014e2 elementor-align-center elementor-widget elementor-widget-button\" data-id=\"29014e2\" data-element_type=\"widget\" data-e-type=\"widget\" data-widget_type=\"button.default\">\n\t\t\t\t<div class=\"elementor-widget-container\">\n\t\t\t\t\t\t\t\t\t<div class=\"elementor-button-wrapper\">\n\t\t\t\t\t<a class=\"elementor-button elementor-button-link elementor-size-sm\" href=\"https:\/\/planecashback.com\/es\/formulario-de-compensacion\/\">\n\t\t\t\t\t\t<span class=\"elementor-button-content-wrapper\">\n\t\t\t\t\t\t\t\t\t<span class=\"elementor-button-text\">Quiero una compensaci\u00f3n ahora<\/span>\n\t\t\t\t\t<\/span>\n\t\t\t\t\t<\/a>\n\t\t\t\t<\/div>\n\t\t\t\t\t\t\t\t<\/div>\n\t\t\t\t<\/div>\n\t\t\t\t<\/div>\n\t\t\t\t\t<\/div>\n\t\t\t\t<\/div>\n\t\t\t\t<\/div>\n\t\t","protected":false},"excerpt":{"rendered":"<p>Pol\u00edtica de privacidad Declaraci\u00f3n de Privacidad Websoll E-Commerce SRL como Representante Legal de WEBSOLL E-COMMERCE SRL, una empresa constituida y que opera de conformidad con la legislaci\u00f3n rumana, inscrita en la Oficina del Registro Mercantil junto al Tribunal de Mures con el n. J26\/1939\/2017, con c\u00f3digo fiscal RO 38432804 y sede en Targu Mures,&nbsp; \u2013 [&hellip;]<\/p>\n","protected":false},"author":1,"featured_media":0,"parent":0,"menu_order":0,"comment_status":"closed","ping_status":"closed","template":"","meta":{"om_disable_all_campaigns":false,"site-sidebar-layout":"no-sidebar","site-content-layout":"page-builder","ast-site-content-layout":"full-width-container","site-content-style":"default","site-sidebar-style":"default","ast-global-header-display":"","ast-banner-title-visibility":"","ast-main-header-display":"","ast-hfb-above-header-display":"","ast-hfb-below-header-display":"","ast-hfb-mobile-header-display":"","site-post-title":"disabled","ast-breadcrumbs-content":"","ast-featured-img":"disabled","footer-sml-layout":"","ast-disable-related-posts":"","theme-transparent-header-meta":"","adv-header-id-meta":"","stick-header-meta":"","header-above-stick-meta":"","header-main-stick-meta":"","header-below-stick-meta":"","astra-migrate-meta-layouts":"default","ast-page-background-enabled":"default","ast-page-background-meta":{"desktop":{"background-color":"var(--ast-global-color-4)","background-image":"","background-repeat":"repeat","background-position":"center center","background-size":"auto","background-attachment":"scroll","background-type":"","background-media":"","overlay-type":"","overlay-color":"","overlay-opacity":"","overlay-gradient":""},"tablet":{"background-color":"","background-image":"","background-repeat":"repeat","background-position":"center center","background-size":"auto","background-attachment":"scroll","background-type":"","background-media":"","overlay-type":"","overlay-color":"","overlay-opacity":"","overlay-gradient":""},"mobile":{"background-color":"","background-image":"","background-repeat":"repeat","background-position":"center center","background-size":"auto","background-attachment":"scroll","background-type":"","background-media":"","overlay-type":"","overlay-color":"","overlay-opacity":"","overlay-gradient":""}},"ast-content-background-meta":{"desktop":{"background-color":"var(--ast-global-color-5)","background-image":"","background-repeat":"repeat","background-position":"center center","background-size":"auto","background-attachment":"scroll","background-type":"","background-media":"","overlay-type":"","overlay-color":"","overlay-opacity":"","overlay-gradient":""},"tablet":{"background-color":"var(--ast-global-color-5)","background-image":"","background-repeat":"repeat","background-position":"center center","background-size":"auto","background-attachment":"scroll","background-type":"","background-media":"","overlay-type":"","overlay-color":"","overlay-opacity":"","overlay-gradient":""},"mobile":{"background-color":"var(--ast-global-color-5)","background-image":"","background-repeat":"repeat","background-position":"center center","background-size":"auto","background-attachment":"scroll","background-type":"","background-media":"","overlay-type":"","overlay-color":"","overlay-opacity":"","overlay-gradient":""}},"footnotes":""},"class_list":["post-2502","page","type-page","status-publish","hentry"],"aioseo_notices":[],"_links":{"self":[{"href":"https:\/\/planecashback.com\/es\/wp-json\/wp\/v2\/pages\/2502","targetHints":{"allow":["GET"]}}],"collection":[{"href":"https:\/\/planecashback.com\/es\/wp-json\/wp\/v2\/pages"}],"about":[{"href":"https:\/\/planecashback.com\/es\/wp-json\/wp\/v2\/types\/page"}],"author":[{"embeddable":true,"href":"https:\/\/planecashback.com\/es\/wp-json\/wp\/v2\/users\/1"}],"replies":[{"embeddable":true,"href":"https:\/\/planecashback.com\/es\/wp-json\/wp\/v2\/comments?post=2502"}],"version-history":[{"count":4,"href":"https:\/\/planecashback.com\/es\/wp-json\/wp\/v2\/pages\/2502\/revisions"}],"predecessor-version":[{"id":3027,"href":"https:\/\/planecashback.com\/es\/wp-json\/wp\/v2\/pages\/2502\/revisions\/3027"}],"wp:attachment":[{"href":"https:\/\/planecashback.com\/es\/wp-json\/wp\/v2\/media?parent=2502"}],"curies":[{"name":"wp","href":"https:\/\/api.w.org\/{rel}","templated":true}]}}