{"id":2504,"date":"2024-02-15T09:32:16","date_gmt":"2024-02-15T09:32:16","guid":{"rendered":"https:\/\/planecashback.com\/politica-de-cookies\/"},"modified":"2024-07-04T10:02:52","modified_gmt":"2024-07-04T10:02:52","slug":"politica-de-cookies","status":"publish","type":"page","link":"https:\/\/planecashback.com\/es\/politica-de-cookies\/","title":{"rendered":"Pol\u00edtica de cookies"},"content":{"rendered":"\t\t<div data-elementor-type=\"wp-page\" data-elementor-id=\"2504\" class=\"elementor elementor-2504 elementor-1642\">\n\t\t\t\t<div class=\"elementor-element elementor-element-d234e7a e-flex e-con-boxed e-con e-parent\" data-id=\"d234e7a\" data-element_type=\"container\" data-e-type=\"container\" data-settings=\"{&quot;background_background&quot;:&quot;classic&quot;}\">\n\t\t\t\t\t<div class=\"e-con-inner\">\n\t\t<div class=\"elementor-element elementor-element-6bfd90b3 e-con-full e-flex e-con e-child\" data-id=\"6bfd90b3\" data-element_type=\"container\" data-e-type=\"container\">\n\t\t\t\t<div class=\"elementor-element elementor-element-198cbc5e elementor-widget elementor-widget-heading\" data-id=\"198cbc5e\" data-element_type=\"widget\" data-e-type=\"widget\" data-widget_type=\"heading.default\">\n\t\t\t\t<div class=\"elementor-widget-container\">\n\t\t\t\t\t<h2 class=\"elementor-heading-title elementor-size-default\">Politica cookies<\/h2>\t\t\t\t<\/div>\n\t\t\t\t<\/div>\n\t\t\t\t<\/div>\n\t\t\t\t\t<\/div>\n\t\t\t\t<\/div>\n\t\t<div class=\"elementor-element elementor-element-52a02d49 e-flex e-con-boxed e-con e-parent\" data-id=\"52a02d49\" data-element_type=\"container\" data-e-type=\"container\">\n\t\t\t\t\t<div class=\"e-con-inner\">\n\t\t<div class=\"elementor-element elementor-element-2c0ae9b2 e-con-full e-flex e-con e-child\" data-id=\"2c0ae9b2\" data-element_type=\"container\" data-e-type=\"container\">\n\t\t\t\t<div class=\"elementor-element elementor-element-56786258 elementor-widget elementor-widget-text-editor\" data-id=\"56786258\" data-element_type=\"widget\" data-e-type=\"widget\" data-widget_type=\"text-editor.default\">\n\t\t\t\t<div class=\"elementor-widget-container\">\n\t\t\t\t\t\t\t\t\t<p>PlaneCashBack respeta su privacidad y se compromete a proteger cualquier informaci\u00f3n personal que pueda enviar a trav\u00e9s de nuestro sitio. La siguiente informaci\u00f3n est\u00e1 dise\u00f1ada para ayudarlo a comprender qu\u00e9 informaci\u00f3n recopila PlaneCashBack del Sitio y c\u00f3mo se administra esa informaci\u00f3n. Lea tambi\u00e9n nuestra Declaraci\u00f3n de Privacidad.<\/p>\n<p>Para que el sitio funcione correctamente, a veces colocamos peque\u00f1as cookies en los dispositivos de los usuarios. La mayor\u00eda de los sitios grandes hacen esto. Al acceder, navegar y\/o utilizar nuestro sitio web, usted reconoce, sin limitaci\u00f3n ni calificaci\u00f3n, que ha le\u00eddo, comprendido y aceptado regirse por los t\u00e9rminos y condiciones de esta pol\u00edtica y por lo tanto acepta el uso de cookies de acuerdo con estos t\u00e9rminos.<\/p>\n<p>\u00bfQu\u00e9 son las galletas? Una cookie es un peque\u00f1o archivo de texto que un sitio web guarda en su computadora o dispositivo m\u00f3vil cuando visita un sitio web. Permite que el sitio web recuerde las acciones y preferencias del usuario (como fechas de registro, idioma, tama\u00f1o de fuente y otras preferencias de visualizaci\u00f3n) durante un per\u00edodo de tiempo para que el usuario no tenga que volver a ingresarlas cada vez que regrese al sitio o navegar de una p\u00e1gina a otra.<\/p>\n<p>\u00bfCu\u00e1les son los diferentes tipos de cookies? Una cookie se puede clasificar seg\u00fan su duraci\u00f3n y el dominio al que pertenece. Dependiendo de la vida \u00fatil, una cookie es:<\/p>\n<ul>\n<li>una cookie de sesi\u00f3n que se elimina cuando cierra su navegador o<\/li>\n<li>una cookie persistente que permanece en su computadora\/dispositivo durante un per\u00edodo de tiempo predefinido.<\/li>\n<\/ul>\n<p>En cuanto al campo al que pertenecen, son:<\/p>\n<ul>\n<li>cookies primarias establecidas por PlaneCashBack o<\/li>\n<li>Cookies de terceros, almacenadas por un dominio diferente al dominio de la p\u00e1gina visitada.<\/li>\n<\/ul>\n<p>C\u00f3mo usamos las cookies? Nuestro sitio web utiliza cookies para garantizar la mejor experiencia de usuario. Utilizamos cookies de sesi\u00f3n y persistentes en nuestro sitio web. Habilitar cookies propias y de terceros no es estrictamente necesario para que el sitio web funcione, pero proporcionar\u00e1 una mejor experiencia de navegaci\u00f3n. Estas cookies se pueden eliminar o bloquear, pero si lo hace, es posible que ciertas funciones de este sitio web ya no funcionen seg\u00fan lo dise\u00f1ado.<\/p>\n<p>La informaci\u00f3n de las cookies no se utiliza para identificarlo personalmente y los datos anal\u00edticos est\u00e1n totalmente bajo nuestro control. Nuestras cookies no se utilizan para fines distintos a los descritos anteriormente.<\/p>\n<p>\u00bfQu\u00e9 cookies utilizamos? Utilizamos cookies propias para recordar acciones y preferencias personalizadas. Tambi\u00e9n utilizamos nuestras cookies de origen para ayudarle a realizar acciones sin tener que ingresar informaci\u00f3n cuando navega de una p\u00e1gina a otra o cuando visita el sitio m\u00e1s tarde.<\/p>\n<p>Utilizamos cookies de terceros para mejorar la experiencia del usuario con an\u00e1lisis digitales y personalizaci\u00f3n en tiempo real. Tambi\u00e9n utilizamos cookies de terceros para publicidad conductual en l\u00ednea y para mostrar anuncios relevantes a elementos que el usuario ha buscado en el pasado.<\/p>\n<p>\u00bfC\u00f3mo se pueden controlar las cookies? Puede controlar y\/o eliminar las cookies como desee; para obtener m\u00e1s informaci\u00f3n, visite aboutcookies.org. Puede eliminar todas las cookies que ya est\u00e1n en su computadora y configurar la mayor\u00eda de los navegadores para evitar su colocaci\u00f3n. Si elige bloquear nuestras cookies, deber\u00e1 cambiar manualmente algunas preferencias cada vez que visite nuestro sitio y es posible que algunos servicios y funciones no funcionen.<\/p>\n<p>Esta pol\u00edtica puede actualizarse peri\u00f3dicamente, por ejemplo, como resultado de cambios en la legislaci\u00f3n pertinente o cambios en la estructura corporativa de PlaneCashBack. Le recomendamos que visite esta p\u00e1gina peri\u00f3dicamente para obtener la informaci\u00f3n m\u00e1s reciente sobre nuestra pol\u00edtica de cookies.<\/p><\/p>\n\t\t\t\t\t\t\t\t<\/div>\n\t\t\t\t<\/div>\n\t\t\t\t<\/div>\n\t\t\t\t\t<\/div>\n\t\t\t\t<\/div>\n\t\t<div class=\"elementor-element elementor-element-4fffb53d e-flex e-con-boxed e-con e-parent\" data-id=\"4fffb53d\" data-element_type=\"container\" data-e-type=\"container\" data-settings=\"{&quot;background_background&quot;:&quot;classic&quot;}\">\n\t\t\t\t\t<div class=\"e-con-inner\">\n\t\t<div class=\"elementor-element elementor-element-53c59d70 e-con-full e-flex e-con e-child\" data-id=\"53c59d70\" data-element_type=\"container\" data-e-type=\"container\">\n\t\t\t\t<div class=\"elementor-element elementor-element-1f948769 elementor-widget elementor-widget-heading\" data-id=\"1f948769\" data-element_type=\"widget\" data-e-type=\"widget\" data-widget_type=\"heading.default\">\n\t\t\t\t<div class=\"elementor-widget-container\">\n\t\t\t\t\t<h2 class=\"elementor-heading-title elementor-size-default\">Conoce tus derechos como pasajero y reclama lo que te corresponde.<\/h2>\t\t\t\t<\/div>\n\t\t\t\t<\/div>\n\t\t\t\t<div class=\"elementor-element elementor-element-4f146e5 elementor-align-center elementor-widget elementor-widget-button\" data-id=\"4f146e5\" data-element_type=\"widget\" data-e-type=\"widget\" data-widget_type=\"button.default\">\n\t\t\t\t<div class=\"elementor-widget-container\">\n\t\t\t\t\t\t\t\t\t<div class=\"elementor-button-wrapper\">\n\t\t\t\t\t<a class=\"elementor-button elementor-button-link elementor-size-sm\" href=\"https:\/\/planecashback.com\/es\/formulario-de-compensacion\/\">\n\t\t\t\t\t\t<span class=\"elementor-button-content-wrapper\">\n\t\t\t\t\t\t\t\t\t<span class=\"elementor-button-text\">Quiero una compensaci\u00f3n ahora<\/span>\n\t\t\t\t\t<\/span>\n\t\t\t\t\t<\/a>\n\t\t\t\t<\/div>\n\t\t\t\t\t\t\t\t<\/div>\n\t\t\t\t<\/div>\n\t\t\t\t<\/div>\n\t\t\t\t\t<\/div>\n\t\t\t\t<\/div>\n\t\t\t\t<\/div>\n\t\t","protected":false},"excerpt":{"rendered":"<p>Politica cookies PlaneCashBack respeta su privacidad y se compromete a proteger cualquier informaci\u00f3n personal que pueda enviar a trav\u00e9s de nuestro sitio. La siguiente informaci\u00f3n est\u00e1 dise\u00f1ada para ayudarlo a comprender qu\u00e9 informaci\u00f3n recopila PlaneCashBack del Sitio y c\u00f3mo se administra esa informaci\u00f3n. Lea tambi\u00e9n nuestra Declaraci\u00f3n de Privacidad. Para que el sitio funcione correctamente, [&hellip;]<\/p>\n","protected":false},"author":1,"featured_media":0,"parent":0,"menu_order":0,"comment_status":"closed","ping_status":"closed","template":"","meta":{"om_disable_all_campaigns":false,"site-sidebar-layout":"no-sidebar","site-content-layout":"page-builder","ast-site-content-layout":"full-width-container","site-content-style":"default","site-sidebar-style":"default","ast-global-header-display":"","ast-banner-title-visibility":"","ast-main-header-display":"","ast-hfb-above-header-display":"","ast-hfb-below-header-display":"","ast-hfb-mobile-header-display":"","site-post-title":"disabled","ast-breadcrumbs-content":"","ast-featured-img":"disabled","footer-sml-layout":"","ast-disable-related-posts":"","theme-transparent-header-meta":"","adv-header-id-meta":"","stick-header-meta":"","header-above-stick-meta":"","header-main-stick-meta":"","header-below-stick-meta":"","astra-migrate-meta-layouts":"default","ast-page-background-enabled":"default","ast-page-background-meta":{"desktop":{"background-color":"var(--ast-global-color-4)","background-image":"","background-repeat":"repeat","background-position":"center center","background-size":"auto","background-attachment":"scroll","background-type":"","background-media":"","overlay-type":"","overlay-color":"","overlay-opacity":"","overlay-gradient":""},"tablet":{"background-color":"","background-image":"","background-repeat":"repeat","background-position":"center center","background-size":"auto","background-attachment":"scroll","background-type":"","background-media":"","overlay-type":"","overlay-color":"","overlay-opacity":"","overlay-gradient":""},"mobile":{"background-color":"","background-image":"","background-repeat":"repeat","background-position":"center center","background-size":"auto","background-attachment":"scroll","background-type":"","background-media":"","overlay-type":"","overlay-color":"","overlay-opacity":"","overlay-gradient":""}},"ast-content-background-meta":{"desktop":{"background-color":"var(--ast-global-color-5)","background-image":"","background-repeat":"repeat","background-position":"center center","background-size":"auto","background-attachment":"scroll","background-type":"","background-media":"","overlay-type":"","overlay-color":"","overlay-opacity":"","overlay-gradient":""},"tablet":{"background-color":"var(--ast-global-color-5)","background-image":"","background-repeat":"repeat","background-position":"center center","background-size":"auto","background-attachment":"scroll","background-type":"","background-media":"","overlay-type":"","overlay-color":"","overlay-opacity":"","overlay-gradient":""},"mobile":{"background-color":"var(--ast-global-color-5)","background-image":"","background-repeat":"repeat","background-position":"center center","background-size":"auto","background-attachment":"scroll","background-type":"","background-media":"","overlay-type":"","overlay-color":"","overlay-opacity":"","overlay-gradient":""}},"footnotes":""},"class_list":["post-2504","page","type-page","status-publish","hentry"],"aioseo_notices":[],"_links":{"self":[{"href":"https:\/\/planecashback.com\/es\/wp-json\/wp\/v2\/pages\/2504","targetHints":{"allow":["GET"]}}],"collection":[{"href":"https:\/\/planecashback.com\/es\/wp-json\/wp\/v2\/pages"}],"about":[{"href":"https:\/\/planecashback.com\/es\/wp-json\/wp\/v2\/types\/page"}],"author":[{"embeddable":true,"href":"https:\/\/planecashback.com\/es\/wp-json\/wp\/v2\/users\/1"}],"replies":[{"embeddable":true,"href":"https:\/\/planecashback.com\/es\/wp-json\/wp\/v2\/comments?post=2504"}],"version-history":[{"count":3,"href":"https:\/\/planecashback.com\/es\/wp-json\/wp\/v2\/pages\/2504\/revisions"}],"predecessor-version":[{"id":3039,"href":"https:\/\/planecashback.com\/es\/wp-json\/wp\/v2\/pages\/2504\/revisions\/3039"}],"wp:attachment":[{"href":"https:\/\/planecashback.com\/es\/wp-json\/wp\/v2\/media?parent=2504"}],"curies":[{"name":"wp","href":"https:\/\/api.w.org\/{rel}","templated":true}]}}