{"id":2532,"date":"2024-02-15T08:15:20","date_gmt":"2024-02-15T08:15:20","guid":{"rendered":"https:\/\/planecashback.com\/tarifas\/"},"modified":"2024-07-04T10:03:05","modified_gmt":"2024-07-04T10:03:05","slug":"tarifas","status":"publish","type":"page","link":"https:\/\/planecashback.com\/es\/tarifas\/","title":{"rendered":"Tarifas"},"content":{"rendered":"\t\t<div data-elementor-type=\"wp-page\" data-elementor-id=\"2532\" class=\"elementor elementor-2532 elementor-1607\">\n\t\t\t\t<div class=\"elementor-element elementor-element-6638e19e e-flex e-con-boxed e-con e-parent\" data-id=\"6638e19e\" data-element_type=\"container\" data-e-type=\"container\" data-settings=\"{&quot;background_background&quot;:&quot;classic&quot;}\">\n\t\t\t\t\t<div class=\"e-con-inner\">\n\t\t<div class=\"elementor-element elementor-element-3662daea e-con-full e-flex e-con e-child\" data-id=\"3662daea\" data-element_type=\"container\" data-e-type=\"container\">\n\t\t\t\t<div class=\"elementor-element elementor-element-2d0373cb elementor-widget elementor-widget-heading\" data-id=\"2d0373cb\" data-element_type=\"widget\" data-e-type=\"widget\" data-widget_type=\"heading.default\">\n\t\t\t\t<div class=\"elementor-widget-container\">\n\t\t\t\t\t<h2 class=\"elementor-heading-title elementor-size-default\">Tarifas<\/h2>\t\t\t\t<\/div>\n\t\t\t\t<\/div>\n\t\t\t\t<\/div>\n\t\t\t\t\t<\/div>\n\t\t\t\t<\/div>\n\t\t<div class=\"elementor-element elementor-element-24ec2aa8 e-flex e-con-boxed e-con e-parent\" data-id=\"24ec2aa8\" data-element_type=\"container\" data-e-type=\"container\">\n\t\t\t\t\t<div class=\"e-con-inner\">\n\t\t<div class=\"elementor-element elementor-element-399db96b e-con-full e-flex e-con e-child\" data-id=\"399db96b\" data-element_type=\"container\" data-e-type=\"container\">\n\t\t\t\t<div class=\"elementor-element elementor-element-65bf03dc elementor-widget elementor-widget-text-editor\" data-id=\"65bf03dc\" data-element_type=\"widget\" data-e-type=\"widget\" data-widget_type=\"text-editor.default\">\n\t\t\t\t<div class=\"elementor-widget-container\">\n\t\t\t\t\t\t\t\t\t<p>Colaboraci\u00f3n con PlaneCashBack <strong>no est\u00e1 condicionado al pago de ninguna tasa previa.<\/strong><\/p>\n<p>Nuestro lema es: <strong>&#8220;Comisi\u00f3n CERO si no recibes compensaci\u00f3n.&#8221;<\/strong><\/p>\n<p>Si recibe una compensaci\u00f3n, la comisi\u00f3n que cobramos nosotros es del <strong>25% + IVA<\/strong> del valor de la compensaci\u00f3n.(<strong>Se deducir\u00e1 del monto de su compensaci\u00f3n cuando la reciba.<\/strong>)<\/p>\n<p>Para reclamos relacionados con CE 261, se aplica lo siguiente al cargo por servicio:<\/p>\n<p>Para vuelos de 1500 km o menos, el cliente recibir\u00e1 una compensaci\u00f3n de 250 \u20ac y deber\u00e1 pagar una tarifa de servicio igual al 25% + IVA.<\/p>\n<p>Para los vuelos denominados intracomunitarios de longitud superior a 1.500 km, as\u00ed como para los vuelos entre 1.500 km y 3.500 km, el cliente recibir\u00e1 una compensaci\u00f3n de 400 euros. Por tanto, el cliente tendr\u00e1 que pagar un cargo por servicio de s\u00f3lo el 25% + IVA. Respecto al resto de vuelos no especificados anteriormente, si el cliente obtiene derecho a recibir 600\u20ac, el 25% + IVA de la compensaci\u00f3n ser\u00e1 el cargo por servicio.<\/p>\n<p>Para los vuelos descritos anteriormente, aquellos para los cuales el cliente no tiene derecho a ninguno de los importes de 250\u20ac, 400\u20ac o 600\u20ac, el cliente NO tiene que pagar el importe del 25% + IVA como cargo por servicio de su compensaci\u00f3n de vuelo. .<\/p>\n<p>Para otro tipo de reclamaciones, distintas a las previstas en las solicitudes CE 261, la tarifa del servicio se deducir\u00e1 de la siguiente manera:<\/p>\n<p>Si el cliente obtiene una compensaci\u00f3n de vuelo de 201-300 EUR, deber\u00e1 pagar una tarifa de servicio del 25% + IVA. Si el cliente obtiene una compensaci\u00f3n de vuelo de 301-400 EUR, pagar\u00e1 una comisi\u00f3n del 25% + IVA.<\/p>\n<p>Si el cliente obtiene una compensaci\u00f3n por un vuelo de 401-500 EUR, deber\u00e1 pagar una tarifa de servicio del 25% + IVA. Si el cliente obtiene una compensaci\u00f3n de vuelo de 501-600 EUR, deber\u00e1 pagar una tarifa de servicio del 25% + IVA.<\/p>\n<p>Si el cliente obtiene una compensaci\u00f3n de vuelo de 601-800 EUR, deber\u00e1 pagar una tarifa de servicio del 25% + IVA. Si el cliente obtiene una compensaci\u00f3n de vuelo de 801-1000 EUR, pagar\u00e1 una tarifa de servicio del 25% + IVA.<\/p>\n<p>WEBSOLL E-COMMERCE SRL empresa constituida y operativa de conformidad con la legislaci\u00f3n rumana, inscrita en el Registro Mercantil junto con el Tribunal de Mures con el n. J26\/1939\/2017, con NIF RO 38432804 y sede en Targu Mures, como Representante Legal &#8211; &#8220;PLAIN CASH BACK&#8221;.<\/p>\n<p>Garant\u00eda del valor de la compensaci\u00f3n del vuelo El cliente tendr\u00e1 en todo momento la seguridad de que Websoll E-Commerce SRL garantizar\u00e1 la exactitud y exactitud del valor de la compensaci\u00f3n que recibir\u00e1.<\/p>\n<p>Si se cumplen todos los criterios de la solicitud de acuerdo con EC261, el cliente tendr\u00e1 derecho a recibir de Websoll E-Commerce SRL el importe correcto en EUR.<\/p>\n<p>Adem\u00e1s, para aclarar m\u00e1s, cualquier compensaci\u00f3n resultante de una reclamaci\u00f3n EC261 se pagar\u00e1 en EUR.<\/p>\n<p>Por lo tanto, la compensaci\u00f3n recibida como resultado de los esfuerzos realizados por Websoll E-Commerce SRL ser\u00e1 procesada de manera completamente transparente. Por este motivo, el cliente podr\u00e1 comprobar satisfactoriamente que Websoll E-Commerce SRL ha cumplido con sus obligaciones de conformidad con el EC261.<\/p>\n<p>Tarifa de transferencia bancaria internacional Los costos y gastos adicionales relacionados con transferencias bancarias no ser\u00e1n responsabilidad de Websoll E-Commerce SRL. Incluso si se espera que el monto de estos gastos sea inconsistente o relevante en la mayor\u00eda de los casos, nos reservamos el derecho de no ser responsables de ellos debido a diferentes pol\u00edticas bancarias.<\/p>\n<p>Otras tarifas Todos los precios y tarifas enumerados en la Lista de precios de Websoll E-Commerce SRL no implicar\u00e1n tarifas adicionales u otros impuestos o formas de tributaci\u00f3n de nuestra parte. Los importes indicados ser\u00e1n los \u00fanicos que tendr\u00e1s que pagar y se deducir\u00e1n de tu dieta a la llegada.<\/p>\n\t\t\t\t\t\t\t\t<\/div>\n\t\t\t\t<\/div>\n\t\t\t\t<\/div>\n\t\t\t\t\t<\/div>\n\t\t\t\t<\/div>\n\t\t<div class=\"elementor-element elementor-element-525a35c4 e-flex e-con-boxed e-con e-parent\" data-id=\"525a35c4\" data-element_type=\"container\" data-e-type=\"container\" data-settings=\"{&quot;background_background&quot;:&quot;classic&quot;}\">\n\t\t\t\t\t<div class=\"e-con-inner\">\n\t\t<div class=\"elementor-element elementor-element-4b921055 e-con-full e-flex e-con e-child\" data-id=\"4b921055\" data-element_type=\"container\" data-e-type=\"container\">\n\t\t\t\t<div class=\"elementor-element elementor-element-73f42dd6 elementor-widget elementor-widget-heading\" data-id=\"73f42dd6\" data-element_type=\"widget\" data-e-type=\"widget\" data-widget_type=\"heading.default\">\n\t\t\t\t<div class=\"elementor-widget-container\">\n\t\t\t\t\t<h2 class=\"elementor-heading-title elementor-size-default\">Conoce tus derechos como pasajero y reclama lo que te corresponde.<\/h2>\t\t\t\t<\/div>\n\t\t\t\t<\/div>\n\t\t\t\t<div class=\"elementor-element elementor-element-40f56ea elementor-align-center elementor-widget elementor-widget-button\" data-id=\"40f56ea\" data-element_type=\"widget\" data-e-type=\"widget\" data-widget_type=\"button.default\">\n\t\t\t\t<div class=\"elementor-widget-container\">\n\t\t\t\t\t\t\t\t\t<div class=\"elementor-button-wrapper\">\n\t\t\t\t\t<a class=\"elementor-button elementor-button-link elementor-size-sm\" href=\"https:\/\/planecashback.com\/es\/formulario-de-compensacion\/\">\n\t\t\t\t\t\t<span class=\"elementor-button-content-wrapper\">\n\t\t\t\t\t\t\t\t\t<span class=\"elementor-button-text\">Quiero una compensaci\u00f3n ahora<\/span>\n\t\t\t\t\t<\/span>\n\t\t\t\t\t<\/a>\n\t\t\t\t<\/div>\n\t\t\t\t\t\t\t\t<\/div>\n\t\t\t\t<\/div>\n\t\t\t\t<\/div>\n\t\t\t\t\t<\/div>\n\t\t\t\t<\/div>\n\t\t\t\t<\/div>\n\t\t","protected":false},"excerpt":{"rendered":"<p>Tarifas Colaboraci\u00f3n con PlaneCashBack no est\u00e1 condicionado al pago de ninguna tasa previa. Nuestro lema es: &#8220;Comisi\u00f3n CERO si no recibes compensaci\u00f3n.&#8221; Si recibe una compensaci\u00f3n, la comisi\u00f3n que cobramos nosotros es del 25% + IVA del valor de la compensaci\u00f3n.(Se deducir\u00e1 del monto de su compensaci\u00f3n cuando la reciba.) Para reclamos relacionados con CE [&hellip;]<\/p>\n","protected":false},"author":1,"featured_media":0,"parent":0,"menu_order":0,"comment_status":"closed","ping_status":"closed","template":"","meta":{"om_disable_all_campaigns":false,"site-sidebar-layout":"no-sidebar","site-content-layout":"page-builder","ast-site-content-layout":"full-width-container","site-content-style":"default","site-sidebar-style":"default","ast-global-header-display":"","ast-banner-title-visibility":"","ast-main-header-display":"","ast-hfb-above-header-display":"","ast-hfb-below-header-display":"","ast-hfb-mobile-header-display":"","site-post-title":"disabled","ast-breadcrumbs-content":"","ast-featured-img":"disabled","footer-sml-layout":"","ast-disable-related-posts":"","theme-transparent-header-meta":"","adv-header-id-meta":"","stick-header-meta":"","header-above-stick-meta":"","header-main-stick-meta":"","header-below-stick-meta":"","astra-migrate-meta-layouts":"default","ast-page-background-enabled":"default","ast-page-background-meta":{"desktop":{"background-color":"var(--ast-global-color-4)","background-image":"","background-repeat":"repeat","background-position":"center center","background-size":"auto","background-attachment":"scroll","background-type":"","background-media":"","overlay-type":"","overlay-color":"","overlay-opacity":"","overlay-gradient":""},"tablet":{"background-color":"","background-image":"","background-repeat":"repeat","background-position":"center center","background-size":"auto","background-attachment":"scroll","background-type":"","background-media":"","overlay-type":"","overlay-color":"","overlay-opacity":"","overlay-gradient":""},"mobile":{"background-color":"","background-image":"","background-repeat":"repeat","background-position":"center center","background-size":"auto","background-attachment":"scroll","background-type":"","background-media":"","overlay-type":"","overlay-color":"","overlay-opacity":"","overlay-gradient":""}},"ast-content-background-meta":{"desktop":{"background-color":"var(--ast-global-color-5)","background-image":"","background-repeat":"repeat","background-position":"center center","background-size":"auto","background-attachment":"scroll","background-type":"","background-media":"","overlay-type":"","overlay-color":"","overlay-opacity":"","overlay-gradient":""},"tablet":{"background-color":"var(--ast-global-color-5)","background-image":"","background-repeat":"repeat","background-position":"center center","background-size":"auto","background-attachment":"scroll","background-type":"","background-media":"","overlay-type":"","overlay-color":"","overlay-opacity":"","overlay-gradient":""},"mobile":{"background-color":"var(--ast-global-color-5)","background-image":"","background-repeat":"repeat","background-position":"center center","background-size":"auto","background-attachment":"scroll","background-type":"","background-media":"","overlay-type":"","overlay-color":"","overlay-opacity":"","overlay-gradient":""}},"footnotes":""},"class_list":["post-2532","page","type-page","status-publish","hentry"],"aioseo_notices":[],"_links":{"self":[{"href":"https:\/\/planecashback.com\/es\/wp-json\/wp\/v2\/pages\/2532","targetHints":{"allow":["GET"]}}],"collection":[{"href":"https:\/\/planecashback.com\/es\/wp-json\/wp\/v2\/pages"}],"about":[{"href":"https:\/\/planecashback.com\/es\/wp-json\/wp\/v2\/types\/page"}],"author":[{"embeddable":true,"href":"https:\/\/planecashback.com\/es\/wp-json\/wp\/v2\/users\/1"}],"replies":[{"embeddable":true,"href":"https:\/\/planecashback.com\/es\/wp-json\/wp\/v2\/comments?post=2532"}],"version-history":[{"count":3,"href":"https:\/\/planecashback.com\/es\/wp-json\/wp\/v2\/pages\/2532\/revisions"}],"predecessor-version":[{"id":3065,"href":"https:\/\/planecashback.com\/es\/wp-json\/wp\/v2\/pages\/2532\/revisions\/3065"}],"wp:attachment":[{"href":"https:\/\/planecashback.com\/es\/wp-json\/wp\/v2\/media?parent=2532"}],"curies":[{"name":"wp","href":"https:\/\/api.w.org\/{rel}","templated":true}]}}