{"id":2544,"date":"2022-04-13T12:50:35","date_gmt":"2022-04-13T12:50:35","guid":{"rendered":"https:\/\/planecashback.com\/quienes-somos\/"},"modified":"2024-09-16T09:46:08","modified_gmt":"2024-09-16T09:46:08","slug":"quienes-somos","status":"publish","type":"page","link":"https:\/\/planecashback.com\/es\/quienes-somos\/","title":{"rendered":"Qui\u00e9nes somos"},"content":{"rendered":"\t\t<div data-elementor-type=\"wp-page\" data-elementor-id=\"2544\" class=\"elementor elementor-2544 elementor-550\">\n\t\t\t\t<div class=\"elementor-element elementor-element-a69996c e-flex e-con-boxed e-con e-parent\" data-id=\"a69996c\" data-element_type=\"container\" data-e-type=\"container\" data-settings=\"{&quot;background_background&quot;:&quot;classic&quot;}\">\n\t\t\t\t\t<div class=\"e-con-inner\">\n\t\t<div class=\"elementor-element elementor-element-32a05e7 e-con-full e-flex e-con e-child\" data-id=\"32a05e7\" data-element_type=\"container\" data-e-type=\"container\">\n\t\t<div class=\"elementor-element elementor-element-8d02f63 e-con-full e-flex e-con e-child\" data-id=\"8d02f63\" data-element_type=\"container\" data-e-type=\"container\">\n\t\t<div class=\"elementor-element elementor-element-caa2c6e e-con-full e-flex e-con e-child\" data-id=\"caa2c6e\" data-element_type=\"container\" data-e-type=\"container\">\n\t\t\t\t<div class=\"elementor-element elementor-element-0e26009 elementor-widget elementor-widget-heading\" data-id=\"0e26009\" data-element_type=\"widget\" data-e-type=\"widget\" data-widget_type=\"heading.default\">\n\t\t\t\t<div class=\"elementor-widget-container\">\n\t\t\t\t\t<h6 class=\"elementor-heading-title elementor-size-default\">Qui\u00e9nes somos<\/h6>\t\t\t\t<\/div>\n\t\t\t\t<\/div>\n\t\t\t\t<div class=\"elementor-element elementor-element-b357c8e elementor-widget elementor-widget-heading\" data-id=\"b357c8e\" data-element_type=\"widget\" data-e-type=\"widget\" data-widget_type=\"heading.default\">\n\t\t\t\t<div class=\"elementor-widget-container\">\n\t\t\t\t\t<h1 class=\"elementor-heading-title elementor-size-default\">Servicios de reclamaciones para vuelos de la UE261<\/h1>\t\t\t\t<\/div>\n\t\t\t\t<\/div>\n\t\t\t\t<\/div>\n\t\t\t\t<\/div>\n\t\t\t\t<\/div>\n\t\t\t\t\t<\/div>\n\t\t\t\t<\/div>\n\t\t<div class=\"elementor-element elementor-element-2b78fbc e-flex e-con-boxed e-con e-parent\" data-id=\"2b78fbc\" data-element_type=\"container\" data-e-type=\"container\">\n\t\t\t\t\t<div class=\"e-con-inner\">\n\t\t<div class=\"elementor-element elementor-element-d219765 e-con-full e-flex e-con e-child\" data-id=\"d219765\" data-element_type=\"container\" data-e-type=\"container\">\n\t\t\t\t<div class=\"elementor-element elementor-element-ab2aaea elementor-widget elementor-widget-heading\" data-id=\"ab2aaea\" data-element_type=\"widget\" data-e-type=\"widget\" data-widget_type=\"heading.default\">\n\t\t\t\t<div class=\"elementor-widget-container\">\n\t\t\t\t\t<h6 class=\"elementor-heading-title elementor-size-default\">\u00bfQu\u00e9 hacemos?<\/h6>\t\t\t\t<\/div>\n\t\t\t\t<\/div>\n\t\t\t\t<div class=\"elementor-element elementor-element-c838e96 elementor-widget elementor-widget-heading\" data-id=\"c838e96\" data-element_type=\"widget\" data-e-type=\"widget\" data-widget_type=\"heading.default\">\n\t\t\t\t<div class=\"elementor-widget-container\">\n\t\t\t\t\t<h2 class=\"elementor-heading-title elementor-size-default\">Nos aseguramos de que tus derechos est\u00e9n en las manos adecuadas.<\/h2>\t\t\t\t<\/div>\n\t\t\t\t<\/div>\n\t\t\t\t<\/div>\n\t\t<div class=\"elementor-element elementor-element-3588e6a e-con-full e-flex e-con e-child\" data-id=\"3588e6a\" data-element_type=\"container\" data-e-type=\"container\">\n\t\t\t\t<div class=\"elementor-element elementor-element-aa8ff6a elementor-widget elementor-widget-text-editor\" data-id=\"aa8ff6a\" data-element_type=\"widget\" data-e-type=\"widget\" data-widget_type=\"text-editor.default\">\n\t\t\t\t<div class=\"elementor-widget-container\">\n\t\t\t\t\t\t\t\t\t<p>En PlaneCashBack.com, nos dedicamos a ayudar a los pasajeros a comprender sus derechos y reclamar la compensaci\u00f3n a la que tienen derecho. Navegamos por el complejo proceso, tratamos con las compa\u00f1\u00edas a\u00e9reas y nos aseguramos de que se respeten tus derechos, de acuerdo con el Reglamento (CE) n\u00ba 261\/2004 de la UE. No permita que la complejidad de los viajes a\u00e9reos arruine su experiencia. Comprenda sus derechos, reclame una compensaci\u00f3n y perm\u00edtanos ayudarle a que su viaje sea lo m\u00e1s sencillo posible.<\/p>\n\t\t\t\t\t\t\t\t<\/div>\n\t\t\t\t<\/div>\n\t\t\t\t<\/div>\n\t\t\t\t\t<\/div>\n\t\t\t\t<\/div>\n\t\t<div class=\"elementor-element elementor-element-ada0da7 e-flex e-con-boxed e-con e-parent\" data-id=\"ada0da7\" data-element_type=\"container\" data-e-type=\"container\" data-settings=\"{&quot;background_background&quot;:&quot;classic&quot;}\">\n\t\t\t\t\t<div class=\"e-con-inner\">\n\t\t<div class=\"elementor-element elementor-element-7c60576 e-con-full e-flex e-con e-child\" data-id=\"7c60576\" data-element_type=\"container\" data-e-type=\"container\">\n\t\t\t\t<div class=\"elementor-element elementor-element-d88b4c1 elementor-widget elementor-widget-heading\" data-id=\"d88b4c1\" data-element_type=\"widget\" data-e-type=\"widget\" data-widget_type=\"heading.default\">\n\t\t\t\t<div class=\"elementor-widget-container\">\n\t\t\t\t\t<h3 class=\"elementor-heading-title elementor-size-default\">Presenta tu candidatura ahora y \u00a1recibe hasta 600 euros de indemnizaci\u00f3n por pasajero! No depende del precio del billete. La aplicaci\u00f3n es totalmente gratuita. \u00a1CERO comisi\u00f3n si no te compensan!<\/h3>\t\t\t\t<\/div>\n\t\t\t\t<\/div>\n\t\t\t\t<div class=\"elementor-element elementor-element-93594fa elementor-align-center elementor-widget elementor-widget-button\" data-id=\"93594fa\" data-element_type=\"widget\" data-e-type=\"widget\" data-widget_type=\"button.default\">\n\t\t\t\t<div class=\"elementor-widget-container\">\n\t\t\t\t\t\t\t\t\t<div class=\"elementor-button-wrapper\">\n\t\t\t\t\t<a class=\"elementor-button elementor-button-link elementor-size-sm\" href=\"https:\/\/planecashback.com\/es\/formulario-de-compensacion\/\">\n\t\t\t\t\t\t<span class=\"elementor-button-content-wrapper\">\n\t\t\t\t\t\t\t\t\t<span class=\"elementor-button-text\">Aplica Ya<\/span>\n\t\t\t\t\t<\/span>\n\t\t\t\t\t<\/a>\n\t\t\t\t<\/div>\n\t\t\t\t\t\t\t\t<\/div>\n\t\t\t\t<\/div>\n\t\t\t\t<\/div>\n\t\t\t\t\t<\/div>\n\t\t\t\t<\/div>\n\t\t<div class=\"elementor-element elementor-element-3d6aea6 e-flex e-con-boxed e-con e-parent\" data-id=\"3d6aea6\" data-element_type=\"container\" data-e-type=\"container\" data-settings=\"{&quot;background_background&quot;:&quot;classic&quot;}\">\n\t\t\t\t\t<div class=\"e-con-inner\">\n\t\t<div class=\"elementor-element elementor-element-8e4b021 e-con-full e-flex e-con e-child\" data-id=\"8e4b021\" data-element_type=\"container\" data-e-type=\"container\">\n\t\t\t\t<div class=\"elementor-element elementor-element-5d47983 elementor-widget elementor-widget-heading\" data-id=\"5d47983\" data-element_type=\"widget\" data-e-type=\"widget\" data-widget_type=\"heading.default\">\n\t\t\t\t<div class=\"elementor-widget-container\">\n\t\t\t\t\t<h2 class=\"elementor-heading-title elementor-size-default\">Ventajas del Avi\u00f3n CashBack<\/h2>\t\t\t\t<\/div>\n\t\t\t\t<\/div>\n\t\t<div class=\"elementor-element elementor-element-d3bd83a e-flex e-con-boxed e-con e-child\" data-id=\"d3bd83a\" data-element_type=\"container\" data-e-type=\"container\">\n\t\t\t\t\t<div class=\"e-con-inner\">\n\t\t\t\t<div class=\"elementor-element elementor-element-c34f68a elementor-widget__width-initial elementor-position-top elementor-widget elementor-widget-image-box\" data-id=\"c34f68a\" data-element_type=\"widget\" data-e-type=\"widget\" data-widget_type=\"image-box.default\">\n\t\t\t\t<div class=\"elementor-widget-container\">\n\t\t\t\t\t<div class=\"elementor-image-box-wrapper\"><figure class=\"elementor-image-box-img\"><img fetchpriority=\"high\" decoding=\"async\" width=\"400\" height=\"560\" src=\"https:\/\/planecashback.com\/wp-content\/uploads\/2024\/09\/Plane_CashBack_Usor_si_fara_Probleme_despre_noi.png\" class=\"attachment-full size-full wp-image-3192\" alt=\"\" srcset=\"https:\/\/planecashback.com\/wp-content\/uploads\/2024\/09\/Plane_CashBack_Usor_si_fara_Probleme_despre_noi.png 400w, https:\/\/planecashback.com\/wp-content\/uploads\/2024\/09\/Plane_CashBack_Usor_si_fara_Probleme_despre_noi-214x300.png 214w\" sizes=\"(max-width: 400px) 100vw, 400px\" \/><\/figure><div class=\"elementor-image-box-content\"><h4 class=\"elementor-image-box-title\">F\u00e1cil y sin problemas<\/h4><p class=\"elementor-image-box-description\">\u00a1Atendemos tu consulta!<\/p><\/div><\/div>\t\t\t\t<\/div>\n\t\t\t\t<\/div>\n\t\t\t\t<div class=\"elementor-element elementor-element-99fffa0 elementor-widget__width-initial elementor-position-top elementor-widget elementor-widget-image-box\" data-id=\"99fffa0\" data-element_type=\"widget\" data-e-type=\"widget\" data-widget_type=\"image-box.default\">\n\t\t\t\t<div class=\"elementor-widget-container\">\n\t\t\t\t\t<div class=\"elementor-image-box-wrapper\"><figure class=\"elementor-image-box-img\"><img decoding=\"async\" width=\"400\" height=\"560\" src=\"https:\/\/planecashback.com\/wp-content\/uploads\/2024\/09\/Plane_CashBack_evita_greselile_depsre-noi.png\" class=\"attachment-full size-full wp-image-3199\" alt=\"\" srcset=\"https:\/\/planecashback.com\/wp-content\/uploads\/2024\/09\/Plane_CashBack_evita_greselile_depsre-noi.png 400w, https:\/\/planecashback.com\/wp-content\/uploads\/2024\/09\/Plane_CashBack_evita_greselile_depsre-noi-214x300.png 214w\" sizes=\"(max-width: 400px) 100vw, 400px\" \/><\/figure><div class=\"elementor-image-box-content\"><h4 class=\"elementor-image-box-title\">Evita errores y estr\u00e9s<\/h4><p class=\"elementor-image-box-description\">\u00a1Olv\u00eddate del papeleo!<\/p><\/div><\/div>\t\t\t\t<\/div>\n\t\t\t\t<\/div>\n\t\t\t\t<div class=\"elementor-element elementor-element-1390a49 elementor-widget__width-initial elementor-position-top elementor-widget elementor-widget-image-box\" data-id=\"1390a49\" data-element_type=\"widget\" data-e-type=\"widget\" data-widget_type=\"image-box.default\">\n\t\t\t\t<div class=\"elementor-widget-container\">\n\t\t\t\t\t<div class=\"elementor-image-box-wrapper\"><figure class=\"elementor-image-box-img\"><img decoding=\"async\" width=\"400\" height=\"560\" src=\"https:\/\/planecashback.com\/wp-content\/uploads\/2024\/09\/Plane_CashBack_formular_online_simplu_depsre-noi.png\" class=\"attachment-full size-full wp-image-3206\" alt=\"\" srcset=\"https:\/\/planecashback.com\/wp-content\/uploads\/2024\/09\/Plane_CashBack_formular_online_simplu_depsre-noi.png 400w, https:\/\/planecashback.com\/wp-content\/uploads\/2024\/09\/Plane_CashBack_formular_online_simplu_depsre-noi-214x300.png 214w\" sizes=\"(max-width: 400px) 100vw, 400px\" \/><\/figure><div class=\"elementor-image-box-content\"><h4 class=\"elementor-image-box-title\">Todo es m\u00e1s f\u00e1cil en Internet<\/h4><p class=\"elementor-image-box-description\">  Rellena el formulario del sitio web<\/p><\/div><\/div>\t\t\t\t<\/div>\n\t\t\t\t<\/div>\n\t\t\t\t<div class=\"elementor-element elementor-element-b83aba6 elementor-widget__width-initial elementor-position-top elementor-widget elementor-widget-image-box\" data-id=\"b83aba6\" data-element_type=\"widget\" data-e-type=\"widget\" data-widget_type=\"image-box.default\">\n\t\t\t\t<div class=\"elementor-widget-container\">\n\t\t\t\t\t<div class=\"elementor-image-box-wrapper\"><figure class=\"elementor-image-box-img\"><img loading=\"lazy\" decoding=\"async\" width=\"400\" height=\"560\" src=\"https:\/\/planecashback.com\/wp-content\/uploads\/2024\/09\/Plane_CashBack_actualizari_frecvente_depsre-noi.png\" class=\"attachment-full size-full wp-image-3213\" alt=\"\" srcset=\"https:\/\/planecashback.com\/wp-content\/uploads\/2024\/09\/Plane_CashBack_actualizari_frecvente_depsre-noi.png 400w, https:\/\/planecashback.com\/wp-content\/uploads\/2024\/09\/Plane_CashBack_actualizari_frecvente_depsre-noi-214x300.png 214w\" sizes=\"(max-width: 400px) 100vw, 400px\" \/><\/figure><div class=\"elementor-image-box-content\"><h4 class=\"elementor-image-box-title\">Actualizaciones frecuentes<\/h4><p class=\"elementor-image-box-description\">Actualizaciones peri\u00f3dicas por correo electr\u00f3nico<\/p><\/div><\/div>\t\t\t\t<\/div>\n\t\t\t\t<\/div>\n\t\t\t\t<div class=\"elementor-element elementor-element-727265b elementor-widget__width-initial elementor-position-top elementor-widget elementor-widget-image-box\" data-id=\"727265b\" data-element_type=\"widget\" data-e-type=\"widget\" data-widget_type=\"image-box.default\">\n\t\t\t\t<div class=\"elementor-widget-container\">\n\t\t\t\t\t<div class=\"elementor-image-box-wrapper\"><figure class=\"elementor-image-box-img\"><img loading=\"lazy\" decoding=\"async\" width=\"400\" height=\"560\" src=\"https:\/\/planecashback.com\/wp-content\/uploads\/2024\/09\/Plane_CashBack_no_problem_depsre-noi.png\" class=\"attachment-full size-full wp-image-3220\" alt=\"\" srcset=\"https:\/\/planecashback.com\/wp-content\/uploads\/2024\/09\/Plane_CashBack_no_problem_depsre-noi.png 400w, https:\/\/planecashback.com\/wp-content\/uploads\/2024\/09\/Plane_CashBack_no_problem_depsre-noi-214x300.png 214w\" sizes=\"(max-width: 400px) 100vw, 400px\" \/><\/figure><div class=\"elementor-image-box-content\"><h4 class=\"elementor-image-box-title\">Sin victoria, 0 comisi\u00f3n<\/h4><p class=\"elementor-image-box-description\">\u00a1Solicitarlo es gratis!<\/p><\/div><\/div>\t\t\t\t<\/div>\n\t\t\t\t<\/div>\n\t\t\t\t<div class=\"elementor-element elementor-element-a7cec2d elementor-widget__width-initial elementor-position-top elementor-widget elementor-widget-image-box\" data-id=\"a7cec2d\" data-element_type=\"widget\" data-e-type=\"widget\" data-widget_type=\"image-box.default\">\n\t\t\t\t<div class=\"elementor-widget-container\">\n\t\t\t\t\t<div class=\"elementor-image-box-wrapper\"><figure class=\"elementor-image-box-img\"><img loading=\"lazy\" decoding=\"async\" width=\"400\" height=\"560\" src=\"https:\/\/planecashback.com\/wp-content\/uploads\/2024\/09\/Plane-_cashBack_suport_clineti_depsre-noi.png\" class=\"attachment-full size-full wp-image-3227\" alt=\"\" srcset=\"https:\/\/planecashback.com\/wp-content\/uploads\/2024\/09\/Plane-_cashBack_suport_clineti_depsre-noi.png 400w, https:\/\/planecashback.com\/wp-content\/uploads\/2024\/09\/Plane-_cashBack_suport_clineti_depsre-noi-214x300.png 214w\" sizes=\"(max-width: 400px) 100vw, 400px\" \/><\/figure><div class=\"elementor-image-box-content\"><h4 class=\"elementor-image-box-title\">Atenci\u00f3n al cliente<\/h4><p class=\"elementor-image-box-description\">\u00a1Nuestro equipo est\u00e1 a tu servicio!<\/p><\/div><\/div>\t\t\t\t<\/div>\n\t\t\t\t<\/div>\n\t\t\t\t\t<\/div>\n\t\t\t\t<\/div>\n\t\t\t\t<\/div>\n\t\t\t\t\t<\/div>\n\t\t\t\t<\/div>\n\t\t\t\t<\/div>\n\t\t","protected":false},"excerpt":{"rendered":"<p>Qui\u00e9nes somos Servicios de reclamaciones para vuelos de la UE261 \u00bfQu\u00e9 hacemos? Nos aseguramos de que tus derechos est\u00e9n en las manos adecuadas. En PlaneCashBack.com, nos dedicamos a ayudar a los pasajeros a comprender sus derechos y reclamar la compensaci\u00f3n a la que tienen derecho. Navegamos por el complejo proceso, tratamos con las compa\u00f1\u00edas a\u00e9reas [&hellip;]<\/p>\n","protected":false},"author":1,"featured_media":0,"parent":0,"menu_order":0,"comment_status":"closed","ping_status":"closed","template":"","meta":{"om_disable_all_campaigns":false,"site-sidebar-layout":"no-sidebar","site-content-layout":"page-builder","ast-site-content-layout":"full-width-container","site-content-style":"unboxed","site-sidebar-style":"unboxed","ast-global-header-display":"","ast-banner-title-visibility":"","ast-main-header-display":"","ast-hfb-above-header-display":"","ast-hfb-below-header-display":"","ast-hfb-mobile-header-display":"","site-post-title":"disabled","ast-breadcrumbs-content":"","ast-featured-img":"disabled","footer-sml-layout":"","ast-disable-related-posts":"","theme-transparent-header-meta":"enabled","adv-header-id-meta":"","stick-header-meta":"","header-above-stick-meta":"","header-main-stick-meta":"","header-below-stick-meta":"","astra-migrate-meta-layouts":"default","ast-page-background-enabled":"default","ast-page-background-meta":{"desktop":{"background-color":"var(--ast-global-color-4)","background-image":"","background-repeat":"repeat","background-position":"center center","background-size":"auto","background-attachment":"scroll","background-type":"","background-media":"","overlay-type":"","overlay-color":"","overlay-opacity":"","overlay-gradient":""},"tablet":{"background-color":"","background-image":"","background-repeat":"repeat","background-position":"center center","background-size":"auto","background-attachment":"scroll","background-type":"","background-media":"","overlay-type":"","overlay-color":"","overlay-opacity":"","overlay-gradient":""},"mobile":{"background-color":"","background-image":"","background-repeat":"repeat","background-position":"center center","background-size":"auto","background-attachment":"scroll","background-type":"","background-media":"","overlay-type":"","overlay-color":"","overlay-opacity":"","overlay-gradient":""}},"ast-content-background-meta":{"desktop":{"background-color":"var(--ast-global-color-5)","background-image":"","background-repeat":"repeat","background-position":"center center","background-size":"auto","background-attachment":"scroll","background-type":"","background-media":"","overlay-type":"","overlay-color":"","overlay-opacity":"","overlay-gradient":""},"tablet":{"background-color":"var(--ast-global-color-5)","background-image":"","background-repeat":"repeat","background-position":"center center","background-size":"auto","background-attachment":"scroll","background-type":"","background-media":"","overlay-type":"","overlay-color":"","overlay-opacity":"","overlay-gradient":""},"mobile":{"background-color":"var(--ast-global-color-5)","background-image":"","background-repeat":"repeat","background-position":"center center","background-size":"auto","background-attachment":"scroll","background-type":"","background-media":"","overlay-type":"","overlay-color":"","overlay-opacity":"","overlay-gradient":""}},"footnotes":""},"class_list":["post-2544","page","type-page","status-publish","hentry"],"aioseo_notices":[],"_links":{"self":[{"href":"https:\/\/planecashback.com\/es\/wp-json\/wp\/v2\/pages\/2544","targetHints":{"allow":["GET"]}}],"collection":[{"href":"https:\/\/planecashback.com\/es\/wp-json\/wp\/v2\/pages"}],"about":[{"href":"https:\/\/planecashback.com\/es\/wp-json\/wp\/v2\/types\/page"}],"author":[{"embeddable":true,"href":"https:\/\/planecashback.com\/es\/wp-json\/wp\/v2\/users\/1"}],"replies":[{"embeddable":true,"href":"https:\/\/planecashback.com\/es\/wp-json\/wp\/v2\/comments?post=2544"}],"version-history":[{"count":5,"href":"https:\/\/planecashback.com\/es\/wp-json\/wp\/v2\/pages\/2544\/revisions"}],"predecessor-version":[{"id":3242,"href":"https:\/\/planecashback.com\/es\/wp-json\/wp\/v2\/pages\/2544\/revisions\/3242"}],"wp:attachment":[{"href":"https:\/\/planecashback.com\/es\/wp-json\/wp\/v2\/media?parent=2544"}],"curies":[{"name":"wp","href":"https:\/\/api.w.org\/{rel}","templated":true}]}}