{"id":2621,"date":"2024-02-15T09:42:45","date_gmt":"2024-02-15T06:42:45","guid":{"rendered":"https:\/\/planecashback.com\/politique-de-confidentialite\/"},"modified":"2024-07-04T10:02:46","modified_gmt":"2024-07-04T10:02:46","slug":"politique-de-confidentialite","status":"publish","type":"page","link":"https:\/\/planecashback.com\/fr\/politique-de-confidentialite\/","title":{"rendered":"Politique de confidentialit\u00e9"},"content":{"rendered":"\t\t<div data-elementor-type=\"wp-page\" data-elementor-id=\"2621\" class=\"elementor elementor-2621 elementor-1654\">\n\t\t\t\t<div class=\"elementor-element elementor-element-3ccd1852 e-flex e-con-boxed e-con e-parent\" data-id=\"3ccd1852\" data-element_type=\"container\" data-e-type=\"container\" data-settings=\"{&quot;background_background&quot;:&quot;classic&quot;}\">\n\t\t\t\t\t<div class=\"e-con-inner\">\n\t\t<div class=\"elementor-element elementor-element-26100c71 e-con-full e-flex e-con e-child\" data-id=\"26100c71\" data-element_type=\"container\" data-e-type=\"container\">\n\t\t\t\t<div class=\"elementor-element elementor-element-36fed1cd elementor-widget elementor-widget-heading\" data-id=\"36fed1cd\" data-element_type=\"widget\" data-e-type=\"widget\" data-widget_type=\"heading.default\">\n\t\t\t\t<div class=\"elementor-widget-container\">\n\t\t\t\t\t<h2 class=\"elementor-heading-title elementor-size-default\">Politique de confidentialit\u00e9<\/h2>\t\t\t\t<\/div>\n\t\t\t\t<\/div>\n\t\t\t\t<\/div>\n\t\t\t\t\t<\/div>\n\t\t\t\t<\/div>\n\t\t<div class=\"elementor-element elementor-element-1f01cb9e e-flex e-con-boxed e-con e-parent\" data-id=\"1f01cb9e\" data-element_type=\"container\" data-e-type=\"container\">\n\t\t\t\t\t<div class=\"e-con-inner\">\n\t\t<div class=\"elementor-element elementor-element-684128f8 e-con-full e-flex e-con e-child\" data-id=\"684128f8\" data-element_type=\"container\" data-e-type=\"container\">\n\t\t\t\t<div class=\"elementor-element elementor-element-677790e0 elementor-widget elementor-widget-text-editor\" data-id=\"677790e0\" data-element_type=\"widget\" data-e-type=\"widget\" data-widget_type=\"text-editor.default\">\n\t\t\t\t<div class=\"elementor-widget-container\">\n\t\t\t\t\t\t\t\t\t<p><strong>D\u00e9claration de confidentialit\u00e9 Websoll E-Commerce SRL<\/strong><\/p>\n<p>en tant que Repr\u00e9sentant L\u00e9gal de WEBSOLL E-COMMERCE SRL, soci\u00e9t\u00e9 constitu\u00e9e et op\u00e9rant conform\u00e9ment \u00e0 la loi roumaine, enregistr\u00e9e au Bureau du Registre du Commerce pr\u00e8s du Tribunal de Mures sous le num\u00e9ro. J26\/1939\/2017, avec code fiscal RO 38432804 et si\u00e8ge social \u00e0 Targu Mures,&nbsp; \u2013 pour ce qu&#8217;on appelle &#8220;PlaneCashBack&#8221;.<\/p>\n<p>La confidentialit\u00e9 est extr\u00eamement importante pour nous. Lorsque nous parlons de protection des donn\u00e9es, toute autre politique ou d\u00e9claration que nous pourrions avoir sera uniquement coordonn\u00e9e avec la conservation et la divulgation de vos donn\u00e9es personnelles de mani\u00e8re appropri\u00e9e et professionnelle. Cela se fera dans le respect de votre vie priv\u00e9e.<\/p>\n<p>Tout ce qui est contenu dans cette d\u00e9claration de confidentialit\u00e9 fera r\u00e9f\u00e9rence \u00e0 Websoll E-Commerce SRL.<\/p>\n<p>Websoll E-Commerce SRL, r\u00e9sidant dans les fronti\u00e8res de l&#8217;Union europ\u00e9enne, traitera vos informations. donn\u00e9es personnelles conform\u00e9ment aux r\u00e8gles et \u00e0 la l\u00e9gislation de l\u2019UE. L\u2019objet m\u00eame de notre entreprise est en accord avec un tel environnement l\u00e9gislatif.<\/p>\n<p>Toutes nos activit\u00e9s concernant la gestion de vos informations personnelles seront expliqu\u00e9es dans cette d\u00e9claration. Des types d&#8217;informations que nous collectons \u00e0 la mani\u00e8re dont nous g\u00e9rerons l&#8217;utilisation de ces donn\u00e9es.<\/p>\n<p>Nous avons construit nos politiques conform\u00e9ment aux r\u00e9glementations de l&#8217;Union europ\u00e9enne \u00e0 partir du num\u00e9ro 679 de 2016. C\u2019est ce qu\u2019on appelle le R\u00e8glement G\u00e9n\u00e9ral sur la Protection des Donn\u00e9es. Cela aide les gens en leur donnant le droit d\u2019am\u00e9liorer leur vie priv\u00e9e.<\/p>\n<p>Websoll E-Commerce SRL a l&#8217;obligation de garantir que cette politique est suivie exactement et que toutes les personnes impliqu\u00e9es se conformeront \u00e0 tout ce qui est mentionn\u00e9 ici.<\/p>\n<p>Websoll E-Commerce SRL surveillera toutes les donn\u00e9es pertinentes et leur confidentialit\u00e9. Toutes les m\u00e9thodes utilis\u00e9es pour le traitement et la manipulation de ces informations seront correctement supervis\u00e9es et contr\u00f4l\u00e9es par Websoll E-Commerce SRL.<\/p>\n<p><strong>des principes<\/strong><\/p>\n<p>Toutes les politiques de Websoll E-Commerce SRL seront guid\u00e9es par les principes suivants, afin d&#8217;assurer une gestion ad\u00e9quate des informations personnelles :<\/p>\n<ul>\n<li>La collecte des donn\u00e9es priv\u00e9es et leur gestion se feront de mani\u00e8re transparente, l\u00e9gale et honn\u00eate.<\/li>\n<li>Chaque fois que nous demandons vos donn\u00e9es donn\u00e9es personnelles, nous le ferons uniquement de mani\u00e8re licite et appropri\u00e9e.<\/li>\n<li>Lorsque nous demandons vos donn\u00e9es donn\u00e9es personnelles, nous le ferons uniquement pour des raisons pertinentes pour donner suite \u00e0 votre demande. d&#8217;indemnisation.<\/li>\n<li>Nous prendrons soin de vos informations. informations personnelles de mani\u00e8re \u00e0 garantir leur exactitude.<\/li>\n<li>Si certaines donn\u00e9es nous sont transmises et ne sont pas destin\u00e9es \u00e0 cette r\u00e9clamation, nous veillerons \u00e0 ce que, dans la limite de nos ressources et limites raisonnables, nous les supprimions pour prot\u00e9ger votre vie priv\u00e9e. Une telle rectification sera effectu\u00e9e dans les plus brefs d\u00e9lais.<\/li>\n<li>Le syst\u00e8me qui conservera vos donn\u00e9es identifiera dans un d\u00e9lai raisonnable les parties qui ne sont plus utiles aux fins de la r\u00e9clamation et prendra soin de les supprimer de notre stockage pour garantir la confidentialit\u00e9 de vos informations.<\/li>\n<li>Vos informations personnelles seront conserv\u00e9es dans un syst\u00e8me qui garantira que leur s\u00e9curit\u00e9 sera correctement pr\u00e9sent\u00e9e.<\/li>\n<li>Vos informations les informations priv\u00e9es ne seront divulgu\u00e9es \u00e0 des tiers que dans le but de b\u00e9n\u00e9ficier de votre demande. d&#8217;indemnisation et seulement si une telle action s&#8217;av\u00e8re pertinente \u00e0 votre cas.<\/li>\n<li>Lorsque vous soumettez vos donn\u00e9es donn\u00e9es personnelles \u00e0 Websoll E-Commerce SRL, vous pourrez \u00e0 tout moment les retirer, les supprimer, les modifier ou les restreindre de la mani\u00e8re que vous jugerez n\u00e9cessaire. Websoll E-Commerce SRL se conformera \u00e0 tous \u00e9gards aux souhaits de ses clients sur ce sujet.<\/li>\n<\/ul>\n<p><strong>Donn\u00e9es personnelles<\/strong><\/p>\n<p>Toute information sur une personne pouvant conduire \u00e0 son identification et contenant des donn\u00e9es personnelles sur cette personne est consid\u00e9r\u00e9e comme des donn\u00e9es personnelles. Les noms, adresses, num\u00e9ros de t\u00e9l\u00e9phone, date de naissance et autres sont quelques exemples de donn\u00e9es personnelles.<\/p>\n<p><strong>Collecte de donn\u00e9es personnelles<\/strong><\/p>\n<p>En raison de la nature de nos services, afin d&#8217;aider les personnes \u00e0 faire valoir leur droit \u00e0 une indemnisation pour leur vol, nous leur demanderons de nous fournir certaines de leurs informations personnelles. Pour trouver une solution \u00e0 leur probl\u00e8me, il faut d\u2019abord l\u2019\u00e9valuer et pour cela identifier toutes les variables li\u00e9es \u00e0 leur situation.<\/p>\n<p>Afin de v\u00e9rifier si une r\u00e9clamation rel\u00e8ve du r\u00e8glement CE 261, nous devrons recevoir les noms, adresses, num\u00e9ros de t\u00e9l\u00e9phone, d\u00e9tails du vol et toutes autres informations personnelles pertinentes pour \u00e9tablir si un vol a \u00e9t\u00e9 retard\u00e9, surr\u00e9serv\u00e9 ou annul\u00e9.<\/p>\n<p>En collectant ces informations personnelles, nous serons \u00e9galement en mesure de communiquer des d\u00e9tails pertinents que les passagers auront besoin de conna\u00eetre sur leur situation. Toute l\u2019activit\u00e9 de Websoll E-Commerce SRL tourne autour de ces principes. L&#8217;ensemble du processus qui permettra au passager de percevoir une indemnisation commence par la collecte des donn\u00e9es personnelles pertinentes pour son cas.<\/p>\n<p><strong>Utilisation des donn\u00e9es personnelles<\/strong><\/p>\n<p>Les donn\u00e9es collect\u00e9es seront utilis\u00e9es pour suivre la r\u00e9clamation du client. Websoll E-Commerce SRL conservera ces donn\u00e9es uniquement pendant la dur\u00e9e n\u00e9cessaire pour obtenir pour le Client l&#8217;indemnisation \u00e0 laquelle il a droit au titre du CE 261.<\/p>\n<p>Seul le personnel d\u00e9sign\u00e9 de Websoll E-Commerce SRL aura acc\u00e8s \u00e0 ces informations personnelles. Ils ne l&#8217;utiliseront que dans le but pour lequel il a \u00e9t\u00e9 destin\u00e9 et avec l&#8217;autorisation appropri\u00e9e.<\/p>\n<p><strong>Utilisation de cookies<\/strong><\/p>\n<p>Comme tout autre site Web, Websoll E-Commerce SRL utilisera des cookies qui aideront notre entreprise \u00e0 mieux servir les clients auxquels nous fournissons nos services. Il analysera le comportement de nos utilisateurs sur notre site Internet dans son ensemble. Les donn\u00e9es pr\u00e9sent\u00e9es \u00e0 nos administrateurs sont class\u00e9es en statistiques qui ne fournissent pas d&#8217;informations sur les individus.<\/p>\n<p>Tout ce qui concerne les cookies et toute leur technologie est enti\u00e8rement mis en \u0153uvre sur ce site Web. Si vous n&#8217;acceptez pas cette forme de coop\u00e9ration entre vous et le site Websoll E-Commerce SRL, alors la conclusion d&#8217;un accord sera impossible et vous devrez donc quitter ce site et ne pas continuer \u00e0 utiliser nos services pour vous aider \u00e0 rembourser votre r\u00e9clamation.<\/p>\n<p>Nous avons conserv\u00e9 plus d&#8217;informations \u00e0 ce sujet dans la section Utilisation des cookies. Veuillez le lire pour plus de d\u00e9tails et de clarifications.<\/p>\n<p><strong>Partage de donn\u00e9es personnelles<\/strong><\/p>\n<p>Les seules parties avec lesquelles nous partagerons vos donn\u00e9es personnelles seront celles qui font l&#8217;objet de l&#8217;accord. A ce titre, nous pourrons vous poursuivre afin d&#8217;obtenir pour vous l&#8217;indemnisation qui vous est due au titre de l&#8217;EC 261. Nous ne divulguerons que les donn\u00e9es pertinentes aux mesures prises par eux pour faire avancer et r\u00e9soudre votre cas. Tout probl\u00e8me \u00e0 cet \u00e9gard peut \u00eatre adress\u00e9 \u00e0 l&#8217;un des administrateurs de Websoll E-Commerce SRL, o\u00f9 vous pourrez discuter de vos pr\u00e9f\u00e9rences \u00e0 cet \u00e9gard. Les coordonn\u00e9es de cette action sont disponibles sur ce site Internet.<\/p>\n<p><strong>S\u00e9curit\u00e9 du traitement<\/strong><\/p>\n<p>La mani\u00e8re dont nous traiterons toutes vos donn\u00e9es personnelles se fera de la mani\u00e8re la plus s\u00e9curis\u00e9e possible. Tant du point de vue de notre personnel qui traitera ces donn\u00e9es, que du point de vue de leur transfert aux parties appropri\u00e9es \u00e0 travers les r\u00e9seaux et plateformes de communication. Garantir une exposition nulle aux accidents ou \u00e0 une mauvaise utilisation de vos informations. private garantira un environnement s\u00fbr et s\u00e9curis\u00e9 dans lequel votre application le remboursement peut \u00eatre r\u00e9solu de la meilleure fa\u00e7on possible.<\/p>\n<p><strong>Acc\u00e8s, modification et suppression de vos donn\u00e9es personnelles<\/strong><\/p>\n<p>A tout moment, le client a la possibilit\u00e9 d&#8217;acc\u00e9der \u00e0 ses donn\u00e9es personnelles et peut en outre demander leur suppression ou leur r\u00e9\u00e9dition. Afin de garantir que tout se passe comme pr\u00e9vu initialement, nous devons veiller \u00e0 ce qu&#8217;une communication appropri\u00e9e soit \u00e9tablie entre nous et le client, en particulier lors de la mise \u00e0 jour des donn\u00e9es. En cas de doute sur le traitement de vos donn\u00e9es. donn\u00e9es personnelles ou avoir un avis sur leur pr\u00e9sentation \u00e0 des tiers, vous pouvez utiliser nos coordonn\u00e9es et \u00e9tablir une ligne de communication avec nous pour d\u00e9cider ensemble quoi en faire d&#8217;une mani\u00e8re qui vous convient.<\/p>\n<p><strong>Responsabilit\u00e9<\/strong><\/p>\n<p>En ce qui concerne le R\u00e8glement G\u00e9n\u00e9ral sur la Protection des Donn\u00e9es, Websoll E-Commerce SRL pourra confirmer \u00e0 tout moment sa conformit\u00e9 \u00e0 tous les articles inclus dans le RGPD. A ce titre, nous assumons l\u2019enti\u00e8re responsabilit\u00e9 de tout ce qui le concerne. Pour garantir cela, les rapports contenant toutes les donn\u00e9es pertinentes au sujet trait\u00e9 seront bien document\u00e9s et nous pourrons \u00e0 tout moment d\u00e9montrer notre engagement envers ces principes, tant aupr\u00e8s des autorit\u00e9s que de nos clients. Plus de d\u00e9tails \u00e0 cet \u00e9gard seront fournis en nous contactant sur la base des d\u00e9tails rendus publics sur notre site Web.<\/p>\n<p><strong>Plainte<\/strong><\/p>\n<p>Les clients pourront \u00e0 tout moment d\u00e9poser une plainte concernant tout aspect de la fa\u00e7on dont nous traitons leurs informations personnelles priv\u00e9es. Un personnel d\u00fbment d\u00e9sign\u00e9 veillera \u00e0 ce que ces plaintes soient correctement g\u00e9r\u00e9es et le client aura le dernier mot dans toute d\u00e9cision en la mati\u00e8re. Ces r\u00e9clamations peuvent \u00eatre soumises en utilisant les coordonn\u00e9es pr\u00e9sent\u00e9es sur notre site Web Websoll E-Commerce SRL.<\/p>\n<p><strong>Changement de politique<\/strong><\/p>\n<p>Toutes nos directives politiques sont susceptibles de changer en fonction de divers facteurs. Qu&#8217;il s&#8217;agisse de changer la l\u00e9gislation ou simplement d&#8217;ajuster le syst\u00e8me de gestion de Websoll E-Commerce SRL.<\/p>\n<p>M\u00eame si nous avons droit \u00e0 de telles modifications, elles n&#8217;affecteront que les clients qui n&#8217;ont pas encore conclu de contrat avec nous. Dans ce cas, vous serez probablement inform\u00e9 en cons\u00e9quence par notre personnel d\u00e9sign\u00e9. La lecture des conditions et de toutes les informations pertinentes mises \u00e0 votre disposition sur notre site Web garantira que vous disposez toujours des donn\u00e9es n\u00e9cessaires pour vous aider \u00e0 prendre la meilleure d\u00e9cision possible pour votre situation.<\/p>\t\t\t\t\t\t\t\t<\/div>\n\t\t\t\t<\/div>\n\t\t\t\t<\/div>\n\t\t\t\t\t<\/div>\n\t\t\t\t<\/div>\n\t\t<div class=\"elementor-element elementor-element-662e2110 e-flex e-con-boxed e-con e-parent\" data-id=\"662e2110\" data-element_type=\"container\" data-e-type=\"container\" data-settings=\"{&quot;background_background&quot;:&quot;classic&quot;}\">\n\t\t\t\t\t<div class=\"e-con-inner\">\n\t\t<div class=\"elementor-element elementor-element-12547bc8 e-con-full e-flex e-con e-child\" data-id=\"12547bc8\" data-element_type=\"container\" data-e-type=\"container\">\n\t\t\t\t<div class=\"elementor-element elementor-element-19ba606 elementor-widget elementor-widget-heading\" data-id=\"19ba606\" data-element_type=\"widget\" data-e-type=\"widget\" data-widget_type=\"heading.default\">\n\t\t\t\t<div class=\"elementor-widget-container\">\n\t\t\t\t\t<h2 class=\"elementor-heading-title elementor-size-default\">Connaissez vos droits en tant que passager et r\u00e9clamez ce qui vous est d\u00fb.<\/h2>\t\t\t\t<\/div>\n\t\t\t\t<\/div>\n\t\t\t\t<div class=\"elementor-element elementor-element-29014e2 elementor-align-center elementor-widget elementor-widget-button\" data-id=\"29014e2\" data-element_type=\"widget\" data-e-type=\"widget\" data-widget_type=\"button.default\">\n\t\t\t\t<div class=\"elementor-widget-container\">\n\t\t\t\t\t\t\t\t\t<div class=\"elementor-button-wrapper\">\n\t\t\t\t\t<a class=\"elementor-button elementor-button-link elementor-size-sm\" href=\"https:\/\/planecashback.com\/fr\/formulaire-dindemnisation\/\">\n\t\t\t\t\t\t<span class=\"elementor-button-content-wrapper\">\n\t\t\t\t\t\t\t\t\t<span class=\"elementor-button-text\">Je veux une compensation maintenant<\/span>\n\t\t\t\t\t<\/span>\n\t\t\t\t\t<\/a>\n\t\t\t\t<\/div>\n\t\t\t\t\t\t\t\t<\/div>\n\t\t\t\t<\/div>\n\t\t\t\t<\/div>\n\t\t\t\t\t<\/div>\n\t\t\t\t<\/div>\n\t\t\t\t<\/div>\n\t\t","protected":false},"excerpt":{"rendered":"<p>Politique de confidentialit\u00e9 D\u00e9claration de confidentialit\u00e9 Websoll E-Commerce SRL en tant que Repr\u00e9sentant L\u00e9gal de WEBSOLL E-COMMERCE SRL, soci\u00e9t\u00e9 constitu\u00e9e et op\u00e9rant conform\u00e9ment \u00e0 la loi roumaine, enregistr\u00e9e au Bureau du Registre du Commerce pr\u00e8s du Tribunal de Mures sous le num\u00e9ro. J26\/1939\/2017, avec code fiscal RO 38432804 et si\u00e8ge social \u00e0 Targu Mures,&nbsp; \u2013 [&hellip;]<\/p>\n","protected":false},"author":1,"featured_media":0,"parent":0,"menu_order":0,"comment_status":"closed","ping_status":"closed","template":"","meta":{"om_disable_all_campaigns":false,"site-sidebar-layout":"no-sidebar","site-content-layout":"page-builder","ast-site-content-layout":"full-width-container","site-content-style":"default","site-sidebar-style":"default","ast-global-header-display":"","ast-banner-title-visibility":"","ast-main-header-display":"","ast-hfb-above-header-display":"","ast-hfb-below-header-display":"","ast-hfb-mobile-header-display":"","site-post-title":"disabled","ast-breadcrumbs-content":"","ast-featured-img":"disabled","footer-sml-layout":"","ast-disable-related-posts":"","theme-transparent-header-meta":"","adv-header-id-meta":"","stick-header-meta":"","header-above-stick-meta":"","header-main-stick-meta":"","header-below-stick-meta":"","astra-migrate-meta-layouts":"default","ast-page-background-enabled":"default","ast-page-background-meta":{"desktop":{"background-color":"var(--ast-global-color-4)","background-image":"","background-repeat":"repeat","background-position":"center center","background-size":"auto","background-attachment":"scroll","background-type":"","background-media":"","overlay-type":"","overlay-color":"","overlay-opacity":"","overlay-gradient":""},"tablet":{"background-color":"","background-image":"","background-repeat":"repeat","background-position":"center center","background-size":"auto","background-attachment":"scroll","background-type":"","background-media":"","overlay-type":"","overlay-color":"","overlay-opacity":"","overlay-gradient":""},"mobile":{"background-color":"","background-image":"","background-repeat":"repeat","background-position":"center center","background-size":"auto","background-attachment":"scroll","background-type":"","background-media":"","overlay-type":"","overlay-color":"","overlay-opacity":"","overlay-gradient":""}},"ast-content-background-meta":{"desktop":{"background-color":"var(--ast-global-color-5)","background-image":"","background-repeat":"repeat","background-position":"center center","background-size":"auto","background-attachment":"scroll","background-type":"","background-media":"","overlay-type":"","overlay-color":"","overlay-opacity":"","overlay-gradient":""},"tablet":{"background-color":"var(--ast-global-color-5)","background-image":"","background-repeat":"repeat","background-position":"center center","background-size":"auto","background-attachment":"scroll","background-type":"","background-media":"","overlay-type":"","overlay-color":"","overlay-opacity":"","overlay-gradient":""},"mobile":{"background-color":"var(--ast-global-color-5)","background-image":"","background-repeat":"repeat","background-position":"center center","background-size":"auto","background-attachment":"scroll","background-type":"","background-media":"","overlay-type":"","overlay-color":"","overlay-opacity":"","overlay-gradient":""}},"footnotes":""},"class_list":["post-2621","page","type-page","status-publish","hentry"],"aioseo_notices":[],"_links":{"self":[{"href":"https:\/\/planecashback.com\/fr\/wp-json\/wp\/v2\/pages\/2621","targetHints":{"allow":["GET"]}}],"collection":[{"href":"https:\/\/planecashback.com\/fr\/wp-json\/wp\/v2\/pages"}],"about":[{"href":"https:\/\/planecashback.com\/fr\/wp-json\/wp\/v2\/types\/page"}],"author":[{"embeddable":true,"href":"https:\/\/planecashback.com\/fr\/wp-json\/wp\/v2\/users\/1"}],"replies":[{"embeddable":true,"href":"https:\/\/planecashback.com\/fr\/wp-json\/wp\/v2\/comments?post=2621"}],"version-history":[{"count":3,"href":"https:\/\/planecashback.com\/fr\/wp-json\/wp\/v2\/pages\/2621\/revisions"}],"predecessor-version":[{"id":3034,"href":"https:\/\/planecashback.com\/fr\/wp-json\/wp\/v2\/pages\/2621\/revisions\/3034"}],"wp:attachment":[{"href":"https:\/\/planecashback.com\/fr\/wp-json\/wp\/v2\/media?parent=2621"}],"curies":[{"name":"wp","href":"https:\/\/api.w.org\/{rel}","templated":true}]}}