{"id":2623,"date":"2024-02-15T09:32:16","date_gmt":"2024-02-15T09:32:16","guid":{"rendered":"https:\/\/planecashback.com\/politique-de-cookies\/"},"modified":"2024-07-04T10:02:58","modified_gmt":"2024-07-04T10:02:58","slug":"politique-de-cookies","status":"publish","type":"page","link":"https:\/\/planecashback.com\/fr\/politique-de-cookies\/","title":{"rendered":"Politique de cookies"},"content":{"rendered":"\t\t<div data-elementor-type=\"wp-page\" data-elementor-id=\"2623\" class=\"elementor elementor-2623 elementor-1642\">\n\t\t\t\t<div class=\"elementor-element elementor-element-d234e7a e-flex e-con-boxed e-con e-parent\" data-id=\"d234e7a\" data-element_type=\"container\" data-e-type=\"container\" data-settings=\"{&quot;background_background&quot;:&quot;classic&quot;}\">\n\t\t\t\t\t<div class=\"e-con-inner\">\n\t\t<div class=\"elementor-element elementor-element-6bfd90b3 e-con-full e-flex e-con e-child\" data-id=\"6bfd90b3\" data-element_type=\"container\" data-e-type=\"container\">\n\t\t\t\t<div class=\"elementor-element elementor-element-198cbc5e elementor-widget elementor-widget-heading\" data-id=\"198cbc5e\" data-element_type=\"widget\" data-e-type=\"widget\" data-widget_type=\"heading.default\">\n\t\t\t\t<div class=\"elementor-widget-container\">\n\t\t\t\t\t<h2 class=\"elementor-heading-title elementor-size-default\">Politique de cookies<\/h2>\t\t\t\t<\/div>\n\t\t\t\t<\/div>\n\t\t\t\t<\/div>\n\t\t\t\t\t<\/div>\n\t\t\t\t<\/div>\n\t\t<div class=\"elementor-element elementor-element-52a02d49 e-flex e-con-boxed e-con e-parent\" data-id=\"52a02d49\" data-element_type=\"container\" data-e-type=\"container\">\n\t\t\t\t\t<div class=\"e-con-inner\">\n\t\t<div class=\"elementor-element elementor-element-2c0ae9b2 e-con-full e-flex e-con e-child\" data-id=\"2c0ae9b2\" data-element_type=\"container\" data-e-type=\"container\">\n\t\t\t\t<div class=\"elementor-element elementor-element-56786258 elementor-widget elementor-widget-text-editor\" data-id=\"56786258\" data-element_type=\"widget\" data-e-type=\"widget\" data-widget_type=\"text-editor.default\">\n\t\t\t\t<div class=\"elementor-widget-container\">\n\t\t\t\t\t\t\t\t\t<p>PlaneCashBack respecte votre vie priv\u00e9e et s&#8217;engage \u00e0 prot\u00e9ger toutes les informations personnelles que vous pouvez soumettre via notre site. Les informations suivantes sont con\u00e7ues pour vous aider \u00e0 comprendre quelles informations PlaneCashBack collecte sur le site et comment ces informations sont g\u00e9r\u00e9es. Veuillez \u00e9galement lire notre d\u00e9claration de confidentialit\u00e9.<\/p>\n<p>Afin que le site fonctionne correctement, nous pla\u00e7ons parfois de petits cookies sur les appareils des utilisateurs. La plupart des grands sites le font. En acc\u00e9dant, naviguant et\/ou utilisant notre site Web, vous reconnaissez, sans limitation ni qualification, que vous avez lu, compris et accept\u00e9 d&#8217;\u00eatre li\u00e9 par les termes et conditions de cette politique et consentez donc \u00e0 l&#8217;utilisation de cookies conform\u00e9ment \u00e0 ces pr\u00e9sentes. termes.<\/p>\n<p>Que sont les cookies ? Un cookie est un petit fichier texte qu&#8217;un site Web enregistre sur votre ordinateur ou appareil mobile lorsque vous visitez un site Web. Il permet au site Web de m\u00e9moriser les actions et les pr\u00e9f\u00e9rences de l&#8217;utilisateur (telles que les dates d&#8217;inscription, la langue, la taille de la police et d&#8217;autres pr\u00e9f\u00e9rences d&#8217;affichage) sur une p\u00e9riode donn\u00e9e afin que l&#8217;utilisateur n&#8217;ait pas \u00e0 les saisir \u00e0 nouveau \u00e0 chaque fois qu&#8217;il revient sur le site ou naviguer d&#8217;une page \u00e0 l&#8217;autre.<\/p>\n<p>Quels sont les diff\u00e9rents types de cookies? Un cookie peut \u00eatre class\u00e9 selon sa dur\u00e9e de vie et le domaine auquel il appartient. Selon la dur\u00e9e de vie, un cookie est :<\/p>\n<ul>\n<li>un cookie de session qui est supprim\u00e9 lorsque vous fermez votre navigateur ou<\/li>\n<li>un cookie persistant qui reste sur votre ordinateur\/appareil pendant une p\u00e9riode de temps pr\u00e9d\u00e9finie.<\/li>\n<\/ul>\n<p>Quant au domaine auquel ils appartiennent, ce sont :<\/p>\n<ul>\n<li>les cookies principaux d\u00e9finis par PlaneCashBack ou<\/li>\n<li>cookies tiers, stock\u00e9s par un domaine diff\u00e9rent du domaine de la page visit\u00e9e.<\/li>\n<\/ul>\n<p>Comment utilisons-nous les cookies? Notre site Web utilise des cookies pour garantir la meilleure exp\u00e9rience utilisateur. Nous utilisons des cookies de session et persistants sur notre site Web. L&#8217;activation des cookies propri\u00e9taires et tiers n&#8217;est pas strictement n\u00e9cessaire au fonctionnement du site Web, mais elle offrira une meilleure exp\u00e9rience de navigation. Ces cookies peuvent \u00eatre supprim\u00e9s ou bloqu\u00e9s, mais si vous le faites, certaines fonctionnalit\u00e9s de ce site Web pourraient ne plus fonctionner comme pr\u00e9vu.<\/p>\n<p>Les informations des cookies ne sont pas utilis\u00e9es pour vous identifier personnellement et les donn\u00e9es analytiques sont enti\u00e8rement sous notre contr\u00f4le. Nos cookies ne sont pas utilis\u00e9s \u00e0 des fins autres que celles d\u00e9crites ci-dessus.<\/p>\n<p>Quels cookies utilisons-nous ? Nous utilisons nos propres cookies pour m\u00e9moriser les actions et les pr\u00e9f\u00e9rences personnalis\u00e9es. Nous utilisons \u00e9galement nos cookies propri\u00e9taires pour vous aider \u00e0 prendre des mesures sans avoir \u00e0 saisir d&#8217;informations lorsque vous naviguez de page en page ou lorsque vous visitez le site ult\u00e9rieurement.<\/p>\n<p>Nous utilisons des cookies tiers pour am\u00e9liorer l&#8217;exp\u00e9rience utilisateur gr\u00e2ce \u00e0 l&#8217;analyse num\u00e9rique et \u00e0 la personnalisation en temps r\u00e9el. Nous utilisons \u00e9galement des cookies tiers pour la publicit\u00e9 comportementale en ligne et pour afficher des publicit\u00e9s pertinentes pour les \u00e9l\u00e9ments recherch\u00e9s par l&#8217;utilisateur dans le pass\u00e9.<\/p>\n<p>Comment contr\u00f4ler les cookies ? Vous pouvez contr\u00f4ler et\/ou supprimer les cookies comme vous le souhaitez \u2013 pour plus de d\u00e9tails, visitez aboutcookies.org. Vous pouvez supprimer tous les cookies d\u00e9j\u00e0 pr\u00e9sents sur votre ordinateur et configurer la plupart des navigateurs pour emp\u00eacher leur placement. Si vous choisissez de bloquer nos cookies, vous devrez modifier manuellement certaines pr\u00e9f\u00e9rences \u00e0 chaque fois que vous visitez notre site et certains services et fonctionnalit\u00e9s pourraient ne pas fonctionner.<\/p>\n<p>Cette politique peut \u00eatre mise \u00e0 jour de temps \u00e0 autre, par exemple en raison de changements dans la l\u00e9gislation pertinente ou de changements dans la structure d&#8217;entreprise de PlaneCashBack. Nous vous encourageons \u00e0 visiter cette page p\u00e9riodiquement pour obtenir les derni\u00e8res informations sur notre politique en mati\u00e8re de cookies.<\/p><\/p>\n\t\t\t\t\t\t\t\t<\/div>\n\t\t\t\t<\/div>\n\t\t\t\t<\/div>\n\t\t\t\t\t<\/div>\n\t\t\t\t<\/div>\n\t\t<div class=\"elementor-element elementor-element-4fffb53d e-flex e-con-boxed e-con e-parent\" data-id=\"4fffb53d\" data-element_type=\"container\" data-e-type=\"container\" data-settings=\"{&quot;background_background&quot;:&quot;classic&quot;}\">\n\t\t\t\t\t<div class=\"e-con-inner\">\n\t\t<div class=\"elementor-element elementor-element-53c59d70 e-con-full e-flex e-con e-child\" data-id=\"53c59d70\" data-element_type=\"container\" data-e-type=\"container\">\n\t\t\t\t<div class=\"elementor-element elementor-element-1f948769 elementor-widget elementor-widget-heading\" data-id=\"1f948769\" data-element_type=\"widget\" data-e-type=\"widget\" data-widget_type=\"heading.default\">\n\t\t\t\t<div class=\"elementor-widget-container\">\n\t\t\t\t\t<h2 class=\"elementor-heading-title elementor-size-default\">Connaissez vos droits en tant que passager et r\u00e9clamez ce qui vous est d\u00fb.<\/h2>\t\t\t\t<\/div>\n\t\t\t\t<\/div>\n\t\t\t\t<div class=\"elementor-element elementor-element-4f146e5 elementor-align-center elementor-widget elementor-widget-button\" data-id=\"4f146e5\" data-element_type=\"widget\" data-e-type=\"widget\" data-widget_type=\"button.default\">\n\t\t\t\t<div class=\"elementor-widget-container\">\n\t\t\t\t\t\t\t\t\t<div class=\"elementor-button-wrapper\">\n\t\t\t\t\t<a class=\"elementor-button elementor-button-link elementor-size-sm\" href=\"https:\/\/planecashback.com\/fr\/formulaire-dindemnisation\/\">\n\t\t\t\t\t\t<span class=\"elementor-button-content-wrapper\">\n\t\t\t\t\t\t\t\t\t<span class=\"elementor-button-text\">Je veux une compensation maintenant<\/span>\n\t\t\t\t\t<\/span>\n\t\t\t\t\t<\/a>\n\t\t\t\t<\/div>\n\t\t\t\t\t\t\t\t<\/div>\n\t\t\t\t<\/div>\n\t\t\t\t<\/div>\n\t\t\t\t\t<\/div>\n\t\t\t\t<\/div>\n\t\t\t\t<\/div>\n\t\t","protected":false},"excerpt":{"rendered":"<p>Politique de cookies PlaneCashBack respecte votre vie priv\u00e9e et s&#8217;engage \u00e0 prot\u00e9ger toutes les informations personnelles que vous pouvez soumettre via notre site. Les informations suivantes sont con\u00e7ues pour vous aider \u00e0 comprendre quelles informations PlaneCashBack collecte sur le site et comment ces informations sont g\u00e9r\u00e9es. Veuillez \u00e9galement lire notre d\u00e9claration de confidentialit\u00e9. Afin que [&hellip;]<\/p>\n","protected":false},"author":1,"featured_media":0,"parent":0,"menu_order":0,"comment_status":"closed","ping_status":"closed","template":"","meta":{"om_disable_all_campaigns":false,"site-sidebar-layout":"no-sidebar","site-content-layout":"page-builder","ast-site-content-layout":"full-width-container","site-content-style":"default","site-sidebar-style":"default","ast-global-header-display":"","ast-banner-title-visibility":"","ast-main-header-display":"","ast-hfb-above-header-display":"","ast-hfb-below-header-display":"","ast-hfb-mobile-header-display":"","site-post-title":"disabled","ast-breadcrumbs-content":"","ast-featured-img":"disabled","footer-sml-layout":"","ast-disable-related-posts":"","theme-transparent-header-meta":"","adv-header-id-meta":"","stick-header-meta":"","header-above-stick-meta":"","header-main-stick-meta":"","header-below-stick-meta":"","astra-migrate-meta-layouts":"default","ast-page-background-enabled":"default","ast-page-background-meta":{"desktop":{"background-color":"var(--ast-global-color-4)","background-image":"","background-repeat":"repeat","background-position":"center center","background-size":"auto","background-attachment":"scroll","background-type":"","background-media":"","overlay-type":"","overlay-color":"","overlay-opacity":"","overlay-gradient":""},"tablet":{"background-color":"","background-image":"","background-repeat":"repeat","background-position":"center center","background-size":"auto","background-attachment":"scroll","background-type":"","background-media":"","overlay-type":"","overlay-color":"","overlay-opacity":"","overlay-gradient":""},"mobile":{"background-color":"","background-image":"","background-repeat":"repeat","background-position":"center center","background-size":"auto","background-attachment":"scroll","background-type":"","background-media":"","overlay-type":"","overlay-color":"","overlay-opacity":"","overlay-gradient":""}},"ast-content-background-meta":{"desktop":{"background-color":"var(--ast-global-color-5)","background-image":"","background-repeat":"repeat","background-position":"center center","background-size":"auto","background-attachment":"scroll","background-type":"","background-media":"","overlay-type":"","overlay-color":"","overlay-opacity":"","overlay-gradient":""},"tablet":{"background-color":"var(--ast-global-color-5)","background-image":"","background-repeat":"repeat","background-position":"center center","background-size":"auto","background-attachment":"scroll","background-type":"","background-media":"","overlay-type":"","overlay-color":"","overlay-opacity":"","overlay-gradient":""},"mobile":{"background-color":"var(--ast-global-color-5)","background-image":"","background-repeat":"repeat","background-position":"center center","background-size":"auto","background-attachment":"scroll","background-type":"","background-media":"","overlay-type":"","overlay-color":"","overlay-opacity":"","overlay-gradient":""}},"footnotes":""},"class_list":["post-2623","page","type-page","status-publish","hentry"],"aioseo_notices":[],"_links":{"self":[{"href":"https:\/\/planecashback.com\/fr\/wp-json\/wp\/v2\/pages\/2623","targetHints":{"allow":["GET"]}}],"collection":[{"href":"https:\/\/planecashback.com\/fr\/wp-json\/wp\/v2\/pages"}],"about":[{"href":"https:\/\/planecashback.com\/fr\/wp-json\/wp\/v2\/types\/page"}],"author":[{"embeddable":true,"href":"https:\/\/planecashback.com\/fr\/wp-json\/wp\/v2\/users\/1"}],"replies":[{"embeddable":true,"href":"https:\/\/planecashback.com\/fr\/wp-json\/wp\/v2\/comments?post=2623"}],"version-history":[{"count":4,"href":"https:\/\/planecashback.com\/fr\/wp-json\/wp\/v2\/pages\/2623\/revisions"}],"predecessor-version":[{"id":3049,"href":"https:\/\/planecashback.com\/fr\/wp-json\/wp\/v2\/pages\/2623\/revisions\/3049"}],"wp:attachment":[{"href":"https:\/\/planecashback.com\/fr\/wp-json\/wp\/v2\/media?parent=2623"}],"curies":[{"name":"wp","href":"https:\/\/api.w.org\/{rel}","templated":true}]}}