{"id":2627,"date":"2024-02-15T08:15:20","date_gmt":"2024-02-15T08:15:20","guid":{"rendered":"https:\/\/planecashback.com\/les-taux\/"},"modified":"2024-07-04T10:03:11","modified_gmt":"2024-07-04T10:03:11","slug":"les-taux","status":"publish","type":"page","link":"https:\/\/planecashback.com\/fr\/les-taux\/","title":{"rendered":"Les Taux"},"content":{"rendered":"\t\t<div data-elementor-type=\"wp-page\" data-elementor-id=\"2627\" class=\"elementor elementor-2627 elementor-1607\">\n\t\t\t\t<div class=\"elementor-element elementor-element-6638e19e e-flex e-con-boxed e-con e-parent\" data-id=\"6638e19e\" data-element_type=\"container\" data-e-type=\"container\" data-settings=\"{&quot;background_background&quot;:&quot;classic&quot;}\">\n\t\t\t\t\t<div class=\"e-con-inner\">\n\t\t<div class=\"elementor-element elementor-element-3662daea e-con-full e-flex e-con e-child\" data-id=\"3662daea\" data-element_type=\"container\" data-e-type=\"container\">\n\t\t\t\t<div class=\"elementor-element elementor-element-2d0373cb elementor-widget elementor-widget-heading\" data-id=\"2d0373cb\" data-element_type=\"widget\" data-e-type=\"widget\" data-widget_type=\"heading.default\">\n\t\t\t\t<div class=\"elementor-widget-container\">\n\t\t\t\t\t<h2 class=\"elementor-heading-title elementor-size-default\">Les Taux<\/h2>\t\t\t\t<\/div>\n\t\t\t\t<\/div>\n\t\t\t\t<\/div>\n\t\t\t\t\t<\/div>\n\t\t\t\t<\/div>\n\t\t<div class=\"elementor-element elementor-element-24ec2aa8 e-flex e-con-boxed e-con e-parent\" data-id=\"24ec2aa8\" data-element_type=\"container\" data-e-type=\"container\">\n\t\t\t\t\t<div class=\"e-con-inner\">\n\t\t<div class=\"elementor-element elementor-element-399db96b e-con-full e-flex e-con e-child\" data-id=\"399db96b\" data-element_type=\"container\" data-e-type=\"container\">\n\t\t\t\t<div class=\"elementor-element elementor-element-65bf03dc elementor-widget elementor-widget-text-editor\" data-id=\"65bf03dc\" data-element_type=\"widget\" data-e-type=\"widget\" data-widget_type=\"text-editor.default\">\n\t\t\t\t<div class=\"elementor-widget-container\">\n\t\t\t\t\t\t\t\t\t<p>Collaboration avec PlaneCashBack <strong>elle n&#8217;est pas conditionn\u00e9e au paiement d&#8217;\u00e9ventuels frais pr\u00e9alables.<\/strong><\/p>\n<p>Notre devise est: <strong>&#8220;Commission Z\u00c9RO si vous n&#8217;\u00eates pas indemnis\u00e9.&#8221;<\/strong><\/p>\n<p>Si vous \u00eates indemnis\u00e9, la commission que nous facturons est de <strong>25% + TVA<\/strong> de la valeur de l&#8217;indemnisation.<strong>Il sera d\u00e9duit du montant de votre indemnisation lorsque vous l&#8217;aurez re\u00e7u.<\/strong>)<\/p>\n<p>Pour les r\u00e9clamations EC 261, les \u00e9l\u00e9ments suivants s&#8217;appliquent aux frais de service:<\/p>\n<p>Pour les vols de 1500 km ou moins, le client recevra une indemnisation de 250 \u20ac et devra payer des frais de service \u00e9gaux \u00e0 25% + TVA.<\/p>\n<p>Pour les vols dits intracommunautaires d\u00e9passant 1 500 km, ainsi que pour les vols compris entre 1 500 km et 3 500 km, le client percevra une indemnisation de 400 euros. Par cons\u00e9quent, le client devra payer des frais de service de seulement 25 % + TVA. Pour le reste des vols non sp\u00e9cifi\u00e9s ci-dessus, si le client obtient le droit \u00e0 recevoir 600 \u20ac, 25% + TVA de l&#8217;indemnisation seront les frais de service.<\/p>\n<p>Pour les vols d\u00e9crits ci-dessus, ceux pour lesquels le client n&#8217;a droit \u00e0 aucun des montants de 250 \u20ac, 400 \u20ac ou 600 \u20ac, le client n&#8217;a PAS \u00e0 payer le montant de 25 % + TVA comme frais de service pour son indemnisation de vol.<\/p>\n<p>Pour les autres types de sinistres, autres que ceux pr\u00e9vus dans les demandes CE 261, les frais de service seront d\u00e9duits comme suit:<\/p>\n<p>Si le client obtient une indemnisation de vol de 201 \u00e0 300 EUR, il devra payer des frais de service de 25 % + TVA. Si le client obtient une indemnisation de vol de 301 \u00e0 400 EUR, le client paiera une commission de 25 % + TVA.<\/p>\n<p>Si le client obtient une compensation pour un vol de 401 \u00e0 500 EUR, le client doit payer des frais de service de 25 % + TVA. Si le client obtient une indemnisation de vol de 501 \u00e0 600 EUR, il devra payer des frais de service de 25 % + TVA.<\/p>\n<p>Si le client obtient une indemnisation de vol de 601 \u00e0 800 EUR, il doit payer des frais de service de 25 % + TVA. Si le client obtient une indemnisation de vol de 801 \u00e0 1 000 EUR, il paiera des frais de service de 25 % + TVA.<\/p>\n<p>WEBSOLL E-COMMERCE SRL soci\u00e9t\u00e9 constitu\u00e9e et fonctionnant conform\u00e9ment au droit roumain, inscrite au Registre du Bureau de Commerce pr\u00e8s du Tribunal de Mures sous le num\u00e9ro. J26\/1939\/2017, avec code fiscal RO 38432804 et si\u00e8ge social \u00e0 Targu Mures, en tant que Repr\u00e9sentant L\u00e9gal &#8211; &#8220;PLAIN CASH BACK&#8221;.<\/p>\n<p>Garantie de la valeur de l&#8217;indemnisation pour le vol Le client b\u00e9n\u00e9ficiera \u00e0 tout moment de l&#8217;assurance que Websoll E-Commerce SRL garantira l&#8217;exactitude et l&#8217;exactitude de la valeur de l&#8217;indemnisation qu&#8217;il recevra.<\/p>\n<p>Si tous les crit\u00e8res de la demande sont remplis conform\u00e9ment \u00e0 EC261, le client aura le droit de recevoir de Websoll E-Commerce SRL le montant correct en EUR.<\/p>\n<p>De plus, pour plus de clart\u00e9, toute indemnisation r\u00e9sultant d&#8217;une r\u00e9clamation EC261 sera pay\u00e9e en EUR.<\/p>\n<p>Par cons\u00e9quent, la compensation re\u00e7ue gr\u00e2ce aux efforts d\u00e9ploy\u00e9s par Websoll E-Commerce SRL sera trait\u00e9e de mani\u00e8re totalement transparente. Pour cette raison, le client pourra v\u00e9rifier de mani\u00e8re satisfaisante que Websoll E-Commerce SRL a rempli ses obligations conform\u00e9ment \u00e0 l&#8217;EC261.<\/p>\n<p>Frais de virement bancaire international Les frais et d\u00e9penses suppl\u00e9mentaires li\u00e9s aux virements bancaires ne seront pas \u00e0 la charge de Websoll E-Commerce SRL. M\u00eame si le montant de ces d\u00e9penses s&#8217;av\u00e8re incoh\u00e9rent ou pertinent dans la plupart des cas, nous nous r\u00e9servons le droit de ne pas en \u00eatre responsables en raison de politiques bancaires diff\u00e9rentes.<\/p>\n<p>Autres frais Tous les prix et frais indiqu\u00e9s dans la liste de prix Websoll E-Commerce SRL n&#8217;impliqueront pas de frais suppl\u00e9mentaires ou d&#8217;autres taxes ou formes de taxation de notre part. Les montants indiqu\u00e9s seront les seuls montants que vous devrez payer et seront d\u00e9duits de votre allocation \u00e0 votre arriv\u00e9e.<\/p>\n\t\t\t\t\t\t\t\t<\/div>\n\t\t\t\t<\/div>\n\t\t\t\t<\/div>\n\t\t\t\t\t<\/div>\n\t\t\t\t<\/div>\n\t\t<div class=\"elementor-element elementor-element-525a35c4 e-flex e-con-boxed e-con e-parent\" data-id=\"525a35c4\" data-element_type=\"container\" data-e-type=\"container\" data-settings=\"{&quot;background_background&quot;:&quot;classic&quot;}\">\n\t\t\t\t\t<div class=\"e-con-inner\">\n\t\t<div class=\"elementor-element elementor-element-4b921055 e-con-full e-flex e-con e-child\" data-id=\"4b921055\" data-element_type=\"container\" data-e-type=\"container\">\n\t\t\t\t<div class=\"elementor-element elementor-element-73f42dd6 elementor-widget elementor-widget-heading\" data-id=\"73f42dd6\" data-element_type=\"widget\" data-e-type=\"widget\" data-widget_type=\"heading.default\">\n\t\t\t\t<div class=\"elementor-widget-container\">\n\t\t\t\t\t<h2 class=\"elementor-heading-title elementor-size-default\">Connaissez vos droits en tant que passager et r\u00e9clamez ce qui vous est d\u00fb.<\/h2>\t\t\t\t<\/div>\n\t\t\t\t<\/div>\n\t\t\t\t<div class=\"elementor-element elementor-element-40f56ea elementor-align-center elementor-widget elementor-widget-button\" data-id=\"40f56ea\" data-element_type=\"widget\" data-e-type=\"widget\" data-widget_type=\"button.default\">\n\t\t\t\t<div class=\"elementor-widget-container\">\n\t\t\t\t\t\t\t\t\t<div class=\"elementor-button-wrapper\">\n\t\t\t\t\t<a class=\"elementor-button elementor-button-link elementor-size-sm\" href=\"https:\/\/planecashback.com\/fr\/formulaire-dindemnisation\/\">\n\t\t\t\t\t\t<span class=\"elementor-button-content-wrapper\">\n\t\t\t\t\t\t\t\t\t<span class=\"elementor-button-text\">Je veux une compensation maintenant<\/span>\n\t\t\t\t\t<\/span>\n\t\t\t\t\t<\/a>\n\t\t\t\t<\/div>\n\t\t\t\t\t\t\t\t<\/div>\n\t\t\t\t<\/div>\n\t\t\t\t<\/div>\n\t\t\t\t\t<\/div>\n\t\t\t\t<\/div>\n\t\t\t\t<\/div>\n\t\t","protected":false},"excerpt":{"rendered":"<p>Les Taux Collaboration avec PlaneCashBack elle n&#8217;est pas conditionn\u00e9e au paiement d&#8217;\u00e9ventuels frais pr\u00e9alables. Notre devise est: &#8220;Commission Z\u00c9RO si vous n&#8217;\u00eates pas indemnis\u00e9.&#8221; Si vous \u00eates indemnis\u00e9, la commission que nous facturons est de 25% + TVA de la valeur de l&#8217;indemnisation.Il sera d\u00e9duit du montant de votre indemnisation lorsque vous l&#8217;aurez re\u00e7u.) Pour [&hellip;]<\/p>\n","protected":false},"author":1,"featured_media":0,"parent":0,"menu_order":0,"comment_status":"closed","ping_status":"closed","template":"","meta":{"om_disable_all_campaigns":false,"site-sidebar-layout":"no-sidebar","site-content-layout":"page-builder","ast-site-content-layout":"full-width-container","site-content-style":"default","site-sidebar-style":"default","ast-global-header-display":"","ast-banner-title-visibility":"","ast-main-header-display":"","ast-hfb-above-header-display":"","ast-hfb-below-header-display":"","ast-hfb-mobile-header-display":"","site-post-title":"disabled","ast-breadcrumbs-content":"","ast-featured-img":"disabled","footer-sml-layout":"","ast-disable-related-posts":"","theme-transparent-header-meta":"","adv-header-id-meta":"","stick-header-meta":"","header-above-stick-meta":"","header-main-stick-meta":"","header-below-stick-meta":"","astra-migrate-meta-layouts":"default","ast-page-background-enabled":"default","ast-page-background-meta":{"desktop":{"background-color":"var(--ast-global-color-4)","background-image":"","background-repeat":"repeat","background-position":"center center","background-size":"auto","background-attachment":"scroll","background-type":"","background-media":"","overlay-type":"","overlay-color":"","overlay-opacity":"","overlay-gradient":""},"tablet":{"background-color":"","background-image":"","background-repeat":"repeat","background-position":"center center","background-size":"auto","background-attachment":"scroll","background-type":"","background-media":"","overlay-type":"","overlay-color":"","overlay-opacity":"","overlay-gradient":""},"mobile":{"background-color":"","background-image":"","background-repeat":"repeat","background-position":"center center","background-size":"auto","background-attachment":"scroll","background-type":"","background-media":"","overlay-type":"","overlay-color":"","overlay-opacity":"","overlay-gradient":""}},"ast-content-background-meta":{"desktop":{"background-color":"var(--ast-global-color-5)","background-image":"","background-repeat":"repeat","background-position":"center center","background-size":"auto","background-attachment":"scroll","background-type":"","background-media":"","overlay-type":"","overlay-color":"","overlay-opacity":"","overlay-gradient":""},"tablet":{"background-color":"var(--ast-global-color-5)","background-image":"","background-repeat":"repeat","background-position":"center center","background-size":"auto","background-attachment":"scroll","background-type":"","background-media":"","overlay-type":"","overlay-color":"","overlay-opacity":"","overlay-gradient":""},"mobile":{"background-color":"var(--ast-global-color-5)","background-image":"","background-repeat":"repeat","background-position":"center center","background-size":"auto","background-attachment":"scroll","background-type":"","background-media":"","overlay-type":"","overlay-color":"","overlay-opacity":"","overlay-gradient":""}},"footnotes":""},"class_list":["post-2627","page","type-page","status-publish","hentry"],"aioseo_notices":[],"_links":{"self":[{"href":"https:\/\/planecashback.com\/fr\/wp-json\/wp\/v2\/pages\/2627","targetHints":{"allow":["GET"]}}],"collection":[{"href":"https:\/\/planecashback.com\/fr\/wp-json\/wp\/v2\/pages"}],"about":[{"href":"https:\/\/planecashback.com\/fr\/wp-json\/wp\/v2\/types\/page"}],"author":[{"embeddable":true,"href":"https:\/\/planecashback.com\/fr\/wp-json\/wp\/v2\/users\/1"}],"replies":[{"embeddable":true,"href":"https:\/\/planecashback.com\/fr\/wp-json\/wp\/v2\/comments?post=2627"}],"version-history":[{"count":3,"href":"https:\/\/planecashback.com\/fr\/wp-json\/wp\/v2\/pages\/2627\/revisions"}],"predecessor-version":[{"id":3074,"href":"https:\/\/planecashback.com\/fr\/wp-json\/wp\/v2\/pages\/2627\/revisions\/3074"}],"wp:attachment":[{"href":"https:\/\/planecashback.com\/fr\/wp-json\/wp\/v2\/media?parent=2627"}],"curies":[{"name":"wp","href":"https:\/\/api.w.org\/{rel}","templated":true}]}}