{"id":2639,"date":"2022-04-13T12:50:35","date_gmt":"2022-04-13T12:50:35","guid":{"rendered":"https:\/\/planecashback.com\/a-propos-de-nous\/"},"modified":"2024-09-16T09:42:02","modified_gmt":"2024-09-16T09:42:02","slug":"a-propos-de-nous","status":"publish","type":"page","link":"https:\/\/planecashback.com\/fr\/a-propos-de-nous\/","title":{"rendered":"A propos de nous"},"content":{"rendered":"\t\t<div data-elementor-type=\"wp-page\" data-elementor-id=\"2639\" class=\"elementor elementor-2639 elementor-550\">\n\t\t\t\t<div class=\"elementor-element elementor-element-a69996c e-flex e-con-boxed e-con e-parent\" data-id=\"a69996c\" data-element_type=\"container\" data-e-type=\"container\" data-settings=\"{&quot;background_background&quot;:&quot;classic&quot;}\">\n\t\t\t\t\t<div class=\"e-con-inner\">\n\t\t<div class=\"elementor-element elementor-element-32a05e7 e-con-full e-flex e-con e-child\" data-id=\"32a05e7\" data-element_type=\"container\" data-e-type=\"container\">\n\t\t<div class=\"elementor-element elementor-element-8d02f63 e-con-full e-flex e-con e-child\" data-id=\"8d02f63\" data-element_type=\"container\" data-e-type=\"container\">\n\t\t<div class=\"elementor-element elementor-element-caa2c6e e-con-full e-flex e-con e-child\" data-id=\"caa2c6e\" data-element_type=\"container\" data-e-type=\"container\">\n\t\t\t\t<div class=\"elementor-element elementor-element-0e26009 elementor-widget elementor-widget-heading\" data-id=\"0e26009\" data-element_type=\"widget\" data-e-type=\"widget\" data-widget_type=\"heading.default\">\n\t\t\t\t<div class=\"elementor-widget-container\">\n\t\t\t\t\t<h6 class=\"elementor-heading-title elementor-size-default\">A propos de nous<\/h6>\t\t\t\t<\/div>\n\t\t\t\t<\/div>\n\t\t\t\t<div class=\"elementor-element elementor-element-b357c8e elementor-widget elementor-widget-heading\" data-id=\"b357c8e\" data-element_type=\"widget\" data-e-type=\"widget\" data-widget_type=\"heading.default\">\n\t\t\t\t<div class=\"elementor-widget-container\">\n\t\t\t\t\t<h1 class=\"elementor-heading-title elementor-size-default\">Services de r\u00e9clamation pour les vols relevant de l'UE261<\/h1>\t\t\t\t<\/div>\n\t\t\t\t<\/div>\n\t\t\t\t<\/div>\n\t\t\t\t<\/div>\n\t\t\t\t<\/div>\n\t\t\t\t\t<\/div>\n\t\t\t\t<\/div>\n\t\t<div class=\"elementor-element elementor-element-2b78fbc e-flex e-con-boxed e-con e-parent\" data-id=\"2b78fbc\" data-element_type=\"container\" data-e-type=\"container\">\n\t\t\t\t\t<div class=\"e-con-inner\">\n\t\t<div class=\"elementor-element elementor-element-d219765 e-con-full e-flex e-con e-child\" data-id=\"d219765\" data-element_type=\"container\" data-e-type=\"container\">\n\t\t\t\t<div class=\"elementor-element elementor-element-ab2aaea elementor-widget elementor-widget-heading\" data-id=\"ab2aaea\" data-element_type=\"widget\" data-e-type=\"widget\" data-widget_type=\"heading.default\">\n\t\t\t\t<div class=\"elementor-widget-container\">\n\t\t\t\t\t<h6 class=\"elementor-heading-title elementor-size-default\">Que faisons-nous ?<\/h6>\t\t\t\t<\/div>\n\t\t\t\t<\/div>\n\t\t\t\t<div class=\"elementor-element elementor-element-c838e96 elementor-widget elementor-widget-heading\" data-id=\"c838e96\" data-element_type=\"widget\" data-e-type=\"widget\" data-widget_type=\"heading.default\">\n\t\t\t\t<div class=\"elementor-widget-container\">\n\t\t\t\t\t<h2 class=\"elementor-heading-title elementor-size-default\">Nous veillons \u00e0 ce que vos droits soient entre de bonnes mains.<\/h2>\t\t\t\t<\/div>\n\t\t\t\t<\/div>\n\t\t\t\t<\/div>\n\t\t<div class=\"elementor-element elementor-element-3588e6a e-con-full e-flex e-con e-child\" data-id=\"3588e6a\" data-element_type=\"container\" data-e-type=\"container\">\n\t\t\t\t<div class=\"elementor-element elementor-element-aa8ff6a elementor-widget elementor-widget-text-editor\" data-id=\"aa8ff6a\" data-element_type=\"widget\" data-e-type=\"widget\" data-widget_type=\"text-editor.default\">\n\t\t\t\t<div class=\"elementor-widget-container\">\n\t\t\t\t\t\t\t\t\t<p>Chez PlaneCashBack.com, nous nous engageons \u00e0 aider les passagers \u00e0 comprendre leurs droits et \u00e0 r\u00e9clamer l&#8217;indemnisation \u00e0 laquelle ils ont droit. Nous naviguons dans le processus complexe, traitons avec les compagnies a\u00e9riennes et veillons \u00e0 ce que vos droits soient respect\u00e9s, conform\u00e9ment au r\u00e8glement (CE) n\u00b0 261\/2004 de l&#8217;UE. Ne laissez pas la complexit\u00e9 du voyage a\u00e9rien g\u00e2cher votre exp\u00e9rience. Comprenez vos droits, demandez une indemnisation et laissez-nous vous aider \u00e0 rendre votre voyage aussi fluide que possible.<\/p>\n\t\t\t\t\t\t\t\t<\/div>\n\t\t\t\t<\/div>\n\t\t\t\t<\/div>\n\t\t\t\t\t<\/div>\n\t\t\t\t<\/div>\n\t\t<div class=\"elementor-element elementor-element-ada0da7 e-flex e-con-boxed e-con e-parent\" data-id=\"ada0da7\" data-element_type=\"container\" data-e-type=\"container\" data-settings=\"{&quot;background_background&quot;:&quot;classic&quot;}\">\n\t\t\t\t\t<div class=\"e-con-inner\">\n\t\t<div class=\"elementor-element elementor-element-7c60576 e-con-full e-flex e-con e-child\" data-id=\"7c60576\" data-element_type=\"container\" data-e-type=\"container\">\n\t\t\t\t<div class=\"elementor-element elementor-element-d88b4c1 elementor-widget elementor-widget-heading\" data-id=\"d88b4c1\" data-element_type=\"widget\" data-e-type=\"widget\" data-widget_type=\"heading.default\">\n\t\t\t\t<div class=\"elementor-widget-container\">\n\t\t\t\t\t<h3 class=\"elementor-heading-title elementor-size-default\">Postulez maintenant et recevez jusqu'\u00e0 600 euros d'indemnisation par passager ! Cela ne d\u00e9pend pas du prix du billet. L'application est enti\u00e8rement gratuite. ZERO commission si vous n'\u00eates pas r\u00e9mun\u00e9r\u00e9 !<\/h3>\t\t\t\t<\/div>\n\t\t\t\t<\/div>\n\t\t\t\t<div class=\"elementor-element elementor-element-93594fa elementor-align-center elementor-widget elementor-widget-button\" data-id=\"93594fa\" data-element_type=\"widget\" data-e-type=\"widget\" data-widget_type=\"button.default\">\n\t\t\t\t<div class=\"elementor-widget-container\">\n\t\t\t\t\t\t\t\t\t<div class=\"elementor-button-wrapper\">\n\t\t\t\t\t<a class=\"elementor-button elementor-button-link elementor-size-sm\" href=\"https:\/\/planecashback.com\/fr\/formulaire-dindemnisation\/\">\n\t\t\t\t\t\t<span class=\"elementor-button-content-wrapper\">\n\t\t\t\t\t\t\t\t\t<span class=\"elementor-button-text\">Appliquer Maintenant<\/span>\n\t\t\t\t\t<\/span>\n\t\t\t\t\t<\/a>\n\t\t\t\t<\/div>\n\t\t\t\t\t\t\t\t<\/div>\n\t\t\t\t<\/div>\n\t\t\t\t<\/div>\n\t\t\t\t\t<\/div>\n\t\t\t\t<\/div>\n\t\t<div class=\"elementor-element elementor-element-3d6aea6 e-flex e-con-boxed e-con e-parent\" data-id=\"3d6aea6\" data-element_type=\"container\" data-e-type=\"container\" data-settings=\"{&quot;background_background&quot;:&quot;classic&quot;}\">\n\t\t\t\t\t<div class=\"e-con-inner\">\n\t\t<div class=\"elementor-element elementor-element-8e4b021 e-con-full e-flex e-con e-child\" data-id=\"8e4b021\" data-element_type=\"container\" data-e-type=\"container\">\n\t\t\t\t<div class=\"elementor-element elementor-element-5d47983 elementor-widget elementor-widget-heading\" data-id=\"5d47983\" data-element_type=\"widget\" data-e-type=\"widget\" data-widget_type=\"heading.default\">\n\t\t\t\t<div class=\"elementor-widget-container\">\n\t\t\t\t\t<h2 class=\"elementor-heading-title elementor-size-default\">Avantages de Plane CashBack<\/h2>\t\t\t\t<\/div>\n\t\t\t\t<\/div>\n\t\t<div class=\"elementor-element elementor-element-d3bd83a e-flex e-con-boxed e-con e-child\" data-id=\"d3bd83a\" data-element_type=\"container\" data-e-type=\"container\">\n\t\t\t\t\t<div class=\"e-con-inner\">\n\t\t\t\t<div class=\"elementor-element elementor-element-c34f68a elementor-widget__width-initial elementor-position-top elementor-widget elementor-widget-image-box\" data-id=\"c34f68a\" data-element_type=\"widget\" data-e-type=\"widget\" data-widget_type=\"image-box.default\">\n\t\t\t\t<div class=\"elementor-widget-container\">\n\t\t\t\t\t<div class=\"elementor-image-box-wrapper\"><figure class=\"elementor-image-box-img\"><img fetchpriority=\"high\" decoding=\"async\" width=\"400\" height=\"560\" src=\"https:\/\/planecashback.com\/wp-content\/uploads\/2024\/09\/Plane_CashBack_Usor_si_fara_Probleme_despre_noi.png\" class=\"attachment-full size-full wp-image-3188\" alt=\"\" srcset=\"https:\/\/planecashback.com\/wp-content\/uploads\/2024\/09\/Plane_CashBack_Usor_si_fara_Probleme_despre_noi.png 400w, https:\/\/planecashback.com\/wp-content\/uploads\/2024\/09\/Plane_CashBack_Usor_si_fara_Probleme_despre_noi-214x300.png 214w\" sizes=\"(max-width: 400px) 100vw, 400px\" \/><\/figure><div class=\"elementor-image-box-content\"><h4 class=\"elementor-image-box-title\">Facile et sans probl\u00e8me<\/h4><p class=\"elementor-image-box-description\">Nous nous occupons de votre demande !<\/p><\/div><\/div>\t\t\t\t<\/div>\n\t\t\t\t<\/div>\n\t\t\t\t<div class=\"elementor-element elementor-element-99fffa0 elementor-widget__width-initial elementor-position-top elementor-widget elementor-widget-image-box\" data-id=\"99fffa0\" data-element_type=\"widget\" data-e-type=\"widget\" data-widget_type=\"image-box.default\">\n\t\t\t\t<div class=\"elementor-widget-container\">\n\t\t\t\t\t<div class=\"elementor-image-box-wrapper\"><figure class=\"elementor-image-box-img\"><img decoding=\"async\" width=\"400\" height=\"560\" src=\"https:\/\/planecashback.com\/wp-content\/uploads\/2024\/09\/Plane_CashBack_evita_greselile_depsre-noi.png\" class=\"attachment-full size-full wp-image-3195\" alt=\"\" srcset=\"https:\/\/planecashback.com\/wp-content\/uploads\/2024\/09\/Plane_CashBack_evita_greselile_depsre-noi.png 400w, https:\/\/planecashback.com\/wp-content\/uploads\/2024\/09\/Plane_CashBack_evita_greselile_depsre-noi-214x300.png 214w\" sizes=\"(max-width: 400px) 100vw, 400px\" \/><\/figure><div class=\"elementor-image-box-content\"><h4 class=\"elementor-image-box-title\">\u00c9vitez les erreurs et le stress<\/h4><p class=\"elementor-image-box-description\">Oubliez la paperasserie !<\/p><\/div><\/div>\t\t\t\t<\/div>\n\t\t\t\t<\/div>\n\t\t\t\t<div class=\"elementor-element elementor-element-1390a49 elementor-widget__width-initial elementor-position-top elementor-widget elementor-widget-image-box\" data-id=\"1390a49\" data-element_type=\"widget\" data-e-type=\"widget\" data-widget_type=\"image-box.default\">\n\t\t\t\t<div class=\"elementor-widget-container\">\n\t\t\t\t\t<div class=\"elementor-image-box-wrapper\"><figure class=\"elementor-image-box-img\"><img decoding=\"async\" width=\"400\" height=\"560\" src=\"https:\/\/planecashback.com\/wp-content\/uploads\/2024\/09\/Plane_CashBack_formular_online_simplu_depsre-noi.png\" class=\"attachment-full size-full wp-image-3202\" alt=\"\" srcset=\"https:\/\/planecashback.com\/wp-content\/uploads\/2024\/09\/Plane_CashBack_formular_online_simplu_depsre-noi.png 400w, https:\/\/planecashback.com\/wp-content\/uploads\/2024\/09\/Plane_CashBack_formular_online_simplu_depsre-noi-214x300.png 214w\" sizes=\"(max-width: 400px) 100vw, 400px\" \/><\/figure><div class=\"elementor-image-box-content\"><h4 class=\"elementor-image-box-title\">Tout est plus facile en ligne<\/h4><p class=\"elementor-image-box-description\">  Remplissez le formulaire sur le site web<\/p><\/div><\/div>\t\t\t\t<\/div>\n\t\t\t\t<\/div>\n\t\t\t\t<div class=\"elementor-element elementor-element-b83aba6 elementor-widget__width-initial elementor-position-top elementor-widget elementor-widget-image-box\" data-id=\"b83aba6\" data-element_type=\"widget\" data-e-type=\"widget\" data-widget_type=\"image-box.default\">\n\t\t\t\t<div class=\"elementor-widget-container\">\n\t\t\t\t\t<div class=\"elementor-image-box-wrapper\"><figure class=\"elementor-image-box-img\"><img loading=\"lazy\" decoding=\"async\" width=\"400\" height=\"560\" src=\"https:\/\/planecashback.com\/wp-content\/uploads\/2024\/09\/Plane_CashBack_actualizari_frecvente_depsre-noi.png\" class=\"attachment-full size-full wp-image-3209\" alt=\"\" srcset=\"https:\/\/planecashback.com\/wp-content\/uploads\/2024\/09\/Plane_CashBack_actualizari_frecvente_depsre-noi.png 400w, https:\/\/planecashback.com\/wp-content\/uploads\/2024\/09\/Plane_CashBack_actualizari_frecvente_depsre-noi-214x300.png 214w\" sizes=\"(max-width: 400px) 100vw, 400px\" \/><\/figure><div class=\"elementor-image-box-content\"><h4 class=\"elementor-image-box-title\">Mises \u00e0 jour fr\u00e9quentes<\/h4><p class=\"elementor-image-box-description\">Mises \u00e0 jour r\u00e9guli\u00e8res par courrier \u00e9lectronique !<\/p><\/div><\/div>\t\t\t\t<\/div>\n\t\t\t\t<\/div>\n\t\t\t\t<div class=\"elementor-element elementor-element-727265b elementor-widget__width-initial elementor-position-top elementor-widget elementor-widget-image-box\" data-id=\"727265b\" data-element_type=\"widget\" data-e-type=\"widget\" data-widget_type=\"image-box.default\">\n\t\t\t\t<div class=\"elementor-widget-container\">\n\t\t\t\t\t<div class=\"elementor-image-box-wrapper\"><figure class=\"elementor-image-box-img\"><img loading=\"lazy\" decoding=\"async\" width=\"400\" height=\"560\" src=\"https:\/\/planecashback.com\/wp-content\/uploads\/2024\/09\/Plane_CashBack_no_problem_depsre-noi.png\" class=\"attachment-full size-full wp-image-3216\" alt=\"\" srcset=\"https:\/\/planecashback.com\/wp-content\/uploads\/2024\/09\/Plane_CashBack_no_problem_depsre-noi.png 400w, https:\/\/planecashback.com\/wp-content\/uploads\/2024\/09\/Plane_CashBack_no_problem_depsre-noi-214x300.png 214w\" sizes=\"(max-width: 400px) 100vw, 400px\" \/><\/figure><div class=\"elementor-image-box-content\"><h4 class=\"elementor-image-box-title\">Pas de victoire, 0 commission<\/h4><p class=\"elementor-image-box-description\">L'inscription est gratuite !<\/p><\/div><\/div>\t\t\t\t<\/div>\n\t\t\t\t<\/div>\n\t\t\t\t<div class=\"elementor-element elementor-element-a7cec2d elementor-widget__width-initial elementor-position-top elementor-widget elementor-widget-image-box\" data-id=\"a7cec2d\" data-element_type=\"widget\" data-e-type=\"widget\" data-widget_type=\"image-box.default\">\n\t\t\t\t<div class=\"elementor-widget-container\">\n\t\t\t\t\t<div class=\"elementor-image-box-wrapper\"><figure class=\"elementor-image-box-img\"><img loading=\"lazy\" decoding=\"async\" width=\"400\" height=\"560\" src=\"https:\/\/planecashback.com\/wp-content\/uploads\/2024\/09\/Plane-_cashBack_suport_clineti_depsre-noi.png\" class=\"attachment-full size-full wp-image-3223\" alt=\"\" srcset=\"https:\/\/planecashback.com\/wp-content\/uploads\/2024\/09\/Plane-_cashBack_suport_clineti_depsre-noi.png 400w, https:\/\/planecashback.com\/wp-content\/uploads\/2024\/09\/Plane-_cashBack_suport_clineti_depsre-noi-214x300.png 214w\" sizes=\"(max-width: 400px) 100vw, 400px\" \/><\/figure><div class=\"elementor-image-box-content\"><h4 class=\"elementor-image-box-title\">Soutien \u00e0 la client\u00e8le<\/h4><p class=\"elementor-image-box-description\">Notre \u00e9quipe est \u00e0 votre service !<\/p><\/div><\/div>\t\t\t\t<\/div>\n\t\t\t\t<\/div>\n\t\t\t\t\t<\/div>\n\t\t\t\t<\/div>\n\t\t\t\t<\/div>\n\t\t\t\t\t<\/div>\n\t\t\t\t<\/div>\n\t\t\t\t<\/div>\n\t\t","protected":false},"excerpt":{"rendered":"<p>A propos de nous Services de r\u00e9clamation pour les vols relevant de l&#8217;UE261 Que faisons-nous ? Nous veillons \u00e0 ce que vos droits soient entre de bonnes mains. Chez PlaneCashBack.com, nous nous engageons \u00e0 aider les passagers \u00e0 comprendre leurs droits et \u00e0 r\u00e9clamer l&#8217;indemnisation \u00e0 laquelle ils ont droit. Nous naviguons dans le processus [&hellip;]<\/p>\n","protected":false},"author":1,"featured_media":0,"parent":0,"menu_order":0,"comment_status":"closed","ping_status":"closed","template":"","meta":{"om_disable_all_campaigns":false,"site-sidebar-layout":"no-sidebar","site-content-layout":"page-builder","ast-site-content-layout":"full-width-container","site-content-style":"unboxed","site-sidebar-style":"unboxed","ast-global-header-display":"","ast-banner-title-visibility":"","ast-main-header-display":"","ast-hfb-above-header-display":"","ast-hfb-below-header-display":"","ast-hfb-mobile-header-display":"","site-post-title":"disabled","ast-breadcrumbs-content":"","ast-featured-img":"disabled","footer-sml-layout":"","ast-disable-related-posts":"","theme-transparent-header-meta":"enabled","adv-header-id-meta":"","stick-header-meta":"","header-above-stick-meta":"","header-main-stick-meta":"","header-below-stick-meta":"","astra-migrate-meta-layouts":"default","ast-page-background-enabled":"default","ast-page-background-meta":{"desktop":{"background-color":"var(--ast-global-color-4)","background-image":"","background-repeat":"repeat","background-position":"center center","background-size":"auto","background-attachment":"scroll","background-type":"","background-media":"","overlay-type":"","overlay-color":"","overlay-opacity":"","overlay-gradient":""},"tablet":{"background-color":"","background-image":"","background-repeat":"repeat","background-position":"center center","background-size":"auto","background-attachment":"scroll","background-type":"","background-media":"","overlay-type":"","overlay-color":"","overlay-opacity":"","overlay-gradient":""},"mobile":{"background-color":"","background-image":"","background-repeat":"repeat","background-position":"center center","background-size":"auto","background-attachment":"scroll","background-type":"","background-media":"","overlay-type":"","overlay-color":"","overlay-opacity":"","overlay-gradient":""}},"ast-content-background-meta":{"desktop":{"background-color":"var(--ast-global-color-5)","background-image":"","background-repeat":"repeat","background-position":"center center","background-size":"auto","background-attachment":"scroll","background-type":"","background-media":"","overlay-type":"","overlay-color":"","overlay-opacity":"","overlay-gradient":""},"tablet":{"background-color":"var(--ast-global-color-5)","background-image":"","background-repeat":"repeat","background-position":"center center","background-size":"auto","background-attachment":"scroll","background-type":"","background-media":"","overlay-type":"","overlay-color":"","overlay-opacity":"","overlay-gradient":""},"mobile":{"background-color":"var(--ast-global-color-5)","background-image":"","background-repeat":"repeat","background-position":"center center","background-size":"auto","background-attachment":"scroll","background-type":"","background-media":"","overlay-type":"","overlay-color":"","overlay-opacity":"","overlay-gradient":""}},"footnotes":""},"class_list":["post-2639","page","type-page","status-publish","hentry"],"aioseo_notices":[],"_links":{"self":[{"href":"https:\/\/planecashback.com\/fr\/wp-json\/wp\/v2\/pages\/2639","targetHints":{"allow":["GET"]}}],"collection":[{"href":"https:\/\/planecashback.com\/fr\/wp-json\/wp\/v2\/pages"}],"about":[{"href":"https:\/\/planecashback.com\/fr\/wp-json\/wp\/v2\/types\/page"}],"author":[{"embeddable":true,"href":"https:\/\/planecashback.com\/fr\/wp-json\/wp\/v2\/users\/1"}],"replies":[{"embeddable":true,"href":"https:\/\/planecashback.com\/fr\/wp-json\/wp\/v2\/comments?post=2639"}],"version-history":[{"count":5,"href":"https:\/\/planecashback.com\/fr\/wp-json\/wp\/v2\/pages\/2639\/revisions"}],"predecessor-version":[{"id":3234,"href":"https:\/\/planecashback.com\/fr\/wp-json\/wp\/v2\/pages\/2639\/revisions\/3234"}],"wp:attachment":[{"href":"https:\/\/planecashback.com\/fr\/wp-json\/wp\/v2\/media?parent=2639"}],"curies":[{"name":"wp","href":"https:\/\/api.w.org\/{rel}","templated":true}]}}