{"id":2326,"date":"2024-02-15T13:13:12","date_gmt":"2024-02-15T13:13:12","guid":{"rendered":"https:\/\/planecashback.com\/szerzodes\/"},"modified":"2024-09-17T13:11:06","modified_gmt":"2024-09-17T13:11:06","slug":"szerzodes","status":"publish","type":"page","link":"https:\/\/planecashback.com\/hu\/szerzodes\/","title":{"rendered":"Szerz\u0151d\u00e9s"},"content":{"rendered":"\t\t<div data-elementor-type=\"wp-page\" data-elementor-id=\"2326\" class=\"elementor elementor-2326 elementor-1705\">\n\t\t\t\t<div class=\"elementor-element elementor-element-7d1bfd2 e-flex e-con-boxed e-con e-parent\" data-id=\"7d1bfd2\" data-element_type=\"container\" data-e-type=\"container\" data-settings=\"{&quot;background_background&quot;:&quot;classic&quot;}\">\n\t\t\t\t\t<div class=\"e-con-inner\">\n\t\t<div class=\"elementor-element elementor-element-4b324f19 e-con-full e-flex e-con e-child\" data-id=\"4b324f19\" data-element_type=\"container\" data-e-type=\"container\">\n\t\t\t\t<div class=\"elementor-element elementor-element-c4c1f1e elementor-widget elementor-widget-heading\" data-id=\"c4c1f1e\" data-element_type=\"widget\" data-e-type=\"widget\" data-widget_type=\"heading.default\">\n\t\t\t\t<div class=\"elementor-widget-container\">\n\t\t\t\t\t<h2 class=\"elementor-heading-title elementor-size-default\">K\u00e9pviseleti szerz\u0151d\u00e9s<\/h2>\t\t\t\t<\/div>\n\t\t\t\t<\/div>\n\t\t\t\t<\/div>\n\t\t\t\t\t<\/div>\n\t\t\t\t<\/div>\n\t\t<div class=\"elementor-element elementor-element-2d3a99d9 e-flex e-con-boxed e-con e-parent\" data-id=\"2d3a99d9\" data-element_type=\"container\" data-e-type=\"container\">\n\t\t\t\t\t<div class=\"e-con-inner\">\n\t\t<div class=\"elementor-element elementor-element-27c1a978 e-con-full e-flex e-con e-child\" data-id=\"27c1a978\" data-element_type=\"container\" data-e-type=\"container\">\n\t\t\t\t<div class=\"elementor-element elementor-element-14d4ee0f elementor-widget elementor-widget-text-editor\" data-id=\"14d4ee0f\" data-element_type=\"widget\" data-e-type=\"widget\" data-widget_type=\"text-editor.default\">\n\t\t\t\t<div class=\"elementor-widget-container\">\n\t\t\t\t\t\t\t\t\t<p>A WEBSOLL E-COMMERCE SRL egy Rom\u00e1ni\u00e1ban letelepedett rom\u00e1n jogi szem\u00e9ly, amely a Maros B\u00edr\u00f3s\u00e1gon, valamint a Kereskedelmi Romyst\u00e1rsi Hivatalban van bejegyezve a sz\u00e1mon. J26\/1939\/2017, ad\u00f3sz\u00e1ma RO 38432804, sz\u00e9khelye Marosv\u00e1s\u00e1rhely, mint jogi k\u00e9pvisel\u0151 &#8211; a tov\u00e1bbiakban: PLANE CASHBACK.<\/p>\n<p>N\u00e9v \u00e9s vezet\u00e9kn\u00e9v, term\u00e9szetes szem\u00e9ly, Rom\u00e1ni\u00e1ban lak\u00f3hellyel rendelkez\u0151 k\u00e9pvisel\u0151 &#8211; a tov\u00e1bbiakban: K\u00e9pviselt \u00dcgyf\u00e9l Alul\u00edrott,<\/p>\n<p>A K\u00e9pviselt \u00dcgyf\u00e9l kijelenti, hogy a J\u00e1rat k\u00e9s\u00e9se\/t\u00f6rl\u00e9s\u00e9b\u0151l ered\u0151en ig\u00e9nyt tart a l\u00e9git\u00e1rsas\u00e1ggal szemben. Ez\u00faton ny\u00fajtom be ezt a k\u00e9relmet (a tov\u00e1bbiakban: k\u00e9relem) \u00e9s ezt a megb\u00edz\u00e1si\/k\u00e9pviseleti szerz\u0151d\u00e9st a PLANE CASHBACK jav\u00e1ra.<br \/>\nAlul\u00edrott, a K\u00e9pviselt \u00dcgyf\u00e9l, a J\u00e1rat k\u00e9s\u00e9se\/t\u00f6rl\u00e9se miatt joger\u0151sen szerzett k\u00f6vetel\u00e9s jogosultja jelen szerz\u0151d\u00e9ssel kijelentem, hogy felhatalmazom a PLANE CASHBACK: <\/p>\n<ul>\n<li>hogy k\u00e9pviseljen engem b\u00e1rmely hat\u00f3s\u00e1g \u00e9s jogi szem\u00e9ly el\u0151tt (p\u00e9ld\u00e1ul, de nem kiz\u00e1r\u00f3lagosan a l\u00e9gi \u00fczemeltet\u0151k \u00e9s a sz\u00e1ll\u00edtm\u00e1nyoz\u00f3k el\u0151tt); \u00e9s megb\u00edzom a WEBSOLL E-COMMERCE SRL-t is. b\u00e1rmilyen elj\u00e1r\u00e1s lefolytat\u00e1sa (bele\u00e9rtve, de nem kiz\u00e1r\u00f3lagosan az el\u0151zetes elj\u00e1r\u00e1sokat) a nevemben \u00e9s\/vagy a nevemben annak \u00e9rdek\u00e9ben, hogy megszerezzem (ig\u00e9nyeljem) a t\u00f6rv\u00e9ny alapj\u00e1n b\u00e1rmely szem\u00e9llyel szembeni k\u00f6vetel\u00e9si jogomat (p\u00e9ld\u00e1ul, de nem kiz\u00e1r\u00f3lagosan: a 261\/2004. sz. C.E. rendelethez, az US DOT (K\u00f6zleked\u00e9si Miniszt\u00e9rium) rep\u00fcl\u00e9si jogaihoz, a Passenger Shy Regulation \u00e9s az 1999. \u00e9vi Montreali Egyezm\u00e9nyhez) a rep\u00fcl\u00e9ssel kapcsolatban.<\/li>\n<\/ul>\n<p><strong>ART. 1 Adatfeldolgoz\u00e1s.<\/strong>  Alul\u00edrott, a K\u00e9pviselt \u00dcgyf\u00e9l ezennel kijelentem, hogy felhatalmazom a Plane CashBack-et arra, hogy a l\u00e9gi fuvaroz\u00f3t vagy az elj\u00e1r\u00e1sban r\u00e9szt vev\u0151 b\u00e1rmely szem\u00e9lyt arra k\u00f6telezze, hogy az alkalmazand\u00f3 adatv\u00e9delmi jogszab\u00e1lyoknak megfelel\u0151en ne kezelje a szem\u00e9lyes adataimat a k\u00f6vetel\u00e9ssel kapcsolatban, kiv\u00e9ve, ha az a k\u00e1rt\u00e9r\u00edt\u00e9s megszerz\u00e9s\u00e9hez sz\u00fcks\u00e9ges, a t\u00f6rv\u00e9nyben el\u0151\u00edrt felt\u00e9telek mellett \u00e9s id\u0151tartamig.<\/p>\n<p><strong>2. cikk A l\u00e9gi \u00fczemeltet\u0151vel val\u00f3 kapcsolatfelv\u00e9tel megtagad\u00e1sa.<\/strong>  Alul\u00edrott, a K\u00e9pviselt \u00dcgyf\u00e9l ez\u00faton nyilatkozom, hogy az ig\u00e9nynek a www.planecashback.com weboldalon t\u00f6rt\u00e9n\u0151 beny\u00fajt\u00e1s\u00e1nak napj\u00e1t\u00f3l \u00e9s a jelen meg\u00e1llapod\u00e1s elfogad\u00e1s\u00e1val, az online k\u00e9pviseleti\/meghatalmaz\u00e1si \u0171rlap al\u00e1\u00edr\u00e1s\u00e1val t\u00f6rt\u00e9n\u0151 meger\u0151s\u00edt\u00e9s\u00e9t\u0151l kezdve \u00e9s a jelen meg\u00e1llapod\u00e1s megsz\u0171n\u00e9s\u00e9ig nem kezdem\u00e9nyezek \u00e9s\/vagy nem fogadok el semmilyen k\u00f6zvetlen\/k\u00f6zvetlen kapcsolatot a l\u00e9gi fuvaroz\u00f3val a j\u00e1rattal kapcsolatban, \u00e9s err\u0151l a PLANE CASHBACK-et a l\u00e9gi fuvaroz\u00f3val val\u00f3 kapcsolatfelv\u00e9teli k\u00eds\u00e9rletet k\u00f6vet\u0151 48 \u00f3r\u00e1n bel\u00fcl \u00e9rtes\u00edtem.<\/p>\n<p><strong>ART. 3 Kiz\u00e1r\u00f3lagos \u00e1br\u00e1zol\u00e1s.<\/strong>  Alul\u00edrott, a K\u00e9pviselt \u00dcgyf\u00e9l kijelentem, hogy a PLANE CASHBACK \u00e9rtes\u00edt\u00e9se el\u0151tt nem adok megb\u00edz\u00e1st m\u00e1s szem\u00e9lynek a rep\u00fcl\u00e9si t\u00f6rv\u00e9ny alapj\u00e1n j\u00e1r\u00f3 k\u00e1rt\u00e9r\u00edt\u00e9s megszerz\u00e9s\u00e9re. contact@planecashback.com www.planecashback.com<\/p>\n<p><strong>ART. 4 A PLANE CASHBACK-nek j\u00e1r\u00f3 jutal\u00e9k (\u00c1r), ha a Rep\u00fcl\u00e9ssel kapcsolatban k\u00e1rt\u00e9r\u00edt\u00e9st kap.<\/strong><\/p>\n<ol>\n<li>Alul\u00edrott, a K\u00e9pviselt \u00dcgyf\u00e9l kijelentem, hogy tudom\u00e1sul veszem, hogy amennyiben a www.planecashback.com \u00e9s a jelen meg\u00e1llapod\u00e1s elfogad\u00e1s\u00e1t az online k\u00e9pviseleti\/enged\u00e9lyez\u00e9si \u0171rlap al\u00e1\u00edr\u00e1s\u00e1val meger\u0151s\u00edtve, a PLANE CASHBACK-en kereszt\u00fcl vagy b\u00e1rmely m\u00e1s m\u00f3don (p\u00e9ld\u00e1ul, de nem kiz\u00e1r\u00f3lagosan: m\u00e1s szem\u00e9lyt b\u00edzok meg a k\u00e9pviseletemmel, k\u00f6zvetlen\u00fcl a l\u00e9gi fuvaroz\u00f3t\u00f3l fogadom el az aj\u00e1nlatot, k\u00f6zvetlen\u00fcl a l\u00e9gi fuvaroz\u00f3val veszem fel a kapcsolatot \u00e9s rendezem az \u00fcgyet) megszerzem a FLIGHT t\u00f6rv\u00e9ny alapj\u00e1n j\u00e1r\u00f3 k\u00e1rt\u00e9r\u00edt\u00e9st, a PLANE CASHBACK-nek az itt meghat\u00e1rozott teljes jutal\u00e9kkal tartozom.<br \/>\nM\u00e1s sz\u00f3val kijelentem, hogy meg\u00e9rtettem, hogy f\u00fcggetlen\u00fcl att\u00f3l, hogy milyen m\u00f3don teljes\u00edtettem a rep\u00fcl\u00e9ssel kapcsolatos k\u00f6vetel\u00e9semet, a PLANE CASHBACK-nek tartozom az esed\u00e9kes jutal\u00e9kkal. <\/li>\n<\/ol>\n<ol start=\"2\">\n<li>Alul\u00edrott, a K\u00e9pviselt \u00dcgyf\u00e9l kijelentem, hogy amennyiben k\u00f6zvetlen\u00fcl a l\u00e9gi fuvaroz\u00f3t\u00f3l vagy b\u00e1rmelyik f\u00e9lt\u0151l beszedem a Rep\u00fcl\u00e9ssel kapcsolatos k\u00e1rt\u00e9r\u00edt\u00e9sk\u00e9nt j\u00e1r\u00f3 p\u00e9nz\u00f6sszeget, akkor a Plane CashBack-nek tartozom a fizetend\u0151 jutal\u00e9kkal, \u00e9s k\u00f6teles vagyok 30 napon bel\u00fcl \u00e9rtes\u00edteni a PLANE CASHBACK-et a beszed\u00e9sr\u0151l, \u00e9s 30 napon bel\u00fcl \u00e1tutalni a jutal\u00e9kot a PLANE CASHBACK-nek.<br \/>\nTudom\u00e1sul veszem \u00e9s elfogadom, hogy a PLANE CASHBACK a jelen meg\u00e1llapod\u00e1s rendelkez\u00e9seivel \u00f6sszhangban b\u00e1rmilyen jogi l\u00e9p\u00e9st tehet a jutal\u00e9k, valamint adott esetben a kamatok, b\u00fcntet\u00e9sek \u00e9s \u00fcgyv\u00e9di d\u00edjak behajt\u00e1sa \u00e9rdek\u00e9ben. <\/li>\n<\/ol>\n<ol start=\"3\">\n<li>P\u00e9ldak\u00e9nt, de nem korl\u00e1tozva erre a p\u00e9ld\u00e1ra, a fent eml\u00edtett 1. pontban foglalt rendelkez\u00e9seknek megfelel\u0151en. 1) \u00e9s bek. 2), \u00e9n, alul\u00edrott, a K\u00e9pviselt \u00dcgyf\u00e9l, tudom\u00e1sul veszem, hogy amennyiben az ig\u00e9nynek a www.planecashback.com weboldalon t\u00f6rt\u00e9n\u0151 beny\u00fajt\u00e1s\u00e1nak \u00e9s a jelen szerz\u0151d\u00e9s elfogad\u00e1s\u00e1nak az online k\u00e9pviseleti\/meghatalmaz\u00e1si \u0171rlap al\u00e1\u00edr\u00e1s\u00e1val t\u00f6rt\u00e9n\u0151 meger\u0151s\u00edt\u00e9s\u00e9t k\u00f6vet\u0151en, a d\u00e1tumot k\u00f6vet\u0151en a Rep\u00fcl\u00e9ssel kapcsolatban j\u00e1r\u00f3 k\u00e1rt\u00e9r\u00edt\u00e9st vagy k\u00f6zvetlen\u00fcl a l\u00e9gi fuvaroz\u00f3t\u00f3l (pl.RyanAir, AirBucharest), vagy b\u00e1rmely m\u00e1s m\u00f3don, f\u00fcggetlen\u00fcl att\u00f3l, hogy milyen mechanizmussal jutottam hozz\u00e1, a PLANE CASHBACK-nek tartozom a jelen szerz\u0151d\u00e9sben szerepl\u0151 \u00e1rt\u00e1bl\u00e1zat szerint meghat\u00e1rozott jutal\u00e9kkal.<\/li>\n<\/ol>\n<p><strong>5. A k\u00e9pviseleti \u00e9s helyettes\u00edt\u00e9si jog.<\/strong>  Alul\u00edrott, a K\u00e9pviselt \u00dcgyf\u00e9l kijelentem, hogy a PLANE CASHBACK r\u00e9sz\u00e9re teljes k\u00f6r\u0171 helyettes\u00edt\u00e9si jogot biztos\u00edtok, t\u00f6bbek k\u00f6z\u00f6tt, de nem kiz\u00e1r\u00f3lagosan:<\/p>\n<ul>\n<li>az alul\u00edrott, a K\u00e9pviselt \u00dcgyfelet a Rep\u00fcl\u00e9ssel kapcsolatos k\u00e1rt\u00e9r\u00edt\u00e9sekkel kapcsolatban harmadik f\u00e9l el\u0151tt jogilag k\u00e9pviseli;<\/li>\n<li>b\u00e1rmilyen t\u00edpus\u00fa sz\u00fcks\u00e9ges inform\u00e1ci\u00f3t beszerezni, valamint t\u00e1j\u00e9koztat\u00e1st k\u00e9rni b\u00e1rmely polg\u00e1ri vagy k\u00f6zigazgat\u00e1si jogi elj\u00e1r\u00e1sr\u00f3l, \u00e9s panaszt tenni az \u00dcgyf\u00e9l nev\u00e9ben a l\u00e9gi utasok jogair\u00f3l sz\u00f3l\u00f3 rendelet v\u00e9grehajt\u00e1s\u00e1\u00e9rt felel\u0151s b\u00edr\u00f3s\u00e1gokhoz vagy k\u00f6zigazgat\u00e1si szervekhez ;<\/li>\n<\/ul>\n<ul>\n<li>kezdem\u00e9nyez, ir\u00e1ny\u00edt \u00e9s v\u00e1llal b\u00e1rmilyen jelleg\u0171 t\u00e1rgyal\u00e1st, valamint jogi \u2013 b\u00edr\u00f3s\u00e1gi \u00e9s peren k\u00edv\u00fcli \u2013 int\u00e9zked\u00e9st a K\u00e9pviselt \u00dcgyf\u00e9l k\u00f6vetel\u00e9seinek a sz\u00e1ll\u00edtm\u00e1nyoz\u00f3t\u00f3l t\u00f6rt\u00e9n\u0151 behajt\u00e1s\u00e1ra;<\/li>\n<li>felk\u00e9ri a fuvaroz\u00f3t, hogy az alul\u00edrott szem\u00e9lyes adatait \u2013 a k\u00e1rtalan\u00edt\u00e1shoz sz\u00fcks\u00e9gesek kiv\u00e9tel\u00e9vel \u2013 a jogszab\u00e1lyban meghat\u00e1rozott felt\u00e9telekkel \u00e9s ideig ne kezelje;<\/li>\n<li>beszedi \u00e9s fogadja a K\u00f6vetel\u00e9ssel kapcsolatos kifizet\u00e9seket az \u00dcgyf\u00e9l nev\u00e9ben.<\/li>\n<\/ul>\n<p><strong>ART. 6 A l\u00e9gi \u00fczemeltet\u0151 \u00e1ltal visszatartott d\u00edjak \u00e9s ad\u00f3k.<\/strong> Alul\u00edrott, a K\u00e9pviselt \u00dcgyf\u00e9l kijelenti, hogy tudom\u00e1sul veszem, hogy egyes l\u00e9git\u00e1rsas\u00e1gok az esed\u00e9kes k\u00e1rt\u00e9r\u00edt\u00e9s j\u00f3v\u00e1\u00edr\u00e1sakor bizonyos ad\u00f3kat \u00e9s\/vagy ad\u00f3kat (p\u00e9ld\u00e1ul, de nem kiz\u00e1r\u00f3lagosan: ad\u00f3kat, ad\u00f3kat, kezel\u00e9si k\u00f6lts\u00e9geket stb.) visszatarthatnak.<\/p>\n<p>P\u00e9ldak\u00e9nt, de nem kiz\u00e1r\u00f3lag erre a p\u00e9ld\u00e1ra, alul\u00edrott, a K\u00e9pviselt \u00dcgyf\u00e9l tudom\u00e1sul veszi, hogy a WIZZ AIR l\u00e9git\u00e1rsas\u00e1g \u00e1ltal b\u00e1rmely le\u00e1nyv\u00e1llalat\u00e1n kereszt\u00fcl feldolgozott k\u00e1rt\u00e9r\u00edt\u00e9s 50 eur\u00f3s fix d\u00edjat visszatart a kompenz\u00e1ci\u00f3 \u00f6sszeg\u00e9b\u0151l forr\u00e1s , a szerz\u0151d\u00e9s\u00fckben r\u00f6gz\u00edtett felt\u00e9teleknek megfelel\u0151en \u00e9s a Kbt. 6:200 Ptk. Tudom\u00e1sul veszem, hogy a PLANE CASHBACK az alul\u00edrottnak j\u00f3v\u00e1\u00edrja a l\u00e9gi fuvaroz\u00f3t\u00f3l t\u00e9nylegesen beszedett \u00f6sszeget, cs\u00f6kkentve az al\u00e1bbiakban meghat\u00e1rozott \u00e1rral (jutal\u00e9kkal).<\/p>\n<p><strong>ART. 7<\/strong> <strong>Szerz\u0151d\u00e9ses \u00e1r<\/strong> (&#8220;\u00c1r&#8221;) Alul\u00edrott, a K\u00e9pviselt \u00dcgyf\u00e9l kijelenti, hogy meg\u00e9rtettem \u00e9s elfogadom jelen szerz\u0151d\u00e9s al\u00e1bbi \u00e1rt\u00e1bl\u00e1zat\u00e1t:<\/p>\n<p><img fetchpriority=\"high\" decoding=\"async\" class=\"wp-image-1798 size-full aligncenter\" src=\"https:\/\/planecashback.com\/wp-content\/uploads\/2024\/02\/Add-a-little-bit-of-body-text-1.png\" alt=\"\" width=\"600\" height=\"280\" srcset=\"https:\/\/planecashback.com\/wp-content\/uploads\/2024\/02\/Add-a-little-bit-of-body-text-1.png 600w, https:\/\/planecashback.com\/wp-content\/uploads\/2024\/02\/Add-a-little-bit-of-body-text-1-300x140.png 300w\" sizes=\"(max-width: 600px) 100vw, 600px\" \/><\/p>\n<p><strong>8. CIKK<\/strong> <strong>A k\u00e1rt\u00e9r\u00edt\u00e9s kifizet\u00e9s\u00e9nek felt\u00e9telei \u00e9s hat\u00e1rideje.<\/strong> Alul\u00edrott, PLANE CASHBACK, tudom\u00e1sul veszi az al\u00e1bbiakat, \u00e9s alul\u00edrott, a K\u00e9pviselt \u00dcgyf\u00e9l kijelentem, hogy meg\u00e9rtettem \u00e9s elfogadom az al\u00e1bbiakat:<\/p>\n<ul>\n<li>Legk\u00e9s\u0151bb 60 nappal a Reprezent\u00e1lt \u00dcgyf\u00e9lnek a Rep\u00fcl\u00e9ssel kapcsolatos k\u00e1rt\u00e9r\u00edt\u00e9s k\u00e9zhezv\u00e9tel\u00e9t\u0151l sz\u00e1m\u00edtva \u00e9rtes\u00edtj\u00fck a Reprezent\u00e1lt \u00dcgyfelet, hogy megk\u00fcldj\u00fck az \u00e1tutal\u00e1s banki adatait.<\/li>\n<li>pontban eml\u00edtett kifejez\u00e9s. A fenti 1. pont att\u00f3l a pillanatt\u00f3l kezd\u0151dik, amikor az alul\u00edrott PLANE CASHBACK tudom\u00e1st szerez arr\u00f3l, hogy a l\u00e9gi fuvaroz\u00f3t\u00f3l kapott \u00f6sszeg a Rep\u00fcl\u00e9s\u00e9rt j\u00e1r\u00f3, a K\u00e9pviselt \u00dcgyf\u00e9lnek j\u00e1r\u00f3 k\u00e1rt\u00e9r\u00edt\u00e9s.<br \/>\nAmennyiben teh\u00e1t a l\u00e9gi fuvaroz\u00f3 a banki \u00e1tutal\u00e1skor nem t\u00fcnteti fel a kifizet\u00e9s al\u00e1t\u00e1maszt\u00f3 adatait, az alul\u00edrott PLANE CASHBACK a kifizet\u00e9s be\u00e9rkez\u00e9s\u00e9t\u0151l sz\u00e1m\u00edtott 5 napon bel\u00fcl felveszi a kapcsolatot a l\u00e9gi fuvaroz\u00f3val, hogy tiszt\u00e1zza azt. <\/li>\n<li>A PLANE CASHBACK legk\u00e9s\u0151bb 30 napon bel\u00fcl, att\u00f3l a pillanatt\u00f3l sz\u00e1m\u00edtva, hogy a K\u00e9pviselt \u00dcgyf\u00e9l megk\u00fcldte az alul\u00edrottnak a teljes \u00e9s helyes banki adatokat (n\u00e9v, IBAN stb.), a PLANE CASHBACK \u00e1tutalja a K\u00e9pviselt \u00dcgyf\u00e9lnek a Rep\u00fcl\u00e9s ig\u00e9nyl\u00e9s\u00e9b\u0151l sz\u00e1rmaz\u00f3 k\u00e1rt\u00e9r\u00edt\u00e9st, az \u00e1rat visszatartva. A K\u00e9pviselt \u00dcgyf\u00e9l nem adhatja \u00e1t m\u00e1s szem\u00e9ly banki adatait, mivel az el\u0151fizet\u0151 a p\u00e9nzmos\u00e1s elleni jogszab\u00e1lyok \u00e9rtelm\u00e9ben ezt a fizet\u00e9st nem tudja teljes\u00edteni. Alul\u00edrott 30 napon bel\u00fcl \u00e9rtes\u00edti a K\u00e9pviselt \u00dcgyfelet a hib\u00e1s banki adatok (hi\u00e1nyos\/hib\u00e1s IBAN\/stb.) megad\u00e1s\u00e1r\u00f3l.<\/li>\n<\/ul>\n<ul>\n<li>A fenti kifizet\u00e9s RON-ban t\u00f6rt\u00e9nik.<br \/>\nHa teh\u00e1t az alul\u00edrott a k\u00e1rt\u00e9r\u00edt\u00e9st eur\u00f3ban kapta, akkor az utasnak RON-ban fogja kifizetni.  Ha az utas nyilatkozik, hogy nem rendelkezik az adott devizanemben banksz\u00e1ml\u00e1val, az el\u0151fizet\u0151 az \u00e1ltala megjel\u00f6lt devizanemben, B.N.R. \u00e1rfolyamon teljes\u00edti a banki \u00e1tutal\u00e1st a K\u00e9pviselt \u00dcgyf\u00e9lnek. az adott napon (vagy el\u0151z\u0151 napon, az \u00e1rfolyam B.N.R. \u00e1ltali k\u00f6zl\u00e9s\u00e9t megel\u0151z\u0151en teljes\u00edtett fizet\u00e9sek eset\u00e9n).<\/li>\n<li>Ha a PLANE CASHBACK nem kapja meg a K\u00e9pviselt \u00dcgyf\u00e9lt\u0151l a helyes \u00e9s teljes banki adatokat az utasnak az \u00e1tutal\u00e1s banki adatainak tov\u00e1bb\u00edt\u00e1s\u00e1ra vonatkoz\u00f3 k\u00e9r\u00e9sr\u0151l k\u00fcld\u00f6tt \u00e9rtes\u00edt\u00e9st\u0151l (a 8.1. cikkben eml\u00edtett \u00e9rtes\u00edt\u00e9s) sz\u00e1m\u00edtott 3 h\u00f3napon bel\u00fcl, a Plane CashBack nem v\u00e1llal felel\u0151ss\u00e9get az\u00e9rt, ha a K\u00e9pviselt \u00dcgyf\u00e9l nem teljes\u00edti a 8.1. cikkben eml\u00edtett k\u00f6telezetts\u00e9geket.<br \/>\nfentiekben eml\u00edtett k\u00f6telezetts\u00e9geinek teljes\u00edt\u00e9s\u00e9\u00e9rt \u00e9s\/vagy az adatok k\u00e9sedelmes tov\u00e1bb\u00edt\u00e1s\u00e1\u00e9rt, \u00e9s a teljes k\u00e1rt\u00e9r\u00edt\u00e9s (kapott k\u00e1rt\u00e9r\u00edt\u00e9s) \u00f6sszeg\u00e9t a PLANE CASHBACK a 3 h\u00f3napos id\u0151szak v\u00e9g\u00e9n visszatartja. <\/li>\n<li>Az egy\u00e9rtelm\u0171s\u00e9g \u00e9s a f\u00e9lre\u00e9rt\u00e9sek elker\u00fcl\u00e9se \u00e9rdek\u00e9ben megjegyezz\u00fck, hogy a fenti 8.1. cikkel \u00f6sszhangban a PLANE CASHBACK felk\u00e9ri a K\u00e9pviselt \u00dcgyfelet, hogy adja meg a K\u00e9pviselt \u00dcgyf\u00e9lnek a banki adatait, hogy a nev\u00e9ben kapott k\u00e1rt\u00e9r\u00edt\u00e9s banki \u00e1tutal\u00e1s\u00e1t meg tudja val\u00f3s\u00edtani.<br \/>\nAz \u00dcgyf\u00e9l tudom\u00e1sul veszi \u00e9s elfogadja, hogy a PLANE CASHBACK visszatartja a teljes k\u00e1rt\u00e9r\u00edt\u00e9st (kapott k\u00e1rt\u00e9r\u00edt\u00e9st), ha az eml\u00edtett \u00e9rtes\u00edt\u00e9s (k\u00e9r\u00e9s) k\u00e9zhezv\u00e9tel\u00e9t\u0151l sz\u00e1m\u00edtott 3 h\u00f3napon bel\u00fcl nem k\u00fcldi meg a PLANE CASHBACK-nek a helyes \u00e9s teljes banki adatait.  \u00cdgy a k\u00e9pviseleti szerz\u0151d\u00e9s t\u00e1rgya teljes\u00fcl \u00e9s az megsz\u0171nik.<\/li>\n<\/ul>\n<p><strong>ART. 9 Az \u00e1r nem ker\u00fcl kifizet\u00e9sre a PLANE CASHBACK r\u00e9sz\u00e9re, ha a K\u00e9pviselt \u00dcgyf\u00e9l nem kapja meg a k\u00e1rt\u00e9r\u00edt\u00e9st.<\/strong><\/p>\n<p>Alul\u00edrott, a K\u00e9pviselt \u00dcgyf\u00e9l kijelentem, hogy a PLANE CASHBACK \u00e9rtes\u00edtett arr\u00f3l, hogy amennyiben nem siker\u00fcl k\u00e1rt\u00e9r\u00edt\u00e9st kapnom alul\u00edrott\u00f3l (p\u00e9ld\u00e1ul, de nem kiz\u00e1r\u00f3lagosan: mert a k\u00f6vetel\u00e9s nem jogosult; mert a l\u00e9gi fuvaroz\u00f3 nem hajland\u00f3 peren k\u00edv\u00fcl megegyezni, stb.), nem tartozom a PLANE CASHBACK-nek az \u00e1rral \u00e9s egy\u00e9b \u00f6sszegekkel.<\/p>\n\t\t\t\t\t\t\t\t<\/div>\n\t\t\t\t<\/div>\n\t\t\t\t<\/div>\n\t\t\t\t\t<\/div>\n\t\t\t\t<\/div>\n\t\t\t\t<\/div>\n\t\t","protected":false},"excerpt":{"rendered":"<p>K\u00e9pviseleti szerz\u0151d\u00e9s A WEBSOLL E-COMMERCE SRL egy Rom\u00e1ni\u00e1ban letelepedett rom\u00e1n jogi szem\u00e9ly, amely a Maros B\u00edr\u00f3s\u00e1gon, valamint a Kereskedelmi Romyst\u00e1rsi Hivatalban van bejegyezve a sz\u00e1mon. J26\/1939\/2017, ad\u00f3sz\u00e1ma RO 38432804, sz\u00e9khelye Marosv\u00e1s\u00e1rhely, mint jogi k\u00e9pvisel\u0151 &#8211; a tov\u00e1bbiakban: PLANE CASHBACK. N\u00e9v \u00e9s vezet\u00e9kn\u00e9v, term\u00e9szetes szem\u00e9ly, Rom\u00e1ni\u00e1ban lak\u00f3hellyel rendelkez\u0151 k\u00e9pvisel\u0151 &#8211; a tov\u00e1bbiakban: K\u00e9pviselt \u00dcgyf\u00e9l Alul\u00edrott, A [&hellip;]<\/p>\n","protected":false},"author":1,"featured_media":0,"parent":0,"menu_order":0,"comment_status":"closed","ping_status":"closed","template":"","meta":{"om_disable_all_campaigns":false,"site-sidebar-layout":"no-sidebar","site-content-layout":"page-builder","ast-site-content-layout":"full-width-container","site-content-style":"default","site-sidebar-style":"default","ast-global-header-display":"","ast-banner-title-visibility":"","ast-main-header-display":"","ast-hfb-above-header-display":"","ast-hfb-below-header-display":"","ast-hfb-mobile-header-display":"","site-post-title":"disabled","ast-breadcrumbs-content":"","ast-featured-img":"disabled","footer-sml-layout":"","ast-disable-related-posts":"","theme-transparent-header-meta":"","adv-header-id-meta":"","stick-header-meta":"","header-above-stick-meta":"","header-main-stick-meta":"","header-below-stick-meta":"","astra-migrate-meta-layouts":"default","ast-page-background-enabled":"default","ast-page-background-meta":{"desktop":{"background-color":"var(--ast-global-color-4)","background-image":"","background-repeat":"repeat","background-position":"center center","background-size":"auto","background-attachment":"scroll","background-type":"","background-media":"","overlay-type":"","overlay-color":"","overlay-opacity":"","overlay-gradient":""},"tablet":{"background-color":"","background-image":"","background-repeat":"repeat","background-position":"center center","background-size":"auto","background-attachment":"scroll","background-type":"","background-media":"","overlay-type":"","overlay-color":"","overlay-opacity":"","overlay-gradient":""},"mobile":{"background-color":"","background-image":"","background-repeat":"repeat","background-position":"center center","background-size":"auto","background-attachment":"scroll","background-type":"","background-media":"","overlay-type":"","overlay-color":"","overlay-opacity":"","overlay-gradient":""}},"ast-content-background-meta":{"desktop":{"background-color":"var(--ast-global-color-5)","background-image":"","background-repeat":"repeat","background-position":"center center","background-size":"auto","background-attachment":"scroll","background-type":"","background-media":"","overlay-type":"","overlay-color":"","overlay-opacity":"","overlay-gradient":""},"tablet":{"background-color":"var(--ast-global-color-5)","background-image":"","background-repeat":"repeat","background-position":"center center","background-size":"auto","background-attachment":"scroll","background-type":"","background-media":"","overlay-type":"","overlay-color":"","overlay-opacity":"","overlay-gradient":""},"mobile":{"background-color":"var(--ast-global-color-5)","background-image":"","background-repeat":"repeat","background-position":"center center","background-size":"auto","background-attachment":"scroll","background-type":"","background-media":"","overlay-type":"","overlay-color":"","overlay-opacity":"","overlay-gradient":""}},"footnotes":""},"class_list":["post-2326","page","type-page","status-publish","hentry"],"aioseo_notices":[],"_links":{"self":[{"href":"https:\/\/planecashback.com\/hu\/wp-json\/wp\/v2\/pages\/2326","targetHints":{"allow":["GET"]}}],"collection":[{"href":"https:\/\/planecashback.com\/hu\/wp-json\/wp\/v2\/pages"}],"about":[{"href":"https:\/\/planecashback.com\/hu\/wp-json\/wp\/v2\/types\/page"}],"author":[{"embeddable":true,"href":"https:\/\/planecashback.com\/hu\/wp-json\/wp\/v2\/users\/1"}],"replies":[{"embeddable":true,"href":"https:\/\/planecashback.com\/hu\/wp-json\/wp\/v2\/comments?post=2326"}],"version-history":[{"count":9,"href":"https:\/\/planecashback.com\/hu\/wp-json\/wp\/v2\/pages\/2326\/revisions"}],"predecessor-version":[{"id":3347,"href":"https:\/\/planecashback.com\/hu\/wp-json\/wp\/v2\/pages\/2326\/revisions\/3347"}],"wp:attachment":[{"href":"https:\/\/planecashback.com\/hu\/wp-json\/wp\/v2\/media?parent=2326"}],"curies":[{"name":"wp","href":"https:\/\/api.w.org\/{rel}","templated":true}]}}