{"id":2328,"date":"2024-02-15T09:42:45","date_gmt":"2024-02-15T06:42:45","guid":{"rendered":"https:\/\/planecashback.com\/adatvedelmi-iranyelvek\/"},"modified":"2024-07-04T10:02:46","modified_gmt":"2024-07-04T10:02:46","slug":"adatvedelmi-iranyelvek","status":"publish","type":"page","link":"https:\/\/planecashback.com\/hu\/adatvedelmi-iranyelvek\/","title":{"rendered":"Adatv\u00e9delmi ir\u00e1nyelvek"},"content":{"rendered":"\t\t<div data-elementor-type=\"wp-page\" data-elementor-id=\"2328\" class=\"elementor elementor-2328 elementor-1654\">\n\t\t\t\t<div class=\"elementor-element elementor-element-3ccd1852 e-flex e-con-boxed e-con e-parent\" data-id=\"3ccd1852\" data-element_type=\"container\" data-e-type=\"container\" data-settings=\"{&quot;background_background&quot;:&quot;classic&quot;}\">\n\t\t\t\t\t<div class=\"e-con-inner\">\n\t\t<div class=\"elementor-element elementor-element-26100c71 e-con-full e-flex e-con e-child\" data-id=\"26100c71\" data-element_type=\"container\" data-e-type=\"container\">\n\t\t\t\t<div class=\"elementor-element elementor-element-36fed1cd elementor-widget elementor-widget-heading\" data-id=\"36fed1cd\" data-element_type=\"widget\" data-e-type=\"widget\" data-widget_type=\"heading.default\">\n\t\t\t\t<div class=\"elementor-widget-container\">\n\t\t\t\t\t<h2 class=\"elementor-heading-title elementor-size-default\">Adatv\u00e9delmi ir\u00e1nyelvek<\/h2>\t\t\t\t<\/div>\n\t\t\t\t<\/div>\n\t\t\t\t<\/div>\n\t\t\t\t\t<\/div>\n\t\t\t\t<\/div>\n\t\t<div class=\"elementor-element elementor-element-1f01cb9e e-flex e-con-boxed e-con e-parent\" data-id=\"1f01cb9e\" data-element_type=\"container\" data-e-type=\"container\">\n\t\t\t\t\t<div class=\"e-con-inner\">\n\t\t<div class=\"elementor-element elementor-element-684128f8 e-con-full e-flex e-con e-child\" data-id=\"684128f8\" data-element_type=\"container\" data-e-type=\"container\">\n\t\t\t\t<div class=\"elementor-element elementor-element-677790e0 elementor-widget elementor-widget-text-editor\" data-id=\"677790e0\" data-element_type=\"widget\" data-e-type=\"widget\" data-widget_type=\"text-editor.default\">\n\t\t\t\t<div class=\"elementor-widget-container\">\n\t\t\t\t\t\t\t\t\t<p><strong>Adatv\u00e9delmi nyilatkozat Websoll E-Commerce SRL<\/strong><\/p>\n<p>sz\u00e1m alatt a Marossz\u00e9ki T\u00f6rv\u00e9nysz\u00e9k melletti Kereskedelmi Nyilv\u00e1ntart\u00e1si Hivatalban bejegyzett, rom\u00e1n jog szerint alap\u00edtott \u00e9s m\u0171k\u00f6d\u0151 t\u00e1rsas\u00e1g, a WEBSOLL E-COMMERCE SRL jogi k\u00e9pvisel\u0151jek\u00e9nt. J26\/1939\/2017, RO 38432804 ad\u00f3sz\u00e1mmal \u00e9s marosv\u00e1s\u00e1rhelyi sz\u00e9khellyel,&nbsp; \u2013 az \u00fagynevezett &#8220;PlaneCashBack&#8221;.<\/p>\n<p>Az adatv\u00e9delem rendk\u00edv\u00fcl fontos sz\u00e1munkra. Amikor az adatv\u00e9delemr\u0151l besz\u00e9l\u00fcnk, minden egy\u00e9b ir\u00e1nyelv\u00fcnk vagy nyilatkozatunk csak az \u00d6n szem\u00e9lyes adatainak megfelel\u0151 \u00e9s szakszer\u0171 meg\u0151rz\u00e9s\u00e9vel \u00e9s k\u00f6zz\u00e9t\u00e9tel\u00e9vel egyeztethet\u0151 \u00f6ssze. Ez az \u00d6n mag\u00e1n\u00e9let\u00e9nek tiszteletben tart\u00e1sa mellett t\u00f6rt\u00e9nik.<\/p>\n<p>Ebben az adatv\u00e9delmi nyilatkozatban minden a Websoll E-Commerce SRL-re vonatkozik.<\/p>\n<p>Az Eur\u00f3pai Uni\u00f3 hat\u00e1rain bel\u00fcl lak\u00f3 Websoll E-Commerce SRL feldolgozza az \u00d6n adatait. szem\u00e9lyes adatokat az uni\u00f3s szab\u00e1lyoknak \u00e9s jogszab\u00e1lyoknak megfelel\u0151en. C\u00e9g\u00fcnk teljes c\u00e9lja \u00f6sszhangban van egy ilyen jogszab\u00e1lyi k\u00f6rnyezettel.<\/p>\n<p>Az \u00d6n szem\u00e9lyes adatainak kezel\u00e9s\u00e9vel kapcsolatos minden tev\u00e9kenys\u00e9g\u00fcnket ebben a nyilatkozatban ismertetj\u00fck. Az \u00e1ltalunk gy\u0171jt\u00f6tt inform\u00e1ci\u00f3k t\u00edpusait\u00f3l kezdve eg\u00e9szen addig, hogy mik\u00e9nt kezelj\u00fck ezen adatok felhaszn\u00e1l\u00e1s\u00e1t.<\/p>\n<p>Szab\u00e1lyainkat a 2016. \u00e9vi 679. sz\u00e1mmal kezd\u0151d\u0151 eur\u00f3pai uni\u00f3s el\u0151\u00edr\u00e1soknak megfelel\u0151en alak\u00edtottuk ki. Ezt \u00e1ltal\u00e1nos adatv\u00e9delmi rendeletnek h\u00edvj\u00e1k. Acesta se nume\u0219te Regulamentul general privind protec\u021bia datelor.<\/p>\n<p>A Websoll E-Commerce SRL k\u00f6teles gondoskodni arr\u00f3l, hogy ezt a szab\u00e1lyzatot pontosan betarts\u00e1k, \u00e9s minden \u00e9rintett betartsa az itt le\u00edrtakat.<\/p>\n<p>A Websoll E-Commerce SRL fel\u00fcgyeli az \u00f6sszes relev\u00e1ns adatot \u00e9s azok titkoss\u00e1g\u00e1t. A Websoll E-Commerce SRL megfelel\u0151en fel\u00fcgyeli \u00e9s ellen\u0151rzi az ezen inform\u00e1ci\u00f3k feldolgoz\u00e1s\u00e1ra \u00e9s manipul\u00e1l\u00e1s\u00e1ra haszn\u00e1lt \u00f6sszes m\u00f3dszert.<\/p>\n<p><strong>ALAPELVEK<\/strong><\/p>\n<p>A szem\u00e9lyes adatok megfelel\u0151 kezel\u00e9s\u00e9nek biztos\u00edt\u00e1sa \u00e9rdek\u00e9ben minden Websoll E-Commerce SRL szab\u00e1lyzatot a k\u00f6vetkez\u0151 elvek vez\u00e9relnek:<\/p>\n<ul>\n<li>A szem\u00e9lyes adatok gy\u0171jt\u00e9se \u00e9s kezel\u00e9se \u00e1tl\u00e1that\u00f3, jogszer\u0171 \u00e9s becs\u00fcletes m\u00f3don t\u00f6rt\u00e9nik.<\/li>\n<li>Amikor az adatait k\u00e9rj\u00fck szem\u00e9lyes adatokat csak t\u00f6rv\u00e9nyes \u00e9s megfelel\u0151 m\u00f3don tessz\u00fck meg.<\/li>\n<li>Amikor az adatait k\u00e9rj\u00fck szem\u00e9lyes adatokat csak az \u00d6n k\u00e9r\u00e9s\u00e9nek teljes\u00edt\u00e9se szempontj\u00e1b\u00f3l relev\u00e1ns okokb\u00f3l tessz\u00fck meg. k\u00e1rt\u00e9r\u00edt\u00e9sr\u0151l.<\/li>\n<li>Mi gondoskodunk az inform\u00e1ci\u00f3idr\u00f3l. szem\u00e9lyes adatokat olyan m\u00f3don, amely biztos\u00edtja azok pontoss\u00e1g\u00e1t.<\/li>\n<li>Ha bizonyos adatokat tov\u00e1bb\u00edtanak sz\u00e1munkra, \u00e9s azok nem a jelen k\u00f6vetel\u00e9s c\u00e9lj\u00e1t szolg\u00e1lj\u00e1k, akkor gondoskodunk arr\u00f3l, hogy er\u0151forr\u00e1sainkon \u00e9s \u00e9sszer\u0171 korl\u00e1tainkon bel\u00fcl t\u00f6r\u00f6lj\u00fck azokat az \u00d6n adatainak v\u00e9delme \u00e9rdek\u00e9ben. Az ilyen helyesb\u00edt\u00e9s a lehet\u0151 leghamarabb megt\u00f6rt\u00e9nik.<\/li>\n<li>Az \u00d6n adatait t\u00e1rol\u00f3 rendszer \u00e9sszer\u0171 id\u0151n bel\u00fcl azonos\u00edtja azokat a r\u00e9szeket, amelyek m\u00e1r nem hasznosak a k\u00f6vetel\u00e9s szempontj\u00e1b\u00f3l, \u00e9s gondoskodik ezek elt\u00e1vol\u00edt\u00e1s\u00e1r\u00f3l a t\u00e1rhely\u00fcnkr\u0151l, hogy biztos\u00edtsa az \u00d6n adatainak bizalmas kezel\u00e9s\u00e9t.<\/li>\n<li>Az \u00d6n szem\u00e9lyes adatait egy olyan rendszerben t\u00e1roljuk, amely garant\u00e1lja azok biztons\u00e1g\u00e1nak megfelel\u0151 bemutat\u00e1s\u00e1t.<\/li>\n<li>Az \u00d6n adatai a szem\u00e9lyes adatokat harmadik feleknek csak az\u00e9rt adjuk ki, hogy az \u00d6n k\u00e9r\u00e9s\u00e9nek haszn\u00e1t vehesse. k\u00e1rt\u00e9r\u00edt\u00e9st, \u00e9s csak akkor, ha az ilyen int\u00e9zked\u00e9s az \u00d6n \u00fcgy\u00e9ben relev\u00e1ns.<\/li>\n<li>Amikor elk\u00fcldi adatait szem\u00e9lyes adatait a Websoll E-Commerce SRL r\u00e9sz\u00e9re, \u00d6n b\u00e1rmikor visszavonhatja, t\u00f6r\u00f6lheti, m\u00f3dos\u00edthatja vagy korl\u00e1tozhatja azokat b\u00e1rmilyen m\u00f3don, amit sz\u00fcks\u00e9gesnek tart. A Websoll E-Commerce SRL minden tekintetben eleget tesz \u00fcgyfelei k\u00edv\u00e1ns\u00e1g\u00e1nak ebben a t\u00e9m\u00e1ban.<\/li>\n<\/ul>\n<p><strong>Szem\u00e9lyes adatok<\/strong><\/p>\n<p>Szem\u00e9lyes adatnak min\u0151s\u00fcl minden olyan inform\u00e1ci\u00f3, amely az egy\u00e9nr\u0151l az azonos\u00edt\u00e1shoz vezethet, \u00e9s amely az adott szem\u00e9lyre vonatkoz\u00f3 szem\u00e9lyes adatokat tartalmaz. A nevek, c\u00edmek, telefonsz\u00e1mok, sz\u00fclet\u00e9si d\u00e1tum \u00e9s egyebek n\u00e9h\u00e1ny p\u00e9lda a szem\u00e9lyes adatokra.<\/p>\n<p><strong>Szem\u00e9lyes adatok gy\u0171jt\u00e9se<\/strong><\/p>\n<p>Szolg\u00e1ltat\u00e1saink jelleg\u00e9b\u0151l ad\u00f3d\u00f3an, annak \u00e9rdek\u00e9ben, hogy seg\u00edts\u00fck az embereket a rep\u00fcl\u0151jegy-kompenz\u00e1ci\u00f3hoz val\u00f3 joguk \u00e9rv\u00e9nyes\u00edt\u00e9s\u00e9ben, megk\u00e9rj\u00fck \u0151ket, hogy adj\u00e1k meg szem\u00e9lyes adataikat. Ahhoz, hogy megold\u00e1st tal\u00e1ljunk a probl\u00e9m\u00e1jukra, el\u0151sz\u00f6r fel kell m\u00e9rn\u00fcnk azt, \u00e9s ehhez meg kell hat\u00e1roznunk a helyzet\u00fckh\u00f6z kapcsol\u00f3d\u00f3 \u00f6sszes v\u00e1ltoz\u00f3t.<\/p>\n<p>Annak ellen\u0151rz\u00e9s\u00e9hez, hogy a k\u00f6vetel\u00e9s a 261. sz\u00e1m\u00fa EK-rendelet hat\u00e1lya al\u00e1 tartozik-e, meg kell adnunk a neveket, c\u00edmeket, telefonsz\u00e1mokat, rep\u00fcl\u0151j\u00e1ratok adatait \u00e9s minden egy\u00e9b szem\u00e9lyes adatot, amely l\u00e9nyeges annak meg\u00e1llap\u00edt\u00e1s\u00e1hoz, hogy egy j\u00e1rat k\u00e9sett, t\u00falfoglalt\u00e1k-e vagy t\u00f6r\u00f6lt\u00e9k-e.<\/p>\n<p>Ezen szem\u00e9lyes adatok \u00f6sszegy\u0171jt\u00e9s\u00e9vel olyan relev\u00e1ns r\u00e9szleteket is k\u00f6z\u00f6lhet\u00fcnk, amelyeket az utasoknak tudniuk kell helyzet\u00fckr\u0151l. A Websoll E-Commerce SRL teljes tev\u00e9kenys\u00e9ge ezen elvek k\u00f6r\u00fcl forog. A teljes folyamat, amely az utas k\u00e1rtalan\u00edt\u00e1s\u00e1t eredm\u00e9nyezi, az \u00fcgye szempontj\u00e1b\u00f3l relev\u00e1ns szem\u00e9lyes adatok gy\u0171jt\u00e9s\u00e9vel kezd\u0151dik.<\/p>\n<p><strong>Szem\u00e9lyes adatok felhaszn\u00e1l\u00e1sa<\/strong><\/p>\n<p>Az \u00f6sszegy\u0171jt\u00f6tt adatokat az \u00fcgyf\u00e9l k\u00f6vetel\u00e9s\u00e9nek nyomon k\u00f6vet\u00e9s\u00e9re haszn\u00e1ljuk fel. A Websoll E-Commerce SRL ezeket az adatokat csak addig \u0151rzi meg, ameddig sz\u00fcks\u00e9ges ahhoz, hogy az \u00dcgyf\u00e9l megkapja a CE 261 \u00e9rtelm\u00e9ben \u0151t megillet\u0151 k\u00e1rt\u00e9r\u00edt\u00e9st.<\/p>\n<p>Csak a Websoll E-Commerce SRL kijel\u00f6lt munkat\u00e1rsai f\u00e9rhetnek hozz\u00e1 ezekhez a szem\u00e9lyes adatokhoz. Csak arra a c\u00e9lra haszn\u00e1lj\u00e1k fel, amelyre sz\u00e1nt\u00e1k, \u00e9s csak megfelel\u0151 felhatalmaz\u00e1ssal.<\/p>\n<p><strong>Cookie-k haszn\u00e1lata<\/strong><\/p>\n<p>Mint minden m\u00e1s webhely, a Websoll E-Commerce SRL is s\u00fctiket haszn\u00e1l, amelyek seg\u00edtenek c\u00e9g\u00fcnknek megtanulni, hogyan szolg\u00e1lhatja ki jobban azokat az \u00fcgyfeleket, akiknek szolg\u00e1ltat\u00e1sainkat ny\u00fajtjuk. Elemezni fogja felhaszn\u00e1l\u00f3ink \u200b\u200bviselked\u00e9s\u00e9t a weboldalunkon, mint eg\u00e9szet. Az adminisztr\u00e1torainknak bemutatott adatok statisztik\u00e1kba vannak besorolva, amelyek nem adnak inform\u00e1ci\u00f3t mag\u00e1nszem\u00e9lyekr\u0151l.<\/p>\n<p>A cookie-kkal \u00e9s azok teljes technol\u00f3gi\u00e1j\u00e1val kapcsolatos minden teljes m\u00e9rt\u00e9kben megval\u00f3sul ezen a weboldalon. Ha nem \u00e9rt egyet az \u00d6n \u00e9s a Websoll E-Commerce SRL oldala k\u00f6z\u00f6tti egy\u00fcttm\u0171k\u00f6d\u00e9s ezen form\u00e1j\u00e1val, akkor a meg\u00e1llapod\u00e1s megk\u00f6t\u00e9se lehetetlenn\u00e9 v\u00e1lik, ez\u00e9rt \u00d6nnek el kell hagynia ezt az oldalt, \u00e9s nem kell tov\u00e1bb ig\u00e9nybe vennie szolg\u00e1ltat\u00e1sainkat a k\u00f6vetel\u00e9s visszafizet\u00e9s\u00e9ben. .<\/p>\n<p>Err\u0151l tov\u00e1bbi inform\u00e1ci\u00f3kat a Cookie-k haszn\u00e1lata r\u00e9szben t\u00e1roltunk. K\u00e9rj\u00fck, olvassa el a tov\u00e1bbi r\u00e9szletek\u00e9rt \u00e9s magyar\u00e1zatok\u00e9rt.<\/p>\n<p><strong>Szem\u00e9lyes adatok megoszt\u00e1sa<\/strong><\/p>\n<p>Az \u00d6n szem\u00e9lyes adatait kiz\u00e1r\u00f3lag a meg\u00e1llapod\u00e1s t\u00e1rgy\u00e1t k\u00e9pez\u0151 felekkel osztjuk meg. Emiatt folytatni tudjuk \u00d6nt annak \u00e9rdek\u00e9ben, hogy megszerezz\u00fck az \u00d6n sz\u00e1m\u00e1ra az EC 261 \u00e9rtelm\u00e9ben j\u00e1r\u00f3 k\u00e1rt\u00e9r\u00edt\u00e9st. Csak azokat az adatokat k\u00f6z\u00f6lj\u00fck, amelyek relev\u00e1nsak az \u00d6n \u00fcgy\u00e9nek el\u0151mozd\u00edt\u00e1sa \u00e9s megold\u00e1sa \u00e9rdek\u00e9ben tett l\u00e9p\u00e9seik szempontj\u00e1b\u00f3l. B\u00e1rmilyen ezzel kapcsolatos probl\u00e9m\u00e1val fordulhat a Websoll E-Commerce SRL egyik rendszergazd\u00e1j\u00e1hoz, ahol megbesz\u00e9lheti ezzel kapcsolatos preferenci\u00e1it. Az akci\u00f3 el\u00e9rhet\u0151s\u00e9gei ezen a weboldalon tal\u00e1lhat\u00f3k.<\/p>\n<p><strong>A feldolgoz\u00e1s biztons\u00e1ga<\/strong><\/p>\n<p>Az \u00f6sszes szem\u00e9lyes adat kezel\u00e9s\u00e9nek m\u00f3dja a lehet\u0151 legbiztons\u00e1gosabb m\u00f3don t\u00f6rt\u00e9nik. Mind azon munkat\u00e1rsaink szempontj\u00e1b\u00f3l, akik ezeket az adatokat kezelik, mind pedig \u00fagy, hogy azokat h\u00e1l\u00f3zatokon \u00e9s kommunik\u00e1ci\u00f3s platformokon kereszt\u00fcl tov\u00e1bb\u00edtjuk a megfelel\u0151 feleknek. A baleseteknek vagy az adatokkal val\u00f3 vissza\u00e9l\u00e9snek val\u00f3 kitetts\u00e9g z\u00e9r\u00f3j\u00e1nak biztos\u00edt\u00e1sa. private garant\u00e1lja a biztons\u00e1gos k\u00f6rnyezetet, amelyben az alkalmaz\u00e1s a visszat\u00e9r\u00edt\u00e9s a lehet\u0151 legjobb m\u00f3don megoldhat\u00f3.<\/p>\n<p><strong>Szem\u00e9lyes adataihoz val\u00f3 hozz\u00e1f\u00e9r\u00e9s, azok m\u00f3dos\u00edt\u00e1sa \u00e9s t\u00f6rl\u00e9se<\/strong><\/p>\n<p>Az \u00fcgyf\u00e9lnek b\u00e1rmikor lehet\u0151s\u00e9ge van hozz\u00e1f\u00e9rni szem\u00e9lyes adataihoz, valamint k\u00e9rheti azok t\u00f6rl\u00e9s\u00e9t vagy \u00fajb\u00f3li szerkeszt\u00e9s\u00e9t. Annak \u00e9rdek\u00e9ben, hogy minden az eredeti elk\u00e9pzel\u00e9seink szerint alakuljon, gondoskodnunk kell a megfelel\u0151 kommunik\u00e1ci\u00f3 kialak\u00edt\u00e1s\u00e1r\u00f3l k\u00f6zt\u00fcnk \u00e9s az \u00fcgyf\u00e9l k\u00f6z\u00f6tt, k\u00fcl\u00f6n\u00f6sen az adatok friss\u00edt\u00e9se sor\u00e1n. Ha k\u00e9ts\u00e9gei vannak adatai kezel\u00e9s\u00e9vel kapcsolatban. szem\u00e9lyes adatait, vagy v\u00e9lem\u00e9nyt nyilv\u00e1n\u00edthat azok harmadik f\u00e9lnek t\u00f6rt\u00e9n\u0151 bemutat\u00e1s\u00e1r\u00f3l, el\u00e9rhet\u0151s\u00e9geinket felhaszn\u00e1lva kapcsolattart\u00e1si vonalat alak\u00edthat ki vel\u00fcnk, hogy az \u00d6n sz\u00e1m\u00e1ra megfelel\u0151 m\u00f3don k\u00f6z\u00f6sen d\u00f6nts\u00f6n, mit kezdjen vele.<\/p>\n<p><strong>Felel\u0151ss\u00e9g<\/strong><\/p>\n<p>Tekintettel az \u00e1ltal\u00e1nos adatv\u00e9delmi rendeletre, a Websoll E-Commerce SRL b\u00e1rmikor meger\u0151s\u00edtheti, hogy megfelel a GDPR \u00f6sszes cikk\u00e9nek. Mint ilyen, teljes felel\u0151ss\u00e9get v\u00e1llalunk minden\u00e9rt, ami ezzel kapcsolatos. Ennek biztos\u00edt\u00e1sa \u00e9rdek\u00e9ben az adott \u00fcggyel kapcsolatos \u00f6sszes adatot tartalmaz\u00f3 jelent\u00e9sek j\u00f3l dokument\u00e1ltak lesznek, \u00e9s mind a hat\u00f3s\u00e1gok, mind \u00fcgyfeleink fel\u00e9 b\u00e1rmikor igazolni tudjuk ezen elvek ir\u00e1nti elk\u00f6telezetts\u00e9g\u00fcnket. Ezzel kapcsolatban tov\u00e1bbi r\u00e9szleteket a honlapunkon k\u00f6zz\u00e9tett adatok alapj\u00e1n adunk meg.<\/p>\n<p><strong>Panasz<\/strong><\/p>\n<p>Az \u00fcgyfelek b\u00e1rmikor panaszt tehetnek szem\u00e9lyes szem\u00e9lyes adataik kezel\u00e9s\u00e9nek b\u00e1rmely vonatkoz\u00e1s\u00e1val kapcsolatban. Megfelel\u0151en kijel\u00f6lt szem\u00e9lyzet gondoskodik arr\u00f3l, hogy az ilyen panaszokat megfelel\u0151en kezelj\u00e9k, \u00e9s az \u00fcgyf\u00e9l\u00e9 legyen a v\u00e9gs\u0151 sz\u00f3 az \u00fcgyben hozott d\u00f6nt\u00e9sekben. Az ilyen panaszokat a Websoll E-Commerce SRL weboldalunkon tal\u00e1lhat\u00f3 el\u00e9rhet\u0151s\u00e9geken lehet beny\u00fajtani.<\/p>\n<p><strong>A politika v\u00e1ltoz\u00e1sa<\/strong><\/p>\n<p>Valamennyi ir\u00e1nyelv\u00fcnk v\u00e1ltozhat k\u00fcl\u00f6nb\u00f6z\u0151 t\u00e9nyez\u0151k miatt. Legyen sz\u00f3 a jogszab\u00e1lyok megv\u00e1ltoztat\u00e1s\u00e1r\u00f3l vagy egyszer\u0171en a Websoll E-Commerce SRL ir\u00e1ny\u00edt\u00e1si rendszer\u00e9nek m\u00f3dos\u00edt\u00e1s\u00e1r\u00f3l.<\/p>\n<p>M\u00e9g ha jogosultak is vagyunk ilyen v\u00e1ltoztat\u00e1sokra, azok csak azokat az \u00fcgyfeleket \u00e9rintik, akik m\u00e9g nem k\u00f6t\u00f6ttek vel\u00fcnk szerz\u0151d\u00e9st. Ebben az esetben val\u00f3sz\u00edn\u0171leg erre kijel\u00f6lt munkat\u00e1rsaink \u00e9rtes\u00edtik \u00d6nt. A felt\u00e9telek \u00e9s a weboldalunkon az \u00d6n rendelkez\u00e9s\u00e9re bocs\u00e1tott \u00f6sszes vonatkoz\u00f3 inform\u00e1ci\u00f3 elolvas\u00e1sa biztos\u00edtja, hogy mindig rendelkezzen a sz\u00fcks\u00e9ges adatokkal, amelyek seg\u00edtenek meghozni a helyzet\u00e9nek legjobb d\u00f6nt\u00e9s\u00e9t.<\/p>\t\t\t\t\t\t\t\t<\/div>\n\t\t\t\t<\/div>\n\t\t\t\t<\/div>\n\t\t\t\t\t<\/div>\n\t\t\t\t<\/div>\n\t\t<div class=\"elementor-element elementor-element-662e2110 e-flex e-con-boxed e-con e-parent\" data-id=\"662e2110\" data-element_type=\"container\" data-e-type=\"container\" data-settings=\"{&quot;background_background&quot;:&quot;classic&quot;}\">\n\t\t\t\t\t<div class=\"e-con-inner\">\n\t\t<div class=\"elementor-element elementor-element-12547bc8 e-con-full e-flex e-con e-child\" data-id=\"12547bc8\" data-element_type=\"container\" data-e-type=\"container\">\n\t\t\t\t<div class=\"elementor-element elementor-element-19ba606 elementor-widget elementor-widget-heading\" data-id=\"19ba606\" data-element_type=\"widget\" data-e-type=\"widget\" data-widget_type=\"heading.default\">\n\t\t\t\t<div class=\"elementor-widget-container\">\n\t\t\t\t\t<h2 class=\"elementor-heading-title elementor-size-default\">Ismerje meg utask\u00e9nt fenn\u00e1ll\u00f3 jogait, \u00e9s k\u00f6vetelje meg azt, amit megillet.<\/h2>\t\t\t\t<\/div>\n\t\t\t\t<\/div>\n\t\t\t\t<div class=\"elementor-element elementor-element-29014e2 elementor-align-center elementor-widget elementor-widget-button\" data-id=\"29014e2\" data-element_type=\"widget\" data-e-type=\"widget\" data-widget_type=\"button.default\">\n\t\t\t\t<div class=\"elementor-widget-container\">\n\t\t\t\t\t\t\t\t\t<div class=\"elementor-button-wrapper\">\n\t\t\t\t\t<a class=\"elementor-button elementor-button-link elementor-size-sm\" href=\"https:\/\/planecashback.com\/hu\/kompenzacios-forma\/\">\n\t\t\t\t\t\t<span class=\"elementor-button-content-wrapper\">\n\t\t\t\t\t\t\t\t\t<span class=\"elementor-button-text\">Most k\u00e1rt\u00e9r\u00edt\u00e9st k\u00e9rek<\/span>\n\t\t\t\t\t<\/span>\n\t\t\t\t\t<\/a>\n\t\t\t\t<\/div>\n\t\t\t\t\t\t\t\t<\/div>\n\t\t\t\t<\/div>\n\t\t\t\t<\/div>\n\t\t\t\t\t<\/div>\n\t\t\t\t<\/div>\n\t\t\t\t<\/div>\n\t\t","protected":false},"excerpt":{"rendered":"<p>Adatv\u00e9delmi ir\u00e1nyelvek Adatv\u00e9delmi nyilatkozat Websoll E-Commerce SRL sz\u00e1m alatt a Marossz\u00e9ki T\u00f6rv\u00e9nysz\u00e9k melletti Kereskedelmi Nyilv\u00e1ntart\u00e1si Hivatalban bejegyzett, rom\u00e1n jog szerint alap\u00edtott \u00e9s m\u0171k\u00f6d\u0151 t\u00e1rsas\u00e1g, a WEBSOLL E-COMMERCE SRL jogi k\u00e9pvisel\u0151jek\u00e9nt. J26\/1939\/2017, RO 38432804 ad\u00f3sz\u00e1mmal \u00e9s marosv\u00e1s\u00e1rhelyi sz\u00e9khellyel,&nbsp; \u2013 az \u00fagynevezett &#8220;PlaneCashBack&#8221;. Az adatv\u00e9delem rendk\u00edv\u00fcl fontos sz\u00e1munkra. Amikor az adatv\u00e9delemr\u0151l besz\u00e9l\u00fcnk, minden egy\u00e9b ir\u00e1nyelv\u00fcnk vagy nyilatkozatunk [&hellip;]<\/p>\n","protected":false},"author":1,"featured_media":0,"parent":0,"menu_order":0,"comment_status":"closed","ping_status":"closed","template":"","meta":{"om_disable_all_campaigns":false,"site-sidebar-layout":"no-sidebar","site-content-layout":"page-builder","ast-site-content-layout":"full-width-container","site-content-style":"default","site-sidebar-style":"default","ast-global-header-display":"","ast-banner-title-visibility":"","ast-main-header-display":"","ast-hfb-above-header-display":"","ast-hfb-below-header-display":"","ast-hfb-mobile-header-display":"","site-post-title":"disabled","ast-breadcrumbs-content":"","ast-featured-img":"disabled","footer-sml-layout":"","ast-disable-related-posts":"","theme-transparent-header-meta":"","adv-header-id-meta":"","stick-header-meta":"","header-above-stick-meta":"","header-main-stick-meta":"","header-below-stick-meta":"","astra-migrate-meta-layouts":"default","ast-page-background-enabled":"default","ast-page-background-meta":{"desktop":{"background-color":"var(--ast-global-color-4)","background-image":"","background-repeat":"repeat","background-position":"center center","background-size":"auto","background-attachment":"scroll","background-type":"","background-media":"","overlay-type":"","overlay-color":"","overlay-opacity":"","overlay-gradient":""},"tablet":{"background-color":"","background-image":"","background-repeat":"repeat","background-position":"center center","background-size":"auto","background-attachment":"scroll","background-type":"","background-media":"","overlay-type":"","overlay-color":"","overlay-opacity":"","overlay-gradient":""},"mobile":{"background-color":"","background-image":"","background-repeat":"repeat","background-position":"center center","background-size":"auto","background-attachment":"scroll","background-type":"","background-media":"","overlay-type":"","overlay-color":"","overlay-opacity":"","overlay-gradient":""}},"ast-content-background-meta":{"desktop":{"background-color":"var(--ast-global-color-5)","background-image":"","background-repeat":"repeat","background-position":"center center","background-size":"auto","background-attachment":"scroll","background-type":"","background-media":"","overlay-type":"","overlay-color":"","overlay-opacity":"","overlay-gradient":""},"tablet":{"background-color":"var(--ast-global-color-5)","background-image":"","background-repeat":"repeat","background-position":"center center","background-size":"auto","background-attachment":"scroll","background-type":"","background-media":"","overlay-type":"","overlay-color":"","overlay-opacity":"","overlay-gradient":""},"mobile":{"background-color":"var(--ast-global-color-5)","background-image":"","background-repeat":"repeat","background-position":"center center","background-size":"auto","background-attachment":"scroll","background-type":"","background-media":"","overlay-type":"","overlay-color":"","overlay-opacity":"","overlay-gradient":""}},"footnotes":""},"class_list":["post-2328","page","type-page","status-publish","hentry"],"aioseo_notices":[],"_links":{"self":[{"href":"https:\/\/planecashback.com\/hu\/wp-json\/wp\/v2\/pages\/2328","targetHints":{"allow":["GET"]}}],"collection":[{"href":"https:\/\/planecashback.com\/hu\/wp-json\/wp\/v2\/pages"}],"about":[{"href":"https:\/\/planecashback.com\/hu\/wp-json\/wp\/v2\/types\/page"}],"author":[{"embeddable":true,"href":"https:\/\/planecashback.com\/hu\/wp-json\/wp\/v2\/users\/1"}],"replies":[{"embeddable":true,"href":"https:\/\/planecashback.com\/hu\/wp-json\/wp\/v2\/comments?post=2328"}],"version-history":[{"count":3,"href":"https:\/\/planecashback.com\/hu\/wp-json\/wp\/v2\/pages\/2328\/revisions"}],"predecessor-version":[{"id":3030,"href":"https:\/\/planecashback.com\/hu\/wp-json\/wp\/v2\/pages\/2328\/revisions\/3030"}],"wp:attachment":[{"href":"https:\/\/planecashback.com\/hu\/wp-json\/wp\/v2\/media?parent=2328"}],"curies":[{"name":"wp","href":"https:\/\/api.w.org\/{rel}","templated":true}]}}