{"id":2332,"date":"2024-02-15T09:32:16","date_gmt":"2024-02-15T09:32:16","guid":{"rendered":"https:\/\/planecashback.com\/cookie-kra-vonatkozo-szabalyzat\/"},"modified":"2024-07-04T10:02:52","modified_gmt":"2024-07-04T10:02:52","slug":"cookie-kra-vonatkozo-szabalyzat","status":"publish","type":"page","link":"https:\/\/planecashback.com\/hu\/cookie-kra-vonatkozo-szabalyzat\/","title":{"rendered":"Cookie-kra vonatkoz\u00f3 szab\u00e1lyzat"},"content":{"rendered":"\t\t<div data-elementor-type=\"wp-page\" data-elementor-id=\"2332\" class=\"elementor elementor-2332 elementor-1642\">\n\t\t\t\t<div class=\"elementor-element elementor-element-d234e7a e-flex e-con-boxed e-con e-parent\" data-id=\"d234e7a\" data-element_type=\"container\" data-e-type=\"container\" data-settings=\"{&quot;background_background&quot;:&quot;classic&quot;}\">\n\t\t\t\t\t<div class=\"e-con-inner\">\n\t\t<div class=\"elementor-element elementor-element-6bfd90b3 e-con-full e-flex e-con e-child\" data-id=\"6bfd90b3\" data-element_type=\"container\" data-e-type=\"container\">\n\t\t\t\t<div class=\"elementor-element elementor-element-198cbc5e elementor-widget elementor-widget-heading\" data-id=\"198cbc5e\" data-element_type=\"widget\" data-e-type=\"widget\" data-widget_type=\"heading.default\">\n\t\t\t\t<div class=\"elementor-widget-container\">\n\t\t\t\t\t<h2 class=\"elementor-heading-title elementor-size-default\">Cookie-kra vonatkoz\u00f3 szab\u00e1lyzat<\/h2>\t\t\t\t<\/div>\n\t\t\t\t<\/div>\n\t\t\t\t<\/div>\n\t\t\t\t\t<\/div>\n\t\t\t\t<\/div>\n\t\t<div class=\"elementor-element elementor-element-52a02d49 e-flex e-con-boxed e-con e-parent\" data-id=\"52a02d49\" data-element_type=\"container\" data-e-type=\"container\">\n\t\t\t\t\t<div class=\"e-con-inner\">\n\t\t<div class=\"elementor-element elementor-element-2c0ae9b2 e-con-full e-flex e-con e-child\" data-id=\"2c0ae9b2\" data-element_type=\"container\" data-e-type=\"container\">\n\t\t\t\t<div class=\"elementor-element elementor-element-56786258 elementor-widget elementor-widget-text-editor\" data-id=\"56786258\" data-element_type=\"widget\" data-e-type=\"widget\" data-widget_type=\"text-editor.default\">\n\t\t\t\t<div class=\"elementor-widget-container\">\n\t\t\t\t\t\t\t\t\t<p>A PlaneCashBack tiszteletben tartja az \u00d6n szem\u00e9lyes adatait, \u00e9s elk\u00f6telezett amellett, hogy megv\u00e9dje az oldalunkon kereszt\u00fcl beny\u00fajtott szem\u00e9lyes adatokat. A k\u00f6vetkez\u0151 inform\u00e1ci\u00f3k c\u00e9lja, hogy seg\u00edtsenek meg\u00e9rteni, hogy a PlaneCashBack milyen inform\u00e1ci\u00f3kat gy\u0171jt a webhelyr\u0151l, \u00e9s hogyan kezeli ezeket az inform\u00e1ci\u00f3kat. K\u00e9rj\u00fck, olvassa el Adatv\u00e9delmi nyilatkozatunkat is.<\/p>\n<p>Az oldal megfelel\u0151 m\u0171k\u00f6d\u00e9se \u00e9rdek\u00e9ben id\u0151nk\u00e9nt kis s\u00fctiket helyez\u00fcnk el a felhaszn\u00e1l\u00f3k eszk\u00f6zein. A legt\u00f6bb nagy oldal ezt csin\u00e1lja. Weboldalunk el\u00e9r\u00e9s\u00e9vel, b\u00f6ng\u00e9sz\u00e9s\u00e9vel \u00e9s\/vagy haszn\u00e1lat\u00e1val \u00d6n korl\u00e1toz\u00e1s \u00e9s korl\u00e1toz\u00e1s n\u00e9lk\u00fcl elismeri, hogy elolvasta, meg\u00e9rtette \u00e9s mag\u00e1ra n\u00e9zve k\u00f6telez\u0151nek ismeri el a jelen szab\u00e1lyzat felt\u00e9teleit, \u00e9s ez\u00e9rt hozz\u00e1j\u00e1rul a cookie-k haszn\u00e1lat\u00e1hoz a jelen szab\u00e1lyzatnak megfelel\u0151en. felt\u00e9teleket.<\/p>\n<p>Mik azok a s\u00fctik? A s\u00fcti egy kis sz\u00f6veges f\u00e1jl, amelyet a webhely elment az \u00d6n sz\u00e1m\u00edt\u00f3g\u00e9p\u00e9re vagy mobileszk\u00f6z\u00e9re, amikor \u00d6n megl\u00e1togat egy webhelyet. Lehet\u0151v\u00e9 teszi a webhely sz\u00e1m\u00e1ra, hogy eml\u00e9kezzen a felhaszn\u00e1l\u00f3 m\u0171veleteire \u00e9s preferenci\u00e1ira (p\u00e9ld\u00e1ul regisztr\u00e1ci\u00f3s d\u00e1tumok, nyelv, bet\u0171m\u00e9ret \u00e9s egy\u00e9b megjelen\u00edt\u00e9si be\u00e1ll\u00edt\u00e1sok) egy bizonyos ideig, \u00edgy a felhaszn\u00e1l\u00f3nak nem kell minden alkalommal \u00fajra megadnia azokat, amikor visszat\u00e9r az oldalra vagy navig\u00e1lhat egyik oldalr\u00f3l a m\u00e1sikra.<\/p>\n<p>Melyek a k\u00fcl\u00f6nb\u00f6z\u0151 t\u00edpus\u00fa s\u00fctik? A cookie besorolhat\u00f3 \u00e9lettartama \u00e9s a hozz\u00e1 tartoz\u00f3 domain alapj\u00e1n. Az \u00e9lettartamt\u00f3l f\u00fcgg\u0151en a cookie a k\u00f6vetkez\u0151:<\/p>\n<ul>\n<li>munkamenet s\u00fcti, amely a b\u00f6ng\u00e9sz\u0151 bez\u00e1r\u00e1sakor t\u00f6rl\u0151dik, ill<\/li>\n<li>\u00e1lland\u00f3 s\u00fcti, amely el\u0151re meghat\u00e1rozott ideig az \u00d6n sz\u00e1m\u00edt\u00f3g\u00e9p\u00e9n\/eszk\u00f6z\u00e9n marad.<\/li>\n<\/ul>\n<p>Ami a ter\u00fcletet illeti, ezek a k\u00f6vetkez\u0151k:<\/p>\n<ul>\n<li>els\u0151dleges cookie-k, amelyeket a PlaneCashBack vagy<\/li>\n<li>harmadik f\u00e9lt\u0151l sz\u00e1rmaz\u00f3 cookie-k, amelyeket a megl\u00e1togatott oldal domainj\u00e9t\u0151l elt\u00e9r\u0151 domain t\u00e1rol.<\/li>\n<\/ul>\n<p>Hogyan haszn\u00e1ljuk a s\u00fctiket? Weboldalunk cookie-kat haszn\u00e1l a legjobb felhaszn\u00e1l\u00f3i \u00e9lm\u00e9ny biztos\u00edt\u00e1sa \u00e9rdek\u00e9ben. Weboldalunkon munkamenet- \u00e9s \u00e1lland\u00f3 cookie-kat haszn\u00e1lunk. A bels\u0151 \u00e9s harmadik f\u00e9lt\u0151l sz\u00e1rmaz\u00f3 cookie-k enged\u00e9lyez\u00e9se nem felt\u00e9tlen\u00fcl sz\u00fcks\u00e9ges a webhely m\u0171k\u00f6d\u00e9s\u00e9hez, de jobb b\u00f6ng\u00e9sz\u00e9si \u00e9lm\u00e9nyt biztos\u00edt. Ezek a cookie-k t\u00f6r\u00f6lhet\u0151k vagy blokkolhat\u00f3k, de ha \u00edgy tesz, el\u0151fordulhat, hogy a weboldal bizonyos funkci\u00f3i a tov\u00e1bbiakban nem m\u0171k\u00f6dnek a tervezett m\u00f3don.<\/p>\n<p>A cookie-k adatait nem haszn\u00e1ljuk fel az \u00d6n szem\u00e9lyes azonos\u00edt\u00e1s\u00e1ra, \u00e9s az analitikai adatok teljes m\u00e9rt\u00e9kben ellen\u0151rz\u00e9s\u00fcnk alatt \u00e1llnak. A s\u00fctiket a fent le\u00edrtakon k\u00edv\u00fcl m\u00e1s c\u00e9lokra nem haszn\u00e1ljuk fel.<\/p>\n<p>Milyen s\u00fctiket haszn\u00e1lunk? Saj\u00e1t s\u00fctiket haszn\u00e1lunk a m\u0171veletek \u00e9s a szem\u00e9lyre szabott preferenci\u00e1k eml\u00e9kez\u00e9s\u00e9re. Bels\u0151 f\u00e9lt\u0151l sz\u00e1rmaz\u00f3 cookie-jainkat is haszn\u00e1ljuk, hogy seg\u00edts\u00fcnk \u00d6nnek an\u00e9lk\u00fcl int\u00e9zkedni, hogy inform\u00e1ci\u00f3kat kelljen megadnia, amikor oldalr\u00f3l oldalra navig\u00e1l, vagy amikor k\u00e9s\u0151bb megl\u00e1togatja a webhelyet.<\/p>\n<p>Harmadik f\u00e9lt\u0151l sz\u00e1rmaz\u00f3 cookie-kat haszn\u00e1lunk, hogy jav\u00edtsuk a felhaszn\u00e1l\u00f3i \u00e9lm\u00e9nyt a digit\u00e1lis elemz\u00e9s \u00e9s a val\u00f3s idej\u0171 szem\u00e9lyre szab\u00e1s r\u00e9v\u00e9n. Harmadik f\u00e9lt\u0151l sz\u00e1rmaz\u00f3 cookie-kat is haszn\u00e1lunk az online viselked\u00e9salap\u00fa rekl\u00e1moz\u00e1shoz \u00e9s a felhaszn\u00e1l\u00f3 \u00e1ltal kor\u00e1bban keresett elemekre vonatkoz\u00f3 hirdet\u00e9sek megjelen\u00edt\u00e9s\u00e9hez.<\/p>\n<p>Hogyan ellen\u0151rizhet\u0151k a s\u00fctik? A cookie-kat tetsz\u00e9s szerint szab\u00e1lyozhatja \u00e9s\/vagy t\u00f6r\u00f6lheti \u2013 a r\u00e9szletek\u00e9rt l\u00e1togasson el az aboutcookies.org oldalra. T\u00f6r\u00f6lheti a sz\u00e1m\u00edt\u00f3g\u00e9p\u00e9n l\u00e9v\u0151 \u00f6sszes cookie-t, \u00e9s be\u00e1ll\u00edthatja a legt\u00f6bb b\u00f6ng\u00e9sz\u0151t \u00fagy, hogy megakad\u00e1lyozza azok elhelyez\u00e9s\u00e9t. Ha \u00fagy d\u00f6nt, hogy letiltja a s\u00fctiket, akkor minden egyes alkalommal, amikor felkeresi webhely\u00fcnket, manu\u00e1lisan kell m\u00f3dos\u00edtania bizonyos be\u00e1ll\u00edt\u00e1sokat, \u00e9s el\u0151fordulhat, hogy egyes szolg\u00e1ltat\u00e1sok \u00e9s funkci\u00f3k nem m\u0171k\u00f6dnek.<\/p>\n<p>Ez a szab\u00e1lyzat id\u0151r\u0151l id\u0151re friss\u00edt\u00e9sre ker\u00fclhet, p\u00e9ld\u00e1ul a vonatkoz\u00f3 jogszab\u00e1lyok v\u00e1ltoz\u00e1sa vagy a PlaneCashBack v\u00e1llalati strukt\u00far\u00e1j\u00e1nak v\u00e1ltoz\u00e1sa miatt. Javasoljuk, hogy rendszeresen l\u00e1togassa meg ezt az oldalt a cookie-kra vonatkoz\u00f3 szab\u00e1lyzatunkkal kapcsolatos legfrissebb inform\u00e1ci\u00f3k\u00e9rt.<\/p><\/p>\n\t\t\t\t\t\t\t\t<\/div>\n\t\t\t\t<\/div>\n\t\t\t\t<\/div>\n\t\t\t\t\t<\/div>\n\t\t\t\t<\/div>\n\t\t<div class=\"elementor-element elementor-element-4fffb53d e-flex e-con-boxed e-con e-parent\" data-id=\"4fffb53d\" data-element_type=\"container\" data-e-type=\"container\" data-settings=\"{&quot;background_background&quot;:&quot;classic&quot;}\">\n\t\t\t\t\t<div class=\"e-con-inner\">\n\t\t<div class=\"elementor-element elementor-element-53c59d70 e-con-full e-flex e-con e-child\" data-id=\"53c59d70\" data-element_type=\"container\" data-e-type=\"container\">\n\t\t\t\t<div class=\"elementor-element elementor-element-1f948769 elementor-widget elementor-widget-heading\" data-id=\"1f948769\" data-element_type=\"widget\" data-e-type=\"widget\" data-widget_type=\"heading.default\">\n\t\t\t\t<div class=\"elementor-widget-container\">\n\t\t\t\t\t<h2 class=\"elementor-heading-title elementor-size-default\">Ismerje meg utask\u00e9nt fenn\u00e1ll\u00f3 jogait, \u00e9s k\u00f6vetelje meg azt, amit megillet.<\/h2>\t\t\t\t<\/div>\n\t\t\t\t<\/div>\n\t\t\t\t<div class=\"elementor-element elementor-element-4f146e5 elementor-align-center elementor-widget elementor-widget-button\" data-id=\"4f146e5\" data-element_type=\"widget\" data-e-type=\"widget\" data-widget_type=\"button.default\">\n\t\t\t\t<div class=\"elementor-widget-container\">\n\t\t\t\t\t\t\t\t\t<div class=\"elementor-button-wrapper\">\n\t\t\t\t\t<a class=\"elementor-button elementor-button-link elementor-size-sm\" href=\"https:\/\/planecashback.com\/hu\/kompenzacios-forma\/\">\n\t\t\t\t\t\t<span class=\"elementor-button-content-wrapper\">\n\t\t\t\t\t\t\t\t\t<span class=\"elementor-button-text\">Most k\u00e1rt\u00e9r\u00edt\u00e9st k\u00e9rek<\/span>\n\t\t\t\t\t<\/span>\n\t\t\t\t\t<\/a>\n\t\t\t\t<\/div>\n\t\t\t\t\t\t\t\t<\/div>\n\t\t\t\t<\/div>\n\t\t\t\t<\/div>\n\t\t\t\t\t<\/div>\n\t\t\t\t<\/div>\n\t\t\t\t<\/div>\n\t\t","protected":false},"excerpt":{"rendered":"<p>Cookie-kra vonatkoz\u00f3 szab\u00e1lyzat A PlaneCashBack tiszteletben tartja az \u00d6n szem\u00e9lyes adatait, \u00e9s elk\u00f6telezett amellett, hogy megv\u00e9dje az oldalunkon kereszt\u00fcl beny\u00fajtott szem\u00e9lyes adatokat. A k\u00f6vetkez\u0151 inform\u00e1ci\u00f3k c\u00e9lja, hogy seg\u00edtsenek meg\u00e9rteni, hogy a PlaneCashBack milyen inform\u00e1ci\u00f3kat gy\u0171jt a webhelyr\u0151l, \u00e9s hogyan kezeli ezeket az inform\u00e1ci\u00f3kat. K\u00e9rj\u00fck, olvassa el Adatv\u00e9delmi nyilatkozatunkat is. Az oldal megfelel\u0151 m\u0171k\u00f6d\u00e9se \u00e9rdek\u00e9ben id\u0151nk\u00e9nt [&hellip;]<\/p>\n","protected":false},"author":1,"featured_media":0,"parent":0,"menu_order":0,"comment_status":"closed","ping_status":"closed","template":"","meta":{"om_disable_all_campaigns":false,"site-sidebar-layout":"no-sidebar","site-content-layout":"page-builder","ast-site-content-layout":"full-width-container","site-content-style":"default","site-sidebar-style":"default","ast-global-header-display":"","ast-banner-title-visibility":"","ast-main-header-display":"","ast-hfb-above-header-display":"","ast-hfb-below-header-display":"","ast-hfb-mobile-header-display":"","site-post-title":"disabled","ast-breadcrumbs-content":"","ast-featured-img":"disabled","footer-sml-layout":"","ast-disable-related-posts":"","theme-transparent-header-meta":"","adv-header-id-meta":"","stick-header-meta":"","header-above-stick-meta":"","header-main-stick-meta":"","header-below-stick-meta":"","astra-migrate-meta-layouts":"default","ast-page-background-enabled":"default","ast-page-background-meta":{"desktop":{"background-color":"var(--ast-global-color-4)","background-image":"","background-repeat":"repeat","background-position":"center center","background-size":"auto","background-attachment":"scroll","background-type":"","background-media":"","overlay-type":"","overlay-color":"","overlay-opacity":"","overlay-gradient":""},"tablet":{"background-color":"","background-image":"","background-repeat":"repeat","background-position":"center center","background-size":"auto","background-attachment":"scroll","background-type":"","background-media":"","overlay-type":"","overlay-color":"","overlay-opacity":"","overlay-gradient":""},"mobile":{"background-color":"","background-image":"","background-repeat":"repeat","background-position":"center center","background-size":"auto","background-attachment":"scroll","background-type":"","background-media":"","overlay-type":"","overlay-color":"","overlay-opacity":"","overlay-gradient":""}},"ast-content-background-meta":{"desktop":{"background-color":"var(--ast-global-color-5)","background-image":"","background-repeat":"repeat","background-position":"center center","background-size":"auto","background-attachment":"scroll","background-type":"","background-media":"","overlay-type":"","overlay-color":"","overlay-opacity":"","overlay-gradient":""},"tablet":{"background-color":"var(--ast-global-color-5)","background-image":"","background-repeat":"repeat","background-position":"center center","background-size":"auto","background-attachment":"scroll","background-type":"","background-media":"","overlay-type":"","overlay-color":"","overlay-opacity":"","overlay-gradient":""},"mobile":{"background-color":"var(--ast-global-color-5)","background-image":"","background-repeat":"repeat","background-position":"center center","background-size":"auto","background-attachment":"scroll","background-type":"","background-media":"","overlay-type":"","overlay-color":"","overlay-opacity":"","overlay-gradient":""}},"footnotes":""},"class_list":["post-2332","page","type-page","status-publish","hentry"],"aioseo_notices":[],"_links":{"self":[{"href":"https:\/\/planecashback.com\/hu\/wp-json\/wp\/v2\/pages\/2332","targetHints":{"allow":["GET"]}}],"collection":[{"href":"https:\/\/planecashback.com\/hu\/wp-json\/wp\/v2\/pages"}],"about":[{"href":"https:\/\/planecashback.com\/hu\/wp-json\/wp\/v2\/types\/page"}],"author":[{"embeddable":true,"href":"https:\/\/planecashback.com\/hu\/wp-json\/wp\/v2\/users\/1"}],"replies":[{"embeddable":true,"href":"https:\/\/planecashback.com\/hu\/wp-json\/wp\/v2\/comments?post=2332"}],"version-history":[{"count":3,"href":"https:\/\/planecashback.com\/hu\/wp-json\/wp\/v2\/pages\/2332\/revisions"}],"predecessor-version":[{"id":3043,"href":"https:\/\/planecashback.com\/hu\/wp-json\/wp\/v2\/pages\/2332\/revisions\/3043"}],"wp:attachment":[{"href":"https:\/\/planecashback.com\/hu\/wp-json\/wp\/v2\/media?parent=2332"}],"curies":[{"name":"wp","href":"https:\/\/api.w.org\/{rel}","templated":true}]}}