{"id":2334,"date":"2024-02-15T08:15:20","date_gmt":"2024-02-15T08:15:20","guid":{"rendered":"https:\/\/planecashback.com\/arfolyamok\/"},"modified":"2024-07-04T10:03:11","modified_gmt":"2024-07-04T10:03:11","slug":"arfolyamok","status":"publish","type":"page","link":"https:\/\/planecashback.com\/hu\/arfolyamok\/","title":{"rendered":"\u00c1rfolyamok"},"content":{"rendered":"\t\t<div data-elementor-type=\"wp-page\" data-elementor-id=\"2334\" class=\"elementor elementor-2334 elementor-1607\">\n\t\t\t\t<div class=\"elementor-element elementor-element-6638e19e e-flex e-con-boxed e-con e-parent\" data-id=\"6638e19e\" data-element_type=\"container\" data-e-type=\"container\" data-settings=\"{&quot;background_background&quot;:&quot;classic&quot;}\">\n\t\t\t\t\t<div class=\"e-con-inner\">\n\t\t<div class=\"elementor-element elementor-element-3662daea e-con-full e-flex e-con e-child\" data-id=\"3662daea\" data-element_type=\"container\" data-e-type=\"container\">\n\t\t\t\t<div class=\"elementor-element elementor-element-2d0373cb elementor-widget elementor-widget-heading\" data-id=\"2d0373cb\" data-element_type=\"widget\" data-e-type=\"widget\" data-widget_type=\"heading.default\">\n\t\t\t\t<div class=\"elementor-widget-container\">\n\t\t\t\t\t<h2 class=\"elementor-heading-title elementor-size-default\">\u00c1rfolyamok<\/h2>\t\t\t\t<\/div>\n\t\t\t\t<\/div>\n\t\t\t\t<\/div>\n\t\t\t\t\t<\/div>\n\t\t\t\t<\/div>\n\t\t<div class=\"elementor-element elementor-element-24ec2aa8 e-flex e-con-boxed e-con e-parent\" data-id=\"24ec2aa8\" data-element_type=\"container\" data-e-type=\"container\">\n\t\t\t\t\t<div class=\"e-con-inner\">\n\t\t<div class=\"elementor-element elementor-element-399db96b e-con-full e-flex e-con e-child\" data-id=\"399db96b\" data-element_type=\"container\" data-e-type=\"container\">\n\t\t\t\t<div class=\"elementor-element elementor-element-65bf03dc elementor-widget elementor-widget-text-editor\" data-id=\"65bf03dc\" data-element_type=\"widget\" data-e-type=\"widget\" data-widget_type=\"text-editor.default\">\n\t\t\t\t<div class=\"elementor-widget-container\">\n\t\t\t\t\t\t\t\t\t<p>Egy\u00fcttm\u0171k\u00f6d\u00e9s vele PlaneCashBack <strong>nem felt\u00e9tele semmilyen el\u0151zetes d\u00edj megfizet\u00e9se.<\/strong><\/p>\n<p>Mott\u00f3nk: <strong>&#8220;NULLA jutal\u00e9k, ha nem kap k\u00e1rt\u00e9r\u00edt\u00e9st.&#8221;<\/strong><\/p>\n<p>K\u00e1rtalan\u00edt\u00e1s eset\u00e9n az \u00e1ltalunk felsz\u00e1m\u00edtott jutal\u00e9k a k\u00e1rt\u00e9r\u00edt\u00e9s \u00f6sszeg\u00e9nek <strong>25% + \u00c1FA<\/strong>.(<strong>Levon\u00e1sra ker\u00fcl a k\u00e1rt\u00e9r\u00edt\u00e9s \u00f6sszeg\u00e9b\u0151l, amikor megkapja.<\/strong>)<\/p>\n<p>A CE 261-hez kapcsol\u00f3d\u00f3 ig\u00e9nyek eset\u00e9n a szolg\u00e1ltat\u00e1si d\u00edjra a k\u00f6vetkez\u0151k vonatkoznak:<\/p>\n<p>Az 1500 km-es vagy ann\u00e1l r\u00f6videbb rep\u00fcl\u00e9sek eset\u00e9n az \u00fcgyf\u00e9l 250 eur\u00f3s k\u00e1rt\u00e9r\u00edt\u00e9st kap, \u00e9s 25% + \u00c1FA szolg\u00e1ltat\u00e1si d\u00edjat kell fizetnie.<\/p>\n<p>Az 1500 km-t meghalad\u00f3 K\u00f6z\u00f6ss\u00e9gen bel\u00fcli j\u00e1ratok, valamint az 1500 km \u00e9s 3500 km k\u00f6z\u00f6tti rep\u00fcl\u00e9sek eset\u00e9n az \u00fcgyf\u00e9l 400 eur\u00f3 k\u00e1rt\u00e9r\u00edt\u00e9st kap. Ez\u00e9rt az \u00fcgyf\u00e9lnek csak 25% + \u00c1FA szolg\u00e1ltat\u00e1si d\u00edjat kell fizetnie. A t\u00f6bbi fent nem r\u00e9szletezett j\u00e1rat eset\u00e9ben, ha az \u00fcgyf\u00e9l 600 \u20ac-ra jogosult, akkor a kompenz\u00e1ci\u00f3 25% + \u00c1FA a szolg\u00e1ltat\u00e1si d\u00edja.<\/p>\n<p>A fent le\u00edrt j\u00e1ratokn\u00e1l, amelyekn\u00e9l az \u00fcgyf\u00e9l nem jogosult a 250 \u20ac, 400 \u20ac vagy 600 \u20ac \u00f6sszegek egyik\u00e9re sem, az \u00fcgyf\u00e9lnek NEM kell fizetnie a 25% + \u00c1FA \u00f6sszeget szolg\u00e1ltat\u00e1si d\u00edjk\u00e9nt a rep\u00fcl\u00e9si kompenz\u00e1ci\u00f3\u00e9rt. .<\/p>\n<p>A CE 261 k\u00e9relmekben foglaltakt\u00f3l elt\u00e9r\u0151 egy\u00e9b t\u00edpus\u00fa ig\u00e9nyek eset\u00e9n a szolg\u00e1ltat\u00e1si d\u00edj az al\u00e1bbiak szerint ker\u00fcl levon\u00e1sra:<\/p>\n<p>Ha az \u00fcgyf\u00e9l 201-300 EUR rep\u00fcl\u00e9si kompenz\u00e1ci\u00f3t kap, akkor 25% + \u00c1FA szolg\u00e1ltat\u00e1si d\u00edjat kell fizetnie. Ha az \u00fcgyf\u00e9l 301-400 eur\u00f3 rep\u00fcl\u00e9si kompenz\u00e1ci\u00f3t kap, az \u00fcgyf\u00e9l 25% + \u00c1FA jutal\u00e9kot fizet.<\/p>\n<p>Ha az \u00fcgyf\u00e9l 401-500 eur\u00f3s rep\u00fcl\u00e9s\u00e9rt kap k\u00e1rt\u00e9r\u00edt\u00e9st, akkor 25% + \u00c1FA szolg\u00e1ltat\u00e1si d\u00edjat kell fizetnie. Ha az \u00fcgyf\u00e9l 501-600 eur\u00f3 rep\u00fcl\u00e9si kompenz\u00e1ci\u00f3t kap, akkor 25% + \u00c1FA szolg\u00e1ltat\u00e1si d\u00edj tartozik az \u00fcgyf\u00e9lnek.<\/p>\n<p>Ha az \u00fcgyf\u00e9l 601-800 eur\u00f3 j\u00e1ratkompenz\u00e1ci\u00f3t kap, akkor 25% + \u00c1FA szolg\u00e1ltat\u00e1si d\u00edjat kell fizetnie. Ha az \u00fcgyf\u00e9l 801-1000 eur\u00f3 rep\u00fcl\u00e9si kompenz\u00e1ci\u00f3t kap, akkor 25% + \u00c1FA szolg\u00e1ltat\u00e1si d\u00edjat kell fizetnie.<\/p>\n<p>A WEBSOLL E-COMMERCE SRL egy Rom\u00e1ni\u00e1ban letelepedett rom\u00e1n jogi szem\u00e9ly, amely a Maros B\u00edr\u00f3s\u00e1gon, valamint a Kereskedelmi Romyst\u00e1rsi Hivatalban van bejegyezve a sz\u00e1mon. J26\/1939\/2017, RO 38432804 ad\u00f3sz\u00e1mmal \u00e9s marosv\u00e1s\u00e1rhelyi sz\u00e9khellyel, mint jogi k\u00e9pvisel\u0151 \u2013 \u201ePLAIN CASH BACK\u201d.<\/p>\n<p>A rep\u00fcl\u00e9s\u00e9rt j\u00e1r\u00f3 k\u00e1rt\u00e9r\u00edt\u00e9s \u00e9rt\u00e9k\u00e9nek garanci\u00e1ja Az \u00fcgyf\u00e9l mindenkor garant\u00e1lt, hogy a Websoll E-Commerce SRL garant\u00e1lja az \u0151t megillet\u0151 k\u00e1rt\u00e9r\u00edt\u00e9s \u00e9rt\u00e9k\u00e9nek helyess\u00e9g\u00e9t \u00e9s pontoss\u00e1g\u00e1t.<\/p>\n<p>Ha a k\u00e9relemben szerepl\u0151 \u00f6sszes felt\u00e9tel teljes\u00fcl az EC261-nek megfelel\u0151en, akkor az \u00fcgyf\u00e9l jogosult a Websoll E-Commerce SRL-t\u0151l a megfelel\u0151 \u00f6sszeget EUR-ban megkapni.<\/p>\n<p>A tov\u00e1bbi tiszt\u00e1z\u00e1s \u00e9rdek\u00e9ben az EC261 k\u00f6vetel\u00e9sb\u0151l ered\u0151 k\u00e1rt\u00e9r\u00edt\u00e9st eur\u00f3ban kell kifizetni.<\/p>\n<p>Ez\u00e9rt a Websoll E-Commerce SRL er\u0151fesz\u00edt\u00e9sei eredm\u00e9nyek\u00e9nt kapott ellent\u00e9telez\u00e9st teljesen \u00e1tl\u00e1that\u00f3 m\u00f3don dolgozzuk fel. Emiatt az \u00fcgyf\u00e9l kiel\u00e9g\u00edt\u0151en ellen\u0151rizheti, hogy a Websoll E-Commerce SRL eleget tett-e az EC261 szerinti k\u00f6telezetts\u00e9geinek.<\/p>\n<p>Nemzetk\u00f6zi banki \u00e1tutal\u00e1s d\u00edja A banki \u00e1tutal\u00e1ssal kapcsolatos tov\u00e1bbi k\u00f6lts\u00e9gek \u00e9s kiad\u00e1sok a Websoll E-Commerce SRL-t nem terhelik. M\u00e9g ha ezeknek a k\u00f6lts\u00e9geknek az \u00f6sszege a legt\u00f6bb esetben v\u00e1rhat\u00f3an inkonzisztens vagy relev\u00e1ns, fenntartjuk a jogot, hogy az elt\u00e9r\u0151 banki szab\u00e1lyzatok miatt ne v\u00e1llaljunk felel\u0151ss\u00e9get \u00e9rt\u00fck.<\/p>\n<p>Egy\u00e9b d\u00edjak A Websoll E-Commerce SRL \u00c1rlist\u00e1ban felsorolt \u200b\u200b\u00f6sszes \u00e1r \u00e9s d\u00edj nem j\u00e1r tov\u00e1bbi d\u00edjakkal vagy egy\u00e9b ad\u00f3kkal vagy ad\u00f3z\u00e1si form\u00e1kkal r\u00e9sz\u00fcnkr\u0151l. A felsorolt \u200b\u200b\u00f6sszegek lesznek az egyetlenek, amelyeket fizetnie kell, \u00e9s \u00e9rkez\u00e9skor levon\u00e1sra ker\u00fclnek a juttat\u00e1sb\u00f3l.<\/p>\n\t\t\t\t\t\t\t\t<\/div>\n\t\t\t\t<\/div>\n\t\t\t\t<\/div>\n\t\t\t\t\t<\/div>\n\t\t\t\t<\/div>\n\t\t<div class=\"elementor-element elementor-element-525a35c4 e-flex e-con-boxed e-con e-parent\" data-id=\"525a35c4\" data-element_type=\"container\" data-e-type=\"container\" data-settings=\"{&quot;background_background&quot;:&quot;classic&quot;}\">\n\t\t\t\t\t<div class=\"e-con-inner\">\n\t\t<div class=\"elementor-element elementor-element-4b921055 e-con-full e-flex e-con e-child\" data-id=\"4b921055\" data-element_type=\"container\" data-e-type=\"container\">\n\t\t\t\t<div class=\"elementor-element elementor-element-73f42dd6 elementor-widget elementor-widget-heading\" data-id=\"73f42dd6\" data-element_type=\"widget\" data-e-type=\"widget\" data-widget_type=\"heading.default\">\n\t\t\t\t<div class=\"elementor-widget-container\">\n\t\t\t\t\t<h2 class=\"elementor-heading-title elementor-size-default\">Ismerje meg utask\u00e9nt fenn\u00e1ll\u00f3 jogait, \u00e9s k\u00f6vetelje meg azt, amit megillet.<\/h2>\t\t\t\t<\/div>\n\t\t\t\t<\/div>\n\t\t\t\t<div class=\"elementor-element elementor-element-40f56ea elementor-align-center elementor-widget elementor-widget-button\" data-id=\"40f56ea\" data-element_type=\"widget\" data-e-type=\"widget\" data-widget_type=\"button.default\">\n\t\t\t\t<div class=\"elementor-widget-container\">\n\t\t\t\t\t\t\t\t\t<div class=\"elementor-button-wrapper\">\n\t\t\t\t\t<a class=\"elementor-button elementor-button-link elementor-size-sm\" href=\"https:\/\/planecashback.com\/hu\/kompenzacios-forma\/\">\n\t\t\t\t\t\t<span class=\"elementor-button-content-wrapper\">\n\t\t\t\t\t\t\t\t\t<span class=\"elementor-button-text\">Most k\u00e1rt\u00e9r\u00edt\u00e9st k\u00e9rek<\/span>\n\t\t\t\t\t<\/span>\n\t\t\t\t\t<\/a>\n\t\t\t\t<\/div>\n\t\t\t\t\t\t\t\t<\/div>\n\t\t\t\t<\/div>\n\t\t\t\t<\/div>\n\t\t\t\t\t<\/div>\n\t\t\t\t<\/div>\n\t\t\t\t<\/div>\n\t\t","protected":false},"excerpt":{"rendered":"<p>\u00c1rfolyamok Egy\u00fcttm\u0171k\u00f6d\u00e9s vele PlaneCashBack nem felt\u00e9tele semmilyen el\u0151zetes d\u00edj megfizet\u00e9se. Mott\u00f3nk: &#8220;NULLA jutal\u00e9k, ha nem kap k\u00e1rt\u00e9r\u00edt\u00e9st.&#8221; K\u00e1rtalan\u00edt\u00e1s eset\u00e9n az \u00e1ltalunk felsz\u00e1m\u00edtott jutal\u00e9k a k\u00e1rt\u00e9r\u00edt\u00e9s \u00f6sszeg\u00e9nek 25% + \u00c1FA.(Levon\u00e1sra ker\u00fcl a k\u00e1rt\u00e9r\u00edt\u00e9s \u00f6sszeg\u00e9b\u0151l, amikor megkapja.) A CE 261-hez kapcsol\u00f3d\u00f3 ig\u00e9nyek eset\u00e9n a szolg\u00e1ltat\u00e1si d\u00edjra a k\u00f6vetkez\u0151k vonatkoznak: Az 1500 km-es vagy ann\u00e1l r\u00f6videbb rep\u00fcl\u00e9sek eset\u00e9n [&hellip;]<\/p>\n","protected":false},"author":1,"featured_media":0,"parent":0,"menu_order":0,"comment_status":"closed","ping_status":"closed","template":"","meta":{"om_disable_all_campaigns":false,"site-sidebar-layout":"no-sidebar","site-content-layout":"page-builder","ast-site-content-layout":"full-width-container","site-content-style":"default","site-sidebar-style":"default","ast-global-header-display":"","ast-banner-title-visibility":"","ast-main-header-display":"","ast-hfb-above-header-display":"","ast-hfb-below-header-display":"","ast-hfb-mobile-header-display":"","site-post-title":"disabled","ast-breadcrumbs-content":"","ast-featured-img":"disabled","footer-sml-layout":"","ast-disable-related-posts":"","theme-transparent-header-meta":"","adv-header-id-meta":"","stick-header-meta":"","header-above-stick-meta":"","header-main-stick-meta":"","header-below-stick-meta":"","astra-migrate-meta-layouts":"default","ast-page-background-enabled":"default","ast-page-background-meta":{"desktop":{"background-color":"var(--ast-global-color-4)","background-image":"","background-repeat":"repeat","background-position":"center center","background-size":"auto","background-attachment":"scroll","background-type":"","background-media":"","overlay-type":"","overlay-color":"","overlay-opacity":"","overlay-gradient":""},"tablet":{"background-color":"","background-image":"","background-repeat":"repeat","background-position":"center center","background-size":"auto","background-attachment":"scroll","background-type":"","background-media":"","overlay-type":"","overlay-color":"","overlay-opacity":"","overlay-gradient":""},"mobile":{"background-color":"","background-image":"","background-repeat":"repeat","background-position":"center center","background-size":"auto","background-attachment":"scroll","background-type":"","background-media":"","overlay-type":"","overlay-color":"","overlay-opacity":"","overlay-gradient":""}},"ast-content-background-meta":{"desktop":{"background-color":"var(--ast-global-color-5)","background-image":"","background-repeat":"repeat","background-position":"center center","background-size":"auto","background-attachment":"scroll","background-type":"","background-media":"","overlay-type":"","overlay-color":"","overlay-opacity":"","overlay-gradient":""},"tablet":{"background-color":"var(--ast-global-color-5)","background-image":"","background-repeat":"repeat","background-position":"center center","background-size":"auto","background-attachment":"scroll","background-type":"","background-media":"","overlay-type":"","overlay-color":"","overlay-opacity":"","overlay-gradient":""},"mobile":{"background-color":"var(--ast-global-color-5)","background-image":"","background-repeat":"repeat","background-position":"center center","background-size":"auto","background-attachment":"scroll","background-type":"","background-media":"","overlay-type":"","overlay-color":"","overlay-opacity":"","overlay-gradient":""}},"footnotes":""},"class_list":["post-2334","page","type-page","status-publish","hentry"],"aioseo_notices":[],"_links":{"self":[{"href":"https:\/\/planecashback.com\/hu\/wp-json\/wp\/v2\/pages\/2334","targetHints":{"allow":["GET"]}}],"collection":[{"href":"https:\/\/planecashback.com\/hu\/wp-json\/wp\/v2\/pages"}],"about":[{"href":"https:\/\/planecashback.com\/hu\/wp-json\/wp\/v2\/types\/page"}],"author":[{"embeddable":true,"href":"https:\/\/planecashback.com\/hu\/wp-json\/wp\/v2\/users\/1"}],"replies":[{"embeddable":true,"href":"https:\/\/planecashback.com\/hu\/wp-json\/wp\/v2\/comments?post=2334"}],"version-history":[{"count":4,"href":"https:\/\/planecashback.com\/hu\/wp-json\/wp\/v2\/pages\/2334\/revisions"}],"predecessor-version":[{"id":3071,"href":"https:\/\/planecashback.com\/hu\/wp-json\/wp\/v2\/pages\/2334\/revisions\/3071"}],"wp:attachment":[{"href":"https:\/\/planecashback.com\/hu\/wp-json\/wp\/v2\/media?parent=2334"}],"curies":[{"name":"wp","href":"https:\/\/api.w.org\/{rel}","templated":true}]}}