{"id":2346,"date":"2022-04-13T12:50:35","date_gmt":"2022-04-13T12:50:35","guid":{"rendered":"https:\/\/planecashback.com\/rolunk\/"},"modified":"2024-09-16T09:42:05","modified_gmt":"2024-09-16T09:42:05","slug":"rolunk","status":"publish","type":"page","link":"https:\/\/planecashback.com\/hu\/rolunk\/","title":{"rendered":"R\u00f3lunk"},"content":{"rendered":"\t\t<div data-elementor-type=\"wp-page\" data-elementor-id=\"2346\" class=\"elementor elementor-2346 elementor-550\">\n\t\t\t\t<div class=\"elementor-element elementor-element-a69996c e-flex e-con-boxed e-con e-parent\" data-id=\"a69996c\" data-element_type=\"container\" data-e-type=\"container\" data-settings=\"{&quot;background_background&quot;:&quot;classic&quot;}\">\n\t\t\t\t\t<div class=\"e-con-inner\">\n\t\t<div class=\"elementor-element elementor-element-32a05e7 e-con-full e-flex e-con e-child\" data-id=\"32a05e7\" data-element_type=\"container\" data-e-type=\"container\">\n\t\t<div class=\"elementor-element elementor-element-8d02f63 e-con-full e-flex e-con e-child\" data-id=\"8d02f63\" data-element_type=\"container\" data-e-type=\"container\">\n\t\t<div class=\"elementor-element elementor-element-caa2c6e e-con-full e-flex e-con e-child\" data-id=\"caa2c6e\" data-element_type=\"container\" data-e-type=\"container\">\n\t\t\t\t<div class=\"elementor-element elementor-element-0e26009 elementor-widget elementor-widget-heading\" data-id=\"0e26009\" data-element_type=\"widget\" data-e-type=\"widget\" data-widget_type=\"heading.default\">\n\t\t\t\t<div class=\"elementor-widget-container\">\n\t\t\t\t\t<h6 class=\"elementor-heading-title elementor-size-default\">R\u00f3lunk<\/h6>\t\t\t\t<\/div>\n\t\t\t\t<\/div>\n\t\t\t\t<div class=\"elementor-element elementor-element-b357c8e elementor-widget elementor-widget-heading\" data-id=\"b357c8e\" data-element_type=\"widget\" data-e-type=\"widget\" data-widget_type=\"heading.default\">\n\t\t\t\t<div class=\"elementor-widget-container\">\n\t\t\t\t\t<h1 class=\"elementor-heading-title elementor-size-default\">Az EU261 szerinti j\u00e1ratokra vonatkoz\u00f3 panaszkezel\u00e9si szolg\u00e1ltat\u00e1sok<\/h1>\t\t\t\t<\/div>\n\t\t\t\t<\/div>\n\t\t\t\t<\/div>\n\t\t\t\t<\/div>\n\t\t\t\t<\/div>\n\t\t\t\t\t<\/div>\n\t\t\t\t<\/div>\n\t\t<div class=\"elementor-element elementor-element-2b78fbc e-flex e-con-boxed e-con e-parent\" data-id=\"2b78fbc\" data-element_type=\"container\" data-e-type=\"container\">\n\t\t\t\t\t<div class=\"e-con-inner\">\n\t\t<div class=\"elementor-element elementor-element-d219765 e-con-full e-flex e-con e-child\" data-id=\"d219765\" data-element_type=\"container\" data-e-type=\"container\">\n\t\t\t\t<div class=\"elementor-element elementor-element-ab2aaea elementor-widget elementor-widget-heading\" data-id=\"ab2aaea\" data-element_type=\"widget\" data-e-type=\"widget\" data-widget_type=\"heading.default\">\n\t\t\t\t<div class=\"elementor-widget-container\">\n\t\t\t\t\t<h6 class=\"elementor-heading-title elementor-size-default\">Mit tegy\u00fcnk?<\/h6>\t\t\t\t<\/div>\n\t\t\t\t<\/div>\n\t\t\t\t<div class=\"elementor-element elementor-element-c838e96 elementor-widget elementor-widget-heading\" data-id=\"c838e96\" data-element_type=\"widget\" data-e-type=\"widget\" data-widget_type=\"heading.default\">\n\t\t\t\t<div class=\"elementor-widget-container\">\n\t\t\t\t\t<h2 class=\"elementor-heading-title elementor-size-default\">Biztos\u00edtjuk, hogy az \u00d6n jogai a megfelel\u0151 kezekben legyenek.<\/h2>\t\t\t\t<\/div>\n\t\t\t\t<\/div>\n\t\t\t\t<\/div>\n\t\t<div class=\"elementor-element elementor-element-3588e6a e-con-full e-flex e-con e-child\" data-id=\"3588e6a\" data-element_type=\"container\" data-e-type=\"container\">\n\t\t\t\t<div class=\"elementor-element elementor-element-aa8ff6a elementor-widget elementor-widget-text-editor\" data-id=\"aa8ff6a\" data-element_type=\"widget\" data-e-type=\"widget\" data-widget_type=\"text-editor.default\">\n\t\t\t\t<div class=\"elementor-widget-container\">\n\t\t\t\t\t\t\t\t\t<p>A PlaneCashBack.com c\u00e9lja, hogy seg\u00edtsen az utasoknak meg\u00e9rteni jogaikat \u00e9s ig\u00e9nyelni az \u0151ket megillet\u0151 k\u00e1rt\u00e9r\u00edt\u00e9st. Az EC261\/2004\/EK uni\u00f3s rendelettel \u00f6sszhangban eligazodunk a bonyolult folyamatban, t\u00e1rgyalunk a l\u00e9git\u00e1rsas\u00e1gokkal, \u00e9s gondoskodunk arr\u00f3l, hogy az \u00d6n jogait tiszteletben tarts\u00e1k. Ne hagyja, hogy a l\u00e9gi utaz\u00e1s bonyolults\u00e1ga elrontsa az \u00e9lm\u00e9nyt. Ismerje meg jogait, ig\u00e9nyeljen k\u00e1rt\u00e9r\u00edt\u00e9st, \u00e9s engedje meg, hogy seg\u00edts\u00fcnk abban, hogy utaz\u00e1sa a lehet\u0151 legz\u00f6kken\u0151mentesebb legyen.<\/p>\n\t\t\t\t\t\t\t\t<\/div>\n\t\t\t\t<\/div>\n\t\t\t\t<\/div>\n\t\t\t\t\t<\/div>\n\t\t\t\t<\/div>\n\t\t<div class=\"elementor-element elementor-element-ada0da7 e-flex e-con-boxed e-con e-parent\" data-id=\"ada0da7\" data-element_type=\"container\" data-e-type=\"container\" data-settings=\"{&quot;background_background&quot;:&quot;classic&quot;}\">\n\t\t\t\t\t<div class=\"e-con-inner\">\n\t\t<div class=\"elementor-element elementor-element-7c60576 e-con-full e-flex e-con e-child\" data-id=\"7c60576\" data-element_type=\"container\" data-e-type=\"container\">\n\t\t\t\t<div class=\"elementor-element elementor-element-d88b4c1 elementor-widget elementor-widget-heading\" data-id=\"d88b4c1\" data-element_type=\"widget\" data-e-type=\"widget\" data-widget_type=\"heading.default\">\n\t\t\t\t<div class=\"elementor-widget-container\">\n\t\t\t\t\t<h3 class=\"elementor-heading-title elementor-size-default\">Jelentkezzen most, \u00e9s kapjon ak\u00e1r 600 eur\u00f3s kompenz\u00e1ci\u00f3t utasonk\u00e9nt! Ez nem f\u00fcgg a jegy\u00e1rakt\u00f3l. Az alkalmaz\u00e1s teljesen ingyenes. NULLA jutal\u00e9k, ha nem kap kompenz\u00e1ci\u00f3t!<\/h3>\t\t\t\t<\/div>\n\t\t\t\t<\/div>\n\t\t\t\t<div class=\"elementor-element elementor-element-93594fa elementor-align-center elementor-widget elementor-widget-button\" data-id=\"93594fa\" data-element_type=\"widget\" data-e-type=\"widget\" data-widget_type=\"button.default\">\n\t\t\t\t<div class=\"elementor-widget-container\">\n\t\t\t\t\t\t\t\t\t<div class=\"elementor-button-wrapper\">\n\t\t\t\t\t<a class=\"elementor-button elementor-button-link elementor-size-sm\" href=\"https:\/\/planecashback.com\/hu\/kompenzacios-forma\/\">\n\t\t\t\t\t\t<span class=\"elementor-button-content-wrapper\">\n\t\t\t\t\t\t\t\t\t<span class=\"elementor-button-text\">Jelentkezz Most<\/span>\n\t\t\t\t\t<\/span>\n\t\t\t\t\t<\/a>\n\t\t\t\t<\/div>\n\t\t\t\t\t\t\t\t<\/div>\n\t\t\t\t<\/div>\n\t\t\t\t<\/div>\n\t\t\t\t\t<\/div>\n\t\t\t\t<\/div>\n\t\t<div class=\"elementor-element elementor-element-3d6aea6 e-flex e-con-boxed e-con e-parent\" data-id=\"3d6aea6\" data-element_type=\"container\" data-e-type=\"container\" data-settings=\"{&quot;background_background&quot;:&quot;classic&quot;}\">\n\t\t\t\t\t<div class=\"e-con-inner\">\n\t\t<div class=\"elementor-element elementor-element-8e4b021 e-con-full e-flex e-con e-child\" data-id=\"8e4b021\" data-element_type=\"container\" data-e-type=\"container\">\n\t\t\t\t<div class=\"elementor-element elementor-element-5d47983 elementor-widget elementor-widget-heading\" data-id=\"5d47983\" data-element_type=\"widget\" data-e-type=\"widget\" data-widget_type=\"heading.default\">\n\t\t\t\t<div class=\"elementor-widget-container\">\n\t\t\t\t\t<h2 class=\"elementor-heading-title elementor-size-default\">Plane CashBack el\u0151ny\u00f6k<\/h2>\t\t\t\t<\/div>\n\t\t\t\t<\/div>\n\t\t<div class=\"elementor-element elementor-element-d3bd83a e-flex e-con-boxed e-con e-child\" data-id=\"d3bd83a\" data-element_type=\"container\" data-e-type=\"container\">\n\t\t\t\t\t<div class=\"e-con-inner\">\n\t\t\t\t<div class=\"elementor-element elementor-element-c34f68a elementor-widget__width-initial elementor-position-top elementor-widget elementor-widget-image-box\" data-id=\"c34f68a\" data-element_type=\"widget\" data-e-type=\"widget\" data-widget_type=\"image-box.default\">\n\t\t\t\t<div class=\"elementor-widget-container\">\n\t\t\t\t\t<div class=\"elementor-image-box-wrapper\"><figure class=\"elementor-image-box-img\"><img fetchpriority=\"high\" decoding=\"async\" width=\"400\" height=\"560\" src=\"https:\/\/planecashback.com\/wp-content\/uploads\/2024\/09\/Plane_CashBack_Usor_si_fara_Probleme_despre_noi.png\" class=\"attachment-full size-full wp-image-3190\" alt=\"\" srcset=\"https:\/\/planecashback.com\/wp-content\/uploads\/2024\/09\/Plane_CashBack_Usor_si_fara_Probleme_despre_noi.png 400w, https:\/\/planecashback.com\/wp-content\/uploads\/2024\/09\/Plane_CashBack_Usor_si_fara_Probleme_despre_noi-214x300.png 214w\" sizes=\"(max-width: 400px) 100vw, 400px\" \/><\/figure><div class=\"elementor-image-box-content\"><h4 class=\"elementor-image-box-title\">Egyszer\u0171 \u00e9s probl\u00e9mamentes<\/h4><p class=\"elementor-image-box-description\">V\u00e1llaljuk a megkeres\u00e9s\u00e9t!<\/p><\/div><\/div>\t\t\t\t<\/div>\n\t\t\t\t<\/div>\n\t\t\t\t<div class=\"elementor-element elementor-element-99fffa0 elementor-widget__width-initial elementor-position-top elementor-widget elementor-widget-image-box\" data-id=\"99fffa0\" data-element_type=\"widget\" data-e-type=\"widget\" data-widget_type=\"image-box.default\">\n\t\t\t\t<div class=\"elementor-widget-container\">\n\t\t\t\t\t<div class=\"elementor-image-box-wrapper\"><figure class=\"elementor-image-box-img\"><img decoding=\"async\" width=\"400\" height=\"560\" src=\"https:\/\/planecashback.com\/wp-content\/uploads\/2024\/09\/Plane_CashBack_evita_greselile_depsre-noi.png\" class=\"attachment-full size-full wp-image-3197\" alt=\"\" srcset=\"https:\/\/planecashback.com\/wp-content\/uploads\/2024\/09\/Plane_CashBack_evita_greselile_depsre-noi.png 400w, https:\/\/planecashback.com\/wp-content\/uploads\/2024\/09\/Plane_CashBack_evita_greselile_depsre-noi-214x300.png 214w\" sizes=\"(max-width: 400px) 100vw, 400px\" \/><\/figure><div class=\"elementor-image-box-content\"><h4 class=\"elementor-image-box-title\">Ker\u00fclje el a hib\u00e1kat \u00e9s a stresszt<\/h4><p class=\"elementor-image-box-description\">Felejtsd el a pap\u00edrmunk\u00e1t!<\/p><\/div><\/div>\t\t\t\t<\/div>\n\t\t\t\t<\/div>\n\t\t\t\t<div class=\"elementor-element elementor-element-1390a49 elementor-widget__width-initial elementor-position-top elementor-widget elementor-widget-image-box\" data-id=\"1390a49\" data-element_type=\"widget\" data-e-type=\"widget\" data-widget_type=\"image-box.default\">\n\t\t\t\t<div class=\"elementor-widget-container\">\n\t\t\t\t\t<div class=\"elementor-image-box-wrapper\"><figure class=\"elementor-image-box-img\"><img decoding=\"async\" width=\"400\" height=\"560\" src=\"https:\/\/planecashback.com\/wp-content\/uploads\/2024\/09\/Plane_CashBack_formular_online_simplu_depsre-noi.png\" class=\"attachment-full size-full wp-image-3204\" alt=\"\" srcset=\"https:\/\/planecashback.com\/wp-content\/uploads\/2024\/09\/Plane_CashBack_formular_online_simplu_depsre-noi.png 400w, https:\/\/planecashback.com\/wp-content\/uploads\/2024\/09\/Plane_CashBack_formular_online_simplu_depsre-noi-214x300.png 214w\" sizes=\"(max-width: 400px) 100vw, 400px\" \/><\/figure><div class=\"elementor-image-box-content\"><h4 class=\"elementor-image-box-title\">Minden egyszer\u0171bb az interneten<\/h4><p class=\"elementor-image-box-description\">  T\u00f6ltse ki a honlapon tal\u00e1lhat\u00f3 \u0171rlapot<\/p><\/div><\/div>\t\t\t\t<\/div>\n\t\t\t\t<\/div>\n\t\t\t\t<div class=\"elementor-element elementor-element-b83aba6 elementor-widget__width-initial elementor-position-top elementor-widget elementor-widget-image-box\" data-id=\"b83aba6\" data-element_type=\"widget\" data-e-type=\"widget\" data-widget_type=\"image-box.default\">\n\t\t\t\t<div class=\"elementor-widget-container\">\n\t\t\t\t\t<div class=\"elementor-image-box-wrapper\"><figure class=\"elementor-image-box-img\"><img loading=\"lazy\" decoding=\"async\" width=\"400\" height=\"560\" src=\"https:\/\/planecashback.com\/wp-content\/uploads\/2024\/09\/Plane_CashBack_actualizari_frecvente_depsre-noi.png\" class=\"attachment-full size-full wp-image-3211\" alt=\"\" srcset=\"https:\/\/planecashback.com\/wp-content\/uploads\/2024\/09\/Plane_CashBack_actualizari_frecvente_depsre-noi.png 400w, https:\/\/planecashback.com\/wp-content\/uploads\/2024\/09\/Plane_CashBack_actualizari_frecvente_depsre-noi-214x300.png 214w\" sizes=\"(max-width: 400px) 100vw, 400px\" \/><\/figure><div class=\"elementor-image-box-content\"><h4 class=\"elementor-image-box-title\">Gyakori friss\u00edt\u00e9sek<\/h4><p class=\"elementor-image-box-description\">Rendszeres e-mail friss\u00edt\u00e9sek!<\/p><\/div><\/div>\t\t\t\t<\/div>\n\t\t\t\t<\/div>\n\t\t\t\t<div class=\"elementor-element elementor-element-727265b elementor-widget__width-initial elementor-position-top elementor-widget elementor-widget-image-box\" data-id=\"727265b\" data-element_type=\"widget\" data-e-type=\"widget\" data-widget_type=\"image-box.default\">\n\t\t\t\t<div class=\"elementor-widget-container\">\n\t\t\t\t\t<div class=\"elementor-image-box-wrapper\"><figure class=\"elementor-image-box-img\"><img loading=\"lazy\" decoding=\"async\" width=\"400\" height=\"560\" src=\"https:\/\/planecashback.com\/wp-content\/uploads\/2024\/09\/Plane_CashBack_no_problem_depsre-noi.png\" class=\"attachment-full size-full wp-image-3218\" alt=\"\" srcset=\"https:\/\/planecashback.com\/wp-content\/uploads\/2024\/09\/Plane_CashBack_no_problem_depsre-noi.png 400w, https:\/\/planecashback.com\/wp-content\/uploads\/2024\/09\/Plane_CashBack_no_problem_depsre-noi-214x300.png 214w\" sizes=\"(max-width: 400px) 100vw, 400px\" \/><\/figure><div class=\"elementor-image-box-content\"><h4 class=\"elementor-image-box-title\">Nincs gy\u0151zelem, 0 jutal\u00e9k<\/h4><p class=\"elementor-image-box-description\">A jelentkez\u00e9s ingyenes!<\/p><\/div><\/div>\t\t\t\t<\/div>\n\t\t\t\t<\/div>\n\t\t\t\t<div class=\"elementor-element elementor-element-a7cec2d elementor-widget__width-initial elementor-position-top elementor-widget elementor-widget-image-box\" data-id=\"a7cec2d\" data-element_type=\"widget\" data-e-type=\"widget\" data-widget_type=\"image-box.default\">\n\t\t\t\t<div class=\"elementor-widget-container\">\n\t\t\t\t\t<div class=\"elementor-image-box-wrapper\"><figure class=\"elementor-image-box-img\"><img loading=\"lazy\" decoding=\"async\" width=\"400\" height=\"560\" src=\"https:\/\/planecashback.com\/wp-content\/uploads\/2024\/09\/Plane-_cashBack_suport_clineti_depsre-noi.png\" class=\"attachment-full size-full wp-image-3225\" alt=\"\" srcset=\"https:\/\/planecashback.com\/wp-content\/uploads\/2024\/09\/Plane-_cashBack_suport_clineti_depsre-noi.png 400w, https:\/\/planecashback.com\/wp-content\/uploads\/2024\/09\/Plane-_cashBack_suport_clineti_depsre-noi-214x300.png 214w\" sizes=\"(max-width: 400px) 100vw, 400px\" \/><\/figure><div class=\"elementor-image-box-content\"><h4 class=\"elementor-image-box-title\">\u00dcgyf\u00e9lszolg\u00e1lat<\/h4><p class=\"elementor-image-box-description\">Csapatunk az \u00d6n szolg\u00e1lat\u00e1ra \u00e1ll!<\/p><\/div><\/div>\t\t\t\t<\/div>\n\t\t\t\t<\/div>\n\t\t\t\t\t<\/div>\n\t\t\t\t<\/div>\n\t\t\t\t<\/div>\n\t\t\t\t\t<\/div>\n\t\t\t\t<\/div>\n\t\t\t\t<\/div>\n\t\t","protected":false},"excerpt":{"rendered":"<p>R\u00f3lunk Az EU261 szerinti j\u00e1ratokra vonatkoz\u00f3 panaszkezel\u00e9si szolg\u00e1ltat\u00e1sok Mit tegy\u00fcnk? Biztos\u00edtjuk, hogy az \u00d6n jogai a megfelel\u0151 kezekben legyenek. A PlaneCashBack.com c\u00e9lja, hogy seg\u00edtsen az utasoknak meg\u00e9rteni jogaikat \u00e9s ig\u00e9nyelni az \u0151ket megillet\u0151 k\u00e1rt\u00e9r\u00edt\u00e9st. Az EC261\/2004\/EK uni\u00f3s rendelettel \u00f6sszhangban eligazodunk a bonyolult folyamatban, t\u00e1rgyalunk a l\u00e9git\u00e1rsas\u00e1gokkal, \u00e9s gondoskodunk arr\u00f3l, hogy az \u00d6n jogait tiszteletben tarts\u00e1k. [&hellip;]<\/p>\n","protected":false},"author":1,"featured_media":0,"parent":0,"menu_order":0,"comment_status":"closed","ping_status":"closed","template":"","meta":{"om_disable_all_campaigns":false,"site-sidebar-layout":"no-sidebar","site-content-layout":"page-builder","ast-site-content-layout":"full-width-container","site-content-style":"unboxed","site-sidebar-style":"unboxed","ast-global-header-display":"","ast-banner-title-visibility":"","ast-main-header-display":"","ast-hfb-above-header-display":"","ast-hfb-below-header-display":"","ast-hfb-mobile-header-display":"","site-post-title":"disabled","ast-breadcrumbs-content":"","ast-featured-img":"disabled","footer-sml-layout":"","ast-disable-related-posts":"","theme-transparent-header-meta":"enabled","adv-header-id-meta":"","stick-header-meta":"","header-above-stick-meta":"","header-main-stick-meta":"","header-below-stick-meta":"","astra-migrate-meta-layouts":"default","ast-page-background-enabled":"default","ast-page-background-meta":{"desktop":{"background-color":"var(--ast-global-color-4)","background-image":"","background-repeat":"repeat","background-position":"center center","background-size":"auto","background-attachment":"scroll","background-type":"","background-media":"","overlay-type":"","overlay-color":"","overlay-opacity":"","overlay-gradient":""},"tablet":{"background-color":"","background-image":"","background-repeat":"repeat","background-position":"center center","background-size":"auto","background-attachment":"scroll","background-type":"","background-media":"","overlay-type":"","overlay-color":"","overlay-opacity":"","overlay-gradient":""},"mobile":{"background-color":"","background-image":"","background-repeat":"repeat","background-position":"center center","background-size":"auto","background-attachment":"scroll","background-type":"","background-media":"","overlay-type":"","overlay-color":"","overlay-opacity":"","overlay-gradient":""}},"ast-content-background-meta":{"desktop":{"background-color":"var(--ast-global-color-5)","background-image":"","background-repeat":"repeat","background-position":"center center","background-size":"auto","background-attachment":"scroll","background-type":"","background-media":"","overlay-type":"","overlay-color":"","overlay-opacity":"","overlay-gradient":""},"tablet":{"background-color":"var(--ast-global-color-5)","background-image":"","background-repeat":"repeat","background-position":"center center","background-size":"auto","background-attachment":"scroll","background-type":"","background-media":"","overlay-type":"","overlay-color":"","overlay-opacity":"","overlay-gradient":""},"mobile":{"background-color":"var(--ast-global-color-5)","background-image":"","background-repeat":"repeat","background-position":"center center","background-size":"auto","background-attachment":"scroll","background-type":"","background-media":"","overlay-type":"","overlay-color":"","overlay-opacity":"","overlay-gradient":""}},"footnotes":""},"class_list":["post-2346","page","type-page","status-publish","hentry"],"aioseo_notices":[],"_links":{"self":[{"href":"https:\/\/planecashback.com\/hu\/wp-json\/wp\/v2\/pages\/2346","targetHints":{"allow":["GET"]}}],"collection":[{"href":"https:\/\/planecashback.com\/hu\/wp-json\/wp\/v2\/pages"}],"about":[{"href":"https:\/\/planecashback.com\/hu\/wp-json\/wp\/v2\/types\/page"}],"author":[{"embeddable":true,"href":"https:\/\/planecashback.com\/hu\/wp-json\/wp\/v2\/users\/1"}],"replies":[{"embeddable":true,"href":"https:\/\/planecashback.com\/hu\/wp-json\/wp\/v2\/comments?post=2346"}],"version-history":[{"count":5,"href":"https:\/\/planecashback.com\/hu\/wp-json\/wp\/v2\/pages\/2346\/revisions"}],"predecessor-version":[{"id":3238,"href":"https:\/\/planecashback.com\/hu\/wp-json\/wp\/v2\/pages\/2346\/revisions\/3238"}],"wp:attachment":[{"href":"https:\/\/planecashback.com\/hu\/wp-json\/wp\/v2\/media?parent=2346"}],"curies":[{"name":"wp","href":"https:\/\/api.w.org\/{rel}","templated":true}]}}