{"id":2409,"date":"2024-02-15T13:13:12","date_gmt":"2024-02-15T13:13:12","guid":{"rendered":"https:\/\/planecashback.com\/contratto\/"},"modified":"2024-09-17T13:11:06","modified_gmt":"2024-09-17T13:11:06","slug":"contratto","status":"publish","type":"page","link":"https:\/\/planecashback.com\/it\/contratto\/","title":{"rendered":"Contratto"},"content":{"rendered":"\t\t<div data-elementor-type=\"wp-page\" data-elementor-id=\"2409\" class=\"elementor elementor-2409 elementor-1705\">\n\t\t\t\t<div class=\"elementor-element elementor-element-7d1bfd2 e-flex e-con-boxed e-con e-parent\" data-id=\"7d1bfd2\" data-element_type=\"container\" data-e-type=\"container\" data-settings=\"{&quot;background_background&quot;:&quot;classic&quot;}\">\n\t\t\t\t\t<div class=\"e-con-inner\">\n\t\t<div class=\"elementor-element elementor-element-4b324f19 e-con-full e-flex e-con e-child\" data-id=\"4b324f19\" data-element_type=\"container\" data-e-type=\"container\">\n\t\t\t\t<div class=\"elementor-element elementor-element-c4c1f1e elementor-widget elementor-widget-heading\" data-id=\"c4c1f1e\" data-element_type=\"widget\" data-e-type=\"widget\" data-widget_type=\"heading.default\">\n\t\t\t\t<div class=\"elementor-widget-container\">\n\t\t\t\t\t<h2 class=\"elementor-heading-title elementor-size-default\">Contratto di rappresentanza<\/h2>\t\t\t\t<\/div>\n\t\t\t\t<\/div>\n\t\t\t\t<\/div>\n\t\t\t\t\t<\/div>\n\t\t\t\t<\/div>\n\t\t<div class=\"elementor-element elementor-element-2d3a99d9 e-flex e-con-boxed e-con e-parent\" data-id=\"2d3a99d9\" data-element_type=\"container\" data-e-type=\"container\">\n\t\t\t\t\t<div class=\"e-con-inner\">\n\t\t<div class=\"elementor-element elementor-element-27c1a978 e-con-full e-flex e-con e-child\" data-id=\"27c1a978\" data-element_type=\"container\" data-e-type=\"container\">\n\t\t\t\t<div class=\"elementor-element elementor-element-14d4ee0f elementor-widget elementor-widget-text-editor\" data-id=\"14d4ee0f\" data-element_type=\"widget\" data-e-type=\"widget\" data-widget_type=\"text-editor.default\">\n\t\t\t\t<div class=\"elementor-widget-container\">\n\t\t\t\t\t\t\t\t\t<p>WEBSOLL E-COMMERCE SRL \u00e8 una societ\u00e0 che svolge le proprie attivit\u00e0 in conformit\u00e0 con la legge rumena, registrata presso il Tribunale Regionale n. J26\/1939\/2017, con codice fiscale RO 38432804 e sede legale a Targu Mures, in qualit\u00e0 di Rappresentante Legale &#8211; di seguito denominata &#8220;PLANE CASHBACK&#8221;.<\/p>\n<p>Nome e Cognome, persona fisica, domiciliata in Romania in qualit\u00e0 di Rappresentante &#8211; di seguito denominato &#8220;Cliente Rappresentato&#8221; Il sottoscritto,<\/p>\n<p>Il Cliente Rappresentato dichiara di avere diritto di reclamo nei confronti dell&#8217;operatore aereo a seguito del ritardo\/cancellazione del Volo. Con la presente presento la presente domanda (di seguito denominata &#8220;Domanda&#8221;) e il presente mandato\/contratto di rappresentanza a favore di PLANE CASHBACK.<br \/>\nCon il presente Contratto, il sottoscritto, Cliente Rappresentato, titolare di un credito acquisito per legge a seguito del ritardo\/cancellazione del Volo, dichiara di autorizzare PLANE CASHBACK: <\/p>\n<ul>\n<li>rappresentarmi davanti a qualsiasi autorit\u00e0 e soggetto giuridico (a titolo esemplificativo, ma non esaustivo, operatori aerei e operatori dei trasporti); e incarico anche WEBSOLL E-COMMERCE SRL. per svolgere qualsiasi procedura (incluse ma non limitate a procedure preliminari) in mio nome e\/o per mio conto al fine di ottenere (rivendicare) il mio diritto di agire contro qualsiasi persona ai sensi della legge (ad esempio, ma non limitato a: Ai sensi al Regolamento C.E. 261\/2004, ai diritti di volo del DOT (Dipartimento dei Trasporti) degli Stati Uniti, al Regolamento sui passeggeri timidi e alla Convenzione di Montreal del 1999) in relazione al Volo.<\/li>\n<\/ul>\n<p><strong>ART.1 Trattamento dei dati.<\/strong>  Il sottoscritto, Cliente Rappresentato, dichiara di autorizzare Plane CashBack a richiedere al vettore aereo o a qualsiasi persona coinvolta nel presente procedimento di non trattare i miei dati personali in relazione al reclamo in conformit\u00e0 con le leggi applicabili in materia di protezione dei dati, ad eccezione di quanto necessario per ottenere il risarcimento, alle condizioni e per il periodo previsti dalla legge.<\/p>\n<p><strong>ART.2 Rifiuto di contatto con l&#8217;operatore aereo.<\/strong>  Il sottoscritto, Cliente Rappresentato, dichiara che a partire dalla data di presentazione del reclamo sul sito web www.planecashback.com e dalla conferma dell&#8217;accettazione del presente Accordo mediante la sottoscrizione del modulo di rappresentanza\/incarico online, e fino alla cessazione dello stesso, non avvier\u00e0 e\/o accetter\u00e0 alcun contatto diretto\/indiretto con il Vettore Aereo in relazione al Volo, notificando PLANE CASHBACK a tal fine entro 48 ore dal tentativo di contatto con il Vettore Aereo.<\/p>\n<p><strong>ART.3 Rappresentanza esclusiva.<\/strong>  Il sottoscritto, Cliente Rappresentato, dichiara che non incaricher\u00e0 nessun&#8217;altra persona di ottenere il risarcimento dovuto ai sensi della Legge sul Volo prima di averne dato comunicazione a PLANE CASHBACK. contact@planecashback.com www.planecashback.com<\/p>\n<p><strong>ART. 4 DOVENDO LA COMMISSIONE (PREZZO) A PLANE CASHBACK SE SI OTTIENE UN RISARCIMENTO PER IL VOLO. 4 Dovr\u00e0 la commissione (Prezzo) a PLANE CASHBACK in caso di ottenimento del risarcimento per il Volo.<\/strong><\/p>\n<ol>\n<li>Il sottoscritto, Cliente Rappresentato, dichiara di essere consapevole che se, successivamente alla Data di Presentazione della Richiesta di Risarcimento su www.planecashback.com e confermando l&#8217;accettazione del presente Contratto firmando il Modulo di Rappresentanza\/Autorizzazione online, otterr\u00f2 il risarcimento dovuto ai sensi della Legge sul Volo attraverso PLANE CASHBACK o con qualsiasi altro metodo (ad esempio, ma non solo: nominando un&#8217;altra persona che mi rappresenti, accettando l&#8217;offerta direttamente dal vettore aereo, contattando e accordandomi direttamente con il vettore aereo), dovr\u00f2 a PLANE CASHBACK l&#8217;intera commissione qui stabilita.<br \/>\nIn altre parole, dichiaro di essere consapevole che, indipendentemente dal modo in cui sono stato soddisfatto del credito dovuto in relazione al Volo, dovr\u00f2 a PLANE CASHBACK la commissione dovuta. <\/li>\n<\/ol>\n<ol start=\"2\">\n<li>Io sottoscritto, Cliente Rappresentato, dichiaro che se riscuoto direttamente dal vettore aereo o da qualsiasi altra parte la somma di denaro a titolo di risarcimento in relazione al Volo, dovr\u00f2 a Plane CashBack la commissione dovuta e sono obbligato a notificare a PLANE CASHBACK tale riscossione entro 30 giorni e a trasferire la commissione a PLANE CASHBACK entro 30 giorni.<br \/>\nComprendo e accetto che PLANE CASHBACK possa intraprendere qualsiasi azione legale per recuperare la commissione in conformit\u00e0 con le disposizioni del presente contratto, nonch\u00e9, ove applicabile, interessi, penali e spese legali. <\/li>\n<\/ol>\n<ol start=\"3\">\n<li>A titolo esemplificativo, ma non esaustivo, ai sensi di quanto sopra richiamato par. 1) e par. 2), il sottoscritto, Cliente Rappresentato, \u00e8 consapevole che se, successivamente alla data di presentazione della richiesta di risarcimento sul sito www.planecashback.com e alla conferma dell&#8217;accettazione del presente contratto mediante la sottoscrizione del modulo di rappresentanza\/incarico online, alla data di ricevimento del risarcimento dovuto in relazione al Volo, direttamente dal vettore aereo (ad es.RyanAir, AirBucharest), o con qualsiasi altro metodo, indipendentemente dal meccanismo con cui si \u00e8 giunti a tale risarcimento, dovr\u00f2 a PLANE CASHBACK la commissione stabilita in base alla griglia dei prezzi del presente Contratto.<\/li>\n<\/ol>\n<p><strong>ART.5 Diritto di rappresentanza e sostituzione.<\/strong>  Il sottoscritto, Cliente Rappresentato, dichiara di concedere a PLANE CASHBACK il pieno diritto di sostituzione, tra gli altri, ma non solo, a:<\/p>\n<ul>\n<li>rappresentare legalmente il sottoscritto, Cliente Rappresentato, davanti a terzi in relazione ai risarcimenti relativi al Volo;<\/li>\n<li>ottenere ogni tipo di informazione necessaria, nonch\u00e9 avviare richieste di informazioni in merito a qualsiasi azione legale civile o amministrativa e avviare reclami presso i rispettivi tribunali o organi amministrativi competenti per l&#8217;attuazione del regolamento sui diritti dei passeggeri aerei, per conto del Cliente ;<\/li>\n<\/ul>\n<ul>\n<li>avvia, dirige e intraprende ogni tipo di trattativa, nonch\u00e9 provvedimenti legali \u2013 giudiziali e stragiudiziali \u2013 per riscuotere le pretese del Cliente Rappresentato nei confronti dell&#8217;operatore del trasporto;<\/li>\n<li>chiede all&#8217;operatore del trasporto di non trattare i dati personali del sottoscritto, salvo quelli necessari al fine di ottenere un risarcimento, alle condizioni e per il periodo previsto dalla legge;<\/li>\n<li>raccogliere e ricevere pagamenti in relazione al Reclamo per conto del Cliente.<\/li>\n<\/ul>\n<p><strong>ART.6 Tariffe e tasse trattenute dall&#8217;operatore aereo.<\/strong> Il sottoscritto, Cliente Rappresentato, dichiara di comprendere che alcuni operatori aerei, all&#8217;atto dell&#8217;accredito del compenso dovuto, potrebbero trattenere determinate tasse e\/o imposte (a titolo esemplificativo ma non esaustivo: tasse, imposte, spese di elaborazione, ecc.).<\/p>\n<p>A titolo esemplificativo, ma non limitato a questo esempio, il sottoscritto, il Cliente rappresentato, comprende che qualsiasi risarcimento elaborato dall&#8217;operatore aereo WIZZ AIR attraverso una delle sue societ\u00e0 affiliate, tratterr\u00e0 una commissione fissa di EUR 50 dall&#8217;importo del risarcimento a fonte, secondo le condizioni previste dal relativo contratto e in conformit\u00e0 a quanto previsto dall&#8217;art. 6:200 del Codice Civile Ungherese. Sono consapevole che PLANE CASHBACK accrediter\u00e0 al sottoscritto l&#8217;importo effettivamente incassato dal vettore aereo, meno il prezzo (commissione) come specificato di seguito.<\/p>\n<p><strong>ART. 7<\/strong> <strong>Il prezzo del contratto<\/strong> (&#8220;Prezzo&#8221;) Il sottoscritto, il Cliente rappresentato, dichiara di comprendere e accettare il seguente listino prezzi del presente contratto:<\/p>\n<p><img fetchpriority=\"high\" decoding=\"async\" class=\"wp-image-1798 size-full aligncenter\" src=\"https:\/\/planecashback.com\/wp-content\/uploads\/2024\/02\/Add-a-little-bit-of-body-text-1.png\" alt=\"\" width=\"600\" height=\"280\" srcset=\"https:\/\/planecashback.com\/wp-content\/uploads\/2024\/02\/Add-a-little-bit-of-body-text-1.png 600w, https:\/\/planecashback.com\/wp-content\/uploads\/2024\/02\/Add-a-little-bit-of-body-text-1-300x140.png 300w\" sizes=\"(max-width: 600px) 100vw, 600px\" \/><\/p>\n<p><strong>ART. 8<\/strong> <strong>Condizioni e termini per il pagamento dell&#8217;indennizzo.<\/strong> Il sottoscritto, PLANE CASHBACK, riconosce quanto segue e il sottoscritto, Cliente Rappresentato, dichiara di aver compreso e accettato quanto segue:<\/p>\n<ul>\n<li>Entro e non oltre 60 giorni dal momento della ricezione del risarcimento al Cliente Rappresentato in relazione al Volo, informeremo il Cliente Rappresentato al fine di inviare le coordinate bancarie per il bonifico.<\/li>\n<li>Il termine menzionato al par. 1 inizia a decorrere dal momento in cui la sottoscritta PLANE CASHBACK \u00e8 a conoscenza del fatto che l&#8217;importo ricevuto dal vettore aereo \u00e8 il risarcimento per il Volo dovuto al Cliente rappresentato.<br \/>\nPertanto, se il vettore aereo, al momento dell&#8217;effettuazione del bonifico, non indica i dettagli giustificativi del pagamento, la sottoscritta PLANE CASHBACK contatter\u00e0 il vettore aereo entro 5 giorni dalla ricezione del pagamento per ottenere chiarimenti. <\/li>\n<li>Entro 30 giorni dal momento in cui il Cliente Rappresentato ha inviato alla sottoscritta le coordinate bancarie complete e corrette (nome, IBAN, ecc.), PLANE CASHBACK effettuer\u00e0 un bonifico bancario a favore del Cliente Rappresentato contenente l&#8217;indennizzo derivante dal Sinistro di Volo, con la trattenuta del Prezzo. Il Cliente Rappresentato non pu\u00f2 trasmettere le coordinate bancarie di un&#8217;altra persona, in quanto l&#8217;abbonato, ai sensi della normativa antiriciclaggio, non potr\u00e0 effettuare questo pagamento. Il sottoscritto comunicher\u00e0 entro 30 giorni al Cliente Rappresentato l&#8217;avvenuto inserimento delle coordinate bancarie errate (IBAN incompleto\/errato\/ecc.)<\/li>\n<\/ul>\n<ul>\n<li>Il pagamento di cui sopra sar\u00e0 effettuato in RON.<br \/>\nPertanto, se il sottoscritto ha ricevuto il risarcimento in EUR, effettuer\u00e0 il pagamento al passeggero in RON.  Se il passeggero dichiara di non avere un conto bancario nella rispettiva valuta, il sottoscrittore effettuer\u00e0 il bonifico al Cliente Rappresentato nella valuta da lui indicata, al tasso B.N.R. stabilito in quello stesso giorno (o il giorno precedente, per i pagamenti effettuati prima della comunicazione da parte della B.N.R. del cambio).<\/li>\n<li>Se PLANE CASHBACK non riceve dal Cliente Rappresentato le coordinate bancarie corrette e complete entro 3 mesi dalla notifica inviata al passeggero della richiesta di trasmissione delle coordinate bancarie per il bonifico (la notifica di cui all&#8217;Art. 8.1), Plane CashBack non avr\u00e0 alcuna responsabilit\u00e0 per l&#8217;inadempimento da parte del Cliente Rappresentato degli obblighi di cui all&#8217;Art. 8.1.<br \/>\ne\/o per la trasmissione tardiva dei dati, e l&#8217;importo dell&#8217;intero risarcimento (risarcimento ottenuto) sar\u00e0 trattenuto da PLANE CASHBACK al termine del periodo di 3 mesi. <\/li>\n<li>A titolo di chiarimento e per evitare qualsiasi confusione, si precisa che, ai sensi dell&#8217;Articolo 8.1 di cui sopra, PLANE CASHBACK richieder\u00e0 al Cliente Rappresentato di fornirgli le proprie coordinate bancarie al fine di poter effettuare il bonifico del risarcimento ottenuto per suo conto.<br \/>\nIl Cliente prende atto e accetta che PLANE CASHBACK tratterr\u00e0 l&#8217;intero compenso (compenso ottenuto) qualora non invii a PLANE CASHBACK le sue coordinate bancarie corrette e complete entro 3 mesi dal ricevimento della suddetta notifica (richiesta).  Pertanto, l&#8217;oggetto del contratto di rappresentanza sar\u00e0 raggiunto e questo cesser\u00e0.<\/li>\n<\/ul>\n<p><strong>ART. 9 Il Prezzo non sar\u00e0 pagato a PLANE CASHBACK se il Cliente Rappresentato non riceve il compenso.<\/strong><\/p>\n<p>Il sottoscritto, Cliente Rappresentato, dichiara che PLANE CASHBACK mi ha comunicato che, nel caso in cui non riesca ad ottenere un risarcimento dal sottoscritto (ad esempio, ma non solo: perch\u00e9 la Richiesta di Risarcimento non \u00e8 ammissibile; perch\u00e9 il vettore aereo rifiuta di accordarsi in via extragiudiziale, etc.), non dovr\u00f2 il Prezzo e qualsiasi altro importo a PLANE CASHBACK.<\/p>\n\t\t\t\t\t\t\t\t<\/div>\n\t\t\t\t<\/div>\n\t\t\t\t<\/div>\n\t\t\t\t\t<\/div>\n\t\t\t\t<\/div>\n\t\t\t\t<\/div>\n\t\t","protected":false},"excerpt":{"rendered":"<p>Contratto di rappresentanza WEBSOLL E-COMMERCE SRL \u00e8 una societ\u00e0 che svolge le proprie attivit\u00e0 in conformit\u00e0 con la legge rumena, registrata presso il Tribunale Regionale n. J26\/1939\/2017, con codice fiscale RO 38432804 e sede legale a Targu Mures, in qualit\u00e0 di Rappresentante Legale &#8211; di seguito denominata &#8220;PLANE CASHBACK&#8221;. Nome e Cognome, persona fisica, domiciliata [&hellip;]<\/p>\n","protected":false},"author":1,"featured_media":0,"parent":0,"menu_order":0,"comment_status":"closed","ping_status":"closed","template":"","meta":{"om_disable_all_campaigns":false,"site-sidebar-layout":"no-sidebar","site-content-layout":"page-builder","ast-site-content-layout":"full-width-container","site-content-style":"default","site-sidebar-style":"default","ast-global-header-display":"","ast-banner-title-visibility":"","ast-main-header-display":"","ast-hfb-above-header-display":"","ast-hfb-below-header-display":"","ast-hfb-mobile-header-display":"","site-post-title":"disabled","ast-breadcrumbs-content":"","ast-featured-img":"disabled","footer-sml-layout":"","ast-disable-related-posts":"","theme-transparent-header-meta":"","adv-header-id-meta":"","stick-header-meta":"","header-above-stick-meta":"","header-main-stick-meta":"","header-below-stick-meta":"","astra-migrate-meta-layouts":"default","ast-page-background-enabled":"default","ast-page-background-meta":{"desktop":{"background-color":"var(--ast-global-color-4)","background-image":"","background-repeat":"repeat","background-position":"center center","background-size":"auto","background-attachment":"scroll","background-type":"","background-media":"","overlay-type":"","overlay-color":"","overlay-opacity":"","overlay-gradient":""},"tablet":{"background-color":"","background-image":"","background-repeat":"repeat","background-position":"center center","background-size":"auto","background-attachment":"scroll","background-type":"","background-media":"","overlay-type":"","overlay-color":"","overlay-opacity":"","overlay-gradient":""},"mobile":{"background-color":"","background-image":"","background-repeat":"repeat","background-position":"center center","background-size":"auto","background-attachment":"scroll","background-type":"","background-media":"","overlay-type":"","overlay-color":"","overlay-opacity":"","overlay-gradient":""}},"ast-content-background-meta":{"desktop":{"background-color":"var(--ast-global-color-5)","background-image":"","background-repeat":"repeat","background-position":"center center","background-size":"auto","background-attachment":"scroll","background-type":"","background-media":"","overlay-type":"","overlay-color":"","overlay-opacity":"","overlay-gradient":""},"tablet":{"background-color":"var(--ast-global-color-5)","background-image":"","background-repeat":"repeat","background-position":"center center","background-size":"auto","background-attachment":"scroll","background-type":"","background-media":"","overlay-type":"","overlay-color":"","overlay-opacity":"","overlay-gradient":""},"mobile":{"background-color":"var(--ast-global-color-5)","background-image":"","background-repeat":"repeat","background-position":"center center","background-size":"auto","background-attachment":"scroll","background-type":"","background-media":"","overlay-type":"","overlay-color":"","overlay-opacity":"","overlay-gradient":""}},"footnotes":""},"class_list":["post-2409","page","type-page","status-publish","hentry"],"aioseo_notices":[],"_links":{"self":[{"href":"https:\/\/planecashback.com\/it\/wp-json\/wp\/v2\/pages\/2409","targetHints":{"allow":["GET"]}}],"collection":[{"href":"https:\/\/planecashback.com\/it\/wp-json\/wp\/v2\/pages"}],"about":[{"href":"https:\/\/planecashback.com\/it\/wp-json\/wp\/v2\/types\/page"}],"author":[{"embeddable":true,"href":"https:\/\/planecashback.com\/it\/wp-json\/wp\/v2\/users\/1"}],"replies":[{"embeddable":true,"href":"https:\/\/planecashback.com\/it\/wp-json\/wp\/v2\/comments?post=2409"}],"version-history":[{"count":11,"href":"https:\/\/planecashback.com\/it\/wp-json\/wp\/v2\/pages\/2409\/revisions"}],"predecessor-version":[{"id":3348,"href":"https:\/\/planecashback.com\/it\/wp-json\/wp\/v2\/pages\/2409\/revisions\/3348"}],"wp:attachment":[{"href":"https:\/\/planecashback.com\/it\/wp-json\/wp\/v2\/media?parent=2409"}],"curies":[{"name":"wp","href":"https:\/\/api.w.org\/{rel}","templated":true}]}}