{"id":2411,"date":"2024-02-15T09:42:45","date_gmt":"2024-02-15T06:42:45","guid":{"rendered":"https:\/\/planecashback.com\/politica-sulla-riservatezza\/"},"modified":"2024-07-04T10:02:46","modified_gmt":"2024-07-04T10:02:46","slug":"politica-sulla-riservatezza","status":"publish","type":"page","link":"https:\/\/planecashback.com\/it\/politica-sulla-riservatezza\/","title":{"rendered":"Politica sulla riservatezza"},"content":{"rendered":"\t\t<div data-elementor-type=\"wp-page\" data-elementor-id=\"2411\" class=\"elementor elementor-2411 elementor-1654\">\n\t\t\t\t<div class=\"elementor-element elementor-element-3ccd1852 e-flex e-con-boxed e-con e-parent\" data-id=\"3ccd1852\" data-element_type=\"container\" data-e-type=\"container\" data-settings=\"{&quot;background_background&quot;:&quot;classic&quot;}\">\n\t\t\t\t\t<div class=\"e-con-inner\">\n\t\t<div class=\"elementor-element elementor-element-26100c71 e-con-full e-flex e-con e-child\" data-id=\"26100c71\" data-element_type=\"container\" data-e-type=\"container\">\n\t\t\t\t<div class=\"elementor-element elementor-element-36fed1cd elementor-widget elementor-widget-heading\" data-id=\"36fed1cd\" data-element_type=\"widget\" data-e-type=\"widget\" data-widget_type=\"heading.default\">\n\t\t\t\t<div class=\"elementor-widget-container\">\n\t\t\t\t\t<h2 class=\"elementor-heading-title elementor-size-default\">Politica de confiden\u021bialitatePolitica sulla riservatezza<\/h2>\t\t\t\t<\/div>\n\t\t\t\t<\/div>\n\t\t\t\t<\/div>\n\t\t\t\t\t<\/div>\n\t\t\t\t<\/div>\n\t\t<div class=\"elementor-element elementor-element-1f01cb9e e-flex e-con-boxed e-con e-parent\" data-id=\"1f01cb9e\" data-element_type=\"container\" data-e-type=\"container\">\n\t\t\t\t\t<div class=\"e-con-inner\">\n\t\t<div class=\"elementor-element elementor-element-684128f8 e-con-full e-flex e-con e-child\" data-id=\"684128f8\" data-element_type=\"container\" data-e-type=\"container\">\n\t\t\t\t<div class=\"elementor-element elementor-element-677790e0 elementor-widget elementor-widget-text-editor\" data-id=\"677790e0\" data-element_type=\"widget\" data-e-type=\"widget\" data-widget_type=\"text-editor.default\">\n\t\t\t\t<div class=\"elementor-widget-container\">\n\t\t\t\t\t\t\t\t\t<p><strong>Informativa sulla Privacy Websoll E-Commerce SRL<\/strong><\/p>\n<p>in qualit\u00e0 di Rappresentante Legale di WEBSOLL E-COMMERCE SRL, societ\u00e0 costituita ed operante in conformit\u00e0 alla legge rumena, iscritta presso l&#8217;Ufficio del Registro del Commercio presso il Tribunale di Mures al n. J26\/1939\/2017, con codice fiscale RO 38432804 e sede a Targu Mures,&nbsp; \u2013 per il cosiddetto \u201cPlaneCashBack\u201d.<\/p>\n<p>La privacy \u00e8 estremamente importante per noi. Quando parliamo di protezione dei dati, qualsiasi altra politica o dichiarazione che potremmo avere sar\u00e0 coordinata solo con la conservazione e la divulgazione dei tuoi dati personali in modo appropriato e professionale. Ci\u00f2 verr\u00e0 fatto nel rispetto della tua privacy.<\/p>\n<p>Tutto quanto contenuto nella presente informativa privacy far\u00e0 riferimento a Websoll E-Commerce SRL.<\/p>\n<p>Websoll E-Commerce SRL, residente entro i confini dell&#8217;Unione Europea, tratter\u00e0 i tuoi dati. dati personali in conformit\u00e0 con le norme e la legislazione dell\u2019UE. L&#8217;intero scopo della nostra azienda \u00e8 in accordo con tale contesto legislativo.<\/p>\n<p>Tutte le nostre attivit\u00e0 riguardanti la gestione dei tuoi dati personali saranno spiegate in questa informativa. Dai tipi di informazioni che raccogliamo al modo in cui gestiremo l&#8217;uso di tali dati.<\/p>\n<p>Abbiamo costruito le nostre policy in conformit\u00e0 alle normative dell\u2019Unione Europea a partire dalla numero 679 del 2016. Questo si chiama regolamento generale sulla protezione dei dati. Questo aiuta le persone dando loro il diritto di migliorare la loro privacy.<\/p>\n<p>Websoll E-Commerce SRL ha l&#8217;obbligo di garantire che questa politica sia seguita esattamente e che tutti i soggetti coinvolti rispettino tutto quanto qui menzionato.<\/p>\n<p>Websoll E-Commerce SRL monitorer\u00e0 tutti i dati rilevanti e la loro riservatezza. Tutti i metodi utilizzati per il trattamento e la manipolazione di queste informazioni saranno adeguatamente supervisionati e controllati da Websoll E-Commerce SRL.<\/p>\n<p><strong>i principi<\/strong><\/p>\n<p>Tutte le politiche di Websoll E-Commerce SRL saranno guidate dai seguenti principi, per garantire un&#8217;adeguata gestione delle informazioni personali:<\/p>\n<ul>\n<li>La raccolta dei dati privati \u200b\u200be la loro gestione avverranno in modo trasparente, legale e onesto.<\/li>\n<li>Ogni volta che richiediamo i tuoi dati dati personali, lo faremo solo in modo lecito e appropriato.<\/li>\n<li>Quando richiediamo i tuoi dati dati personali, lo faremo solo per ragioni pertinenti al perseguimento della tua richiesta. di compenso.<\/li>\n<li>Ci prenderemo cura delle tue informazioni. informazioni personali in modo da garantirne l&#8217;accuratezza.<\/li>\n<li>Se determinati dati ci vengono trasmessi e non sono finalizzati a questo reclamo, garantiremo che, entro le nostre risorse e limiti ragionevoli, li elimineremo per proteggere la tua privacy. Tale rettifica verr\u00e0 effettuata il prima possibile.<\/li>\n<li>Il sistema che conserver\u00e0 i tuoi dati individuer\u00e0 in un tempo ragionevole quelle parti che non sono pi\u00f9 utili ai fini del reclamo e avr\u00e0 cura di rimuoverle dai nostri archivi per garantire la riservatezza delle tue informazioni.<\/li>\n<li>Le tue informazioni personali saranno conservate in un sistema che garantir\u00e0 che la sua sicurezza sar\u00e0 presentata correttamente.<\/li>\n<li>La tua informazione i tuoi dati personali saranno comunicati a terzi solo per poter beneficiare della tua richiesta. di risarcimento e solo se tale azione risulta rilevante per il tuo caso.<\/li>\n<li>Quando invii i tuoi dati dati personali a Websoll E-Commerce SRL, potrai in qualsiasi momento ritirarli, cancellarli, modificarli o limitarli in qualsiasi modo riterrai necessario. Websoll E-Commerce SRL rispetter\u00e0 i desideri dei propri clienti sotto ogni aspetto su questo argomento.<\/li>\n<\/ul>\n<p><strong>Dati personali<\/strong><\/p>\n<p>Sono considerati dati personali tutte le informazioni su un individuo che possono consentire la sua identificazione e che contengono dettagli personali su tale individuo. Nomi, indirizzi, numeri di telefono, data di nascita e altri sono alcuni esempi di dati personali.<\/p>\n<p><strong>Raccolta dei dati personali<\/strong><\/p>\n<p>A causa della natura dei nostri servizi, per aiutare le persone a rivendicare il loro diritto al risarcimento del volo, chiederemo loro di fornirci alcune delle loro informazioni personali. Per trovare una soluzione al loro problema, dobbiamo prima valutarlo e per questo dobbiamo identificare tutte le variabili relative alla loro situazione.<\/p>\n<p>Per verificare se un reclamo rientra nel Regolamento CE 261, dovremo fornirci nomi, indirizzi, numeri di telefono, dettagli del volo e tutte le altre informazioni personali rilevanti per stabilire se un volo \u00e8 stato ritardato, overbooking o cancellato.<\/p>\n<p>Raccogliendo queste informazioni personali, saremo anche in grado di comunicare dettagli rilevanti che i passeggeri dovranno conoscere sulla loro situazione. Tutta l&#8217;attivit\u00e0 di Websoll E-Commerce SRL ruota attorno a questi principi. L&#8217;intero processo che porter\u00e0 il passeggero a riscuotere il risarcimento inizia con la raccolta dei dati personali rilevanti per il suo caso.<\/p>\n<p><strong>Utilizzo dei dati personali<\/strong><\/p>\n<p>I dati raccolti verranno utilizzati per tenere traccia del reclamo del cliente. Websoll E-Commerce SRL conserver\u00e0 tali dati solo per il periodo di tempo necessario ad ottenere per il Cliente il risarcimento a cui ha diritto ai sensi del CE 261.<\/p>\n<p>Solo il personale incaricato di Websoll E-Commerce SRL avr\u00e0 accesso a questi dati personali. Lo utilizzeranno solo per lo scopo per il quale \u00e8 stato previsto e con l&#8217;apposita autorizzazione.<\/p>\n<p><strong>Utilizzo dei cookie<\/strong><\/p>\n<p>Come qualsiasi altro sito web, Websoll E-Commerce SRL utilizzer\u00e0 cookie che aiuteranno la nostra azienda a capire come servire meglio i clienti a cui forniamo i nostri servizi. Analizzer\u00e0 il comportamento dei nostri utenti sul nostro sito web nel suo insieme. I dati presentati ai nostri amministratori sono classificati in statistiche che non forniscono informazioni sugli individui.<\/p>\n<p>Tutto ci\u00f2 che riguarda i cookie e la loro intera tecnologia \u00e8 completamente implementato su questo sito web. Se non accetti questa forma di collaborazione tra te e il sito Websoll E-Commerce SRL, la conclusione di un accordo sar\u00e0 impossibile e pertanto dovrai lasciare questo sito e non continuare a utilizzare i nostri servizi per aiutarti a ripagare il tuo reclamo .<\/p>\n<p>Abbiamo conservato maggiori informazioni a riguardo nella sezione Utilizzo dei cookie. Si prega di leggerlo per ulteriori dettagli e chiarimenti.<\/p>\n<p><strong>Condivisione dei dati personali<\/strong><\/p>\n<p>Le uniche parti con cui condivideremo i tuoi dati personali saranno quelle oggetto dell&#8217;accordo. Per questo motivo potremo perseguirvi al fine di ottenere per voi il risarcimento a voi dovuto ai sensi del CE 261. Divulgheremo solo i dati rilevanti per le azioni intraprese da loro per portare avanti e risolvere il tuo caso. Qualsiasi problema a questo riguardo pu\u00f2 essere indirizzato a uno degli amministratori di Websoll E-Commerce SRL, dove potrete discutere le vostre preferenze al riguardo. I dettagli di contatto per questa azione possono essere trovati su questo sito web.<\/p>\n<p><strong>Sicurezza del trattamento<\/strong><\/p>\n<p>Il modo in cui gestiremo tutti i tuoi dati personali sar\u00e0 effettuato nel modo pi\u00f9 sicuro possibile. Sia dal punto di vista del nostro personale che tratter\u00e0 questi dati, sia cedendoli agli interessati attraverso reti e piattaforme di comunicazione. Garantire zero esposizione a incidenti o uso improprio delle tue informazioni. private garantir\u00e0 un ambiente sicuro e protetto in cui la tua richiesta il rimborso potr\u00e0 essere risolto nel miglior modo possibile.<\/p>\n<p><strong>Accesso, modifica e cancellazione dei tuoi dati personali<\/strong><\/p>\n<p>In ogni momento, il cliente ha la possibilit\u00e0 di accedere ai propri dati personali e, inoltre, pu\u00f2 richiederne la cancellazione o la nuova modifica. Per garantire che tutto vada come previsto originariamente, dobbiamo garantire che venga stabilita una corretta comunicazione tra noi e il cliente, soprattutto durante l&#8217;aggiornamento dei dati. Se ci sono dubbi sul trattamento dei tuoi dati. dati personali o avere un&#8217;opinione sulla loro presentazione a terzi, puoi utilizzare i nostri dati di contatto e stabilire una linea di comunicazione con noi per decidere insieme cosa farne in un modo che ti soddisfi.<\/p>\n<p><strong>Responsabilit\u00e0<\/strong><\/p>\n<p>Per quanto riguarda il Regolamento Generale sulla Protezione dei Dati, Websoll E-Commerce SRL potr\u00e0 confermare in ogni momento il proprio rispetto di tutti gli articoli contenuti nel GDPR. Pertanto, ci assumiamo la piena responsabilit\u00e0 per tutto ci\u00f2 che lo riguarda. Per garantire ci\u00f2, i rapporti contenenti tutti i dati rilevanti per la questione in questione saranno ben documentati e saremo in grado di dimostrare in ogni momento il nostro impegno verso questi principi, sia alle autorit\u00e0 che ai nostri clienti. Maggiori dettagli al riguardo vi verranno forniti contattandoci in base ai dettagli resi pubblici sul nostro sito.<\/p>\n<p><strong>Rimostranza<\/strong><\/p>\n<p>I clienti potranno in qualsiasi momento registrare un reclamo su qualsiasi aspetto del modo in cui gestiamo le loro informazioni personali private. Personale opportunamente designato garantir\u00e0 la corretta gestione di tali reclami e il cliente avr\u00e0 l&#8217;ultima parola in ogni decisione in merito. Tali reclami possono essere presentati utilizzando i recapiti presenti sul nostro sito web Websoll E-Commerce SRL.<\/p>\n<p><strong>Cambiamento di politica<\/strong><\/p>\n<p>Tutte le nostre linee guida politiche sono soggette a modifiche in base a vari fattori. Che si tratti di modificare la normativa o semplicemente di adeguare il sistema gestionale di Websoll E-Commerce SRL.<\/p>\n<p>Anche se abbiamo diritto a tali modifiche, queste riguarderanno solo i clienti che non hanno ancora stipulato un contratto con noi. In questo caso, \u00e8 probabile che verrai avvisato di conseguenza dal nostro personale designato. Leggere i termini e tutte le informazioni pertinenti messe a tua disposizione sul nostro sito ti garantir\u00e0 di avere sempre i dati necessari per aiutarti a prendere la migliore decisione possibile per la tua situazione.<\/p>\t\t\t\t\t\t\t\t<\/div>\n\t\t\t\t<\/div>\n\t\t\t\t<\/div>\n\t\t\t\t\t<\/div>\n\t\t\t\t<\/div>\n\t\t<div class=\"elementor-element elementor-element-662e2110 e-flex e-con-boxed e-con e-parent\" data-id=\"662e2110\" data-element_type=\"container\" data-e-type=\"container\" data-settings=\"{&quot;background_background&quot;:&quot;classic&quot;}\">\n\t\t\t\t\t<div class=\"e-con-inner\">\n\t\t<div class=\"elementor-element elementor-element-12547bc8 e-con-full e-flex e-con e-child\" data-id=\"12547bc8\" data-element_type=\"container\" data-e-type=\"container\">\n\t\t\t\t<div class=\"elementor-element elementor-element-19ba606 elementor-widget elementor-widget-heading\" data-id=\"19ba606\" data-element_type=\"widget\" data-e-type=\"widget\" data-widget_type=\"heading.default\">\n\t\t\t\t<div class=\"elementor-widget-container\">\n\t\t\t\t\t<h2 class=\"elementor-heading-title elementor-size-default\">Conosci i tuoi diritti di passeggero e rivendica ci\u00f2 che ti \u00e8 dovuto.<\/h2>\t\t\t\t<\/div>\n\t\t\t\t<\/div>\n\t\t\t\t<div class=\"elementor-element elementor-element-29014e2 elementor-align-center elementor-widget elementor-widget-button\" data-id=\"29014e2\" data-element_type=\"widget\" data-e-type=\"widget\" data-widget_type=\"button.default\">\n\t\t\t\t<div class=\"elementor-widget-container\">\n\t\t\t\t\t\t\t\t\t<div class=\"elementor-button-wrapper\">\n\t\t\t\t\t<a class=\"elementor-button elementor-button-link elementor-size-sm\" href=\"https:\/\/planecashback.com\/it\/modulo-di-compensazione\/\">\n\t\t\t\t\t\t<span class=\"elementor-button-content-wrapper\">\n\t\t\t\t\t\t\t\t\t<span class=\"elementor-button-text\">Voglio un risarcimento adesso<\/span>\n\t\t\t\t\t<\/span>\n\t\t\t\t\t<\/a>\n\t\t\t\t<\/div>\n\t\t\t\t\t\t\t\t<\/div>\n\t\t\t\t<\/div>\n\t\t\t\t<\/div>\n\t\t\t\t\t<\/div>\n\t\t\t\t<\/div>\n\t\t\t\t<\/div>\n\t\t","protected":false},"excerpt":{"rendered":"<p>Politica de confiden\u021bialitatePolitica sulla riservatezza Informativa sulla Privacy Websoll E-Commerce SRL in qualit\u00e0 di Rappresentante Legale di WEBSOLL E-COMMERCE SRL, societ\u00e0 costituita ed operante in conformit\u00e0 alla legge rumena, iscritta presso l&#8217;Ufficio del Registro del Commercio presso il Tribunale di Mures al n. J26\/1939\/2017, con codice fiscale RO 38432804 e sede a Targu Mures,&nbsp; \u2013 [&hellip;]<\/p>\n","protected":false},"author":1,"featured_media":0,"parent":0,"menu_order":0,"comment_status":"closed","ping_status":"closed","template":"","meta":{"om_disable_all_campaigns":false,"site-sidebar-layout":"no-sidebar","site-content-layout":"page-builder","ast-site-content-layout":"full-width-container","site-content-style":"default","site-sidebar-style":"default","ast-global-header-display":"","ast-banner-title-visibility":"","ast-main-header-display":"","ast-hfb-above-header-display":"","ast-hfb-below-header-display":"","ast-hfb-mobile-header-display":"","site-post-title":"disabled","ast-breadcrumbs-content":"","ast-featured-img":"disabled","footer-sml-layout":"","ast-disable-related-posts":"","theme-transparent-header-meta":"","adv-header-id-meta":"","stick-header-meta":"","header-above-stick-meta":"","header-main-stick-meta":"","header-below-stick-meta":"","astra-migrate-meta-layouts":"default","ast-page-background-enabled":"default","ast-page-background-meta":{"desktop":{"background-color":"var(--ast-global-color-4)","background-image":"","background-repeat":"repeat","background-position":"center center","background-size":"auto","background-attachment":"scroll","background-type":"","background-media":"","overlay-type":"","overlay-color":"","overlay-opacity":"","overlay-gradient":""},"tablet":{"background-color":"","background-image":"","background-repeat":"repeat","background-position":"center center","background-size":"auto","background-attachment":"scroll","background-type":"","background-media":"","overlay-type":"","overlay-color":"","overlay-opacity":"","overlay-gradient":""},"mobile":{"background-color":"","background-image":"","background-repeat":"repeat","background-position":"center center","background-size":"auto","background-attachment":"scroll","background-type":"","background-media":"","overlay-type":"","overlay-color":"","overlay-opacity":"","overlay-gradient":""}},"ast-content-background-meta":{"desktop":{"background-color":"var(--ast-global-color-5)","background-image":"","background-repeat":"repeat","background-position":"center center","background-size":"auto","background-attachment":"scroll","background-type":"","background-media":"","overlay-type":"","overlay-color":"","overlay-opacity":"","overlay-gradient":""},"tablet":{"background-color":"var(--ast-global-color-5)","background-image":"","background-repeat":"repeat","background-position":"center center","background-size":"auto","background-attachment":"scroll","background-type":"","background-media":"","overlay-type":"","overlay-color":"","overlay-opacity":"","overlay-gradient":""},"mobile":{"background-color":"var(--ast-global-color-5)","background-image":"","background-repeat":"repeat","background-position":"center center","background-size":"auto","background-attachment":"scroll","background-type":"","background-media":"","overlay-type":"","overlay-color":"","overlay-opacity":"","overlay-gradient":""}},"footnotes":""},"class_list":["post-2411","page","type-page","status-publish","hentry"],"aioseo_notices":[],"_links":{"self":[{"href":"https:\/\/planecashback.com\/it\/wp-json\/wp\/v2\/pages\/2411","targetHints":{"allow":["GET"]}}],"collection":[{"href":"https:\/\/planecashback.com\/it\/wp-json\/wp\/v2\/pages"}],"about":[{"href":"https:\/\/planecashback.com\/it\/wp-json\/wp\/v2\/types\/page"}],"author":[{"embeddable":true,"href":"https:\/\/planecashback.com\/it\/wp-json\/wp\/v2\/users\/1"}],"replies":[{"embeddable":true,"href":"https:\/\/planecashback.com\/it\/wp-json\/wp\/v2\/comments?post=2411"}],"version-history":[{"count":3,"href":"https:\/\/planecashback.com\/it\/wp-json\/wp\/v2\/pages\/2411\/revisions"}],"predecessor-version":[{"id":3028,"href":"https:\/\/planecashback.com\/it\/wp-json\/wp\/v2\/pages\/2411\/revisions\/3028"}],"wp:attachment":[{"href":"https:\/\/planecashback.com\/it\/wp-json\/wp\/v2\/media?parent=2411"}],"curies":[{"name":"wp","href":"https:\/\/api.w.org\/{rel}","templated":true}]}}