{"id":2417,"date":"2024-02-15T08:15:20","date_gmt":"2024-02-15T08:15:20","guid":{"rendered":"https:\/\/planecashback.com\/tariffe\/"},"modified":"2024-07-04T10:03:05","modified_gmt":"2024-07-04T10:03:05","slug":"tariffe","status":"publish","type":"page","link":"https:\/\/planecashback.com\/it\/tariffe\/","title":{"rendered":"Tariffe"},"content":{"rendered":"\t\t<div data-elementor-type=\"wp-page\" data-elementor-id=\"2417\" class=\"elementor elementor-2417 elementor-1607\">\n\t\t\t\t<div class=\"elementor-element elementor-element-6638e19e e-flex e-con-boxed e-con e-parent\" data-id=\"6638e19e\" data-element_type=\"container\" data-e-type=\"container\" data-settings=\"{&quot;background_background&quot;:&quot;classic&quot;}\">\n\t\t\t\t\t<div class=\"e-con-inner\">\n\t\t<div class=\"elementor-element elementor-element-3662daea e-con-full e-flex e-con e-child\" data-id=\"3662daea\" data-element_type=\"container\" data-e-type=\"container\">\n\t\t\t\t<div class=\"elementor-element elementor-element-2d0373cb elementor-widget elementor-widget-heading\" data-id=\"2d0373cb\" data-element_type=\"widget\" data-e-type=\"widget\" data-widget_type=\"heading.default\">\n\t\t\t\t<div class=\"elementor-widget-container\">\n\t\t\t\t\t<h2 class=\"elementor-heading-title elementor-size-default\">Tariffe<\/h2>\t\t\t\t<\/div>\n\t\t\t\t<\/div>\n\t\t\t\t<\/div>\n\t\t\t\t\t<\/div>\n\t\t\t\t<\/div>\n\t\t<div class=\"elementor-element elementor-element-24ec2aa8 e-flex e-con-boxed e-con e-parent\" data-id=\"24ec2aa8\" data-element_type=\"container\" data-e-type=\"container\">\n\t\t\t\t\t<div class=\"e-con-inner\">\n\t\t<div class=\"elementor-element elementor-element-399db96b e-con-full e-flex e-con e-child\" data-id=\"399db96b\" data-element_type=\"container\" data-e-type=\"container\">\n\t\t\t\t<div class=\"elementor-element elementor-element-65bf03dc elementor-widget elementor-widget-text-editor\" data-id=\"65bf03dc\" data-element_type=\"widget\" data-e-type=\"widget\" data-widget_type=\"text-editor.default\">\n\t\t\t\t<div class=\"elementor-widget-container\">\n\t\t\t\t\t\t\t\t\t<p>Collaborazione con PlaneCashBack <strong>non \u00e8 condizionato al pagamento di eventuali compensi anticipati.<\/strong><\/p>\n<p>Il nostro motto \u00e8:<strong>&#8220;Commissione ZERO se non vieni compensato.&#8221;<\/strong><\/p>\n<p>Se vieni risarcito, la commissione da noi addebitata \u00e8 pari al <strong>25% + IVA<\/strong> dell&#8217;importo del risarcimento.(<strong>Verr\u00e0 detratto dall&#8217;importo del risarcimento quando lo riceverai.<\/strong>)<\/p>\n<p>Per i reclami relativi al CE 261, al costo del servizio si applica quanto segue:<\/p>\n<p>Per i voli di 1500 km o meno, il cliente ricever\u00e0 un risarcimento di \u20ac 250 e il cliente dovr\u00e0 pagare una commissione di servizio pari al 25% + IVA.<\/p>\n<p>Per i voli cosiddetti intracomunitari che superano i 1.500 km, nonch\u00e9 per i voli tra 1.500 km e 3.500 km, il cliente ricever\u00e0 un risarcimento di 400 euro. Pertanto il cliente dovr\u00e0 pagare un costo del servizio pari solo al 25% + IVA. Per il resto dei voli non specificati sopra, se il cliente ottiene il diritto a ricevere \u20ac 600, il 25% + IVA del risarcimento sar\u00e0 il costo del servizio.<\/p>\n<p>Per i voli sopra descritti, quelli per i quali il cliente non ha diritto a nessuno degli importi di \u20ac 250, \u20ac 400 o \u20ac 600, il cliente NON dovr\u00e0 pagare l&#8217;importo del 25% + IVA come costo di servizio per il risarcimento del volo .<\/p>\n<p>Per altre tipologie di sinistri, diversi da quelli previsti nelle domande CE 261, la commissione di servizio verr\u00e0 dedotta come segue:<\/p>\n<p>Se il cliente ottiene un risarcimento di volo pari a 201-300 EUR, dovr\u00e0 pagare una commissione di servizio del 25% + IVA. Se il cliente ottiene un risarcimento volo di 301-400 euro, pagher\u00e0 una commissione del 25% + IVA.<\/p>\n<p>Se il cliente ottiene un risarcimento per un volo di 401-500 EUR, dovr\u00e0 pagare una commissione di servizio del 25% + IVA. Se il cliente ottiene un risarcimento per il volo pari a 501-600 EUR, gli sar\u00e0 dovuta una commissione di servizio del 25% + IVA.<\/p>\n<p>Se il cliente ottiene un risarcimento di volo pari a 601-800 EUR, dovr\u00e0 pagare una commissione di servizio del 25% + IVA. Se il cliente ottiene un risarcimento di volo pari a 801-1.000 EUR, il cliente pagher\u00e0 una commissione di servizio del 25% + IVA.<\/p>\n<p>WEBSOLL E-COMMERCE SRL \u00e8 una societ\u00e0 che svolge le proprie attivit\u00e0 in conformit\u00e0 con la legge rumena, registrata presso il Tribunale Regionale n. J26\/1939\/2017, con codice fiscale RO 38432804 e sede a Targu Mures, in qualit\u00e0 di legale rappresentante &#8211; &#8220;PLAIN CASH BACK&#8221;.<\/p>\n<p>Garanzia del valore del risarcimento del volo Il cliente avr\u00e0 in ogni momento la certezza che Websoll E-Commerce SRL garantir\u00e0 la correttezza e l&#8217;accuratezza del valore del risarcimento che ricever\u00e0.<\/p>\n<p>Se tutti i criteri della richiesta sono soddisfatti in conformit\u00e0 con EC261, il cliente avr\u00e0 diritto a ricevere da Websoll E-Commerce SRL l&#8217;importo corretto in EUR.<\/p>\n<p>Inoltre, per ulteriore chiarezza, qualsiasi risarcimento derivante da una richiesta di risarcimento EC261 sar\u00e0 pagato in EUR.<\/p>\n<p>Pertanto, il compenso ricevuto a seguito degli sforzi compiuti da Websoll E-Commerce SRL verr\u00e0 elaborato in modo completamente trasparente. Per questo motivo, il cliente potr\u00e0 verificare in modo soddisfacente che Websoll E-Commerce SRL ha adempiuto ai propri obblighi ai sensi del EC261.<\/p>\n<p>Commissione per bonifici bancari internazionali Costi e spese aggiuntivi relativi ai bonifici bancari non saranno a carico di Websoll E-Commerce SRL. Anche se nella maggior parte dei casi si prevede che l&#8217;importo di queste spese sia incoerente o rilevante, ci riserviamo il diritto di non esserne responsabili a causa delle diverse politiche bancarie.<\/p>\n<p>Altre commissioni Tutti i prezzi e le commissioni indicati nel Listino Prezzi Websoll E-Commerce SRL non comporteranno commissioni aggiuntive o altre tasse o forme di tassazione da parte nostra. Gli importi elencati saranno gli unici importi che dovrai pagare e verranno detratti dalla tua indennit\u00e0 al momento dell&#8217;arrivo.<\/p>\n\t\t\t\t\t\t\t\t<\/div>\n\t\t\t\t<\/div>\n\t\t\t\t<\/div>\n\t\t\t\t\t<\/div>\n\t\t\t\t<\/div>\n\t\t<div class=\"elementor-element elementor-element-525a35c4 e-flex e-con-boxed e-con e-parent\" data-id=\"525a35c4\" data-element_type=\"container\" data-e-type=\"container\" data-settings=\"{&quot;background_background&quot;:&quot;classic&quot;}\">\n\t\t\t\t\t<div class=\"e-con-inner\">\n\t\t<div class=\"elementor-element elementor-element-4b921055 e-con-full e-flex e-con e-child\" data-id=\"4b921055\" data-element_type=\"container\" data-e-type=\"container\">\n\t\t\t\t<div class=\"elementor-element elementor-element-73f42dd6 elementor-widget elementor-widget-heading\" data-id=\"73f42dd6\" data-element_type=\"widget\" data-e-type=\"widget\" data-widget_type=\"heading.default\">\n\t\t\t\t<div class=\"elementor-widget-container\">\n\t\t\t\t\t<h2 class=\"elementor-heading-title elementor-size-default\">Conosci i tuoi diritti di passeggero e rivendica ci\u00f2 che ti \u00e8 dovuto.<\/h2>\t\t\t\t<\/div>\n\t\t\t\t<\/div>\n\t\t\t\t<div class=\"elementor-element elementor-element-40f56ea elementor-align-center elementor-widget elementor-widget-button\" data-id=\"40f56ea\" data-element_type=\"widget\" data-e-type=\"widget\" data-widget_type=\"button.default\">\n\t\t\t\t<div class=\"elementor-widget-container\">\n\t\t\t\t\t\t\t\t\t<div class=\"elementor-button-wrapper\">\n\t\t\t\t\t<a class=\"elementor-button elementor-button-link elementor-size-sm\" href=\"https:\/\/planecashback.com\/it\/modulo-di-compensazione\/\">\n\t\t\t\t\t\t<span class=\"elementor-button-content-wrapper\">\n\t\t\t\t\t\t\t\t\t<span class=\"elementor-button-text\">Voglio un risarcimento adesso<\/span>\n\t\t\t\t\t<\/span>\n\t\t\t\t\t<\/a>\n\t\t\t\t<\/div>\n\t\t\t\t\t\t\t\t<\/div>\n\t\t\t\t<\/div>\n\t\t\t\t<\/div>\n\t\t\t\t\t<\/div>\n\t\t\t\t<\/div>\n\t\t\t\t<\/div>\n\t\t","protected":false},"excerpt":{"rendered":"<p>Tariffe Collaborazione con PlaneCashBack non \u00e8 condizionato al pagamento di eventuali compensi anticipati. Il nostro motto \u00e8:&#8220;Commissione ZERO se non vieni compensato.&#8221; Se vieni risarcito, la commissione da noi addebitata \u00e8 pari al 25% + IVA dell&#8217;importo del risarcimento.(Verr\u00e0 detratto dall&#8217;importo del risarcimento quando lo riceverai.) Per i reclami relativi al CE 261, al costo [&hellip;]<\/p>\n","protected":false},"author":1,"featured_media":0,"parent":0,"menu_order":0,"comment_status":"closed","ping_status":"closed","template":"","meta":{"om_disable_all_campaigns":false,"site-sidebar-layout":"no-sidebar","site-content-layout":"page-builder","ast-site-content-layout":"full-width-container","site-content-style":"default","site-sidebar-style":"default","ast-global-header-display":"","ast-banner-title-visibility":"","ast-main-header-display":"","ast-hfb-above-header-display":"","ast-hfb-below-header-display":"","ast-hfb-mobile-header-display":"","site-post-title":"disabled","ast-breadcrumbs-content":"","ast-featured-img":"disabled","footer-sml-layout":"","ast-disable-related-posts":"","theme-transparent-header-meta":"","adv-header-id-meta":"","stick-header-meta":"","header-above-stick-meta":"","header-main-stick-meta":"","header-below-stick-meta":"","astra-migrate-meta-layouts":"default","ast-page-background-enabled":"default","ast-page-background-meta":{"desktop":{"background-color":"var(--ast-global-color-4)","background-image":"","background-repeat":"repeat","background-position":"center center","background-size":"auto","background-attachment":"scroll","background-type":"","background-media":"","overlay-type":"","overlay-color":"","overlay-opacity":"","overlay-gradient":""},"tablet":{"background-color":"","background-image":"","background-repeat":"repeat","background-position":"center center","background-size":"auto","background-attachment":"scroll","background-type":"","background-media":"","overlay-type":"","overlay-color":"","overlay-opacity":"","overlay-gradient":""},"mobile":{"background-color":"","background-image":"","background-repeat":"repeat","background-position":"center center","background-size":"auto","background-attachment":"scroll","background-type":"","background-media":"","overlay-type":"","overlay-color":"","overlay-opacity":"","overlay-gradient":""}},"ast-content-background-meta":{"desktop":{"background-color":"var(--ast-global-color-5)","background-image":"","background-repeat":"repeat","background-position":"center center","background-size":"auto","background-attachment":"scroll","background-type":"","background-media":"","overlay-type":"","overlay-color":"","overlay-opacity":"","overlay-gradient":""},"tablet":{"background-color":"var(--ast-global-color-5)","background-image":"","background-repeat":"repeat","background-position":"center center","background-size":"auto","background-attachment":"scroll","background-type":"","background-media":"","overlay-type":"","overlay-color":"","overlay-opacity":"","overlay-gradient":""},"mobile":{"background-color":"var(--ast-global-color-5)","background-image":"","background-repeat":"repeat","background-position":"center center","background-size":"auto","background-attachment":"scroll","background-type":"","background-media":"","overlay-type":"","overlay-color":"","overlay-opacity":"","overlay-gradient":""}},"footnotes":""},"class_list":["post-2417","page","type-page","status-publish","hentry"],"aioseo_notices":[],"_links":{"self":[{"href":"https:\/\/planecashback.com\/it\/wp-json\/wp\/v2\/pages\/2417","targetHints":{"allow":["GET"]}}],"collection":[{"href":"https:\/\/planecashback.com\/it\/wp-json\/wp\/v2\/pages"}],"about":[{"href":"https:\/\/planecashback.com\/it\/wp-json\/wp\/v2\/types\/page"}],"author":[{"embeddable":true,"href":"https:\/\/planecashback.com\/it\/wp-json\/wp\/v2\/users\/1"}],"replies":[{"embeddable":true,"href":"https:\/\/planecashback.com\/it\/wp-json\/wp\/v2\/comments?post=2417"}],"version-history":[{"count":3,"href":"https:\/\/planecashback.com\/it\/wp-json\/wp\/v2\/pages\/2417\/revisions"}],"predecessor-version":[{"id":3067,"href":"https:\/\/planecashback.com\/it\/wp-json\/wp\/v2\/pages\/2417\/revisions\/3067"}],"wp:attachment":[{"href":"https:\/\/planecashback.com\/it\/wp-json\/wp\/v2\/media?parent=2417"}],"curies":[{"name":"wp","href":"https:\/\/api.w.org\/{rel}","templated":true}]}}